{"id":1909,"date":"2024-10-15T13:42:27","date_gmt":"2024-10-15T13:42:27","guid":{"rendered":"https:\/\/nfc-readers.com\/?post_type=product&#038;p=1909"},"modified":"2024-10-28T15:36:29","modified_gmt":"2024-10-28T15:36:29","slug":"acr1222l-contactless-rfid-nfc-reader-writer","status":"publish","type":"product","link":"https:\/\/nfc-readers.com\/sv\/ic-reader\/acr1222l-contactless-rfid-nfc-reader-writer\/","title":{"rendered":"ACR1222L Kontaktl\u00f6s RFID NFC-l\u00e4sare"},"content":{"rendered":"<p><iframe loading=\"lazy\" title=\"ACR1222L NFC-l\u00e4sare\" width=\"1020\" height=\"765\" src=\"https:\/\/www.youtube.com\/embed\/i-7zrKP8WJo?feature=oembed\" frameborder=\"0\" allow=\"accelerometer; autoplay; clipboard-write; encrypted-media; gyroscope; picture-in-picture; web-share\" referrerpolicy=\"strict-origin-when-cross-origin\" allowfullscreen><\/iframe><\/p>\n<div>\n<h1><strong>ACR1222L Kontaktl\u00f6s RFID NFC-l\u00e4sare<\/strong><\/h1>\n<p>De\u00a0<strong>ACR1222L Kontaktl\u00f6s RFID NFC-l\u00e4sare<\/strong>\u00a0\u00e4r en premiumenhet designad f\u00f6r att underl\u00e4tta s\u00f6ml\u00f6s interaktion med ett brett utbud av kontaktl\u00f6sa smartkort och NFC-taggar. Med avancerad teknikintegration och anv\u00e4ndarv\u00e4nliga funktioner, detta\u00a0<strong>NFC-l\u00e4sare<\/strong>\u00a0\u00e4r idealisk f\u00f6r olika applikationer, inklusive s\u00e4ker \u00e5tkomstkontroll, kontaktl\u00f6sa betalningar och datainsamling. Om du vill f\u00f6rb\u00e4ttra din verksamhet med en p\u00e5litlig och effektiv\u00a0<strong>kortl\u00e4sare<\/strong>, ACR1222L \u00e4r v\u00e4rt att \u00f6verv\u00e4ga.<\/p>\n<p>Den h\u00e4r enheten erbjuder exceptionell kompatibilitet med flera NFC-taggar och smarta kort, vilket hj\u00e4lper f\u00f6retag att uppn\u00e5 str\u00f6mlinjeformade transaktioner och f\u00f6rb\u00e4ttrat anv\u00e4ndarengagemang. F\u00f6rdelarna med att investera i ACR1222L inkluderar dess avancerade s\u00e4kerhetsfunktioner, interaktiva gr\u00e4nssnitt med en inbyggd LCD-sk\u00e4rm och omfattande st\u00f6d f\u00f6r olika korttyper. L\u00e4s mer om varf\u00f6r den h\u00e4r enheten \u00e4r ett m\u00e5ste f\u00f6r f\u00f6retag som vill utnyttja kraften i\u00a0<strong>RFID<\/strong>\u00a0teknologi.<\/p>\n<h3>1. Omfattande kompatibilitet med flera NFC-tekniker<\/h3>\n<p>ACR1222L \u00e4r byggd p\u00e5 det avancerade\u00a0<strong>13,56 MHz RFID-teknik<\/strong>, vilket s\u00e4kerst\u00e4ller kompatibilitet med ett brett spektrum av kontaktl\u00f6sa kort och\u00a0<strong>NFC<\/strong>\u00a0taggar. Detta inkluderar\u00a0<strong>ISO 14443 Typ A- och B-kort, MIFARE<\/strong>, FeliCa och alla fyra typer av NFC-taggar. S\u00e5dan m\u00e5ngsidighet g\u00f6r ACR1222L till ett viktigt verktyg f\u00f6r f\u00f6retag som vill integrera kontaktl\u00f6s teknologi i sin verksamhet.<\/p>\n<p>Dessutom\u00a0<strong>ACR1222L<\/strong>\u00a0st\u00f6djer\u00a0<strong>NFC-funktioner<\/strong>\u00a0som g\u00f6r att den kan l\u00e4sa och skriva NFC-taggar effektivt. Denna f\u00f6rm\u00e5ga kan vara s\u00e4rskilt f\u00f6rdelaktig f\u00f6r f\u00f6retag som anv\u00e4nder\u00a0<strong>smartphone<\/strong>\u00a0transaktioner, som t.ex\u00a0<strong>Google Pay<\/strong>, vilket m\u00f6jligg\u00f6r smidig betalningshantering via NFC-aktiverade enheter. Oavsett om du arbetar med traditionella RFID-kort eller det senaste\u00a0<strong>NFC-chips<\/strong>, utm\u00e4rker sig denna enhet som ett toppval p\u00e5 marknaden.<\/p>\n<h3>2. F\u00f6rb\u00e4ttrade s\u00e4kerhetsfunktioner f\u00f6r s\u00e4kra transaktioner<\/h3>\n<p>S\u00e4kerhet \u00e4r av st\u00f6rsta vikt f\u00f6r alla organisationer som hanterar k\u00e4nsliga uppgifter. ACR1222L funktioner\u00a0<strong>tre ISO 7816-kompatibla Secure Access Module (SAM)<\/strong>\u00a0platser, vilket ger \u00f6kad s\u00e4kerhet f\u00f6r kontaktl\u00f6sa operationer. Dessa SAM-platser m\u00f6jligg\u00f6r s\u00e4ker hantering av kryptografiska nycklar och s\u00e4kerst\u00e4ller att endast auktoriserade transaktioner bearbetas.<\/p>\n<p>Med inbyggd anti-kollisionsteknik kan ACR1222L hantera flera NFC-kort samtidigt, vilket s\u00e4kerst\u00e4ller att endast en tagg n\u00e5s \u00e5t g\u00e5ngen. Den h\u00e4r funktionen f\u00f6rb\u00e4ttrar dataintegriteten och minskar risken f\u00f6r obeh\u00f6rig \u00e5tkomst, ett viktigt \u00f6verv\u00e4gande f\u00f6r \u00e5tkomstkontrollsystem och finansiella transaktioner. Som ett resultat av detta\u00a0<strong>NFC-l\u00e4sare<\/strong>\u00a0inte bara uppfyller utan \u00f6vertr\u00e4ffar branschstandarder f\u00f6r s\u00e4kerhet.<\/p>\n<h3>3. Intuitivt anv\u00e4ndargr\u00e4nssnitt f\u00f6r s\u00f6ml\u00f6s interaktion<\/h3>\n<p>ACR1222L \u00e4r utrustad med en\u00a0<strong>tv\u00e5-rads grafisk LCD<\/strong>\u00a0som st\u00f6der flera spr\u00e5k, inklusive kinesiska, engelska, japanska och flera europeiska spr\u00e5k. Detta flerspr\u00e5kiga st\u00f6d underl\u00e4ttar interaktioner f\u00f6r en m\u00e5ngfaldig anv\u00e4ndarbas, vilket s\u00e4kerst\u00e4ller att alla anv\u00e4ndare kan f\u00f6rst\u00e5 enheten och dess funktioner.<\/p>\n<p>Dessutom till\u00e5ter den interaktiva LCD-sk\u00e4rmen anv\u00e4ndare att bl\u00e4ddra igenom alternativen och enkelt komma \u00e5t olika inst\u00e4llningar. Tillsammans med\u00a0<strong>fyra anv\u00e4ndarkontrollerbara lysdioder<\/strong>\u00a0och en ljudsignal f\u00f6r statusmeddelanden, ACR1222L garanterar en tydlig och engagerande anv\u00e4ndarupplevelse. Det h\u00e4r intuitiva gr\u00e4nssnittet \u00e4r utformat f\u00f6r att f\u00f6rb\u00e4ttra anv\u00e4ndarens f\u00f6rst\u00e5else och effektivisera operativa arbetsfl\u00f6den, vilket g\u00f6r det till ett utm\u00e4rkt komplement till alla teknikstack.<\/p>\n<h3>4. M\u00e5ngsidiga till\u00e4mpningar \u00f6ver branscher<\/h3>\n<p>ACR1222L kontaktl\u00f6sa RFID NFC Reader Writer kan anv\u00e4ndas i olika branscher, inklusive detaljhandel, h\u00e4lsov\u00e5rd och transport. Inom detaljhandeln g\u00f6r m\u00f6jligheten att l\u00e4sa och skriva NFC-taggar f\u00f6retag att effektivisera transaktioner och \u00f6ka kundernas engagemang.\u00a0<strong>NFC-verktyg<\/strong>\u00a0kan integreras f\u00f6r att hantera lojalitetsprogram eller underl\u00e4tta kontaktl\u00f6sa betalningar, vilket f\u00f6rb\u00e4ttrar den \u00f6vergripande kundn\u00f6jdheten.<\/p>\n<p>Inom sjukv\u00e5rden kan ACR1222L hj\u00e4lpa till att effektivisera patientincheckningar, uppr\u00e4tth\u00e5lla s\u00e4ker \u00e5tkomst till k\u00e4nslig information och s\u00e4kerst\u00e4lla att medicinsk personal har snabb tillg\u00e5ng till data. Dessutom g\u00f6r dess kompatibilitet med RFID-kort den idealisk f\u00f6r att kontrollera \u00e5tkomst till begr\u00e4nsade omr\u00e5den, vilket \u00f6kar s\u00e4kerheten inom transportnav.<\/p>\n<h3>5. Tekniska specifikationer och prestandam\u00e5tt<\/h3>\n<p>Den tekniska skickligheten hos ACR1222L framg\u00e5r av dess imponerande specifikationer:<\/p>\n<\/div>\n<div>\n<table width=\"702\">\n<tbody>\n<tr>\n<td colspan=\"2\" width=\"702\">Fysiska egenskaper<\/td>\n<\/tr>\n<tr>\n<td rowspan=\"2\" width=\"250\">M\u00e5tt (mm)<\/td>\n<td width=\"452\">Huvuddel: 133,5 mm (L) x 88,5 mm (B) x 21,0 mm (H)<\/td>\n<\/tr>\n<tr>\n<td width=\"452\">Med stativ: 158,0 mm (L) x 95,0 mm (B) x 95,0 mm (H)<\/td>\n<\/tr>\n<tr>\n<td rowspan=\"2\" width=\"250\">Vikt (g)<\/td>\n<td width=\"452\">Huvudkropp: 173 g<\/td>\n<\/tr>\n<tr>\n<td width=\"452\">Med stativ: 415 g<\/td>\n<\/tr>\n<tr>\n<td colspan=\"2\" width=\"702\">USB-gr\u00e4nssnitt<\/td>\n<\/tr>\n<tr>\n<td width=\"250\">Protokoll<\/td>\n<td width=\"452\">USB CCID<\/td>\n<\/tr>\n<tr>\n<td width=\"250\">Anslutningstyp<\/td>\n<td width=\"452\">Standard typ A<\/td>\n<\/tr>\n<tr>\n<td width=\"250\">Kraftk\u00e4lla<\/td>\n<td width=\"452\">Fr\u00e5n USB-porten<\/td>\n<\/tr>\n<tr>\n<td width=\"250\">Fart<\/td>\n<td width=\"452\">USB full hastighet (12 Mbps)<\/td>\n<\/tr>\n<tr>\n<td width=\"250\">Kabell\u00e4ngd<\/td>\n<td width=\"452\">1,5 m, fast<\/td>\n<\/tr>\n<tr>\n<td colspan=\"2\" width=\"702\">Kontaktl\u00f6st gr\u00e4nssnitt f\u00f6r smartkort<\/td>\n<\/tr>\n<tr>\n<td width=\"250\">Standard<\/td>\n<td width=\"452\">ISO\/IEC 18092 NFC, ISO 14443 Typ A &amp; B, MIFARE\u00ae, FeliCa<\/td>\n<\/tr>\n<tr>\n<td rowspan=\"4\" width=\"250\">Protokoll<\/td>\n<td width=\"452\">ISO 14443-4-kompatibelt kort, T=CL<\/td>\n<\/tr>\n<tr>\n<td width=\"452\">MIFARE\u00ae Classic Card, T=CL<\/td>\n<\/tr>\n<tr>\n<td width=\"452\">ISO18092, NFC-taggar<\/td>\n<\/tr>\n<tr>\n<td width=\"452\">FeliCa<\/td>\n<\/tr>\n<tr>\n<td colspan=\"2\" width=\"702\">SAM-kortgr\u00e4nssnitt<\/td>\n<\/tr>\n<tr>\n<td width=\"250\">Antal spelautomater<\/td>\n<td width=\"452\">3 standardkortplatser i SIM-storlek<\/td>\n<\/tr>\n<tr>\n<td width=\"250\">Standard<\/td>\n<td width=\"452\">ISO 7816 klass A (5 V)<\/td>\n<\/tr>\n<tr>\n<td width=\"250\">Protokoll<\/td>\n<td width=\"452\">T=0; T=1<\/td>\n<\/tr>\n<tr>\n<td colspan=\"2\" width=\"702\">Inbyggd kringutrustning<\/td>\n<\/tr>\n<tr>\n<td rowspan=\"3\" width=\"250\">LCD<\/td>\n<td width=\"452\">Grafisk LCD med gul-gr\u00f6n bakgrundsbelysning<\/td>\n<\/tr>\n<tr>\n<td width=\"452\">Uppl\u00f6sning: 128 x 32 pixlar<\/td>\n<\/tr>\n<tr>\n<td width=\"452\">Antal tecken: 16 tecken x 2 rader<\/td>\n<\/tr>\n<tr>\n<td width=\"250\">LED<\/td>\n<td width=\"452\">4 enf\u00e4rgade: gr\u00f6n, bl\u00e5, orange och r\u00f6d<\/td>\n<\/tr>\n<tr>\n<td width=\"250\">Summer<\/td>\n<td width=\"452\">Monoton<\/td>\n<\/tr>\n<tr>\n<td colspan=\"2\" width=\"702\">Andra funktioner<\/td>\n<\/tr>\n<tr>\n<td width=\"250\">Firmware uppgradering<\/td>\n<td width=\"452\">St\u00f6ds<\/td>\n<\/tr>\n<tr>\n<td colspan=\"2\" width=\"702\">Certifieringar\/\u00f6verensst\u00e4mmelse<\/td>\n<\/tr>\n<tr>\n<td rowspan=\"13\" width=\"250\">Certifieringar\/\u00f6verensst\u00e4mmelse<\/td>\n<td width=\"452\">ISO 18092<\/td>\n<\/tr>\n<tr>\n<td width=\"452\">ISO 14443<\/td>\n<\/tr>\n<tr>\n<td width=\"452\">ISO 7816 (SAM-plats)<\/td>\n<\/tr>\n<tr>\n<td width=\"452\">USB full hastighet<\/td>\n<\/tr>\n<tr>\n<td width=\"452\">PC\/SC<\/td>\n<\/tr>\n<tr>\n<td width=\"452\">CCID<\/td>\n<\/tr>\n<tr>\n<td width=\"452\">VCCI (Japan)<\/td>\n<\/tr>\n<tr>\n<td width=\"452\">KC (Korea)<\/td>\n<\/tr>\n<tr>\n<td width=\"452\">Microsoft\u00ae WHQL<\/td>\n<\/tr>\n<tr>\n<td width=\"452\">CE<\/td>\n<\/tr>\n<tr>\n<td width=\"452\">FCC<\/td>\n<\/tr>\n<tr>\n<td width=\"452\">RoHS<\/td>\n<\/tr>\n<tr>\n<td width=\"452\">N\u00c5<\/td>\n<\/tr>\n<tr>\n<td colspan=\"2\" width=\"702\">Support f\u00f6r enhetsdrivrutiner Operativsystem<\/td>\n<\/tr>\n<tr>\n<td rowspan=\"5\" width=\"250\">Support f\u00f6r enhetsdrivrutiner Operativsystem<\/td>\n<td width=\"452\">Windows\u00ae<\/td>\n<\/tr>\n<tr>\n<td width=\"452\">Linux\u00ae<\/td>\n<\/tr>\n<tr>\n<td width=\"452\">MAC OS\u00ae<\/td>\n<\/tr>\n<tr>\n<td width=\"452\">Solaris<\/td>\n<\/tr>\n<tr>\n<td width=\"452\">Android\u2122<\/td>\n<\/tr>\n<\/tbody>\n<\/table>\n<\/div>\n<div><\/div>\n<div>\n<p>Med sina snabba l\u00e4sm\u00f6jligheter och flexibilitet vid hantering av olika kort, framst\u00e5r ACR1222L som en kraftfull\u00a0<strong>smartkortsl\u00e4sare<\/strong>.<\/p>\n<h3>6. Anv\u00e4ndarv\u00e4nlig installation och integration<\/h3>\n<p>Att installera ACR1222L \u00e4r enkelt, vilket g\u00f6r den tillg\u00e4nglig f\u00f6r b\u00e5de tekniska och icke-tekniska anv\u00e4ndare. Enheten kan enkelt integreras i befintliga system via\u00a0<strong>USB<\/strong>, vilket s\u00e4kerst\u00e4ller kompatibilitet med popul\u00e4ra operativsystem inklusive Windows, Linux och macOS. Dessutom\u00a0<strong>Uppgraderingsm\u00f6jlighet f\u00f6r USB-firmware<\/strong>\u00a0funktionen till\u00e5ter anv\u00e4ndare att h\u00e5lla sina enheter uppdaterade med de senaste f\u00f6rb\u00e4ttringarna och s\u00e4kerhetsfunktionerna.<\/p>\n<p>Denna enkla installation \u00e4r s\u00e4rskilt f\u00f6rdelaktig f\u00f6r f\u00f6retag som vill implementera snabbt\u00a0<strong>kontaktl\u00f6sa l\u00f6sningar<\/strong>\u00a0utan omfattande stillest\u00e5nd eller komplicerade installationer.<\/p>\n<h3>7. Milj\u00f6p\u00e5verkan och h\u00e5llbar anv\u00e4ndning<\/h3>\n<p>N\u00e4r f\u00f6retag blir allt mer medvetna om sin milj\u00f6p\u00e5verkan f\u00f6ljer ACR1222L principerna f\u00f6r h\u00e5llbar anv\u00e4ndning. Med l\u00e5g str\u00f6mf\u00f6rbrukning minskar enheten inte bara energikostnaderna utan bidrar ocks\u00e5 till ett mindre koldioxidavtryck.<\/p>\n<p>Dessutom \u00e4r enheten designad f\u00f6r h\u00e5llbar prestanda, vilket minimerar behovet av frekventa byten och minskar elektroniskt avfall \u00f6ver tiden. Denna h\u00e5llbarhetsappell \u00e4r en viktig faktor f\u00f6r organisationer som vill fr\u00e4mja gr\u00f6na initiativ inom sin verksamhet.<\/p>\n<h3>8. Kundrecensioner och feedback<\/h3>\n<p>Kundfeedback om ACR1222L framh\u00e4ver dess tillf\u00f6rlitlighet, anv\u00e4ndarv\u00e4nlighet och omfattande funktionalitet. Anv\u00e4ndare uppskattar den s\u00f6ml\u00f6sa prestandan n\u00e4r de l\u00e4ser och skriver NFC-taggar, tillsammans med dess robusta s\u00e4kerhetsfunktioner.<\/p>\n<p>En anv\u00e4ndare sa: &quot;ACR1222L har f\u00f6r\u00e4ndrat v\u00e5ra transaktionsprocesser. Det \u00e4r snabbt, s\u00e4kert och den inbyggda sk\u00e4rmen \u00e4r otroligt anv\u00e4ndbar f\u00f6r att h\u00e5lla v\u00e5ra kunder informerade.\u201d<\/p>\n<\/div>\n<div><\/div>\n<div><\/div>","protected":false},"excerpt":{"rendered":"<p>ACR1222L Kontaktl\u00f6s RFID NFC Reader Writer kan anv\u00e4ndas i olika branscher, inklusive detaljhandel, h\u00e4lsov\u00e5rd och transport. Inom detaljhandeln g\u00f6r m\u00f6jligheten att l\u00e4sa och skriva NFC-taggar f\u00f6retag att effektivisera transaktioner och \u00f6ka kundernas engagemang. <strong>NFC-verktyg<\/strong>\u00a0kan integreras f\u00f6r att hantera lojalitetsprogram eller underl\u00e4tta kontaktl\u00f6sa betalningar, vilket f\u00f6rb\u00e4ttrar den \u00f6vergripande kundn\u00f6jdheten.<\/p>","protected":false},"featured_media":1563,"template":"","meta":[],"product_brand":[],"product_cat":[45,40],"product_tag":[],"class_list":{"0":"post-1909","1":"product","2":"type-product","3":"status-publish","4":"has-post-thumbnail","6":"product_cat-contactless-nfc-reader","7":"product_cat-rfid-nfc-reader","9":"first","10":"instock","11":"shipping-taxable","12":"product-type-simple"},"_links":{"self":[{"href":"https:\/\/nfc-readers.com\/sv\/wp-json\/wp\/v2\/product\/1909","targetHints":{"allow":["GET"]}}],"collection":[{"href":"https:\/\/nfc-readers.com\/sv\/wp-json\/wp\/v2\/product"}],"about":[{"href":"https:\/\/nfc-readers.com\/sv\/wp-json\/wp\/v2\/types\/product"}],"wp:featuredmedia":[{"embeddable":true,"href":"https:\/\/nfc-readers.com\/sv\/wp-json\/wp\/v2\/media\/1563"}],"wp:attachment":[{"href":"https:\/\/nfc-readers.com\/sv\/wp-json\/wp\/v2\/media?parent=1909"}],"wp:term":[{"taxonomy":"product_brand","embeddable":true,"href":"https:\/\/nfc-readers.com\/sv\/wp-json\/wp\/v2\/product_brand?post=1909"},{"taxonomy":"product_cat","embeddable":true,"href":"https:\/\/nfc-readers.com\/sv\/wp-json\/wp\/v2\/product_cat?post=1909"},{"taxonomy":"product_tag","embeddable":true,"href":"https:\/\/nfc-readers.com\/sv\/wp-json\/wp\/v2\/product_tag?post=1909"}],"curies":[{"name":"wp","href":"https:\/\/api.w.org\/{rel}","templated":true}]}}