{"id":2020,"date":"2024-04-19T13:15:51","date_gmt":"2024-04-19T13:15:51","guid":{"rendered":"https:\/\/nfc-readers.com\/?post_type=product&#038;p=2020"},"modified":"2024-09-29T07:28:08","modified_gmt":"2024-09-29T07:28:08","slug":"cr100-bluetooth-emv-nfc-reader-writer","status":"publish","type":"product","link":"https:\/\/nfc-readers.com\/sv\/ic-reader\/cr100-bluetooth-emv-nfc-reader-writer\/","title":{"rendered":"CR100 Bluetooth EMV nfc-l\u00e4sare"},"content":{"rendered":"<h1>CR100 Bluetooth EMV nfc-l\u00e4sare<\/h1>\n<p>CR100 \u00e4r en kraftfull och flexibel mPOS-enhet som erbjuder tillf\u00f6rlitlighet och enkel integration f\u00f6r f\u00f6retag, vilket m\u00f6jligg\u00f6r EMV- och NFC-betalningshantering n\u00e4r du \u00e4r p\u00e5 spr\u00e5ng. Dess kompatibilitet med en m\u00e4ngd olika operativsystem och anslutningsalternativ som Bluetooth och USB g\u00f6r den till ett m\u00e5ngsidigt val f\u00f6r moderna betalningsapplikationer.<\/p>\n<p><iframe loading=\"lazy\" title=\"CR100 EMV NFC-l\u00e4sare\" width=\"1020\" height=\"574\" src=\"https:\/\/www.youtube.com\/embed\/oXxrfqKoQoM?feature=oembed\" frameborder=\"0\" allow=\"accelerometer; autoplay; clipboard-write; encrypted-media; gyroscope; picture-in-picture; web-share\" referrerpolicy=\"strict-origin-when-cross-origin\" allowfullscreen><\/iframe><\/p>\n<table width=\"730\">\n<tbody>\n<tr>\n<td width=\"336\">EMV kortl\u00e4sare<\/td>\n<td width=\"394\">EMV\/PBOC-chipkortl\u00e4sare, ISO 7816-kompatibel klass A, B, C<\/td>\n<\/tr>\n<tr>\n<td width=\"336\">NFC-l\u00e4sare<\/td>\n<td width=\"394\">EMV kontaktl\u00f6s, ISO 14443A\/B<\/td>\n<\/tr>\n<tr>\n<td width=\"336\">Kommunikation<\/td>\n<td width=\"394\">Bluetooth\u00ae v3.0, Bluetooth\u00ae v4.0 och USB<\/td>\n<\/tr>\n<tr>\n<td width=\"336\">Indikator<\/td>\n<td width=\"394\">LED-statusindikator &amp; summer<\/td>\n<\/tr>\n<tr>\n<td rowspan=\"3\" width=\"336\">Nyckelhantering<\/td>\n<td width=\"394\">DUKPT<\/td>\n<\/tr>\n<tr>\n<td width=\"394\">Fast nyckel<\/td>\n<\/tr>\n<tr>\n<td width=\"394\">MK\/SK<\/td>\n<\/tr>\n<tr>\n<td rowspan=\"5\" width=\"336\">Krypteringsalgoritm<\/td>\n<td width=\"394\">DES<\/td>\n<\/tr>\n<tr>\n<td width=\"394\">3DES<\/td>\n<\/tr>\n<tr>\n<td width=\"394\">AES<\/td>\n<\/tr>\n<tr>\n<td width=\"394\">RSA<\/td>\n<\/tr>\n<tr>\n<td width=\"394\">SHA-256<\/td>\n<\/tr>\n<tr>\n<td rowspan=\"4\" width=\"336\">Operativsystem som st\u00f6ds<\/td>\n<td width=\"394\">Android 2.1 eller senare<\/td>\n<\/tr>\n<tr>\n<td width=\"394\">iOS 6.0 eller senare<\/td>\n<\/tr>\n<tr>\n<td width=\"394\">Windows Phone 8<\/td>\n<\/tr>\n<tr>\n<td width=\"394\">MS Windows<\/td>\n<\/tr>\n<tr>\n<td rowspan=\"12\" width=\"336\">Certifieringar<\/td>\n<td width=\"394\">EMV L1&amp;L2<\/td>\n<\/tr>\n<tr>\n<td width=\"394\">EMV kontaktl\u00f6s L1<\/td>\n<\/tr>\n<tr>\n<td width=\"394\">PBOC L1&amp;L2<\/td>\n<\/tr>\n<tr>\n<td width=\"394\">MasterCard PayPass<\/td>\n<\/tr>\n<tr>\n<td width=\"394\">Visa PayWave<\/td>\n<\/tr>\n<tr>\n<td width=\"394\">VISA redo<\/td>\n<\/tr>\n<tr>\n<td width=\"394\">PCI-PTS 5.x med SRED<\/td>\n<\/tr>\n<tr>\n<td width=\"394\">MasterCard TQM<\/td>\n<\/tr>\n<tr>\n<td width=\"394\">AMEX betala<\/td>\n<\/tr>\n<tr>\n<td width=\"394\">Bluetooth BQB<\/td>\n<\/tr>\n<tr>\n<td width=\"394\">FCC<\/td>\n<\/tr>\n<tr>\n<td width=\"394\">CE<\/td>\n<\/tr>\n<tr>\n<td width=\"336\">Laddningsmetod<\/td>\n<td width=\"394\">Micro USB<\/td>\n<\/tr>\n<tr>\n<td width=\"336\">Batteri<\/td>\n<td width=\"394\">Uppladdningsbart litiumpolymerbatteri 3,7V, st\u00f6rre \u00e4n 250mAh<\/td>\n<\/tr>\n<tr>\n<td width=\"336\">M\u00e5tt<\/td>\n<td width=\"394\">66 x 66 x 9,8 mm (BxHxD)<\/td>\n<\/tr>\n<tr>\n<td rowspan=\"2\" width=\"336\">Tillbeh\u00f6r<\/td>\n<td width=\"394\">Micro USB-kabel<\/td>\n<\/tr>\n<tr>\n<td width=\"394\">Laddningsdocka<\/td>\n<\/tr>\n<\/tbody>\n<\/table>","protected":false},"excerpt":{"rendered":"<p>CR100 mPOS-enheten levererar utm\u00e4rkt prestanda med en EMV-l\u00e4sare och RFID-l\u00e4sare, vilket s\u00e4kerst\u00e4ller p\u00e5litlig betalningshantering \u00f6ver flera plattformar.<\/p>","protected":false},"featured_media":2021,"template":"","meta":[],"product_brand":[],"product_cat":[15,45,40],"product_tag":[],"class_list":{"0":"post-2020","1":"product","2":"type-product","3":"status-publish","4":"has-post-thumbnail","6":"product_cat-pos-machine","7":"product_cat-contactless-nfc-reader","8":"product_cat-rfid-nfc-reader","10":"first","11":"instock","12":"shipping-taxable","13":"product-type-simple"},"_links":{"self":[{"href":"https:\/\/nfc-readers.com\/sv\/wp-json\/wp\/v2\/product\/2020","targetHints":{"allow":["GET"]}}],"collection":[{"href":"https:\/\/nfc-readers.com\/sv\/wp-json\/wp\/v2\/product"}],"about":[{"href":"https:\/\/nfc-readers.com\/sv\/wp-json\/wp\/v2\/types\/product"}],"wp:featuredmedia":[{"embeddable":true,"href":"https:\/\/nfc-readers.com\/sv\/wp-json\/wp\/v2\/media\/2021"}],"wp:attachment":[{"href":"https:\/\/nfc-readers.com\/sv\/wp-json\/wp\/v2\/media?parent=2020"}],"wp:term":[{"taxonomy":"product_brand","embeddable":true,"href":"https:\/\/nfc-readers.com\/sv\/wp-json\/wp\/v2\/product_brand?post=2020"},{"taxonomy":"product_cat","embeddable":true,"href":"https:\/\/nfc-readers.com\/sv\/wp-json\/wp\/v2\/product_cat?post=2020"},{"taxonomy":"product_tag","embeddable":true,"href":"https:\/\/nfc-readers.com\/sv\/wp-json\/wp\/v2\/product_tag?post=2020"}],"curies":[{"name":"wp","href":"https:\/\/api.w.org\/{rel}","templated":true}]}}