{"id":2032,"date":"2024-10-19T14:08:52","date_gmt":"2024-10-19T14:08:52","guid":{"rendered":"https:\/\/nfc-readers.com\/?post_type=product&#038;p=2032"},"modified":"2024-10-28T14:12:28","modified_gmt":"2024-10-28T14:12:28","slug":"mifare-classic-1k-4k-rfid-cards","status":"publish","type":"product","link":"https:\/\/nfc-readers.com\/sv\/ic-reader\/mifare-classic-1k-4k-rfid-cards\/","title":{"rendered":"Mifare Classic 1k 4K RFID-kort"},"content":{"rendered":"<h1>Mifare klassiska 1k 4K RFID-kort<\/h1>\n<p>MIFARE Classic\u00ae 1K eller 4K-kortet \u00e4r en integrerad del av kontaktl\u00f6sa smartkortsteknologier. Som en pionj\u00e4r inom omr\u00e5det \u00e4r den allm\u00e4nt anv\u00e4nd f\u00f6r en m\u00e4ngd olika applikationer, allt fr\u00e5n kollektivtrafik och passerkontroll till evenemangsbiljetter och lojalitetsprogram. MIFARE Classic\u00ae 1K \/ 4K-kortet har en lagringskapacitet p\u00e5 1 kilobyte\/4kilobyte, vilket \u00e4r tillr\u00e4ckligt f\u00f6r lagring av personuppgifter, autentiseringsinformation och applikationsspecifika datam\u00e4ngder.<\/p>\n<p><span class=\"AnswerParser_TextContainer__z_Iiv\" data-testid=\"youchat-text\">De\u00a0<strong>MIFARE-kort<\/strong>\u00a0\u00e4r ett k\u00e4nnetecken f\u00f6r innovation och tillf\u00f6rlitlighet inom omr\u00e5det f\u00f6r kontaktl\u00f6sa smarta kort. MIFARE MF1ICS50 IC har utvecklats av NXP Semiconductors och \u00e4r en h\u00f6rnsten i biljettsystem f\u00f6r kollektivtrafik och andra applikationer med h\u00f6g genomstr\u00f6mning, och erbjuder s\u00f6ml\u00f6sa transaktioner och robust s\u00e4kerhet. Med sin intelligenta anti-kollisionsfunktion och kompatibilitet med ISO\/IEC 14443 Type-A s\u00e4kerst\u00e4ller den effektiv och s\u00e4ker kontaktl\u00f6s kommunikation, vilket g\u00f6r den till en ov\u00e4rderlig tillg\u00e5ng i fartfyllda milj\u00f6er.<\/span><\/p>\n<h2 class=\"AnswerParser_AnswerParserH2__SIHnF\">Arvet fr\u00e5n MIFARE-tekniken<\/h2>\n<h3 class=\"AnswerParser_AnswerParserH3__Mpe4s\">Banbrytande kontaktl\u00f6sa l\u00f6sningar<\/h3>\n<p><span class=\"AnswerParser_TextContainer__z_Iiv\" data-testid=\"youchat-text\"><strong>MIFARE-teknik<\/strong>\u00a0har legat i framkanten av l\u00f6sningar f\u00f6r kontaktl\u00f6sa smartkort sedan starten. MIFARE MF1ICS50 IC, ofta kallad\u00a0<strong>MIFARE Classic 1K<\/strong>, \u00e4r ett bevis p\u00e5 NXP:s engagemang f\u00f6r innovation. Dess design underl\u00e4ttar enkel integrering i befintliga system och erbjuder en s\u00f6ml\u00f6s upplevelse f\u00f6r b\u00e5de operat\u00f6rer och anv\u00e4ndare. Med en\u00a0<strong>13,56 MHz<\/strong>\u00a0driftsfrekvens, det s\u00e4kerst\u00e4ller effektiv data\u00f6verf\u00f6ring och energif\u00f6rs\u00f6rjning, vilket eliminerar behovet av ett batteri.<\/span><span class=\"AnswerParser_TextContainer__z_Iiv\" data-testid=\"youchat-text\">De\u00a0<strong>anti-kollisionsfunktion<\/strong>\u00a0p\u00e5 MIFARE-kortet till\u00e5ter flera kort att fungera samtidigt utan st\u00f6rningar. Denna f\u00f6rm\u00e5ga \u00e4r avg\u00f6rande i tr\u00e5nga milj\u00f6er, s\u00e5som kollektivtrafiksystem, d\u00e4r hastighet och noggrannhet \u00e4r av st\u00f6rsta vikt. Kortets unika serienummer \u00f6kar dess s\u00e4kerhet ytterligare, vilket s\u00e4kerst\u00e4ller att varje transaktion \u00e4r sp\u00e5rbar och s\u00e4ker.<\/span><\/p>\n<h3 class=\"AnswerParser_AnswerParserH3__Mpe4s\">M\u00e5ngsidiga till\u00e4mpningar \u00f6ver branscher<\/h3>\n<p><span class=\"AnswerParser_TextContainer__z_Iiv\" data-testid=\"youchat-text\">De\u00a0<strong>MIFARE-kort<\/strong>\u00a0\u00e4r inte bara begr\u00e4nsad till kollektivtrafik; dess till\u00e4mpningar \u00e4r omfattande och varierande. Fr\u00e5n s\u00e4ker \u00e5tkomstkontroll i f\u00f6retagsmilj\u00f6er till lojalitetsprogram och mikrobetalningar i detaljhandeln, MIFARE-kortets m\u00e5ngsidighet \u00e4r o\u00f6vertr\u00e4ffad. Dess f\u00f6rm\u00e5ga att f\u00f6rbli funktionell \u00e4ven n\u00e4r den \u00e4r innesluten i en pl\u00e5nbok, omgiven av mynt, understryker dess praktiska och anpassningsbara f\u00f6rm\u00e5ga.<\/span><span class=\"AnswerParser_TextContainer__z_Iiv\" data-testid=\"youchat-text\">F\u00f6r systemoperat\u00f6rer och utvecklare,\u00a0<strong>MIFARE-kort<\/strong>\u00a0erbjuder en robust plattform f\u00f6r att skapa p\u00e5litliga, interoperabla och skalbara kontaktl\u00f6sa l\u00f6sningar. Dess snabba transaktionstid, vanligtvis mindre \u00e4n 100 ms, s\u00e4kerst\u00e4ller h\u00f6g genomstr\u00f6mning och minskade v\u00e4ntetider, vilket g\u00f6r den idealisk f\u00f6r omr\u00e5den med h\u00f6g trafik.<\/span><\/p>\n<h2 class=\"AnswerParser_AnswerParserH2__SIHnF\">Tekniska specifikationer och funktioner<\/h2>\n<p><span class=\"AnswerParser_TextContainer__z_Iiv\" data-testid=\"youchat-text\">De\u00a0<strong>MIFARE-kort<\/strong>\u00a0har imponerande tekniska specifikationer som tillgodoser ett brett spektrum av applikationer:<\/span><\/p>\n<div class=\"AnswerParser_TableContainer__Erb6v\" data-testid=\"table-container\">\n<table>\n<thead>\n<tr>\n<th style=\"text-align: left;\">Specifikation<\/th>\n<th style=\"text-align: left;\">Detaljer<\/th>\n<\/tr>\n<\/thead>\n<tbody>\n<tr>\n<td>Frekvens<\/td>\n<td>13,56 MHz<\/td>\n<\/tr>\n<tr>\n<td>Data\u00f6verf\u00f6ring<\/td>\n<td>106 kbit\/s<\/td>\n<\/tr>\n<tr>\n<td>Minne<\/td>\n<td>1 kB \u2013 4 kB, organiserad i 16 sektorer med 4 block om 16 byte vardera<\/td>\n<\/tr>\n<tr>\n<td>S\u00e4kerhet<\/td>\n<td>\u00d6msesidig autentisering med tre pass, unikt serienummer<\/td>\n<\/tr>\n<tr>\n<td>Driftsavst\u00e5nd<\/td>\n<td>Upp till 100 mm (beroende p\u00e5 antenngeometri)<\/td>\n<\/tr>\n<tr>\n<td>Skriv uth\u00e5llighet<\/td>\n<td>100 000 \u2013 200 000 cykler<\/td>\n<\/tr>\n<tr>\n<td>Datalagring<\/td>\n<td>10 \u00e5r<\/td>\n<\/tr>\n<\/tbody>\n<\/table>\n<\/div>\n<h3 class=\"AnswerParser_AnswerParserH3__Mpe4s\">H\u00f6g s\u00e4kerhet och dataintegritet<\/h3>\n<p><span class=\"AnswerParser_TextContainer__z_Iiv\" data-testid=\"youchat-text\">S\u00e4kerhet \u00e4r en h\u00f6rnsten i\u00a0<strong>MIFARE-kort<\/strong>. Den anv\u00e4nder \u00f6msesidig autentisering i tre pass, i enlighet med ISO\/IEC DIS 9798-2-standarden, vilket s\u00e4kerst\u00e4ller att endast auktoriserade anv\u00e4ndare kan komma \u00e5t data. Varje sektor av kortet skyddas av en individuell upps\u00e4ttning av tv\u00e5 nycklar, som st\u00f6der milj\u00f6er med flera applikationer med en nyckelhierarki.<\/span><span class=\"AnswerParser_TextContainer__z_Iiv\" data-testid=\"youchat-text\">Kortets dataintegritet uppr\u00e4tth\u00e5lls genom 16-bitars CRC, paritet, bitkodning och bitr\u00e4kning, vilket f\u00f6rhindrar datakorruption och s\u00e4kerst\u00e4ller tillf\u00f6rlitliga transaktioner. Denna s\u00e4kerhetsniv\u00e5 g\u00f6r MIFARE-kortet idealiskt f\u00f6r applikationer som kr\u00e4ver h\u00f6ga skyddsniv\u00e5er.<\/span><\/p>\n<h3 class=\"AnswerParser_AnswerParserH3__Mpe4s\">S\u00f6ml\u00f6s integration och anv\u00e4ndarv\u00e4nlighet<\/h3>\n<p><span class=\"AnswerParser_TextContainer__z_Iiv\" data-testid=\"youchat-text\">De\u00a0<strong>MIFARE-kort<\/strong>\u00a0\u00e4r designad f\u00f6r enkel integration i befintlig infrastruktur. Den st\u00f6der olika leveransalternativ, inklusive t\u00e4rning p\u00e5 skiva, st\u00f6td\u00e4mpad t\u00e4rning p\u00e5 skiva och kontaktl\u00f6sa kortmoduler, vilket ger flexibilitet f\u00f6r olika installationsscenarier. Denna anpassningsf\u00f6rm\u00e5ga s\u00e4kerst\u00e4ller att MIFARE-kortet kan m\u00f6ta de specifika behoven f\u00f6r alla applikationer, fr\u00e5n kollektivtrafiksystem till f\u00f6retags \u00e5tkomstkontroll.<\/span><\/p>\n<h2 class=\"AnswerParser_AnswerParserH2__SIHnF\">Kundrecensioner och rekommendationer<\/h2>\n<p><span class=\"AnswerParser_TextContainer__z_Iiv\" data-testid=\"youchat-text\">Kunder \u00f6ver hela v\u00e4rlden har ber\u00f6mt\u00a0<strong>MIFARE-kort<\/strong>\u00a0f\u00f6r dess tillf\u00f6rlitlighet och effektivitet. En n\u00f6jd anv\u00e4ndare kommenterade, &quot;MIFARE-kortet har revolutionerat v\u00e5rt transitsystem, minskat ombordstigningstiderna och f\u00f6rb\u00e4ttrat s\u00e4kerheten.&quot; En annan noterade, &quot;Dess f\u00f6rm\u00e5ga att hantera flera applikationer p\u00e5 ett enda kort har effektiviserat v\u00e5r verksamhet avsev\u00e4rt.&quot;<\/span><\/p>\n<h2 class=\"AnswerParser_AnswerParserH2__SIHnF\">Vanliga fr\u00e5gor<\/h2>\n<p><span class=\"AnswerParser_TextContainer__z_Iiv\" data-testid=\"youchat-text\"><strong>F: Vad g\u00f6r MIFARE-kortet l\u00e4mpligt f\u00f6r kollektivtrafik?<\/strong><br \/>\nS: Dess snabba transaktionstid, anti-kollisionsfunktion och robusta s\u00e4kerhet g\u00f6r den idealisk f\u00f6r h\u00f6gkapacitetsmilj\u00f6er som kollektivtrafik.<\/span><\/p>\n<p><span class=\"AnswerParser_TextContainer__z_Iiv\" data-testid=\"youchat-text\"><strong>F: Hur s\u00e4kerst\u00e4ller MIFARE-kortet datas\u00e4kerhet?<\/strong><br \/>\nS: Den anv\u00e4nder \u00f6msesidig autentisering med tre pass och individuella sektornycklar, vilket s\u00e4kerst\u00e4ller endast auktoriserad \u00e5tkomst till data.<\/span><\/p>\n<p><span class=\"AnswerParser_TextContainer__z_Iiv\" data-testid=\"youchat-text\"><strong>F: Kan MIFARE-kortet anv\u00e4ndas i andra till\u00e4mpningar \u00e4n kollektivtrafik?<\/strong><br \/>\nS: Ja, det \u00e4r tillr\u00e4ckligt m\u00e5ngsidigt f\u00f6r anv\u00e4ndning i s\u00e4ker \u00e5tkomstkontroll, lojalitetsprogram och mikrobetalningssystem.<\/span><\/p>\n<h2 class=\"AnswerParser_AnswerParserH2__SIHnF\">Milj\u00f6p\u00e5verkan och h\u00e5llbarhet<\/h2>\n<p><span class=\"AnswerParser_TextContainer__z_Iiv\" data-testid=\"youchat-text\">De\u00a0<strong>MIFARE-kort<\/strong>\u00a0\u00e4r designad med h\u00e5llbarhet i \u00e5tanke. Dess l\u00e5nga datalagring och h\u00f6ga skrivh\u00e5llbarhet minskar behovet av frekventa byten, vilket minimerar sl\u00f6seri. Genom att st\u00f6dja flera applikationer p\u00e5 ett enda kort minskar det ocks\u00e5 milj\u00f6p\u00e5verkan som \u00e4r f\u00f6rknippad med att producera flera kort.<\/span><\/p>\n<h2 class=\"AnswerParser_AnswerParserH2__SIHnF\">Slutsats: Varf\u00f6r v\u00e4lja MIFARE-kortet?<\/h2>\n<p><span class=\"AnswerParser_TextContainer__z_Iiv\" data-testid=\"youchat-text\">De\u00a0<strong>MIFARE-kort<\/strong>\u00a0erbjuder en robust, s\u00e4ker och m\u00e5ngsidig l\u00f6sning f\u00f6r alla kontaktl\u00f6sa applikationer. Oavsett om man f\u00f6rb\u00e4ttrar ett kollektivtrafiksystem, f\u00f6rb\u00e4ttrar f\u00f6retagens \u00e5tkomstkontroll eller integrerar flera tj\u00e4nster i en smart stadsmilj\u00f6, \u00e4r MIFARE-kortet ett p\u00e5litligt och effektivt val. Dess avancerade s\u00e4kerhetsfunktioner, s\u00f6ml\u00f6sa integration och omfattande applikationer g\u00f6r det till en v\u00e4rdefull investering f\u00f6r alla organisationer.<\/span><span class=\"AnswerParser_TextContainer__z_Iiv\" data-testid=\"youchat-text\">F\u00f6r mer information eller f\u00f6r att g\u00f6ra en best\u00e4llning,\u00a0<strong>kontakta oss<\/strong>\u00a0i dag. L\u00e5s upp potentialen f\u00f6r kontaktl\u00f6sa l\u00f6sningar med MIFARE-kortet.<\/span><\/p>","protected":false},"excerpt":{"rendered":"<div class=\"auto-hide-last-sibling-br paragraph_4183d\">Mifare Classic 1k 4K RFID-kort \u00e4r viktiga RFID-l\u00f6sningar f\u00f6r kollektivtrafik, passerkontroll och lojalitetsprogram, vilket ger gott om lagring av personuppgifter.<\/div>","protected":false},"featured_media":2033,"template":"","meta":[],"product_brand":[],"product_cat":[46],"product_tag":[],"class_list":{"0":"post-2032","1":"product","2":"type-product","3":"status-publish","4":"has-post-thumbnail","6":"product_cat-nfc-cards","8":"first","9":"instock","10":"shipping-taxable","11":"product-type-simple"},"_links":{"self":[{"href":"https:\/\/nfc-readers.com\/sv\/wp-json\/wp\/v2\/product\/2032","targetHints":{"allow":["GET"]}}],"collection":[{"href":"https:\/\/nfc-readers.com\/sv\/wp-json\/wp\/v2\/product"}],"about":[{"href":"https:\/\/nfc-readers.com\/sv\/wp-json\/wp\/v2\/types\/product"}],"wp:featuredmedia":[{"embeddable":true,"href":"https:\/\/nfc-readers.com\/sv\/wp-json\/wp\/v2\/media\/2033"}],"wp:attachment":[{"href":"https:\/\/nfc-readers.com\/sv\/wp-json\/wp\/v2\/media?parent=2032"}],"wp:term":[{"taxonomy":"product_brand","embeddable":true,"href":"https:\/\/nfc-readers.com\/sv\/wp-json\/wp\/v2\/product_brand?post=2032"},{"taxonomy":"product_cat","embeddable":true,"href":"https:\/\/nfc-readers.com\/sv\/wp-json\/wp\/v2\/product_cat?post=2032"},{"taxonomy":"product_tag","embeddable":true,"href":"https:\/\/nfc-readers.com\/sv\/wp-json\/wp\/v2\/product_tag?post=2032"}],"curies":[{"name":"wp","href":"https:\/\/api.w.org\/{rel}","templated":true}]}}