{"id":2052,"date":"2024-10-20T12:32:11","date_gmt":"2024-10-20T12:32:11","guid":{"rendered":"https:\/\/nfc-readers.com\/?post_type=product&#038;p=2052"},"modified":"2024-10-28T13:56:29","modified_gmt":"2024-10-28T13:56:29","slug":"mifare-desfire-ev2-2k-4k-8k-card","status":"publish","type":"product","link":"https:\/\/nfc-readers.com\/sv\/ic-reader\/mifare-desfire-ev2-2k-4k-8k-card\/","title":{"rendered":"\u00a0MIFARE Desfire EV2 2K 4K 8K-kort\u00a0"},"content":{"rendered":"<h1><span class=\"AnswerParser_TextContainer__z_Iiv\" data-testid=\"youchat-text\">\u00a0<strong>MIFARE Desfire EV2 2K 4K 8K-kort<\/strong>\u00a0<\/span><\/h1>\n<p><span class=\"AnswerParser_TextContainer__z_Iiv\" data-testid=\"youchat-text\"><strong>MIFARE Desfire EV2 2K 4K 8K-kort<\/strong>\u00a0framst\u00e5r som en ledstj\u00e4rna f\u00f6r innovation och tillf\u00f6rlitlighet. Detta kort \u00e4r designat av NXP och \u00e4r den andra utvecklingen i MIFARE DESFire-familjen, och erbjuder f\u00f6rb\u00e4ttrad s\u00e4kerhet, \u00f6verl\u00e4gsen prestanda och st\u00f6d f\u00f6r flera applikationer. Oavsett om det \u00e4r f\u00f6r biljetter till kollektivtrafik, s\u00e4ker \u00e5tkomsthantering eller mikrobetalningar, \u00e4r MIFARE Desfire EV2 det perfekta valet f\u00f6r systemoperat\u00f6rer och utvecklare som s\u00f6ker skalbara och interoperabla kontaktl\u00f6sa l\u00f6sningar.<\/span><\/p>\n<h2 class=\"AnswerParser_AnswerParserH2__SIHnF\">O\u00f6vertr\u00e4ffad s\u00e4kerhet och prestanda<\/h2>\n<p><span class=\"AnswerParser_TextContainer__z_Iiv\" data-testid=\"youchat-text\">De\u00a0<strong>MIFARE Desfire EV2<\/strong>\u00a0bygger p\u00e5 \u00f6ppna globala standarder, vilket s\u00e4kerst\u00e4ller kompatibilitet och s\u00e4kerhet f\u00f6r olika applikationer. Den st\u00f6der DES, 2K3DES, 3K3DES och AES h\u00e5rdvarukrypteringsalgoritmer, vilket ger ett robust skydd f\u00f6r data\u00f6verf\u00f6ring. Detta kort \u00e4r Common Criteria EAL5+-certifierat, en s\u00e4kerhetsniv\u00e5 som \u00e4r j\u00e4mf\u00f6rbar med den som anv\u00e4nds i bankkort och elektroniska pass, vilket s\u00e4kerst\u00e4ller att dina transaktioner \u00e4r s\u00e4kra och p\u00e5litliga.<\/span><\/p>\n<h3 class=\"AnswerParser_AnswerParserH3__Mpe4s\">M\u00f6jlighet f\u00f6r flera applikationer<\/h3>\n<p><span class=\"AnswerParser_TextContainer__z_Iiv\" data-testid=\"youchat-text\">En av de framst\u00e5ende funktionerna i\u00a0<strong>MIFARE Desfire EV2<\/strong>\u00a0\u00e4r dess f\u00f6rm\u00e5ga att st\u00f6dja flera applikationer p\u00e5 ett enda kort. Denna flexibilitet m\u00f6jligg\u00f6r integration av olika tj\u00e4nster, s\u00e5som kollektivtrafik, bil- eller cykeldelning, och tillg\u00e5ng till stadens attraktioner, allt p\u00e5 ett kort. Denna f\u00f6rm\u00e5ga f\u00f6renklar inte bara anv\u00e4ndarupplevelsen utan st\u00f6der ocks\u00e5 nya aff\u00e4rsmodeller genom att kombinera tj\u00e4nster som e-betalningsapplikationer med slutna kretsar och lokala lojalitetsprogram\u00a0<\/span><\/p>\n<h3 class=\"AnswerParser_AnswerParserH3__Mpe4s\">Tekniska specifikationer<\/h3>\n<p><span class=\"AnswerParser_TextContainer__z_Iiv\" data-testid=\"youchat-text\">De\u00a0<strong>MIFARE Desfire EV2<\/strong>\u00a0erbjuder en rad minnesalternativ, inklusive 2K, 4K och 8K byte, vilket m\u00f6jligg\u00f6r omfattande datalagring och applikationshantering. Den uppfyller ISO\/IEC 14443A-standarderna och st\u00f6der valfria ISO\/IEC 7816-4-kommandon, vilket s\u00e4kerst\u00e4ller interoperabilitet med befintlig NFC-l\u00e4sarinfrastruktur. Kortets snabba data\u00f6verf\u00f6ringshastigheter, fr\u00e5n 106 kbit\/s till 848 kbit\/s, s\u00e4kerst\u00e4ller effektiva och snabba transaktioner.<\/span><\/p>\n<div class=\"AnswerParser_TableContainer__Erb6v\" data-testid=\"table-container\">\n<table style=\"height: 195px;\" width=\"657\">\n<thead>\n<tr>\n<th>\n<p style=\"text-align: left;\">Specifikation<\/p>\n<\/th>\n<th style=\"text-align: left;\">Detaljer<\/th>\n<\/tr>\n<\/thead>\n<tbody>\n<tr>\n<td>Minnesalternativ<\/td>\n<td>2K, 4K, 8K byte<\/td>\n<\/tr>\n<tr>\n<td>Kryptering<\/td>\n<td>DES, 2K3DES, 3K3DES, AES<\/td>\n<\/tr>\n<tr>\n<td>Certifiering<\/td>\n<td>Common Criteria EAL5+<\/td>\n<\/tr>\n<tr>\n<td>Data\u00f6verf\u00f6ringshastighet<\/td>\n<td>106 kbit\/s till 848 kbit\/s<\/td>\n<\/tr>\n<tr>\n<td>Standarder<\/td>\n<td>ISO\/IEC 14443A, ISO\/IEC 7816-4<\/td>\n<\/tr>\n<\/tbody>\n<\/table>\n<\/div>\n<h2 class=\"AnswerParser_AnswerParserH2__SIHnF\">M\u00e5ngsidiga applikationer<\/h2>\n<h3 class=\"AnswerParser_AnswerParserH3__Mpe4s\">S\u00e4ker biljetter till kollektivtrafiken<\/h3>\n<p><span class=\"AnswerParser_TextContainer__z_Iiv\" data-testid=\"youchat-text\">De\u00a0<strong>MIFARE Desfire EV2<\/strong>\u00a0\u00e4r idealisk f\u00f6r s\u00e4ker biljettf\u00f6rs\u00e4ljning i kollektivtrafiken, och erbjuder en p\u00e5litlig och effektiv l\u00f6sning f\u00f6r att hantera biljetth\u00e4mtning och passerkontroll. Dess robusta s\u00e4kerhetsfunktioner s\u00e4kerst\u00e4ller att transaktioner skyddas mot bedr\u00e4gerier, vilket ger trygghet f\u00f6r b\u00e5de operat\u00f6rer och anv\u00e4ndare.<\/span><\/p>\n<h3 class=\"AnswerParser_AnswerParserH3__Mpe4s\">Smart City- och mobilitetskort f\u00f6r flera applikationer<\/h3>\n<p><span class=\"AnswerParser_TextContainer__z_Iiv\" data-testid=\"youchat-text\">I smarta stadsmilj\u00f6er\u00a0<strong>MIFARE Desfire EV2<\/strong>\u00a0fungerar som ett multiapplikationskort, som integrerar olika tj\u00e4nster s\u00e5som kollektivtrafik, parkering och tillg\u00e5ng till stadens faciliteter. Denna integrering f\u00f6renklar anv\u00e4ndarupplevelsen och f\u00f6rb\u00e4ttrar effektiviteten i urbana mobilitetsl\u00f6sningar.<\/span><\/p>\n<h3 class=\"AnswerParser_AnswerParserH3__Mpe4s\">S\u00e4ker \u00e5tkomsthantering<\/h3>\n<p><span class=\"AnswerParser_TextContainer__z_Iiv\" data-testid=\"youchat-text\">F\u00f6r organisationer som kr\u00e4ver s\u00e4ker \u00e5tkomsthantering,\u00a0<strong>MIFARE Desfire EV2<\/strong>\u00a0ger en p\u00e5litlig l\u00f6sning. Dess avancerade kryptering och autentiseringsmetoder s\u00e4kerst\u00e4ller att endast auktoriserade personer kan komma \u00e5t k\u00e4nsliga omr\u00e5den, vilket f\u00f6rb\u00e4ttrar s\u00e4kerheten och operativ effektivitet.<\/span><\/p>\n<h2 class=\"AnswerParser_AnswerParserH2__SIHnF\">Kundrecensioner och rekommendationer<\/h2>\n<p><span class=\"AnswerParser_TextContainer__z_Iiv\" data-testid=\"youchat-text\"><strong>Anv\u00e4ndare av MIFARE Desfire EV2<\/strong>\u00a0har konsekvent ber\u00f6mt dess tillf\u00f6rlitlighet och m\u00e5ngsidighet. En kund noterade: &quot;M\u00f6jligheten att integrera flera applikationer p\u00e5 ett enda kort har effektiviserat v\u00e5r verksamhet avsev\u00e4rt.&quot; En annan anv\u00e4ndare lyfte fram kortets s\u00e4kerhetsfunktioner och sa: &quot;Den robusta krypteringen ger oss f\u00f6rtroende f\u00f6r s\u00e4kerheten f\u00f6r v\u00e5ra transaktioner.&quot;<\/span><\/p>\n<h2 class=\"AnswerParser_AnswerParserH2__SIHnF\">Vanliga fr\u00e5gor<\/h2>\n<p><span class=\"AnswerParser_TextContainer__z_Iiv\" data-testid=\"youchat-text\"><strong>F: Vad g\u00f6r MIFARE Desfire EV2 l\u00e4mplig f\u00f6r anv\u00e4ndning i flera applikationer?<\/strong><br \/>\nS: Dess f\u00f6rm\u00e5ga att st\u00f6dja flera applikationer p\u00e5 ett enda kort, i kombination med robusta s\u00e4kerhetsfunktioner, g\u00f6r den idealisk f\u00f6r att integrera olika tj\u00e4nster.<\/span><span class=\"AnswerParser_TextContainer__z_Iiv\" data-testid=\"youchat-text\"><strong>F: Hur s\u00e4kerst\u00e4ller MIFARE Desfire EV2 datas\u00e4kerhet?<\/strong><br \/>\nS: Kortet anv\u00e4nder avancerade krypteringsalgoritmer, inklusive AES, och \u00e4r Common Criteria EAL5+-certifierat, vilket s\u00e4kerst\u00e4ller h\u00f6ga niv\u00e5er av dataskydd.<\/span><span class=\"AnswerParser_TextContainer__z_Iiv\" data-testid=\"youchat-text\"><strong>F: Kan MIFARE Desfire EV2 anv\u00e4ndas med befintlig NFC-infrastruktur?<\/strong><br \/>\nS: Ja, den \u00e4r helt interoperabel med befintlig NFC-l\u00e4sarinfrastruktur, vilket s\u00e4kerst\u00e4ller s\u00f6ml\u00f6s integration.<\/span><\/p>\n<h2 class=\"AnswerParser_AnswerParserH2__SIHnF\">Milj\u00f6p\u00e5verkan och h\u00e5llbarhet<\/h2>\n<p><span class=\"AnswerParser_TextContainer__z_Iiv\" data-testid=\"youchat-text\">De\u00a0<strong>MIFARE Desfire EV2<\/strong>\u00a0\u00e4r designad med h\u00e5llbarhet i \u00e5tanke. Dess h\u00e5llbara konstruktion s\u00e4kerst\u00e4ller en l\u00e5ng produktlivsl\u00e4ngd, vilket minskar avfall och behovet av frekventa byten. Genom att st\u00f6dja flera applikationer p\u00e5 ett enda kort minimerar det ocks\u00e5 milj\u00f6p\u00e5verkan som \u00e4r f\u00f6rknippad med produktion och kassering av flera kort\u00a0<\/span><\/p>\n<h2 class=\"AnswerParser_AnswerParserH2__SIHnF\">Slutsats: Varf\u00f6r v\u00e4lja MIFARE Desfire EV2?<\/h2>\n<p><span class=\"AnswerParser_TextContainer__z_Iiv\" data-testid=\"youchat-text\">De\u00a0<strong>MIFARE Desfire EV2 2K 4K 8K-kort<\/strong>\u00a0erbjuder en perfekt blandning av s\u00e4kerhet, prestanda och m\u00e5ngsidighet f\u00f6r alla kontaktl\u00f6sa l\u00f6sningar. Oavsett om du vill f\u00f6rb\u00e4ttra ditt kollektivtrafiksystem, s\u00e4ker \u00e5tkomsthantering eller integrera flera tj\u00e4nster i en smart stadsmilj\u00f6, ger detta kort ett robust och p\u00e5litligt alternativ. Dess avancerade krypteringsm\u00f6jligheter och st\u00f6d f\u00f6r flera applikationer g\u00f6r det till en v\u00e4rdefull investering f\u00f6r organisationer som prioriterar s\u00e4kerhet och effektivitet.<\/span><span class=\"AnswerParser_TextContainer__z_Iiv\" data-testid=\"youchat-text\">F\u00f6r mer information eller f\u00f6r att g\u00f6ra en best\u00e4llning,\u00a0<strong>kontakta oss<\/strong>\u00a0i dag. L\u00e5s upp n\u00e4sta niv\u00e5 f\u00f6r s\u00e4kerhet och effektivitet med MIFARE Desfire EV2.<\/span><\/p>","protected":false},"excerpt":{"rendered":"<p><span class=\"AnswerParser_TextContainer__z_Iiv\" data-testid=\"youchat-text\">\u00a0<strong>MIFARE Desfire EV2 2K 4K 8K-kort<\/strong> <\/span>\u00e4r ett m\u00e5ngsidigt NFC-chip som ger h\u00f6g s\u00e4kerhet, vilket g\u00f6r det l\u00e4mpligt f\u00f6r RFID-applikationer inom transport, \u00e5tkomstkontroll och betalningar.<\/p>","protected":false},"featured_media":2054,"template":"","meta":[],"product_brand":[],"product_cat":[46],"product_tag":[],"class_list":{"0":"post-2052","1":"product","2":"type-product","3":"status-publish","4":"has-post-thumbnail","6":"product_cat-nfc-cards","8":"first","9":"instock","10":"shipping-taxable","11":"product-type-simple"},"_links":{"self":[{"href":"https:\/\/nfc-readers.com\/sv\/wp-json\/wp\/v2\/product\/2052","targetHints":{"allow":["GET"]}}],"collection":[{"href":"https:\/\/nfc-readers.com\/sv\/wp-json\/wp\/v2\/product"}],"about":[{"href":"https:\/\/nfc-readers.com\/sv\/wp-json\/wp\/v2\/types\/product"}],"wp:featuredmedia":[{"embeddable":true,"href":"https:\/\/nfc-readers.com\/sv\/wp-json\/wp\/v2\/media\/2054"}],"wp:attachment":[{"href":"https:\/\/nfc-readers.com\/sv\/wp-json\/wp\/v2\/media?parent=2052"}],"wp:term":[{"taxonomy":"product_brand","embeddable":true,"href":"https:\/\/nfc-readers.com\/sv\/wp-json\/wp\/v2\/product_brand?post=2052"},{"taxonomy":"product_cat","embeddable":true,"href":"https:\/\/nfc-readers.com\/sv\/wp-json\/wp\/v2\/product_cat?post=2052"},{"taxonomy":"product_tag","embeddable":true,"href":"https:\/\/nfc-readers.com\/sv\/wp-json\/wp\/v2\/product_tag?post=2052"}],"curies":[{"name":"wp","href":"https:\/\/api.w.org\/{rel}","templated":true}]}}