{"id":2081,"date":"2024-10-22T01:16:34","date_gmt":"2024-10-22T01:16:34","guid":{"rendered":"https:\/\/nfc-readers.com\/?post_type=product&#038;p=2081"},"modified":"2024-10-28T14:02:37","modified_gmt":"2024-10-28T14:02:37","slug":"mifare-plus-s-2k-4k-rfid-cards","status":"publish","type":"product","link":"https:\/\/nfc-readers.com\/sv\/ic-reader\/mifare-plus-s-2k-4k-rfid-cards\/","title":{"rendered":"\u00a0MIFARE Plus\u00ae S 2k 4k RFID-kort"},"content":{"rendered":"<h1>\u00a0MIFARE Plus\u00ae S 2k 4k RFID-kort<\/h1>\n<table style=\"height: 505px;\" width=\"655\">\n<tbody>\n<tr style=\"font-style: inherit; font-weight: inherit;\">\n<td style=\"font-style: inherit;\" width=\"172\">\n<p data-spm-anchor-id=\"a2700.details.0.i71.17213ba4RCuUOM\">Punkt<\/p>\n<\/td>\n<td style=\"font-style: inherit;\" width=\"252\">\u00a0MIFARE Plus\u00ae S 2k 4k RFID-kort<\/td>\n<\/tr>\n<tr style=\"font-style: inherit; font-weight: inherit;\">\n<td style=\"font-style: inherit;\" width=\"172\">Specialfunktioner<\/td>\n<td style=\"font-style: inherit;\" width=\"252\">Vattent\u00e4t \/ v\u00e4derbest\u00e4ndig<\/td>\n<\/tr>\n<tr style=\"font-style: inherit; font-weight: inherit;\">\n<td style=\"font-style: inherit;\" width=\"172\">Kommunikationsgr\u00e4nssnitt<\/td>\n<td style=\"font-style: inherit;\" width=\"252\">RFID<\/td>\n<\/tr>\n<tr style=\"font-style: inherit; font-weight: inherit;\">\n<td style=\"font-style: inherit;\" width=\"172\">Ursprungsort<\/td>\n<td style=\"font-style: inherit;\" width=\"252\">Guangdong, Kina<\/td>\n<\/tr>\n<tr style=\"font-style: inherit; font-weight: inherit;\">\n<td style=\"font-style: inherit;\" width=\"172\">Frekvens<\/td>\n<td style=\"font-style: inherit;\" width=\"252\">13,56 MHz<\/td>\n<\/tr>\n<tr style=\"font-style: inherit; font-weight: inherit;\">\n<td style=\"font-style: inherit;\" width=\"172\">Chips<\/td>\n<td style=\"font-style: inherit;\" width=\"252\">MIFARE Plus\u00ae S 2K(MIFARE\u00ae och MIFARE Plus\u00ae \u00e4r registrerade varum\u00e4rken som tillh\u00f6r NXP BV och anv\u00e4nds under licens.)<\/td>\n<\/tr>\n<tr style=\"font-style: inherit; font-weight: inherit;\">\n<td style=\"font-style: inherit;\" width=\"172\">Material<\/td>\n<td style=\"font-style: inherit;\" width=\"252\">PVC<\/td>\n<\/tr>\n<tr style=\"font-style: inherit; font-weight: inherit;\">\n<td style=\"font-style: inherit;\" width=\"172\">Ans\u00f6kan<\/td>\n<td style=\"font-style: inherit;\" width=\"252\">System f\u00f6r \u00e5tkomstkontroll<\/td>\n<\/tr>\n<tr style=\"font-style: inherit; font-weight: inherit;\">\n<td style=\"font-style: inherit;\" width=\"172\">Protokoll<\/td>\n<td style=\"font-style: inherit;\" width=\"252\">ISO 14443A<\/td>\n<\/tr>\n<tr style=\"font-style: inherit; font-weight: inherit;\">\n<td style=\"font-style: inherit;\" width=\"172\">Tjocklek<\/td>\n<td style=\"font-style: inherit;\" width=\"252\">0,84 mm\/anpassad<\/td>\n<\/tr>\n<tr style=\"font-style: inherit; font-weight: inherit;\">\n<td style=\"font-style: inherit;\" width=\"172\">Ytfinish<\/td>\n<td style=\"font-style: inherit;\" width=\"252\">Blank.frostad.matt<\/td>\n<\/tr>\n<tr style=\"font-style: inherit; font-weight: inherit;\">\n<td style=\"font-style: inherit;\" width=\"172\">Ing\u00e5ngskapacitans [pF]<\/td>\n<td style=\"font-style: inherit;\" width=\"252\">17\/70 PF<\/td>\n<\/tr>\n<tr style=\"font-style: inherit; font-weight: inherit;\">\n<td style=\"font-style: inherit;\" width=\"172\">Nyckell\u00e4ngd<\/td>\n<td style=\"font-style: inherit;\" width=\"252\">48-bitars Crypto-1, 128-bitars AES<\/td>\n<\/tr>\n<tr style=\"font-style: inherit; font-weight: inherit;\">\n<td style=\"font-style: inherit;\" width=\"172\">Minnesmodell<\/td>\n<td style=\"font-style: inherit;\" width=\"252\">Kompakt, sektorer och 16-byte block<\/td>\n<\/tr>\n<tr style=\"font-style: inherit; font-weight: inherit;\">\n<td style=\"font-style: inherit;\" width=\"172\">NFC-efterlevnad<\/td>\n<td style=\"font-style: inherit;\" width=\"252\">NFC-kapabel i SL3<\/td>\n<\/tr>\n<\/tbody>\n<\/table>\n<p>&nbsp;<\/p>\n<p><span class=\"AnswerParser_TextContainer__z_Iiv\" data-testid=\"youchat-text\"><strong>MIFARE Plus\u00ae S 2k 4k RFID-kort<\/strong>\u00a0\u00e4r branschens l\u00f6sning f\u00f6r att avancera dina befintliga system till n\u00e4sta niv\u00e5. Dessa kort ger en s\u00f6ml\u00f6s migrering fr\u00e5n MIFARE Classic, vilket s\u00e4kerst\u00e4ller h\u00f6gre s\u00e4kerhet genom AES-128-kryptering och bibeh\u00e5ller kompatibilitet med din nuvarande infrastruktur. Med \u00f6verl\u00e4gsen dataintegritet och s\u00e4ker kommunikation \u00e4r de det ultimata valet f\u00f6r att f\u00f6rb\u00e4ttra dina RFID-applikationer.<\/span><\/p>\n<h2 class=\"AnswerParser_AnswerParserH2__SIHnF\">L\u00e5s upp h\u00f6gs\u00e4kerhetsl\u00f6sningar med MIFARE Plus\u00ae S<\/h2>\n<p><span class=\"AnswerParser_TextContainer__z_Iiv\" data-testid=\"youchat-text\">De\u00a0<strong>MIFARE Plus\u00ae S 2k 4k RFID-kort<\/strong>\u00a0framst\u00e5 som ett m\u00e5ngsidigt alternativ f\u00f6r organisationer som vill uppgradera sina system. Dessa kort \u00e4r designade med fokus p\u00e5 s\u00e4kerhet och implementerar AES-128-kryptering, vilket s\u00e4kerst\u00e4ller att dina data f\u00f6rblir skyddade mot obeh\u00f6rig \u00e5tkomst. Anv\u00e4ndningen av avancerade kryptografiska metoder garanterar att din information beh\u00e5ller sin integritet och konfidentialitet.<\/span><span class=\"AnswerParser_TextContainer__z_Iiv\" data-testid=\"youchat-text\">Dessa smarta kort \u00e4r kompatibla med MIFARE Classic, vilket g\u00f6r det l\u00e4ttare f\u00f6r f\u00f6retag att byta om utan att byta ut sin befintliga h\u00e5rdvara. Denna kompatibilitet m\u00f6jligg\u00f6r en kostnadseffektiv uppgradering som ger f\u00f6rb\u00e4ttrade s\u00e4kerhetsfunktioner utan att st\u00f6ra din verksamhet.<\/span><\/p>\n<h3 class=\"AnswerParser_AnswerParserH3__Mpe4s\">Robust RFID-teknik<\/h3>\n<p><span class=\"AnswerParser_TextContainer__z_Iiv\" data-testid=\"youchat-text\">Med en frekvens p\u00e5 13,56MHz \u00e4r\u00a0<strong>MIFARE Plus\u00ae S 2k 4k RFID-kort<\/strong>\u00a0erbjuda p\u00e5litlig och effektiv kommunikation. Korten \u00e4r byggda f\u00f6r att klara olika milj\u00f6f\u00f6rh\u00e5llanden, tack vare deras vattent\u00e4ta och v\u00e4derbest\u00e4ndiga konstruktion. Tillverkade av slitstarkt PVC-material \u00e4r de designade f\u00f6r l\u00e5ngvarig anv\u00e4ndning i alla milj\u00f6er.<\/span><span class=\"AnswerParser_TextContainer__z_Iiv\" data-testid=\"youchat-text\">Den kompakta designen av dessa RFID-kort, med en tjocklek p\u00e5 0,84 mm, s\u00e4kerst\u00e4ller enkel integrering i dina nuvarande system. Deras anpassningsbara ytfinishalternativ, inklusive blank, frostad och matt, erbjuder ytterligare flexibilitet f\u00f6r att m\u00f6ta dina specifika designbehov.<\/span><\/p>\n<h3 class=\"AnswerParser_AnswerParserH3__Mpe4s\">Avancerade s\u00e4kerhetsfunktioner<\/h3>\n<p><span class=\"AnswerParser_TextContainer__z_Iiv\" data-testid=\"youchat-text\">S\u00e4kerhet \u00e4r hj\u00e4rtat av\u00a0<strong>MIFARE Plus\u00ae S 2k 4k RFID-kort<\/strong>. Genom att integrera AES-128-kryptering erbjuder dessa kort en avancerad niv\u00e5 av skydd. Denna kryptografiska metod autentiserar inte bara anv\u00e4ndare utan s\u00e4kerst\u00e4ller ocks\u00e5 dataintegritet och kryptering, och skyddar k\u00e4nslig information fr\u00e5n potentiella hot.<\/span><span class=\"AnswerParser_TextContainer__z_Iiv\" data-testid=\"youchat-text\">Korten st\u00f6der 48-bitars Crypto-1 och 128-bitars AES-nyckell\u00e4ngder, vilket ger flera lager av s\u00e4kerhet. Detta g\u00f6r dem idealiska f\u00f6r applikationer som kr\u00e4ver h\u00f6ga skyddsniv\u00e5er, s\u00e5som f\u00f6retagens passersystem, kollektivtrafik och finansiella transaktioner.<\/span><\/p>\n<h3 class=\"AnswerParser_AnswerParserH3__Mpe4s\">S\u00f6ml\u00f6s integration och kompatibilitet<\/h3>\n<p><span class=\"AnswerParser_TextContainer__z_Iiv\" data-testid=\"youchat-text\">En av de betydande f\u00f6rdelarna med\u00a0<strong>MIFARE Plus\u00ae S 2k 4k RFID-kort<\/strong>\u00a0\u00e4r deras s\u00f6ml\u00f6sa integration med befintliga system. Dessa kort \u00e4r inte bara kompatibla med MIFARE Classic utan f\u00f6ljer ocks\u00e5 ISO 14443A protokollstandarder, vilket s\u00e4kerst\u00e4ller smidig inkorporering i din nuvarande infrastruktur. NFC-kompatibiliteten i SL3 f\u00f6rb\u00e4ttrar ytterligare deras till\u00e4mpbarhet i en m\u00e4ngd olika milj\u00f6er.<\/span><\/p>\n<h3 class=\"AnswerParser_AnswerParserH3__Mpe4s\">Kundrecensioner och rekommendationer<\/h3>\n<p><span class=\"AnswerParser_TextContainer__z_Iiv\" data-testid=\"youchat-text\"><strong>Kunder har ber\u00f6mt MIFARE Plus\u00ae S 2k 4k RFID-kort<\/strong>\u00a0f\u00f6r deras tillf\u00f6rlitlighet och anv\u00e4ndarv\u00e4nlighet. En anv\u00e4ndare noterade: &quot;Att uppgradera v\u00e5rt passersystem med dessa kort var s\u00f6ml\u00f6st. De f\u00f6rb\u00e4ttrade s\u00e4kerhetsfunktionerna ger oss sinnesfrid.\u201d En annan tillade: &quot;Vi uppskattar h\u00e5llbarheten och konsekventa prestanda f\u00f6r dessa kort i olika milj\u00f6er.&quot;<\/span><\/p>\n<h3 class=\"AnswerParser_AnswerParserH3__Mpe4s\">Vanliga fr\u00e5gor<\/h3>\n<p><span class=\"AnswerParser_TextContainer__z_Iiv\" data-testid=\"youchat-text\"><strong>F: Hur f\u00f6rb\u00e4ttrar MIFARE Plus\u00ae S 2k 4k RFID-kort s\u00e4kerheten?<\/strong><br \/>\nS: Dessa kort utnyttjar AES-128-kryptering, vilket s\u00e4kerst\u00e4ller dataintegritet och skydd mot obeh\u00f6rig \u00e5tkomst.<\/span><\/p>\n<p><span class=\"AnswerParser_TextContainer__z_Iiv\" data-testid=\"youchat-text\"><strong>F: \u00c4r dessa kort kompatibla med befintliga MIFARE Classic-system?<\/strong><br \/>\nS: Ja, de erbjuder kompatibilitet med MIFARE Classic, vilket m\u00f6jligg\u00f6r en smidig \u00f6verg\u00e5ng utan behov av ny h\u00e5rdvara.<\/span><\/p>\n<p><span class=\"AnswerParser_TextContainer__z_Iiv\" data-testid=\"youchat-text\"><strong>F: Vilken \u00e4r den typiska applikationen f\u00f6r dessa RFID-kort?<\/strong><br \/>\nS: De \u00e4r idealiska f\u00f6r passersystem, f\u00f6retagsmilj\u00f6er och kollektivtrafiksystem som kr\u00e4ver h\u00f6g s\u00e4kerhet.<\/span><\/p>\n<h3 class=\"AnswerParser_AnswerParserH3__Mpe4s\">Milj\u00f6p\u00e5verkan och h\u00e5llbarhet<\/h3>\n<p><span class=\"AnswerParser_TextContainer__z_Iiv\" data-testid=\"youchat-text\">De\u00a0<strong>MIFARE Plus\u00ae S 2k 4k RFID-kort<\/strong>\u00a0\u00e4r designade med h\u00e5llbarhet i \u00e5tanke. Deras h\u00e5llbara PVC-konstruktion s\u00e4kerst\u00e4ller l\u00e5ng produktlivsl\u00e4ngd, minskar avfall och behovet av frekventa byten. Genom att uppgradera till MIFARE Plus kan organisationer ocks\u00e5 minimera sitt milj\u00f6avtryck genom att f\u00f6rl\u00e4nga livsl\u00e4ngden p\u00e5 befintliga system ist\u00e4llet f\u00f6r att helt ers\u00e4tta dem.<\/span><\/p>\n<h3 class=\"AnswerParser_AnswerParserH3__Mpe4s\">Slutsats: Varf\u00f6r v\u00e4lja MIFARE Plus\u00ae S 2k 4k RFID-kort?<\/h3>\n<p><span class=\"AnswerParser_TextContainer__z_Iiv\" data-testid=\"youchat-text\">De\u00a0<strong>MIFARE Plus\u00ae S 2k 4k RFID-kort<\/strong>\u00a0erbjuder en perfekt balans mellan s\u00e4kerhet, kompatibilitet och h\u00e5llbarhet f\u00f6r alla passersystem. Oavsett om du vill uppgradera din nuvarande infrastruktur eller letar efter en p\u00e5litlig l\u00f6sning f\u00f6r nya installationer, ger dessa kort ett robust och s\u00e4kert alternativ. Deras avancerade krypteringsm\u00f6jligheter och s\u00f6ml\u00f6sa integration g\u00f6r dem till en v\u00e4rdefull investering f\u00f6r organisationer som prioriterar s\u00e4kerhet och effektivitet.<\/span><span class=\"AnswerParser_TextContainer__z_Iiv\" data-testid=\"youchat-text\">F\u00f6r mer information eller f\u00f6r att g\u00f6ra en best\u00e4llning,\u00a0<strong>kontakta oss<\/strong>\u00a0i dag. L\u00e5s upp n\u00e4sta niv\u00e5 f\u00f6r s\u00e4kerhet och effektivitet med MIFARE Plus.<\/span><\/p>","protected":false},"excerpt":{"rendered":"<p>NXP:s MIFARE Plus-kort \u00e4r en s\u00e4ker NFC-chipl\u00f6sning som \u00e4r kompatibel med RFID-standarder, idealisk f\u00f6r kollektivtrafik, passerkontroll och betalningstill\u00e4mpningar.<\/p>","protected":false},"featured_media":2082,"template":"","meta":[],"product_brand":[],"product_cat":[46],"product_tag":[],"class_list":{"0":"post-2081","1":"product","2":"type-product","3":"status-publish","4":"has-post-thumbnail","6":"product_cat-nfc-cards","8":"first","9":"instock","10":"shipping-taxable","11":"product-type-simple"},"_links":{"self":[{"href":"https:\/\/nfc-readers.com\/sv\/wp-json\/wp\/v2\/product\/2081","targetHints":{"allow":["GET"]}}],"collection":[{"href":"https:\/\/nfc-readers.com\/sv\/wp-json\/wp\/v2\/product"}],"about":[{"href":"https:\/\/nfc-readers.com\/sv\/wp-json\/wp\/v2\/types\/product"}],"wp:featuredmedia":[{"embeddable":true,"href":"https:\/\/nfc-readers.com\/sv\/wp-json\/wp\/v2\/media\/2082"}],"wp:attachment":[{"href":"https:\/\/nfc-readers.com\/sv\/wp-json\/wp\/v2\/media?parent=2081"}],"wp:term":[{"taxonomy":"product_brand","embeddable":true,"href":"https:\/\/nfc-readers.com\/sv\/wp-json\/wp\/v2\/product_brand?post=2081"},{"taxonomy":"product_cat","embeddable":true,"href":"https:\/\/nfc-readers.com\/sv\/wp-json\/wp\/v2\/product_cat?post=2081"},{"taxonomy":"product_tag","embeddable":true,"href":"https:\/\/nfc-readers.com\/sv\/wp-json\/wp\/v2\/product_tag?post=2081"}],"curies":[{"name":"wp","href":"https:\/\/api.w.org\/{rel}","templated":true}]}}