{"id":2094,"date":"2024-04-22T01:51:57","date_gmt":"2024-04-22T01:51:57","guid":{"rendered":"https:\/\/nfc-readers.com\/?post_type=product&#038;p=2094"},"modified":"2024-09-29T05:36:02","modified_gmt":"2024-09-29T05:36:02","slug":"mifare-ultralightcev1","status":"publish","type":"product","link":"https:\/\/nfc-readers.com\/sv\/ic-reader\/mifare-ultralightcev1\/","title":{"rendered":"mifare UltralightC UltralightEV1"},"content":{"rendered":"<h1>mifare UltralightC UltralightEV1<\/h1>\n<table width=\"586\">\n<tbody>\n<tr>\n<td colspan=\"2\" width=\"229\">Punkt:<\/td>\n<td colspan=\"3\" width=\"357\">ONE-Time armband<\/td>\n<\/tr>\n<tr>\n<td colspan=\"2\" width=\"229\">Material:<\/td>\n<td colspan=\"3\" width=\"357\">Eng\u00e5ngspapper<\/td>\n<\/tr>\n<tr>\n<td colspan=\"2\" width=\"229\">S\u00e4rdrag:<\/td>\n<td colspan=\"3\" width=\"357\">milj\u00f6v\u00e4nligt material, vattent\u00e4tt, anti-alkohol.<\/td>\n<\/tr>\n<tr>\n<td colspan=\"2\" width=\"229\">Driftstemperatur:<\/td>\n<td colspan=\"3\" width=\"357\">-10\u2103 till 60\u2103<\/td>\n<\/tr>\n<tr>\n<td colspan=\"2\" width=\"229\">F\u00f6rvaringstemperatur:<\/td>\n<td colspan=\"3\" width=\"357\">-30\u2103 till 85\u2103<\/td>\n<\/tr>\n<tr>\n<td colspan=\"2\" width=\"229\">Fuktighet:<\/td>\n<td colspan=\"3\" width=\"357\">40% till 80% RH<\/td>\n<\/tr>\n<tr>\n<td colspan=\"2\" width=\"229\">F\u00e4rgalternativ:<\/td>\n<td colspan=\"3\" width=\"357\">R\u00f6d, bl\u00e5, gul, orange, vit, gr\u00f6n, lila eller valfri pantonef\u00e4rg eller anpassad<\/td>\n<\/tr>\n<tr>\n<td colspan=\"2\" width=\"229\">Antenner:<\/td>\n<td colspan=\"3\" width=\"357\">LF\/HF: kopparantenn, UHF: AL etsningsantenn<\/td>\n<\/tr>\n<tr>\n<td colspan=\"2\" width=\"229\">Ans\u00f6kan:<\/td>\n<td colspan=\"3\" width=\"357\">biljetter, identifiering, m\u00f6te, semesterdekoration, sport<\/td>\n<\/tr>\n<tr>\n<td colspan=\"2\" width=\"229\">Ledtid:<\/td>\n<td colspan=\"3\" width=\"357\">7 arbetsdagar<\/td>\n<\/tr>\n<tr>\n<td colspan=\"2\" width=\"229\">Datalagring:<\/td>\n<td colspan=\"3\" width=\"357\">\u226510 \u00e5r<\/td>\n<\/tr>\n<\/tbody>\n<\/table>\n<p><img loading=\"lazy\" decoding=\"async\" class=\"alignnone wp-image-2095\" src=\"https:\/\/nfc-readers.com\/wp-content\/uploads\/2024\/04\/H51686452074d454db06d99f0f933769fW-229x300.jpg\" alt=\"\" width=\"639\" height=\"837\" srcset=\"https:\/\/nfc-readers.com\/wp-content\/uploads\/2024\/04\/H51686452074d454db06d99f0f933769fW-229x300.jpg 229w, https:\/\/nfc-readers.com\/wp-content\/uploads\/2024\/04\/H51686452074d454db06d99f0f933769fW-781x1024.jpg 781w, https:\/\/nfc-readers.com\/wp-content\/uploads\/2024\/04\/H51686452074d454db06d99f0f933769fW-768x1007.jpg 768w, https:\/\/nfc-readers.com\/wp-content\/uploads\/2024\/04\/H51686452074d454db06d99f0f933769fW-600x787.jpg 600w, https:\/\/nfc-readers.com\/wp-content\/uploads\/2024\/04\/H51686452074d454db06d99f0f933769fW.jpg 790w\" sizes=\"auto, (max-width: 639px) 100vw, 639px\" \/><\/p>\n<p><img loading=\"lazy\" decoding=\"async\" class=\"alignnone wp-image-2096\" src=\"https:\/\/nfc-readers.com\/wp-content\/uploads\/2024\/04\/H37c0c85a896b42d3ad20f78e6d7e5905q-300x182.jpg\" alt=\"\" width=\"640\" height=\"388\" srcset=\"https:\/\/nfc-readers.com\/wp-content\/uploads\/2024\/04\/H37c0c85a896b42d3ad20f78e6d7e5905q-300x182.jpg 300w, https:\/\/nfc-readers.com\/wp-content\/uploads\/2024\/04\/H37c0c85a896b42d3ad20f78e6d7e5905q-768x467.jpg 768w, https:\/\/nfc-readers.com\/wp-content\/uploads\/2024\/04\/H37c0c85a896b42d3ad20f78e6d7e5905q-600x365.jpg 600w, https:\/\/nfc-readers.com\/wp-content\/uploads\/2024\/04\/H37c0c85a896b42d3ad20f78e6d7e5905q.jpg 790w\" sizes=\"auto, (max-width: 640px) 100vw, 640px\" \/><\/p>\n<p><img loading=\"lazy\" decoding=\"async\" class=\"alignnone wp-image-2097\" src=\"https:\/\/nfc-readers.com\/wp-content\/uploads\/2024\/04\/H589c2531e7974fb2a252d17a9e1d8811T-300x170.jpg\" alt=\"\" width=\"637\" height=\"361\" srcset=\"https:\/\/nfc-readers.com\/wp-content\/uploads\/2024\/04\/H589c2531e7974fb2a252d17a9e1d8811T-300x170.jpg 300w, https:\/\/nfc-readers.com\/wp-content\/uploads\/2024\/04\/H589c2531e7974fb2a252d17a9e1d8811T-768x436.jpg 768w, https:\/\/nfc-readers.com\/wp-content\/uploads\/2024\/04\/H589c2531e7974fb2a252d17a9e1d8811T-600x340.jpg 600w, https:\/\/nfc-readers.com\/wp-content\/uploads\/2024\/04\/H589c2531e7974fb2a252d17a9e1d8811T.jpg 790w\" sizes=\"auto, (max-width: 637px) 100vw, 637px\" \/><\/p>","protected":false},"excerpt":{"rendered":"<p>Ultralight C \/ EV1 NFC-tagg erbjuder en kostnadseffektiv NFC-chipl\u00f6sning f\u00f6r eng\u00e5ngsbiljetter, m\u00e4rkning och andra RFID-applikationer som beh\u00f6ver s\u00e4kerhet.<\/p>","protected":false},"featured_media":2098,"template":"","meta":[],"product_brand":[],"product_cat":[47],"product_tag":[],"class_list":{"0":"post-2094","1":"product","2":"type-product","3":"status-publish","4":"has-post-thumbnail","6":"product_cat-nfc-tags","8":"first","9":"instock","10":"shipping-taxable","11":"product-type-simple"},"_links":{"self":[{"href":"https:\/\/nfc-readers.com\/sv\/wp-json\/wp\/v2\/product\/2094","targetHints":{"allow":["GET"]}}],"collection":[{"href":"https:\/\/nfc-readers.com\/sv\/wp-json\/wp\/v2\/product"}],"about":[{"href":"https:\/\/nfc-readers.com\/sv\/wp-json\/wp\/v2\/types\/product"}],"wp:featuredmedia":[{"embeddable":true,"href":"https:\/\/nfc-readers.com\/sv\/wp-json\/wp\/v2\/media\/2098"}],"wp:attachment":[{"href":"https:\/\/nfc-readers.com\/sv\/wp-json\/wp\/v2\/media?parent=2094"}],"wp:term":[{"taxonomy":"product_brand","embeddable":true,"href":"https:\/\/nfc-readers.com\/sv\/wp-json\/wp\/v2\/product_brand?post=2094"},{"taxonomy":"product_cat","embeddable":true,"href":"https:\/\/nfc-readers.com\/sv\/wp-json\/wp\/v2\/product_cat?post=2094"},{"taxonomy":"product_tag","embeddable":true,"href":"https:\/\/nfc-readers.com\/sv\/wp-json\/wp\/v2\/product_tag?post=2094"}],"curies":[{"name":"wp","href":"https:\/\/api.w.org\/{rel}","templated":true}]}}