{"id":2109,"date":"2024-04-22T02:26:55","date_gmt":"2024-04-22T02:26:55","guid":{"rendered":"https:\/\/nfc-readers.com\/?post_type=product&#038;p=2109"},"modified":"2024-09-29T01:56:55","modified_gmt":"2024-09-29T01:56:55","slug":"nfc-stickers-ntag213216","status":"publish","type":"product","link":"https:\/\/nfc-readers.com\/sv\/ic-reader\/nfc-stickers-ntag213216\/","title":{"rendered":"NFC-klisterm\u00e4rken NTAG213 215 216"},"content":{"rendered":"<h1>NFC-klisterm\u00e4rken NTAG213 215 216<\/h1>\n<table width=\"534\">\n<tbody>\n<tr style=\"font-style: inherit; font-weight: inherit;\">\n<td style=\"font-style: inherit;\" width=\"215\">\n<p data-spm-anchor-id=\"a2700.pc-decorate.0.i49.7c5c3333IeSDv6\">punkt<\/p>\n<\/td>\n<td width=\"319\">Specifikationer<\/td>\n<\/tr>\n<tr style=\"font-style: inherit; font-weight: inherit;\">\n<td style=\"font-style: inherit;\" width=\"215\">\n<p data-spm-anchor-id=\"a2700.pc-decorate.0.i22.bd1b3333wXnVY0\">Ursprungsort<\/p>\n<\/td>\n<td width=\"319\">Kina<\/td>\n<\/tr>\n<tr style=\"font-style: inherit; font-weight: inherit;\">\n<td style=\"font-style: inherit;\" width=\"215\">\n<p data-spm-anchor-id=\"0.0.0.i10.277b4f05XiiaMd\">Certifiering<\/p>\n<\/td>\n<td width=\"319\">\n<p data-spm-anchor-id=\"a2700.pc-decorate.0.i10.bd1b3333wXnVY0\">CE\/ROHS<\/p>\n<\/td>\n<\/tr>\n<tr style=\"font-style: inherit; font-weight: inherit;\">\n<td style=\"font-style: inherit;\" width=\"215\">Material<\/td>\n<td width=\"319\">\n<p data-spm-anchor-id=\"a2700.pc-decorate.0.i50.7c5c3333IeSDv6\">PET, bestruket papper, epoxi, termiskt papper, etc.<\/p>\n<\/td>\n<\/tr>\n<tr style=\"font-style: inherit; font-weight: inherit;\">\n<td style=\"font-style: inherit;\" width=\"215\">Chips<\/td>\n<td width=\"319\">\n<p data-spm-anchor-id=\"a2700.pc-decorate.0.i50.bd1b3333wXnVY0\">NTAG 213\/ NTAG 215\/Ntag 216\/Fudan F08 eller anpassa<\/p>\n<\/td>\n<\/tr>\n<tr style=\"font-style: inherit; font-weight: inherit;\">\n<td style=\"font-style: inherit;\" width=\"215\">Frekvens<\/td>\n<td width=\"319\">\n<p data-spm-anchor-id=\"0.0.0.i5.277b4f05QIK8KU\">13,56 MHz<\/p>\n<\/td>\n<\/tr>\n<tr style=\"font-style: inherit; font-weight: inherit;\">\n<td style=\"font-style: inherit;\" width=\"215\">\n<p data-spm-anchor-id=\"a2700.pc-decorate.0.i90.6e273333nK6FqH\">Protokoll<\/p>\n<\/td>\n<td width=\"319\">\n<p data-spm-anchor-id=\"a2700.pc-decorate.0.i51.bd1b3333wXnVY0\">ISO 14443A<\/p>\n<\/td>\n<\/tr>\n<tr style=\"font-style: inherit; font-weight: inherit;\">\n<td style=\"font-style: inherit;\" rowspan=\"3\" width=\"215\">Storlek<\/td>\n<td width=\"319\">\n<p data-spm-anchor-id=\"a2700.pc-decorate.0.i53.bd1b3333wXnVY0\">Rund 18,25, 30, 35,40mm<\/p>\n<\/td>\n<\/tr>\n<tr>\n<td width=\"319\">\n<p data-spm-anchor-id=\"a2700.pc-decorate.0.i53.bd1b3333wXnVY0\">Fyrkant 86*54,40*25,55*18,10*20,18*18,30*15<\/p>\n<\/td>\n<\/tr>\n<tr>\n<td width=\"319\">\n<p data-spm-anchor-id=\"a2700.pc-decorate.0.i53.bd1b3333wXnVY0\">eller anpassad storlek<\/p>\n<\/td>\n<\/tr>\n<tr style=\"font-style: inherit; font-weight: inherit;\">\n<td style=\"font-style: inherit;\" width=\"215\">\n<p data-spm-anchor-id=\"0.0.0.i1.277b4f05XiiaMd\">S\u00e4rdrag<\/p>\n<\/td>\n<td width=\"319\">\n<p data-spm-anchor-id=\"a2700.pc-decorate.0.i47.bd1b3333wXnVY0\">ok f\u00f6r att dela data med nfc-aktiverad telefon, snabbare och bekv\u00e4mare \u00e4n vanliga taggar<\/p>\n<\/td>\n<\/tr>\n<tr style=\"font-style: inherit; font-weight: inherit;\">\n<td style=\"font-style: inherit;\" width=\"215\">\n<p data-spm-anchor-id=\"0.0.0.i8.277b4f05XiiaMd\">Prov<\/p>\n<\/td>\n<td width=\"319\">\n<p data-spm-anchor-id=\"a2700.pc-decorate.0.i39.6e273333nK6FqH\">gratis tillg\u00e4nglig<\/p>\n<\/td>\n<\/tr>\n<tr style=\"font-style: inherit; font-weight: inherit;\">\n<td style=\"font-style: inherit;\" width=\"215\">\n<p data-spm-anchor-id=\"a2700.pc-decorate.0.i95.6e273333nK6FqH\">L\u00e4s avst\u00e5nd<\/p>\n<\/td>\n<td width=\"319\">\n<p data-spm-anchor-id=\"a2700.pc-decorate.0.i89.6e273333nK6FqH\">0-10 cm<\/p>\n<\/td>\n<\/tr>\n<tr style=\"font-style: inherit; font-weight: inherit;\">\n<td style=\"font-style: inherit;\" width=\"215\">\n<p data-spm-anchor-id=\"a2700.pc-decorate.0.i35.6e273333nK6FqH\">Produktnamn<\/p>\n<\/td>\n<td width=\"319\">\n<p data-spm-anchor-id=\"a2700.pc-decorate.0.i12.bd1b3333wXnVY0\">Anpassade NTAG 213 NFC-dekaler Runda 18 mm blank vit etikett NTAG 213-etiketter fungerar perfekt med NFC-aktiverad mobiltelefon<\/p>\n<\/td>\n<\/tr>\n<tr style=\"font-style: inherit; font-weight: inherit;\">\n<td style=\"font-style: inherit;\" rowspan=\"3\" width=\"215\">Personalisering<\/td>\n<td style=\"font-style: inherit;\" width=\"319\">-anpassad logotyp, f\u00e4rgtryckt f\u00f6r ytpapper<\/td>\n<\/tr>\n<tr>\n<td width=\"319\">- anpassat ytmaterial<\/td>\n<\/tr>\n<tr>\n<td width=\"319\">-anpassad datainformation skrivbar i chipet, som url (webbplats), serienummer, etc.<\/td>\n<\/tr>\n<tr style=\"font-style: inherit; font-weight: inherit;\">\n<td style=\"font-style: inherit;\" rowspan=\"3\" width=\"215\">Ans\u00f6kan<\/td>\n<td style=\"font-style: inherit;\" width=\"319\">NFC sociala medier, logistik, f\u00f6rvaltning, tillg\u00e5ngsf\u00f6rvaltning, supply chain management, fordonshantering, produktionskontroll,<\/td>\n<\/tr>\n<tr>\n<td width=\"319\">lagerhantering, produkthantering, produktverifiering, tillg\u00e5ngssp\u00e5rning, sp\u00e5rning av bagagehantering, lagerhantering,<\/td>\n<\/tr>\n<tr>\n<td width=\"319\">etc.<\/td>\n<\/tr>\n<\/tbody>\n<\/table>\n<p>&nbsp;<\/p>\n<p><img loading=\"lazy\" decoding=\"async\" class=\"alignnone wp-image-2110\" src=\"https:\/\/nfc-readers.com\/wp-content\/uploads\/2024\/04\/H13e28f218c5e4df380794f87c5769ff4e-300x252.jpg\" alt=\"\" width=\"573\" height=\"481\" srcset=\"https:\/\/nfc-readers.com\/wp-content\/uploads\/2024\/04\/H13e28f218c5e4df380794f87c5769ff4e-300x252.jpg 300w, https:\/\/nfc-readers.com\/wp-content\/uploads\/2024\/04\/H13e28f218c5e4df380794f87c5769ff4e-600x503.jpg 600w, https:\/\/nfc-readers.com\/wp-content\/uploads\/2024\/04\/H13e28f218c5e4df380794f87c5769ff4e.jpg 750w\" sizes=\"auto, (max-width: 573px) 100vw, 573px\" \/><\/p>\n<div class=\"J_module\">\n<div class=\"detail-decorate-json-renderer-container\">\n<div class=\"magic-1\">\n<div class=\"magic-2\">\n<div class=\"magic-3\">\n<div class=\"magic-4\">\n<div class=\"magic-5\" data-spm-anchor-id=\"a2700.details.0.i69.2c8dabc3vwGabt\"><b class=\"magic-6\"><span class=\"magic-7\">Anpassade NTAG 213 NFC-dekaler Runda 18 mm blank vit etikett NTAG 213-etiketter fungerar perfekt med NFC-aktiverad mobiltelefon<\/span><\/b><\/div>\n<div>\n<div><\/div>\n<\/div>\n<\/div>\n<\/div>\n<\/div>\n<\/div>\n<\/div>\n<\/div>\n<div class=\"J_module\">\n<div class=\"detail-decorate-json-renderer-container\">\n<div class=\"magic-1\">\n<div class=\"magic-2\">\n<div class=\"magic-3\">\n<div class=\"magic-4\"><b><span class=\"magic-8\">Vad \u00e4r en NFC-tagg och hur fungerar den <\/span><\/b><br \/>\nNFC, Near Field Communication, taggar \u00e4r sm\u00e5 integrerade kretsar designade f\u00f6r att lagra information som kan h\u00e4mtas av<br \/>\nNFC-aktiverade enheter som smartphones och surfplattor. De \u00e4r sm\u00e5 klisterm\u00e4rken, i rund eller fyrkantig form och \u00e4r ungef\u00e4r lika stora som ett stort mynt. Dessa sm\u00e5 klisterm\u00e4rken av tr\u00e5dl\u00f6s teknik till\u00e5ter ocks\u00e5 data\u00f6verf\u00f6ring mellan tv\u00e5 NFC-aktiverade enheter.<\/p>\n<div>\n<div>NFC-taggar kan ha olika minneskapacitet; du kan lagra ett telefonnummer eller en URL (webbadress) och f\u00f6r att l\u00e4gga till skydd kan NFC-taggar l\u00e5sas s\u00e5 att n\u00e4r data v\u00e4l har skrivits kan den inte \u00e4ndras. Men de kan kodas om flera g\u00e5nger tills de \u00e4r l\u00e5sta och n\u00e4r de v\u00e4l \u00e4r l\u00e5sta kan NFC-taggar inte l\u00e5sas upp.<\/div>\n<div><\/div>\n<div>F\u00f6r att anv\u00e4nda en NFC-taggar m\u00e5ste du antingen trycka p\u00e5 klisterm\u00e4rket med din NFC-aktiverade enhet eller s\u00e5 m\u00e5ste du f\u00f6ra enheten tillr\u00e4ckligt n\u00e4ra (kanske en tum fr\u00e5n varandra) f\u00f6r att f\u00e5 enheten att g\u00f6ra dina programmerade bud.<\/div>\n<\/div>\n<\/div>\n<\/div>\n<\/div>\n<\/div>\n<\/div>\n<\/div>\n<div class=\"J_module\">\n<div class=\"detail-decorate-json-renderer-container\">\n<div class=\"magic-1\">\n<div class=\"magic-2\">\n<div class=\"magic-3\">\n<div class=\"magic-4\"><span class=\"magic-9\"><span class=\"magic-10\"><b>13.56mhz rfid-tagg, nfc-tagg \u00e4r l\u00e4tt att g\u00f6ra programmerbar, som URL-kodad, s\u00e5 att den kan fungera med Andriod\/IOS smartphone med NFC.<br \/>\nN\u00e4r NFC-taggen st\u00e4ngs till NFC-position p\u00e5 smarttelefonen kommer en programmerad webbplatsl\u00e4nk ut direkt. Det anv\u00e4nds huvudsakligen f\u00f6r m\u00e5nga applikationer som visitkort, f\u00f6retagsreklam, smart affisch, evenemangsbiljetter, industriell anv\u00e4ndning, etc.<\/b><\/span><\/span><\/p>\n<div><b><span class=\"magic-9\">\u00a0<\/span><\/b><\/div>\n<div><span class=\"magic-10\"><b class=\"magic-9\">V\u00e5ra funktioner:<br \/>\n<\/b><span class=\"magic-11\" style=\"font-family: Arial;\">1. Anpassad<br \/>\n2. Snabb leveranshastighet<br \/>\n3.RFID-taggstruktur: RFID-chip + RFID-antenn + ytmaterial<br \/>\n4.Professionell rfid produkter leverant\u00f6r<\/span><\/span><\/div>\n<\/div>\n<\/div>\n<\/div>\n<\/div>\n<\/div>\n<\/div>\n<p>&nbsp;<\/p>\n<p>&nbsp;<\/p>","protected":false},"excerpt":{"rendered":"<p>Kompakta NFC-klisterm\u00e4rken med NTAG213 215 216-chips m\u00f6jligg\u00f6r smart reklam, produktautentisering och snabb sammankoppling, vilket g\u00f6r RFID-l\u00f6sningar tillg\u00e4ngliga och effektiva.<\/p>","protected":false},"featured_media":2111,"template":"","meta":[],"product_brand":[],"product_cat":[48],"product_tag":[],"class_list":{"0":"post-2109","1":"product","2":"type-product","3":"status-publish","4":"has-post-thumbnail","6":"product_cat-nfc-stickers","8":"first","9":"instock","10":"shipping-taxable","11":"product-type-simple"},"_links":{"self":[{"href":"https:\/\/nfc-readers.com\/sv\/wp-json\/wp\/v2\/product\/2109","targetHints":{"allow":["GET"]}}],"collection":[{"href":"https:\/\/nfc-readers.com\/sv\/wp-json\/wp\/v2\/product"}],"about":[{"href":"https:\/\/nfc-readers.com\/sv\/wp-json\/wp\/v2\/types\/product"}],"wp:featuredmedia":[{"embeddable":true,"href":"https:\/\/nfc-readers.com\/sv\/wp-json\/wp\/v2\/media\/2111"}],"wp:attachment":[{"href":"https:\/\/nfc-readers.com\/sv\/wp-json\/wp\/v2\/media?parent=2109"}],"wp:term":[{"taxonomy":"product_brand","embeddable":true,"href":"https:\/\/nfc-readers.com\/sv\/wp-json\/wp\/v2\/product_brand?post=2109"},{"taxonomy":"product_cat","embeddable":true,"href":"https:\/\/nfc-readers.com\/sv\/wp-json\/wp\/v2\/product_cat?post=2109"},{"taxonomy":"product_tag","embeddable":true,"href":"https:\/\/nfc-readers.com\/sv\/wp-json\/wp\/v2\/product_tag?post=2109"}],"curies":[{"name":"wp","href":"https:\/\/api.w.org\/{rel}","templated":true}]}}