{"id":2117,"date":"2024-04-22T02:40:43","date_gmt":"2024-04-22T02:40:43","guid":{"rendered":"https:\/\/nfc-readers.com\/?post_type=product&#038;p=2117"},"modified":"2024-09-24T06:42:23","modified_gmt":"2024-09-24T06:42:23","slug":"nfc-wet-inlay-ntag213216","status":"publish","type":"product","link":"https:\/\/nfc-readers.com\/sv\/ic-reader\/nfc-wet-inlay-ntag213216\/","title":{"rendered":"NFC torr\/v\u00e5t inl\u00e4gg NTAG213 215 216"},"content":{"rendered":"<h1>NFC torr\/v\u00e5t inl\u00e4gg NTAG213 215 216<\/h1>\n<table width=\"504\">\n<tbody>\n<tr style=\"font-style: inherit; font-weight: inherit;\">\n<td style=\"font-style: inherit;\" width=\"149\">\n<p data-spm-anchor-id=\"a2700.details.0.i60.4f6d26e9ifeROs\">Produkt<\/p>\n<\/td>\n<td style=\"font-style: inherit;\" width=\"355\">Fabriksf\u00f6rs\u00f6rjning 13,56 mhz rfid dekaletiketter NFC torr\/v\u00e5t inl\u00e4gg NTAG213 215 216<\/td>\n<\/tr>\n<tr style=\"font-style: inherit; font-weight: inherit;\">\n<td style=\"font-style: inherit;\" width=\"149\">Antennmaterial<\/td>\n<td style=\"font-style: inherit;\" width=\"355\">Aluminium Al (30\u03bcm) + PET (38\u03bcm) + Al-brygga (10\u03bcm)<\/td>\n<\/tr>\n<tr style=\"font-style: inherit; font-weight: inherit;\">\n<td style=\"font-style: inherit;\" width=\"149\">\n<p data-spm-anchor-id=\"a2700.details.0.i59.4f6d26e9ifeROs\">Antenn form<\/p>\n<\/td>\n<td style=\"font-style: inherit;\" width=\"355\">Rund eller fyrkantig<\/td>\n<\/tr>\n<tr style=\"font-style: inherit; font-weight: inherit;\">\n<td style=\"font-style: inherit;\" width=\"149\">Tjocklek<\/td>\n<td style=\"font-style: inherit;\" width=\"355\">0,07 mm (chipplacering: 0,23 mm)<\/td>\n<\/tr>\n<tr style=\"font-style: inherit; font-weight: inherit;\">\n<td style=\"font-style: inherit;\" width=\"149\">Frekvens<\/td>\n<td style=\"font-style: inherit;\" width=\"355\">13,56 MHz<\/td>\n<\/tr>\n<tr style=\"font-style: inherit; font-weight: inherit;\">\n<td style=\"font-style: inherit;\" width=\"149\">Torr inl\u00e4gg<\/td>\n<td style=\"font-style: inherit;\" width=\"355\">12*18mm, 14,5*14,5mm, 76*45mm, dia 20mm, 40mm, etc<\/td>\n<\/tr>\n<tr style=\"font-style: inherit; font-weight: inherit;\">\n<td style=\"font-style: inherit;\" width=\"149\">Arbetstemperatur<\/td>\n<td style=\"font-style: inherit;\" width=\"355\">-20\u2103 till +60\u2103<\/td>\n<\/tr>\n<tr style=\"font-style: inherit; font-weight: inherit;\">\n<td style=\"font-style: inherit;\" width=\"149\">F\u00f6rvaringstemperatur<\/td>\n<td style=\"font-style: inherit;\" width=\"355\">-25\u2103 till +65\u2103<\/td>\n<\/tr>\n<tr style=\"font-style: inherit; font-weight: inherit;\">\n<td style=\"font-style: inherit;\" width=\"149\">Arbetsliv<\/td>\n<td style=\"font-style: inherit;\" width=\"355\">100 000 g\u00e5nger \/ 10 \u00e5r<\/td>\n<\/tr>\n<tr style=\"font-style: inherit; font-weight: inherit;\">\n<td style=\"font-style: inherit;\" width=\"149\">Nominellt l\u00e4sintervall<\/td>\n<td style=\"font-style: inherit;\" width=\"355\">2~6cm beroende p\u00e5 antenngeometri och l\u00e4sarkonfiguration<\/td>\n<\/tr>\n<tr style=\"font-style: inherit; font-weight: inherit;\">\n<td style=\"font-style: inherit;\" width=\"149\">Ans\u00f6kan<\/td>\n<td width=\"355\">Identifiering, kort, logistik, bibliotek, tillg\u00e5ngshantering, betalning, \u00e5tkomst<\/td>\n<\/tr>\n<\/tbody>\n<\/table>\n<p>&nbsp;<\/p>\n<p><span style=\"font-size: medium;\"><b>Vilken dos anv\u00e4nds RFID-inl\u00e4gg till?<\/b><\/span><\/p>\n<p><span style=\"color: #0000ff;\">\u2606<\/span>\u00a0 F\u00f6rst m\u00e5ste vi ta reda p\u00e5 vad som \u00e4r torrt RFID-inl\u00e4gg. RFID torr inl\u00e4gg som best\u00e5r av 3 delar: aluminium, chipset och PET. RFID torr inl\u00e4gg \u00e4r en halvf\u00e4rdig RFID, den kan vara HF eller UHF, och kan l\u00e4sas av l\u00e4saren. Varje torrt RFID-inl\u00e4gg har sitt eget unika ID-nummer.<\/p>\n<p><span style=\"color: #0000ff;\">\u2606<\/span>\u00a0 RFID-torrinl\u00e4gget kan anv\u00e4ndas i kort, klisterm\u00e4rken, intelligent hemboende, etc.<br \/>\n<span style=\"color: #0000ff;\">\u2606\u00a0<\/span>\u00a0Faktiska applikationer som tilltr\u00e4deskontroll, tillg\u00e5ngshantering, n\u00e4rvarohantering, djuridentifikationssystem, parkeringssystem, logistikhantering, industriell automation, stormarknad, butikshantering, s\u00e4kerhetssystem, hantering av medicinska institutioner, etc.<\/p>\n<p><img loading=\"lazy\" decoding=\"async\" class=\"alignnone wp-image-2119\" src=\"https:\/\/nfc-readers.com\/wp-content\/uploads\/2024\/04\/HTB1wkZ8X6DuK1Rjy1zjq6zraFXae-300x164.jpg\" alt=\"\" width=\"561\" height=\"307\" srcset=\"https:\/\/nfc-readers.com\/wp-content\/uploads\/2024\/04\/HTB1wkZ8X6DuK1Rjy1zjq6zraFXae-300x164.jpg 300w, https:\/\/nfc-readers.com\/wp-content\/uploads\/2024\/04\/HTB1wkZ8X6DuK1Rjy1zjq6zraFXae-600x329.jpg 600w, https:\/\/nfc-readers.com\/wp-content\/uploads\/2024\/04\/HTB1wkZ8X6DuK1Rjy1zjq6zraFXae.jpg 730w\" sizes=\"auto, (max-width: 561px) 100vw, 561px\" \/><\/p>\n<p><img loading=\"lazy\" decoding=\"async\" class=\"alignnone wp-image-2120\" src=\"https:\/\/nfc-readers.com\/wp-content\/uploads\/2024\/04\/HTB1IBVIDTtYBeNjy1Xdq6xXyVXaq-300x300.jpg\" alt=\"\" width=\"561\" height=\"561\" srcset=\"https:\/\/nfc-readers.com\/wp-content\/uploads\/2024\/04\/HTB1IBVIDTtYBeNjy1Xdq6xXyVXaq-300x300.jpg 300w, https:\/\/nfc-readers.com\/wp-content\/uploads\/2024\/04\/HTB1IBVIDTtYBeNjy1Xdq6xXyVXaq-150x150.jpg 150w, https:\/\/nfc-readers.com\/wp-content\/uploads\/2024\/04\/HTB1IBVIDTtYBeNjy1Xdq6xXyVXaq-600x600.jpg 600w, https:\/\/nfc-readers.com\/wp-content\/uploads\/2024\/04\/HTB1IBVIDTtYBeNjy1Xdq6xXyVXaq-100x100.jpg 100w, https:\/\/nfc-readers.com\/wp-content\/uploads\/2024\/04\/HTB1IBVIDTtYBeNjy1Xdq6xXyVXaq.jpg 750w\" sizes=\"auto, (max-width: 561px) 100vw, 561px\" \/><\/p>","protected":false},"excerpt":{"rendered":"<p>NFC torra\/v\u00e5ta inl\u00e4gg NTAG213 har ett NFC-chip f\u00f6r m\u00e5ngsidiga applikationer, med torra inl\u00e4gg som endast har limstrukturer och v\u00e5ta inl\u00e4gg som ger extra skydd.<\/p>","protected":false},"featured_media":2122,"template":"","meta":[],"product_brand":[],"product_cat":[48],"product_tag":[],"class_list":{"0":"post-2117","1":"product","2":"type-product","3":"status-publish","4":"has-post-thumbnail","6":"product_cat-nfc-stickers","8":"first","9":"instock","10":"shipping-taxable","11":"product-type-simple"},"_links":{"self":[{"href":"https:\/\/nfc-readers.com\/sv\/wp-json\/wp\/v2\/product\/2117","targetHints":{"allow":["GET"]}}],"collection":[{"href":"https:\/\/nfc-readers.com\/sv\/wp-json\/wp\/v2\/product"}],"about":[{"href":"https:\/\/nfc-readers.com\/sv\/wp-json\/wp\/v2\/types\/product"}],"wp:featuredmedia":[{"embeddable":true,"href":"https:\/\/nfc-readers.com\/sv\/wp-json\/wp\/v2\/media\/2122"}],"wp:attachment":[{"href":"https:\/\/nfc-readers.com\/sv\/wp-json\/wp\/v2\/media?parent=2117"}],"wp:term":[{"taxonomy":"product_brand","embeddable":true,"href":"https:\/\/nfc-readers.com\/sv\/wp-json\/wp\/v2\/product_brand?post=2117"},{"taxonomy":"product_cat","embeddable":true,"href":"https:\/\/nfc-readers.com\/sv\/wp-json\/wp\/v2\/product_cat?post=2117"},{"taxonomy":"product_tag","embeddable":true,"href":"https:\/\/nfc-readers.com\/sv\/wp-json\/wp\/v2\/product_tag?post=2117"}],"curies":[{"name":"wp","href":"https:\/\/api.w.org\/{rel}","templated":true}]}}