{"id":2133,"date":"2024-04-22T03:16:50","date_gmt":"2024-04-22T03:16:50","guid":{"rendered":"https:\/\/nfc-readers.com\/?post_type=product&#038;p=2133"},"modified":"2024-09-24T06:04:13","modified_gmt":"2024-09-24T06:04:13","slug":"silicone-rfid-nfc-wristbands","status":"publish","type":"product","link":"https:\/\/nfc-readers.com\/sv\/ic-reader\/silicone-rfid-nfc-wristbands\/","title":{"rendered":"Silikon RFID NFC-armband"},"content":{"rendered":"<table width=\"476\">\n<tbody>\n<tr style=\"font-style: inherit; font-weight: inherit;\">\n<td style=\"font-style: inherit;\" width=\"187\"><span style=\"font-style: inherit; font-weight: inherit;\" data-spm-anchor-id=\"a2700.details.0.i62.23d334f5zYksZe\">Produkt<\/span><\/td>\n<td style=\"font-style: inherit;\" width=\"289\"><span style=\"font-style: inherit; font-weight: inherit;\">\u00a0RFID-silikonarmband\u00a0<\/span><\/td>\n<\/tr>\n<tr style=\"font-style: inherit; font-weight: inherit;\">\n<td style=\"font-style: inherit;\" width=\"187\"><span style=\"font-style: inherit; font-weight: inherit;\">\u00a0Material\u00a0<\/span><\/td>\n<td style=\"font-style: inherit;\" width=\"289\"><span style=\"font-style: inherit; font-weight: inherit;\">\u00a0Silikon<\/span><\/td>\n<\/tr>\n<tr style=\"font-style: inherit; font-weight: inherit;\">\n<td style=\"font-style: inherit;\" width=\"187\"><span style=\"font-style: inherit; font-weight: inherit;\">\u00a0Storlek<\/span><\/td>\n<td style=\"font-style: inherit;\" width=\"289\"><span style=\"font-style: inherit; font-weight: inherit;\">\u00a0Anpassad<\/span><\/td>\n<\/tr>\n<tr style=\"font-style: inherit; font-weight: inherit;\">\n<td style=\"font-style: inherit;\" width=\"187\"><span style=\"font-style: inherit; font-weight: inherit;\">\u00a0F\u00e4rg<\/span><\/td>\n<td style=\"font-style: inherit;\" width=\"289\"><span style=\"font-style: inherit; font-weight: inherit;\">\u00a0Bl\u00e5\/r\u00f6d\/svart\/vit\/gul\/gr\u00e5\/gr\u00f6n\/rosa, etc, eller anpassad<\/span><\/td>\n<\/tr>\n<tr style=\"font-style: inherit; font-weight: inherit;\">\n<td style=\"font-style: inherit;\" width=\"187\"><span style=\"font-style: inherit; font-weight: inherit;\">\u00a0Protokoll<\/span><\/td>\n<td width=\"289\"><span style=\"font-style: inherit; font-weight: inherit;\">\u00a0ISO14443A, ISO15693<\/span><\/td>\n<\/tr>\n<tr style=\"font-style: inherit; font-weight: inherit;\">\n<td style=\"font-style: inherit;\" width=\"187\"><span style=\"font-style: inherit; font-weight: inherit;\">\u00a0HF-chip (13,56 MHz)\u00a0<\/span><\/td>\n<td style=\"font-style: inherit;\" width=\"289\"><span style=\"font-style: inherit; font-weight: inherit;\">\u00a0FM11RF08, S50, S70, M1K, nfc tag213\/216 etc<\/span><\/td>\n<\/tr>\n<tr style=\"font-style: inherit; font-weight: inherit;\">\n<td style=\"font-style: inherit;\" rowspan=\"4\" width=\"187\"><span style=\"font-style: inherit; font-weight: inherit;\">\u00a0Hantverk<\/span><\/td>\n<td style=\"font-style: inherit;\" width=\"289\"><span style=\"font-style: inherit; font-weight: inherit;\">\u00a0Anpassa utskrift<\/span><\/td>\n<\/tr>\n<tr>\n<td width=\"289\"><span style=\"font-style: inherit; font-weight: inherit;\">\u00a0Kodningstj\u00e4nst tillg\u00e4nglig<\/span><\/td>\n<\/tr>\n<tr>\n<td width=\"289\">\u00a0Laser\/utskrift UID eller serienummer p\u00e5 kortet<\/td>\n<\/tr>\n<tr>\n<td width=\"289\">\u00a0UID och serienummer kan tillhandah\u00e5llas i excel-format<\/td>\n<\/tr>\n<tr style=\"font-style: inherit; font-weight: inherit;\">\n<td style=\"font-style: inherit;\" width=\"187\"><span style=\"font-style: inherit; font-weight: inherit;\">\u00a0Drag<\/span><\/td>\n<td style=\"font-style: inherit;\" width=\"289\"><span style=\"font-style: inherit; font-weight: inherit;\">\u00a0L\u00e4tt att b\u00e4ra och anv\u00e4nda, h\u00f6g prestanda, l\u00e5g kostnad, milj\u00f6v\u00e4nlig, giftfri<\/span><\/td>\n<\/tr>\n<tr style=\"font-style: inherit; font-weight: inherit;\">\n<td style=\"font-style: inherit;\" width=\"187\"><span style=\"font-style: inherit; font-weight: inherit;\">\u00a0Ans\u00f6kan\u00a0<\/span><\/td>\n<td style=\"font-style: inherit;\" width=\"289\"><span style=\"font-style: inherit; font-weight: inherit;\">\u00a0Anv\u00e4nds allm\u00e4nt i fester, sportevenemang, gym, restaurang, maraton etc, som passerkontroll och betalning<\/span><\/td>\n<\/tr>\n<\/tbody>\n<\/table>\n<div>Silikon RFID-armband<\/div>\n<div><\/div>\n<div>RFID-ARMBAND F\u00d6R RV PARKER &amp; CAMPINGPLATSER S\u00e4ker bekv\u00e4mlighet. Anv\u00e4nd RFID-armband p\u00e5 din husbilspark eller campingplats f\u00f6r att m\u00f6jligg\u00f6ra s\u00e4ker \u00e5tkomstkontroll till olika omr\u00e5den p\u00e5 din webbplats och f\u00f6r att skapa en kontantl\u00f6s fastighet d\u00e4r allt hanteras med en kran. Kontantl\u00f6sa k\u00f6p.<\/div>\n<div><\/div>\n<div>RFID-armband f\u00f6r familjeunderh\u00e5llningscenter. Anv\u00e4nd v\u00e5ra RFID-armband f\u00f6r s\u00e4kra debet-, NFC- och POS-transaktioner p\u00e5 familjeunderh\u00e5llningscenter, spelhallar, kasinon och spelcenter.<\/div>\n<div><\/div>\n<div>F\u00f6r alla applikationer. Anv\u00e4nd v\u00e5ra vattent\u00e4ta RFID-armband av silikon var som helst: gymmet, poolen, spaet, vattenparken eller hotellet. Betala f\u00f6r mat, tj\u00e4nster och bekv\u00e4mligheter med ett tryck p\u00e5 v\u00e5rt system eller p\u00e5 din POS-terminal. RFID-armband av silikon \u00e4r ocks\u00e5 l\u00e4mpade f\u00f6r RFID-passeringskontroll, l\u00e5sning och personal\u00f6vervakning i din byggnad, kontor, labb eller lager.<\/div>\n<div><\/div>\n<div><img loading=\"lazy\" decoding=\"async\" class=\"alignnone wp-image-2134\" src=\"https:\/\/nfc-readers.com\/wp-content\/uploads\/2024\/04\/H41cec2b20d6746e4bf71ea249b81ff01N-300x246.jpg\" alt=\"\" width=\"525\" height=\"431\" srcset=\"https:\/\/nfc-readers.com\/wp-content\/uploads\/2024\/04\/H41cec2b20d6746e4bf71ea249b81ff01N-300x246.jpg 300w, https:\/\/nfc-readers.com\/wp-content\/uploads\/2024\/04\/H41cec2b20d6746e4bf71ea249b81ff01N-1024x839.jpg 1024w, https:\/\/nfc-readers.com\/wp-content\/uploads\/2024\/04\/H41cec2b20d6746e4bf71ea249b81ff01N-768x629.jpg 768w, https:\/\/nfc-readers.com\/wp-content\/uploads\/2024\/04\/H41cec2b20d6746e4bf71ea249b81ff01N-1536x1258.jpg 1536w, https:\/\/nfc-readers.com\/wp-content\/uploads\/2024\/04\/H41cec2b20d6746e4bf71ea249b81ff01N-2048x1678.jpg 2048w, https:\/\/nfc-readers.com\/wp-content\/uploads\/2024\/04\/H41cec2b20d6746e4bf71ea249b81ff01N-600x491.jpg 600w\" sizes=\"auto, (max-width: 525px) 100vw, 525px\" \/><\/div>\n<div><img loading=\"lazy\" decoding=\"async\" class=\"alignnone wp-image-2135\" src=\"https:\/\/nfc-readers.com\/wp-content\/uploads\/2024\/04\/HTB1OdAhDr9YBuNjy0Fgq6AxcXXaH-300x300.jpg\" alt=\"\" width=\"527\" height=\"527\" srcset=\"https:\/\/nfc-readers.com\/wp-content\/uploads\/2024\/04\/HTB1OdAhDr9YBuNjy0Fgq6AxcXXaH-300x300.jpg 300w, https:\/\/nfc-readers.com\/wp-content\/uploads\/2024\/04\/HTB1OdAhDr9YBuNjy0Fgq6AxcXXaH-150x150.jpg 150w, https:\/\/nfc-readers.com\/wp-content\/uploads\/2024\/04\/HTB1OdAhDr9YBuNjy0Fgq6AxcXXaH-600x600.jpg 600w, https:\/\/nfc-readers.com\/wp-content\/uploads\/2024\/04\/HTB1OdAhDr9YBuNjy0Fgq6AxcXXaH-100x100.jpg 100w, https:\/\/nfc-readers.com\/wp-content\/uploads\/2024\/04\/HTB1OdAhDr9YBuNjy0Fgq6AxcXXaH.jpg 750w\" sizes=\"auto, (max-width: 527px) 100vw, 527px\" \/><\/div>\n<div><\/div>\n<div>\n<p>Vanliga fr\u00e5gor:<\/p>\n<p><strong>1. KAN DU ERBJUDA OSS F\u00c5 EXPER?<\/strong><\/p>\n<p>Efter att vi tydligt vet vilka produkter du beh\u00f6ver, kan vi erbjuda liknande befintliga prov f\u00f6r din referens.<\/p>\n<p>Prov gratis med fraktkostnad du betalat.<\/p>\n<p>Om du beh\u00f6ver anpassat taggprov baserat p\u00e5 din design och krav, debiteras en rimlig provkostnad i enlighet d\u00e4rmed.<\/p>\n<p>&nbsp;<\/p>\n<p><strong>2. VI \u00c4R INTE EN EXPERT K\u00d6PARE P\u00c5 DIN TEKNIK, VILKEN INFORMATION BEH\u00d6VER DU FR\u00c5N OSS F\u00d6R ATT CITERA?<\/strong><\/p>\n<p>K\u00e4ra v\u00e4n, v\u00e4nligen informera oss tydligt om taggens applikation, vilket m\u00e5l vill du uppn\u00e5,<\/p>\n<p>vi skulle f\u00f6resl\u00e5 dig den l\u00e4mpliga produkten till ett bra pris<\/p>\n<p>&nbsp;<\/p>\n<p><strong>3. KAN VI BES\u00d6KA DIN FABRIK?<\/strong><\/p>\n<p>Ja, v\u00e4lkomna din fabriksturn\u00e9 varmt. Och det \u00e4r en \u00e4ra att vara din guide p\u00e5 din Kinaresa.<\/p>\n<p>&nbsp;<\/p>\n<\/div>\n<p>&nbsp;<\/p>","protected":false},"excerpt":{"rendered":"<p>RFID-armband av silikon med NFC-chipteknik m\u00f6jligg\u00f6r kontaktl\u00f6s identifiering f\u00f6r biljettf\u00f6rs\u00e4ljning, \u00e5tkomstkontroll och eventhantering p\u00e5 ett effektivt s\u00e4tt.<\/p>","protected":false},"featured_media":2136,"template":"","meta":[],"product_brand":[],"product_cat":[50],"product_tag":[],"class_list":{"0":"post-2133","1":"product","2":"type-product","3":"status-publish","4":"has-post-thumbnail","6":"product_cat-silicone-rfid-nfc-wristbands","8":"first","9":"instock","10":"shipping-taxable","11":"product-type-simple"},"_links":{"self":[{"href":"https:\/\/nfc-readers.com\/sv\/wp-json\/wp\/v2\/product\/2133","targetHints":{"allow":["GET"]}}],"collection":[{"href":"https:\/\/nfc-readers.com\/sv\/wp-json\/wp\/v2\/product"}],"about":[{"href":"https:\/\/nfc-readers.com\/sv\/wp-json\/wp\/v2\/types\/product"}],"wp:featuredmedia":[{"embeddable":true,"href":"https:\/\/nfc-readers.com\/sv\/wp-json\/wp\/v2\/media\/2136"}],"wp:attachment":[{"href":"https:\/\/nfc-readers.com\/sv\/wp-json\/wp\/v2\/media?parent=2133"}],"wp:term":[{"taxonomy":"product_brand","embeddable":true,"href":"https:\/\/nfc-readers.com\/sv\/wp-json\/wp\/v2\/product_brand?post=2133"},{"taxonomy":"product_cat","embeddable":true,"href":"https:\/\/nfc-readers.com\/sv\/wp-json\/wp\/v2\/product_cat?post=2133"},{"taxonomy":"product_tag","embeddable":true,"href":"https:\/\/nfc-readers.com\/sv\/wp-json\/wp\/v2\/product_tag?post=2133"}],"curies":[{"name":"wp","href":"https:\/\/api.w.org\/{rel}","templated":true}]}}