{"id":2144,"date":"2024-04-22T03:53:51","date_gmt":"2024-04-22T03:53:51","guid":{"rendered":"https:\/\/nfc-readers.com\/?post_type=product&#038;p=2144"},"modified":"2024-09-24T06:02:28","modified_gmt":"2024-09-24T06:02:28","slug":"nfc-smart-ring","status":"publish","type":"product","link":"https:\/\/nfc-readers.com\/sv\/ic-reader\/nfc-smart-ring\/","title":{"rendered":"NFC Smart Ring"},"content":{"rendered":"<table width=\"443\">\n<tbody>\n<tr style=\"font-style: inherit; font-weight: inherit;\">\n<td style=\"font-style: inherit;\" width=\"152\">Produktnamn<\/td>\n<td style=\"font-style: inherit;\" width=\"291\">NFC-ring<\/td>\n<\/tr>\n<tr style=\"font-style: inherit; font-weight: inherit;\">\n<td style=\"font-style: inherit;\" width=\"152\">Material<\/td>\n<td style=\"font-style: inherit;\" width=\"291\">Zirconia keramik av huvudkroppen, epoxiharts av ytan<\/td>\n<\/tr>\n<tr style=\"font-style: inherit; font-weight: inherit;\">\n<td style=\"font-style: inherit;\" width=\"152\">Ringens inre diameter<\/td>\n<td style=\"font-style: inherit;\" width=\"291\">16 mm, 17 mm, 18 mm, 19 mm, 20 mm, 21 mm, 22 mm, 23 mm<\/td>\n<\/tr>\n<tr style=\"font-style: inherit; font-weight: inherit;\">\n<td style=\"font-style: inherit;\" width=\"152\">Chips<\/td>\n<td style=\"font-style: inherit;\" width=\"291\">NFC 215 213 216, IC(UID),ID(EM4305)<\/td>\n<\/tr>\n<tr style=\"font-style: inherit; font-weight: inherit;\">\n<td style=\"font-style: inherit;\" width=\"152\">Protokoll<\/td>\n<td style=\"font-style: inherit;\" width=\"291\">NFC Forum Typ 2 ISO14443A<\/td>\n<\/tr>\n<tr style=\"font-style: inherit; font-weight: inherit;\">\n<td style=\"font-style: inherit;\" width=\"152\">Frekvens<\/td>\n<td style=\"font-style: inherit;\" width=\"291\">13,56 MHz<\/td>\n<\/tr>\n<tr style=\"font-style: inherit; font-weight: inherit;\">\n<td style=\"font-style: inherit;\" width=\"152\">Avk\u00e4nnande riktning<\/td>\n<td style=\"font-style: inherit;\" width=\"291\">Rundstr\u00e5lande avk\u00e4nning<\/td>\n<\/tr>\n<tr style=\"font-style: inherit; font-weight: inherit;\">\n<td style=\"font-style: inherit;\" width=\"152\">K\u00e4nsla avst\u00e5nd<\/td>\n<td style=\"font-style: inherit;\" width=\"291\">0-10 cm (beror p\u00e5 l\u00e4sare)<\/td>\n<\/tr>\n<tr style=\"font-style: inherit; font-weight: inherit;\">\n<td style=\"font-style: inherit;\" width=\"152\">Paket<\/td>\n<td style=\"font-style: inherit;\" width=\"291\">NFC Ring + manual<\/td>\n<\/tr>\n<\/tbody>\n<\/table>\n<p>&nbsp;<\/p>\n<p>S\u00e4rdrag:<br \/>\nDen smarta ringen \u00e4r en b\u00e4rbar prylkomponent, k\u00f6r magiska funktioner p\u00e5 mobiltelefonen och anv\u00e4nder mobilfunktionen och dela data med NFC tr\u00e5dl\u00f6s frekvenskommunikationsteknik, funktionerna i den avancerade designen enligt f\u00f6ljande: APP-l\u00e5s, Automatisk k\u00f6rning, APP-d\u00f6lj, Dela visitkort, Dela internetl\u00e4nk, Dela texten och Dela onlinefil. Produktformen \u00e4r designad enligt de internationella popul\u00e4ra elementen, skapad av det rena medicinska titanet, inget behov av att ladda, h\u00f6gvattent\u00e4t och l\u00e4mplig f\u00f6r alla m\u00e4nniskor n\u00e4r som helst.<\/p>\n<p>&nbsp;<\/p>\n<p><iframe loading=\"lazy\" title=\"NFC-ring\" width=\"1020\" height=\"574\" src=\"https:\/\/www.youtube.com\/embed\/rflL5fkvj6c?feature=oembed\" frameborder=\"0\" allow=\"accelerometer; autoplay; clipboard-write; encrypted-media; gyroscope; picture-in-picture; web-share\" referrerpolicy=\"strict-origin-when-cross-origin\" allowfullscreen><\/iframe><\/p>\n<p>&nbsp;<\/p>\n<p><span class=\"magic-26\"><b data-spm-anchor-id=\"a2700.details.0.i59.2acc580aDAbgjP\">A) Hur kunde jag f\u00e5 ett prov? <\/b><\/span><\/p>\n<div><span class=\"magic-26\">Innan vi fick den f\u00f6rsta best\u00e4llningen, v\u00e4nligen ha r\u00e5d med provkostnaden och expressavgiften. Vi kommer att l\u00e4mna tillbaka<br \/>\nprovkostnad tillbaka till dig inom din f\u00f6rsta best\u00e4llning. <\/span><\/div>\n<div><\/div>\n<div><\/div>\n<div><\/div>\n<div><span class=\"magic-26\"><b>B) Om du skulle kunna g\u00f6ra v\u00e5rt varum\u00e4rke p\u00e5 dina produkter?<\/b><\/span><\/div>\n<div><span class=\"magic-26\">Ja. Vi kan skriva ut din logotyp p\u00e5 b\u00e5de produkterna och paketen om du kan m\u00f6ta v\u00e5r MOQ. <\/span><\/div>\n<div><span class=\"magic-26\">\u00a0<\/span><\/div>\n<div><span class=\"magic-26\"><b>C) Om du kan g\u00f6ra dina produkter med v\u00e5r f\u00e4rg? <\/b><\/span><\/div>\n<div><span class=\"magic-26\">Ja, f\u00e4rgen p\u00e5 produkterna kan anpassas om du kan m\u00f6ta v\u00e5r MOQ. <\/span><\/div>\n<div><span class=\"magic-26\">\u00a0<\/span><\/div>\n<div><span class=\"magic-26\"><b>D) Hur garanterar du kvaliteten p\u00e5 dina produkter? <\/b><\/span><\/div>\n<div><span class=\"magic-26\" data-spm-anchor-id=\"a2700.details.0.i60.2acc580aDAbgjP\">1) Strikt detektering under produktion. <\/span><\/div>\n<div><span class=\"magic-26\">2) Strikt provtagningsinspektion p\u00e5 produkter f\u00f6re leverans och intakt produktf\u00f6rpackning s\u00e4kerst\u00e4ller<\/span><\/div>","protected":false},"excerpt":{"rendered":"<p>NFC Smart Ring, med ett NFC-chip och RFID-teknik p\u00e5 13,56M, erbjuder ett elegant s\u00e4tt att tr\u00e5dl\u00f6st interagera med smartphones och \u00e5tkomstsystem.<\/p>","protected":false},"featured_media":2145,"template":"","meta":[],"product_brand":[],"product_cat":[52],"product_tag":[],"class_list":{"0":"post-2144","1":"product","2":"type-product","3":"status-publish","4":"has-post-thumbnail","6":"product_cat-nfc-smart-ring","8":"first","9":"instock","10":"shipping-taxable","11":"product-type-simple"},"_links":{"self":[{"href":"https:\/\/nfc-readers.com\/sv\/wp-json\/wp\/v2\/product\/2144","targetHints":{"allow":["GET"]}}],"collection":[{"href":"https:\/\/nfc-readers.com\/sv\/wp-json\/wp\/v2\/product"}],"about":[{"href":"https:\/\/nfc-readers.com\/sv\/wp-json\/wp\/v2\/types\/product"}],"wp:featuredmedia":[{"embeddable":true,"href":"https:\/\/nfc-readers.com\/sv\/wp-json\/wp\/v2\/media\/2145"}],"wp:attachment":[{"href":"https:\/\/nfc-readers.com\/sv\/wp-json\/wp\/v2\/media?parent=2144"}],"wp:term":[{"taxonomy":"product_brand","embeddable":true,"href":"https:\/\/nfc-readers.com\/sv\/wp-json\/wp\/v2\/product_brand?post=2144"},{"taxonomy":"product_cat","embeddable":true,"href":"https:\/\/nfc-readers.com\/sv\/wp-json\/wp\/v2\/product_cat?post=2144"},{"taxonomy":"product_tag","embeddable":true,"href":"https:\/\/nfc-readers.com\/sv\/wp-json\/wp\/v2\/product_tag?post=2144"}],"curies":[{"name":"wp","href":"https:\/\/api.w.org\/{rel}","templated":true}]}}