{"id":2249,"date":"2024-04-26T07:56:44","date_gmt":"2024-04-26T07:56:44","guid":{"rendered":"https:\/\/nfc-readers.com\/?post_type=product&#038;p=2249"},"modified":"2024-09-24T06:00:37","modified_gmt":"2024-09-24T06:00:37","slug":"contactless-acr1281u-c2-uid-card-reader","status":"publish","type":"product","link":"https:\/\/nfc-readers.com\/sv\/ic-reader\/contactless-acr1281u-c2-uid-card-reader\/","title":{"rendered":"ACR1281U-C2 UID-kortl\u00e4sare"},"content":{"rendered":"<h1>ACR1281U-C2 UID-kortl\u00e4sare<\/h1>\n<p>ACR1281U-C2 Card UID Reader \u00e4r en idealisk l\u00f6sning f\u00f6r enkel integrering i PC-milj\u00f6er, fri fr\u00e5n kr\u00e5ngel med drivrutinsinstallation (Pos No drive kr\u00e4vs), och designad f\u00f6r att fungera effektivt \u00f6ver flera system. Tillsammans med dess f\u00f6rm\u00e5ga att l\u00e4sa kortet l\u00e5ngt, anv\u00e4ndarcentrerad design och h\u00e5llbar konstruktion, ger den en p\u00e5litlig, snabb och anv\u00e4ndarv\u00e4nlig funktion, mycket l\u00e4mplig f\u00f6r olika applikationer d\u00e4r s\u00e4ker och snabb identifiering \u00e4r av st\u00f6rsta vikt.<\/p>\n<ul>\n<li>\n<h2>USB 2.0 Full Speed Interface<\/h2>\n<\/li>\n<li>\n<h2>USB HID-tangentbordsklass<\/h2>\n<\/li>\n<li>\n<h2>Support f\u00f6r kontaktl\u00f6st kort:<\/h2>\n<ul>\n<li>\n<h3>L\u00e4s\/skrivhastighet p\u00e5 upp till 848 kbps<\/h3>\n<\/li>\n<li>\n<h3>Inbyggd antenn f\u00f6r kontaktl\u00f6s tagg\u00e5tkomst, med kortl\u00e4savst\u00e5nd p\u00e5 upp till 50 mm (beroende p\u00e5 taggtyp)<\/h3>\n<\/li>\n<li>\n<h3>St\u00f6der ISO 14443 Part 4 Typ A- och B-kort och MIFARE\u00ae-serien<\/h3>\n<\/li>\n<li>\n<h3>Inbyggd antikollisionsfunktion (endast en tagg n\u00e5s \u00e5t g\u00e5ngen)<\/h3>\n<\/li>\n<\/ul>\n<\/li>\n<li>\n<h2>USB-firmware-uppgradering<\/h2>\n<\/li>\n<li>\n<table width=\"498\">\n<tbody>\n<tr>\n<td colspan=\"2\" width=\"498\">Fysiska egenskaper<\/td>\n<\/tr>\n<tr>\n<td width=\"209\">M\u00e5tt (mm)<\/td>\n<td width=\"289\">120,5 mm (L) x 72,0 mm (B) x 20,4 mm (H)<\/td>\n<\/tr>\n<tr>\n<td width=\"209\">Vikt (g)<\/td>\n<td width=\"289\">140 g<\/td>\n<\/tr>\n<tr>\n<td colspan=\"2\" width=\"498\">USB-gr\u00e4nssnitt<\/td>\n<\/tr>\n<tr>\n<td width=\"209\">Protokoll<\/td>\n<td width=\"289\">USB HID-tangentbordsklass<\/td>\n<\/tr>\n<tr>\n<td width=\"209\">Anslutningstyp<\/td>\n<td width=\"289\">Standard typ A<\/td>\n<\/tr>\n<tr>\n<td width=\"209\">Kraftk\u00e4lla<\/td>\n<td width=\"289\">Fr\u00e5n USB-porten<\/td>\n<\/tr>\n<tr>\n<td width=\"209\">Fart<\/td>\n<td width=\"289\">USB full hastighet (12 Mbps)<\/td>\n<\/tr>\n<tr>\n<td width=\"209\">Kabell\u00e4ngd<\/td>\n<td width=\"289\">2,0 m, Fast<\/td>\n<\/tr>\n<tr>\n<td colspan=\"2\" width=\"498\">Kontaktl\u00f6st gr\u00e4nssnitt f\u00f6r smartkort<\/td>\n<\/tr>\n<tr>\n<td width=\"209\">Standard<\/td>\n<td width=\"289\">ISO 14443 A &amp; B Parts 1-4, MIFARE\u00ae<\/td>\n<\/tr>\n<tr>\n<td rowspan=\"2\" width=\"209\">Protokoll<\/td>\n<td width=\"289\">ISO 14443-4-kompatibelt kort, T=CL<\/td>\n<\/tr>\n<tr>\n<td width=\"289\">MIFARE\u00ae Classic Card, T=CL<\/td>\n<\/tr>\n<tr>\n<td colspan=\"2\" width=\"498\">Inbyggd kringutrustning<\/td>\n<\/tr>\n<tr>\n<td width=\"209\">LED<\/td>\n<td width=\"289\">2 enf\u00e4rgade: r\u00f6d och gr\u00f6n<\/td>\n<\/tr>\n<tr>\n<td width=\"209\">Summer<\/td>\n<td width=\"289\">Monoton<\/td>\n<\/tr>\n<tr>\n<td colspan=\"2\" width=\"498\">Andra funktioner<\/td>\n<\/tr>\n<tr>\n<td width=\"209\">Firmware uppgradering<\/td>\n<td width=\"289\">St\u00f6ds<\/td>\n<\/tr>\n<tr>\n<td colspan=\"2\" width=\"498\">Certifieringar\/\u00f6verensst\u00e4mmelse<\/td>\n<\/tr>\n<tr>\n<td rowspan=\"6\" width=\"209\">Certifieringar\/\u00f6verensst\u00e4mmelse<\/td>\n<td width=\"289\">ISO 14443<\/td>\n<\/tr>\n<tr>\n<td width=\"289\">USB full hastighet<\/td>\n<\/tr>\n<tr>\n<td width=\"289\">USB-HID<\/td>\n<\/tr>\n<tr>\n<td width=\"289\">CE<\/td>\n<\/tr>\n<tr>\n<td width=\"289\">FCC<\/td>\n<\/tr>\n<tr>\n<td width=\"289\">RoHS<\/td>\n<\/tr>\n<tr>\n<td colspan=\"2\" width=\"498\">Support f\u00f6r enhetsdrivrutiner Operativsystem<\/td>\n<\/tr>\n<tr>\n<td rowspan=\"4\" width=\"209\">Support f\u00f6r enhetsdrivrutiner Operativsystem<\/td>\n<td width=\"289\">Windows\u00ae<\/td>\n<\/tr>\n<tr>\n<td width=\"289\">Linux\u00ae<\/td>\n<\/tr>\n<tr>\n<td width=\"289\">MAC OS\u00ae<\/td>\n<\/tr>\n<tr>\n<td width=\"289\">Android\u2122<\/td>\n<\/tr>\n<\/tbody>\n<\/table>\n<\/li>\n<li><iframe loading=\"lazy\" title=\"ACR1281U-C2 kort UID-l\u00e4sare - Demo (med konfigurationsverktyg)\" width=\"1020\" height=\"574\" src=\"https:\/\/www.youtube.com\/embed\/1UjSlask-OY?feature=oembed\" frameborder=\"0\" allow=\"accelerometer; autoplay; clipboard-write; encrypted-media; gyroscope; picture-in-picture; web-share\" referrerpolicy=\"strict-origin-when-cross-origin\" allowfullscreen><\/iframe><\/li>\n<\/ul>","protected":false},"excerpt":{"rendered":"<p>ACR1281U-C2 UID-kortl\u00e4sare f\u00f6renklar installationen och f\u00e5ngar RFID-korts UID p\u00e5 13,56 M utan drivrutiner, idealisk f\u00f6r identitetsverifiering och \u00e5tkomstkontroll.<\/p>","protected":false},"featured_media":2250,"template":"","meta":[],"product_brand":[],"product_cat":[45,40],"product_tag":[],"class_list":{"0":"post-2249","1":"product","2":"type-product","3":"status-publish","4":"has-post-thumbnail","6":"product_cat-contactless-nfc-reader","7":"product_cat-rfid-nfc-reader","9":"first","10":"instock","11":"shipping-taxable","12":"product-type-simple"},"_links":{"self":[{"href":"https:\/\/nfc-readers.com\/sv\/wp-json\/wp\/v2\/product\/2249","targetHints":{"allow":["GET"]}}],"collection":[{"href":"https:\/\/nfc-readers.com\/sv\/wp-json\/wp\/v2\/product"}],"about":[{"href":"https:\/\/nfc-readers.com\/sv\/wp-json\/wp\/v2\/types\/product"}],"wp:featuredmedia":[{"embeddable":true,"href":"https:\/\/nfc-readers.com\/sv\/wp-json\/wp\/v2\/media\/2250"}],"wp:attachment":[{"href":"https:\/\/nfc-readers.com\/sv\/wp-json\/wp\/v2\/media?parent=2249"}],"wp:term":[{"taxonomy":"product_brand","embeddable":true,"href":"https:\/\/nfc-readers.com\/sv\/wp-json\/wp\/v2\/product_brand?post=2249"},{"taxonomy":"product_cat","embeddable":true,"href":"https:\/\/nfc-readers.com\/sv\/wp-json\/wp\/v2\/product_cat?post=2249"},{"taxonomy":"product_tag","embeddable":true,"href":"https:\/\/nfc-readers.com\/sv\/wp-json\/wp\/v2\/product_tag?post=2249"}],"curies":[{"name":"wp","href":"https:\/\/api.w.org\/{rel}","templated":true}]}}