{"id":2259,"date":"2024-04-26T08:18:30","date_gmt":"2024-04-26T08:18:30","guid":{"rendered":"https:\/\/nfc-readers.com\/?post_type=product&#038;p=2259"},"modified":"2024-09-24T02:58:25","modified_gmt":"2024-09-24T02:58:25","slug":"apple-pay-mobile-walletmate-vas-nfc-reader","status":"publish","type":"product","link":"https:\/\/nfc-readers.com\/sv\/ic-reader\/apple-pay-mobile-walletmate-vas-nfc-reader\/","title":{"rendered":"Apple Pay Mobile WalletMate VAS NFC Reader"},"content":{"rendered":"<h1>Apple Pay Mobile WalletMate VAS NFC Reader<\/h1>\n<p>WalletMate Mobile Wallet NFC Reader st\u00e5r som ett banbrytande verktyg, som inneh\u00e5ller VAS-protokoll och nfc-l\u00e4sarfunktioner f\u00f6r \u00e5tkomstkontroll f\u00f6r att erbjuda en optimerad kortl\u00f6s upplevelse. Med till\u00e4gget av en posterminal med nfc-l\u00e4sare, \u00f6kad s\u00e4kerhet och bred applikationskompatibilitet inleder den en ny era av bekv\u00e4mlighet och effektivitet. Detta g\u00f6r det till en viktig tillg\u00e5ng f\u00f6r anv\u00e4ndare och f\u00f6retag som vill utnyttja kraften i NFC-tekniken f\u00f6r s\u00f6ml\u00f6sa, s\u00e4kra och snabba transaktioner.<\/p>\n<p><iframe loading=\"lazy\" title=\"ACS WalletMate Apple\/Google VAS Test Tool - Demo\" width=\"1020\" height=\"574\" src=\"https:\/\/www.youtube.com\/embed\/aOWbdgwvHDg?feature=oembed\" frameborder=\"0\" allow=\"accelerometer; autoplay; clipboard-write; encrypted-media; gyroscope; picture-in-picture; web-share\" referrerpolicy=\"strict-origin-when-cross-origin\" allowfullscreen><\/iframe><\/p>\n<ul>\n<li>\n<h2>USB 2.0 Full Speed Interface<\/h2>\n<\/li>\n<li>\n<h2>CCID-efterlevnad<\/h2>\n<\/li>\n<li>\n<h2>Mobil pl\u00e5nbok och kontaktl\u00f6s smartkortl\u00e4sare:<\/h2>\n<ul>\n<li>\n<h3>Apple VAS och Google Smart Tap Certified (WalletMate \u00e4r endast VAS, inte betalterminaler)<\/h3>\n<\/li>\n<\/ul>\n<\/li>\n<li>\n<h3>L\u00e4s\/skrivhastighet upp till 424 kbps<\/h3>\n<\/li>\n<li>\n<h3>Inbyggd antenn f\u00f6r kontaktl\u00f6s tagg\u00e5tkomst, med kortl\u00e4savst\u00e5nd p\u00e5 upp till 50 mm (beroende p\u00e5 taggtyp)<\/h3>\n<\/li>\n<li>\n<h3>St\u00f6der ISO 14443 typ A- och B-kort, MIFARE\u00ae, FeliCa och alla 4 typer av NFC (ISO\/IEC 18092)-taggar<\/h3>\n<\/li>\n<li>\n<h3>St\u00f6der MIFARE\u00ae 7-byte UID, MIFARE\u00ae Plus och MIFARE\u00ae DESfire<\/h3>\n<\/li>\n<li>\n<h3>Inbyggd anti-kollisionsfunktion (endast 1 tagg \u00e4r \u00e5tkomlig n\u00e4r som helst)<\/h3>\n<\/li>\n<li>\n<h2>NFC-st\u00f6d:<\/h2>\n<ul>\n<li>\n<h3>NFC-l\u00e4sare\/skrivarl\u00e4ge<\/h3>\n<\/li>\n<li>\n<h3>Peer-to-Peer-l\u00e4ge<\/h3>\n<\/li>\n<li>\n<h3>Kortemuleringsl\u00e4ge<\/h3>\n<\/li>\n<\/ul>\n<\/li>\n<li>\n<h2>Applikationsprogrammeringsgr\u00e4nssnitt:<\/h2>\n<ul>\n<li>\n<h3>Apple VAS och Google Smart Tap API f\u00f6r Windows och Linux-plattformar<\/h3>\n<\/li>\n<li>\n<h3>St\u00f6der PC\/SC<\/h3>\n<\/li>\n<li>\n<h3>St\u00f6der CT-API (genom omslag ovanp\u00e5 PC\/SC)<\/h3>\n<\/li>\n<\/ul>\n<\/li>\n<li>\n<h2>Kringutrustning:<\/h2>\n<ul>\n<li>\n<h3>Anv\u00e4ndarkontrollerbar tv\u00e5f\u00e4rgad LED<\/h3>\n<\/li>\n<li>\n<h3>Anv\u00e4ndarkontrollerbar summer<\/h3>\n<\/li>\n<\/ul>\n<\/li>\n<li>\n<h2>USB-firmware-uppgradering<\/h2>\n<\/li>\n<li>\n<table width=\"559\">\n<tbody>\n<tr>\n<td colspan=\"2\" width=\"559\">Fysiska egenskaper<\/td>\n<\/tr>\n<tr>\n<td width=\"214\">M\u00e5tt (mm)<\/td>\n<td width=\"345\">98,0 mm (L) x 65,0 mm (B) x 12,8 mm (H)<\/td>\n<\/tr>\n<tr>\n<td width=\"214\">Vikt (g)<\/td>\n<td width=\"345\">81g<\/td>\n<\/tr>\n<tr>\n<td colspan=\"2\" width=\"559\">USB-gr\u00e4nssnitt<\/td>\n<\/tr>\n<tr>\n<td width=\"214\">Protokoll<\/td>\n<td width=\"345\">USB CCID<\/td>\n<\/tr>\n<tr>\n<td width=\"214\">Anslutningstyp<\/td>\n<td width=\"345\">USB Typ-A (ACR1252U-MW)<\/td>\n<\/tr>\n<tr>\n<td width=\"214\">Kraftk\u00e4lla<\/td>\n<td width=\"345\">Fr\u00e5n USB-porten<\/td>\n<\/tr>\n<tr>\n<td width=\"214\">Fart<\/td>\n<td width=\"345\">USB full hastighet (12 Mbps)<\/td>\n<\/tr>\n<tr>\n<td width=\"214\">Kabell\u00e4ngd<\/td>\n<td width=\"345\">1,0 m, Ej avtagbar<\/td>\n<\/tr>\n<tr>\n<td colspan=\"2\" width=\"559\">Kontaktl\u00f6st gr\u00e4nssnitt f\u00f6r smartkort<\/td>\n<\/tr>\n<tr>\n<td width=\"214\">Standard<\/td>\n<td width=\"345\">ISO\/IEC 18092 NFC, ISO 14443 Typ A &amp; B, MIFARE\u00ae, FeliCa<\/td>\n<\/tr>\n<tr>\n<td rowspan=\"4\" width=\"214\">Protokoll<\/td>\n<td width=\"345\">ISO 14443-4-kompatibelt kort, T=CL<\/td>\n<\/tr>\n<tr>\n<td width=\"345\">MIFARE\u00ae Classic Card, T=CL<\/td>\n<\/tr>\n<tr>\n<td width=\"345\">ISO18092, NFC-taggar<\/td>\n<\/tr>\n<tr>\n<td width=\"345\">FeliCa<\/td>\n<\/tr>\n<tr>\n<td colspan=\"2\" width=\"559\">Inbyggd kringutrustning<\/td>\n<\/tr>\n<tr>\n<td width=\"214\">LED<\/td>\n<td width=\"345\">1 tv\u00e5f\u00e4rgad: r\u00f6d och gr\u00f6n<\/td>\n<\/tr>\n<tr>\n<td width=\"214\">Summer<\/td>\n<td width=\"345\">Monoton<\/td>\n<\/tr>\n<tr>\n<td colspan=\"2\" width=\"559\">Andra funktioner<\/td>\n<\/tr>\n<tr>\n<td width=\"214\">Firmware uppgradering<\/td>\n<td width=\"345\">St\u00f6ds<\/td>\n<\/tr>\n<tr>\n<td colspan=\"2\" width=\"559\">Certifieringar\/\u00f6verensst\u00e4mmelse<\/td>\n<\/tr>\n<tr>\n<td rowspan=\"4\" width=\"214\">Certifieringar\/\u00f6verensst\u00e4mmelse<\/td>\n<td width=\"345\">Certifieringar:<\/td>\n<\/tr>\n<tr>\n<td width=\"345\">Apple VAS, Google Smart Tap, NFC Forum Certification Mark, IEC\/EN 62368, CE, FCC, UKCA, J-LIS, VCCI, TELEC, KC, BIS, RoHS, REACH, WEEE<\/td>\n<\/tr>\n<tr>\n<td width=\"345\">Efterlevnad:<\/td>\n<\/tr>\n<tr>\n<td width=\"345\">USB CCID, PC\/SC<\/td>\n<\/tr>\n<tr>\n<td colspan=\"2\" width=\"559\">Support f\u00f6r enhetsdrivrutiner Operativsystem<\/td>\n<\/tr>\n<tr>\n<td width=\"214\">Support f\u00f6r enhetsdrivrutiner Operativsystem<\/td>\n<td width=\"345\">Windows\u00ae, Linux\u00ae, macOS (Under utveckling), Android\u2122 (Under utveckling)<\/td>\n<\/tr>\n<\/tbody>\n<\/table>\n<\/li>\n<\/ul>","protected":false},"excerpt":{"rendered":"<div>WalletMate, Innovative NFC Reader st\u00f6der kortl\u00f6st engagemang med digitala pass, med st\u00f6d av VAS Apple och Google VAS f\u00f6r iOS- och Android-enheter.<\/div>","protected":false},"featured_media":2260,"template":"","meta":[],"product_brand":[],"product_cat":[45,40],"product_tag":[],"class_list":{"0":"post-2259","1":"product","2":"type-product","3":"status-publish","4":"has-post-thumbnail","6":"product_cat-contactless-nfc-reader","7":"product_cat-rfid-nfc-reader","9":"first","10":"instock","11":"shipping-taxable","12":"product-type-simple"},"_links":{"self":[{"href":"https:\/\/nfc-readers.com\/sv\/wp-json\/wp\/v2\/product\/2259","targetHints":{"allow":["GET"]}}],"collection":[{"href":"https:\/\/nfc-readers.com\/sv\/wp-json\/wp\/v2\/product"}],"about":[{"href":"https:\/\/nfc-readers.com\/sv\/wp-json\/wp\/v2\/types\/product"}],"wp:featuredmedia":[{"embeddable":true,"href":"https:\/\/nfc-readers.com\/sv\/wp-json\/wp\/v2\/media\/2260"}],"wp:attachment":[{"href":"https:\/\/nfc-readers.com\/sv\/wp-json\/wp\/v2\/media?parent=2259"}],"wp:term":[{"taxonomy":"product_brand","embeddable":true,"href":"https:\/\/nfc-readers.com\/sv\/wp-json\/wp\/v2\/product_brand?post=2259"},{"taxonomy":"product_cat","embeddable":true,"href":"https:\/\/nfc-readers.com\/sv\/wp-json\/wp\/v2\/product_cat?post=2259"},{"taxonomy":"product_tag","embeddable":true,"href":"https:\/\/nfc-readers.com\/sv\/wp-json\/wp\/v2\/product_tag?post=2259"}],"curies":[{"name":"wp","href":"https:\/\/api.w.org\/{rel}","templated":true}]}}