{"id":2262,"date":"2024-04-26T08:49:56","date_gmt":"2024-04-26T08:49:56","guid":{"rendered":"https:\/\/nfc-readers.com\/?post_type=product&#038;p=2262"},"modified":"2024-09-24T03:06:20","modified_gmt":"2024-09-24T03:06:20","slug":"pocketkey-fido-certified-usb-security-key","status":"publish","type":"product","link":"https:\/\/nfc-readers.com\/sv\/ic-reader\/pocketkey-fido-certified-usb-security-key\/","title":{"rendered":"PocketKey FIDO\u00ae-certifierad USB-s\u00e4kerhetsnyckel"},"content":{"rendered":"<h1>PocketKey FIDO\u00ae-certifierad USB-s\u00e4kerhetsnyckel<\/h1>\n<p>PocketKey h\u00e4vdar sig som ett \u00f6vertygande verktyg inom den digitala s\u00e4kerhetssektorn, som fr\u00e4mjar en l\u00f6senordsl\u00f6s och s\u00e4ker inloggningsmetod som \u00e4r enkel att transportera och anv\u00e4nda \u00f6ver olika plattformar. Dess starka multifaktorautentisering, plattformsoberoende st\u00f6d och enkla distribution g\u00f6r PocketKey till ett toppval f\u00f6r anv\u00e4ndare och administrationer som str\u00e4var efter en f\u00f6rst\u00e4rkt och effektiv autentiseringsupplevelse.<\/p>\n<ul>\n<li>\n<h2>\u00a0Certifieringar\/\u00f6verensst\u00e4mmelse<\/h2>\n<ul>\n<li>\n<h3>System\/standarder:<\/h3>\n<ul>\n<li>\n<h3>FIDO U2F<\/h3>\n<\/li>\n<li>\n<h3>FIDO2 L1<\/h3>\n<\/li>\n<\/ul>\n<\/li>\n<li>\n<h2>Reglering\/milj\u00f6:<\/h2>\n<ul>\n<li>\n<h3>CE<\/h3>\n<\/li>\n<li>\n<h3>UKCA<\/h3>\n<\/li>\n<li>\n<h3>FCC<\/h3>\n<\/li>\n<li>\n<h3>RoHS<\/h3>\n<\/li>\n<li>\n<h3>N\u00c5<\/h3>\n<\/li>\n<\/ul>\n<\/li>\n<\/ul>\n<\/li>\n<li>\n<h2>St\u00f6der stora webbl\u00e4sare<\/h2>\n<ul>\n<li>\n<h3>ChromeTM, Safari\u00ae, Microsoft Edge\u00ae och Firefox\u00ae<\/h3>\n<\/li>\n<\/ul>\n<\/li>\n<li>\n<h2>St\u00f6der Key Manager<\/h2>\n<\/li>\n<li>\n<h2>Kryptografisk specifikation<\/h2>\n<ul>\n<li>\n<h3>ECC p256<\/h3>\n<\/li>\n<\/ul>\n<\/li>\n<li>\u00a0Kringutrustning\n<ul>\n<li>Mekanisk brytare f\u00f6r n\u00e4rvarovalidering<\/li>\n<li>\n<table width=\"470\">\n<tbody>\n<tr>\n<td colspan=\"2\" width=\"470\">Fysiska egenskaper<\/td>\n<\/tr>\n<tr>\n<td width=\"191\">M\u00e5tt (mm)<\/td>\n<td width=\"279\">29,0 mm (L) \u00d7 14,5 mm (B) \u00d7 10,5 mm (H)<\/td>\n<\/tr>\n<tr>\n<td width=\"191\">Vikt (g)<\/td>\n<td width=\"279\">4,48 g \u00b1 0,44 g<\/td>\n<\/tr>\n<tr>\n<td colspan=\"2\" width=\"470\">USB-gr\u00e4nssnitt<\/td>\n<\/tr>\n<tr>\n<td width=\"191\">Protokoll<\/td>\n<td width=\"279\">USB HID<\/td>\n<\/tr>\n<tr>\n<td width=\"191\">Anslutningstyp<\/td>\n<td width=\"279\">USB Standard Typ-A<\/td>\n<\/tr>\n<tr>\n<td width=\"191\">Kraftk\u00e4lla<\/td>\n<td width=\"279\">Fr\u00e5n USB-porten<\/td>\n<\/tr>\n<tr>\n<td width=\"191\">Fart<\/td>\n<td width=\"279\">USB 2.0 full hastighet (12 Mbps)<\/td>\n<\/tr>\n<tr>\n<td colspan=\"2\" width=\"470\">Kontakta Smart Card Interface<\/td>\n<\/tr>\n<tr>\n<td rowspan=\"6\" width=\"191\">Andra<\/td>\n<td width=\"279\">Tillf\u00f6rselstr\u00f6m<\/td>\n<\/tr>\n<tr>\n<td width=\"279\">Max. 100mA<\/td>\n<\/tr>\n<tr>\n<td width=\"279\">Kryptografisk specifikation<\/td>\n<\/tr>\n<tr>\n<td width=\"279\">ECC p256<\/td>\n<\/tr>\n<tr>\n<td width=\"279\">Nyckelhanterare<\/td>\n<\/tr>\n<tr>\n<td width=\"279\">St\u00f6d<\/td>\n<\/tr>\n<tr>\n<td colspan=\"2\" width=\"470\">Andra funktioner<\/td>\n<\/tr>\n<tr>\n<td rowspan=\"4\" width=\"191\">S\u00e4kerhet<\/td>\n<td width=\"279\">Autentiserare:<\/td>\n<\/tr>\n<tr>\n<td width=\"279\">FIDO U2F<\/td>\n<\/tr>\n<tr>\n<td width=\"279\">FIDO2<\/td>\n<\/tr>\n<tr>\n<td width=\"279\">FIDO2 CTAP2.1<\/td>\n<\/tr>\n<tr>\n<td colspan=\"2\" width=\"470\">Certifieringar\/\u00f6verensst\u00e4mmelse<\/td>\n<\/tr>\n<tr>\n<td rowspan=\"9\" width=\"191\">Certifieringar\/\u00f6verensst\u00e4mmelse<\/td>\n<td width=\"279\">System\/standarder:<\/td>\n<\/tr>\n<tr>\n<td width=\"279\">FIDO U2F<\/td>\n<\/tr>\n<tr>\n<td width=\"279\">FIDO2 L1<\/td>\n<\/tr>\n<tr>\n<td width=\"279\">Reglering\/milj\u00f6:<\/td>\n<\/tr>\n<tr>\n<td width=\"279\">CE<\/td>\n<\/tr>\n<tr>\n<td width=\"279\">UKCA<\/td>\n<\/tr>\n<tr>\n<td width=\"279\">FCC<\/td>\n<\/tr>\n<tr>\n<td width=\"279\">RoHS<\/td>\n<\/tr>\n<tr>\n<td width=\"279\">N\u00c5<\/td>\n<\/tr>\n<tr>\n<td colspan=\"2\" width=\"470\">Support f\u00f6r enhetsdrivrutiner Operativsystem<\/td>\n<\/tr>\n<tr>\n<td rowspan=\"9\" width=\"191\">Support f\u00f6r enhetsdrivrutiner Operativsystem<\/td>\n<td width=\"279\">Windows\u00ae<\/td>\n<\/tr>\n<tr>\n<td width=\"279\">Linux\u00ae<\/td>\n<\/tr>\n<tr>\n<td width=\"279\">macOS<\/td>\n<\/tr>\n<tr>\n<td width=\"279\">Android\u2122<\/td>\n<\/tr>\n<tr>\n<td width=\"279\">Webbl\u00e4sare:<\/td>\n<\/tr>\n<tr>\n<td width=\"279\">Chrome\u2122<\/td>\n<\/tr>\n<tr>\n<td width=\"279\">Safari\u00ae<\/td>\n<\/tr>\n<tr>\n<td width=\"279\">Firefox\u00ae<\/td>\n<\/tr>\n<tr>\n<td width=\"279\">Microsoft Edge\u00ae<\/td>\n<\/tr>\n<\/tbody>\n<\/table>\n<\/li>\n<li>1.\u00a0<a href=\"https:\/\/youtu.be\/fbDyXZaPvQM\" target=\"_blank\" rel=\"noopener\">Microsoft<sup>\u00ae<\/sup>\u00a0Syn<sup>TM<\/sup>\u00a0Logga in Demo<\/a><\/li>\n<li><iframe loading=\"lazy\" title=\"PocketKey: Microsoft\u00ae OutlookTM Logga in Demo med l\u00f6senordsl\u00f6s autentisering\" width=\"1020\" height=\"574\" src=\"https:\/\/www.youtube.com\/embed\/fbDyXZaPvQM?feature=oembed\" frameborder=\"0\" allow=\"accelerometer; autoplay; clipboard-write; encrypted-media; gyroscope; picture-in-picture; web-share\" referrerpolicy=\"strict-origin-when-cross-origin\" allowfullscreen><\/iframe><\/li>\n<li>2.\u00a0<a href=\"https:\/\/www.youtube.com\/watch?v=1MTW9mSfv8A\" target=\"_blank\" rel=\"noopener\">\u00a0Google<sup>\u00ae<\/sup>\u00a0Kontoinloggningsdemo<\/a><\/li>\n<li><iframe loading=\"lazy\" title=\"PocketKey: Demo f\u00f6r inloggning f\u00f6r Google\u00ae-konto\" width=\"1020\" height=\"574\" src=\"https:\/\/www.youtube.com\/embed\/1MTW9mSfv8A?feature=oembed\" frameborder=\"0\" allow=\"accelerometer; autoplay; clipboard-write; encrypted-media; gyroscope; picture-in-picture; web-share\" referrerpolicy=\"strict-origin-when-cross-origin\" allowfullscreen><\/iframe><\/li>\n<li>3. \u00a0<a href=\"https:\/\/youtu.be\/Pjeif9S-PMQ\" target=\"_blank\" rel=\"noopener\">Apple ID<sup>\u00ae<\/sup>\u00a0och iCloud<sup>\u00ae<\/sup>\u00a0Inloggningsdemo<\/a><\/li>\n<li><iframe loading=\"lazy\" title=\"PocketKey: Apple ID\u00ae och iCloud\u00ae Inloggningsdemo\" width=\"1020\" height=\"574\" src=\"https:\/\/www.youtube.com\/embed\/Pjeif9S-PMQ?feature=oembed\" frameborder=\"0\" allow=\"accelerometer; autoplay; clipboard-write; encrypted-media; gyroscope; picture-in-picture; web-share\" referrerpolicy=\"strict-origin-when-cross-origin\" allowfullscreen><\/iframe><\/li>\n<\/ul>\n<\/li>\n<\/ul>","protected":false},"excerpt":{"rendered":"<p>PocketKey f\u00f6rb\u00e4ttrar digital s\u00e4kerhet med multifaktorautentisering, ers\u00e4tter f\u00f6r\u00e5ldrade l\u00f6senordssystem och st\u00f6der FIDO U2F-protokoll f\u00f6r s\u00e4ker \u00e5tkomst.<\/p>","protected":false},"featured_media":2263,"template":"","meta":[],"product_brand":[],"product_cat":[39,46],"product_tag":[],"class_list":{"0":"post-2262","1":"product","2":"type-product","3":"status-publish","4":"has-post-thumbnail","6":"product_cat-usb-ic-smartcard-reader","7":"product_cat-nfc-cards","9":"first","10":"instock","11":"shipping-taxable","12":"product-type-simple"},"_links":{"self":[{"href":"https:\/\/nfc-readers.com\/sv\/wp-json\/wp\/v2\/product\/2262","targetHints":{"allow":["GET"]}}],"collection":[{"href":"https:\/\/nfc-readers.com\/sv\/wp-json\/wp\/v2\/product"}],"about":[{"href":"https:\/\/nfc-readers.com\/sv\/wp-json\/wp\/v2\/types\/product"}],"wp:featuredmedia":[{"embeddable":true,"href":"https:\/\/nfc-readers.com\/sv\/wp-json\/wp\/v2\/media\/2263"}],"wp:attachment":[{"href":"https:\/\/nfc-readers.com\/sv\/wp-json\/wp\/v2\/media?parent=2262"}],"wp:term":[{"taxonomy":"product_brand","embeddable":true,"href":"https:\/\/nfc-readers.com\/sv\/wp-json\/wp\/v2\/product_brand?post=2262"},{"taxonomy":"product_cat","embeddable":true,"href":"https:\/\/nfc-readers.com\/sv\/wp-json\/wp\/v2\/product_cat?post=2262"},{"taxonomy":"product_tag","embeddable":true,"href":"https:\/\/nfc-readers.com\/sv\/wp-json\/wp\/v2\/product_tag?post=2262"}],"curies":[{"name":"wp","href":"https:\/\/api.w.org\/{rel}","templated":true}]}}