{"id":2730,"date":"2024-06-07T08:01:07","date_gmt":"2024-06-07T08:01:07","guid":{"rendered":"https:\/\/nfc-readers.com\/?post_type=product&#038;p=2730"},"modified":"2024-09-24T02:54:03","modified_gmt":"2024-09-24T02:54:03","slug":"wallet-mate-nfc-reader-writer-support-apple-pay-and-google-vas","status":"publish","type":"product","link":"https:\/\/nfc-readers.com\/sv\/ic-reader\/wallet-mate-nfc-reader-writer-support-apple-pay-and-google-vas\/","title":{"rendered":"Wallet Mate NFC Reader Writer - St\u00f6d Apple Pay och Google VAS"},"content":{"rendered":"<h1>Wallet Mate NFC Reader Writer - St\u00f6d Apple Pay och Google VAS<\/h1>\n<div><\/div>\n<div class=\"auto-hide-last-sibling-br paragraph_1252f paragraph-element\"><strong>Wallet Mate NFC Reader Writer<\/strong> framst\u00e5r som en toppmodern gadget som integrerar VAS-protokoll och NFC-\u00e5tkomstkontrolll\u00e4sare f\u00f6r en f\u00f6rb\u00e4ttrad kortfri interaktion. Tillsammans med en POS-terminal med en NFC-l\u00e4sare, robusta s\u00e4kerhets\u00e5tg\u00e4rder och bred applikationskompatibilitet, banar den f\u00f6r en ny standard f\u00f6r komfort och effektivitet. Dess design och funktionalitet g\u00f6r den till en oumb\u00e4rlig utrustning f\u00f6r dem som vill utnyttja NFC-teknikens styrkor f\u00f6r s\u00e4kra, smidiga och snabba transaktioner.<\/div>\n<div><\/div>\n<h2 class=\"auto-hide-last-sibling-br paragraph_1252f paragraph-element\">USB 2.0 h\u00f6ghastighetsgr\u00e4nssnitt<\/h2>\n<h3 class=\"auto-hide-last-sibling-br paragraph_1252f paragraph-element\"><br class=\"container_e695a wrapper_ad07b undefined\" \/>\u00d6verensst\u00e4mmelse med CCID-standarder<br class=\"container_e695a wrapper_ad07b undefined\" \/>Mobil pl\u00e5nbok och kontaktl\u00f6s smartkortl\u00e4sare:<br class=\"container_e695a wrapper_ad07b undefined\" \/>Certifierad av Apple VAS och Google Smart Tap (Obs! WalletMate \u00e4r endast certifierad f\u00f6r VAS, inte f\u00f6r betalterminaler) Data\u00f6verf\u00f6ringshastigheter n\u00e5r 424 kbps<br class=\"container_e695a wrapper_ad07b undefined\" \/>Inbyggd antenn f\u00f6r kontaktl\u00f6s taggtillg\u00e4nglighet, erbjuder kortl\u00e4savst\u00e5nd upp till 50 mm (beroende p\u00e5 taggtyp)<br class=\"container_e695a wrapper_ad07b undefined\" \/>Kompatibilitet med ISO 14443 typ A- och B-kort, MIFARE\u00ae, FeliCa och alla fyra typer av NFC (ISO\/IEC 18092)-taggar<br class=\"container_e695a wrapper_ad07b undefined\" \/>St\u00f6d f\u00f6r MIFARE\u00ae 7-byte UID, MIFARE\u00ae Plus och MIFARE\u00ae DESfire<br class=\"container_e695a wrapper_ad07b undefined\" \/>Integrerad anti-kollisionsfunktion (endast en enda tagg kan n\u00e5s vid varje givet tillf\u00e4lle)<\/h3>\n<h2 class=\"auto-hide-last-sibling-br paragraph_1252f paragraph-element\"><br class=\"container_e695a wrapper_ad07b undefined\" \/>NFC-st\u00f6d:<\/h2>\n<h3 class=\"auto-hide-last-sibling-br paragraph_1252f paragraph-element\"><br class=\"container_e695a wrapper_ad07b undefined\" \/>Funktionalitet i Reader\/Writer Mode<br class=\"container_e695a wrapper_ad07b undefined\" \/>Peer-to-Peer-l\u00e4ge<br class=\"container_e695a wrapper_ad07b undefined\" \/>Kortemuleringsl\u00e4ge<\/h3>\n<h2 class=\"auto-hide-last-sibling-br paragraph_1252f paragraph-element\"><br class=\"container_e695a wrapper_ad07b undefined\" \/>Applikationsprogrammeringsgr\u00e4nssnitt:<\/h2>\n<h3 class=\"auto-hide-last-sibling-br paragraph_1252f paragraph-element\"><br class=\"container_e695a wrapper_ad07b undefined\" \/>Apple VAS och Google Smart Tap API-kompatibilitet med Windows och Linux-plattformar<br class=\"container_e695a wrapper_ad07b undefined\" \/>St\u00f6d f\u00f6r PC\/SC<br class=\"container_e695a wrapper_ad07b undefined\" \/>St\u00f6d f\u00f6r CT-API (underl\u00e4ttas av ett PC\/SC-baserat omslag)<\/h3>\n<h2 class=\"auto-hide-last-sibling-br paragraph_1252f paragraph-element\">Ytterligare funktioner:<\/h2>\n<h3 class=\"auto-hide-last-sibling-br paragraph_1252f paragraph-element\"><br class=\"container_e695a wrapper_ad07b undefined\" \/>Anv\u00e4ndarkontrollerbar tv\u00e5f\u00e4rgad LED<br class=\"container_e695a wrapper_ad07b undefined\" \/>Anv\u00e4ndarkontrollerbart ljudvarningssystem<br class=\"container_e695a wrapper_ad07b undefined\" \/>M\u00f6jlighet f\u00f6r uppdateringar av USB-firmware<\/h3>\n<p>&nbsp;<\/p>\n<ul>\n<li>\n<table width=\"559\">\n<tbody>\n<tr>\n<td colspan=\"2\" width=\"559\">Fysiska egenskaper<\/td>\n<\/tr>\n<tr>\n<td width=\"214\">M\u00e5tt (mm)<\/td>\n<td width=\"345\">98,0 mm (L) x 65,0 mm (B) x 12,8 mm (H)<\/td>\n<\/tr>\n<tr>\n<td width=\"214\">Vikt (g)<\/td>\n<td width=\"345\">81g<\/td>\n<\/tr>\n<tr>\n<td colspan=\"2\" width=\"559\">USB-gr\u00e4nssnitt<\/td>\n<\/tr>\n<tr>\n<td width=\"214\">Protokoll<\/td>\n<td width=\"345\">USB CCID<\/td>\n<\/tr>\n<tr>\n<td width=\"214\">Anslutningstyp<\/td>\n<td width=\"345\">USB Typ-A (ACR1252U-MW)<\/td>\n<\/tr>\n<tr>\n<td width=\"214\">Kraftk\u00e4lla<\/td>\n<td width=\"345\">Fr\u00e5n USB-porten<\/td>\n<\/tr>\n<tr>\n<td width=\"214\">Fart<\/td>\n<td width=\"345\">USB full hastighet (12 Mbps)<\/td>\n<\/tr>\n<tr>\n<td width=\"214\">Kabell\u00e4ngd<\/td>\n<td width=\"345\">1,0 m, Ej avtagbar<\/td>\n<\/tr>\n<tr>\n<td colspan=\"2\" width=\"559\">Kontaktl\u00f6st gr\u00e4nssnitt f\u00f6r smartkort<\/td>\n<\/tr>\n<tr>\n<td width=\"214\">Standard<\/td>\n<td width=\"345\">ISO\/IEC 18092 NFC, ISO 14443 Typ A &amp; B, MIFARE\u00ae, FeliCa<\/td>\n<\/tr>\n<tr>\n<td rowspan=\"4\" width=\"214\">Protokoll<\/td>\n<td width=\"345\">ISO 14443-4-kompatibelt kort, T=CL<\/td>\n<\/tr>\n<tr>\n<td width=\"345\">MIFARE\u00ae Classic Card, T=CL<\/td>\n<\/tr>\n<tr>\n<td width=\"345\">ISO18092, NFC-taggar<\/td>\n<\/tr>\n<tr>\n<td width=\"345\">FeliCa<\/td>\n<\/tr>\n<tr>\n<td colspan=\"2\" width=\"559\">Inbyggd kringutrustning<\/td>\n<\/tr>\n<tr>\n<td width=\"214\">LED<\/td>\n<td width=\"345\">1 tv\u00e5f\u00e4rgad: r\u00f6d och gr\u00f6n<\/td>\n<\/tr>\n<tr>\n<td width=\"214\">Summer<\/td>\n<td width=\"345\">Monoton<\/td>\n<\/tr>\n<tr>\n<td colspan=\"2\" width=\"559\">Andra funktioner<\/td>\n<\/tr>\n<tr>\n<td width=\"214\">Firmware uppgradering<\/td>\n<td width=\"345\">St\u00f6ds<\/td>\n<\/tr>\n<tr>\n<td colspan=\"2\" width=\"559\">Certifieringar\/\u00f6verensst\u00e4mmelse<\/td>\n<\/tr>\n<tr>\n<td rowspan=\"4\" width=\"214\">Certifieringar\/\u00f6verensst\u00e4mmelse<\/td>\n<td width=\"345\">Certifieringar:<\/td>\n<\/tr>\n<tr>\n<td width=\"345\">Apple VAS, Google Smart Tap, NFC Forum Certification Mark, IEC\/EN 62368, CE, FCC, UKCA, J-LIS, VCCI, TELEC, KC, BIS, RoHS, REACH, WEEE<\/td>\n<\/tr>\n<tr>\n<td width=\"345\">Efterlevnad:<\/td>\n<\/tr>\n<tr>\n<td width=\"345\">USB CCID, PC\/SC<\/td>\n<\/tr>\n<tr>\n<td colspan=\"2\" width=\"559\">Support f\u00f6r enhetsdrivrutiner Operativsystem<\/td>\n<\/tr>\n<tr>\n<td width=\"214\">Support f\u00f6r enhetsdrivrutiner Operativsystem<\/td>\n<td width=\"345\">Windows\u00ae, Linux\u00ae, macOS (Under utveckling), Android\u2122 (Under utveckling)<\/td>\n<\/tr>\n<\/tbody>\n<\/table>\n<\/li>\n<\/ul>","protected":false},"excerpt":{"rendered":"<div>Mobile Wallet, Innovative NFC Reader st\u00f6der kortl\u00f6st engagemang med digitala pass, med st\u00f6d av VAS Apple och Google VAS f\u00f6r iOS- och Android-enheter.<\/div>\n<div><\/div>","protected":false},"featured_media":2731,"template":"","meta":[],"product_brand":[],"product_cat":[45,40],"product_tag":[],"class_list":{"0":"post-2730","1":"product","2":"type-product","3":"status-publish","4":"has-post-thumbnail","6":"product_cat-contactless-nfc-reader","7":"product_cat-rfid-nfc-reader","9":"first","10":"instock","11":"shipping-taxable","12":"product-type-simple"},"_links":{"self":[{"href":"https:\/\/nfc-readers.com\/sv\/wp-json\/wp\/v2\/product\/2730","targetHints":{"allow":["GET"]}}],"collection":[{"href":"https:\/\/nfc-readers.com\/sv\/wp-json\/wp\/v2\/product"}],"about":[{"href":"https:\/\/nfc-readers.com\/sv\/wp-json\/wp\/v2\/types\/product"}],"wp:featuredmedia":[{"embeddable":true,"href":"https:\/\/nfc-readers.com\/sv\/wp-json\/wp\/v2\/media\/2731"}],"wp:attachment":[{"href":"https:\/\/nfc-readers.com\/sv\/wp-json\/wp\/v2\/media?parent=2730"}],"wp:term":[{"taxonomy":"product_brand","embeddable":true,"href":"https:\/\/nfc-readers.com\/sv\/wp-json\/wp\/v2\/product_brand?post=2730"},{"taxonomy":"product_cat","embeddable":true,"href":"https:\/\/nfc-readers.com\/sv\/wp-json\/wp\/v2\/product_cat?post=2730"},{"taxonomy":"product_tag","embeddable":true,"href":"https:\/\/nfc-readers.com\/sv\/wp-json\/wp\/v2\/product_tag?post=2730"}],"curies":[{"name":"wp","href":"https:\/\/api.w.org\/{rel}","templated":true}]}}