{"id":2732,"date":"2024-10-07T08:34:31","date_gmt":"2024-10-07T08:34:31","guid":{"rendered":"https:\/\/nfc-readers.com\/?post_type=product&#038;p=2732"},"modified":"2024-10-28T14:32:27","modified_gmt":"2024-10-28T14:32:27","slug":"nfc-reader-writer-support-apple-pay-and-google-vas","status":"publish","type":"product","link":"https:\/\/nfc-readers.com\/sv\/ic-reader\/nfc-reader-writer-support-apple-pay-and-google-vas\/","title":{"rendered":"NFC Reader Writer Support Apple Pay och Google VAS"},"content":{"rendered":"<div class=\"auto-hide-last-sibling-br paragraph_1252f paragraph-element\">\n<h1>NFC Reader Writer Support Apple Pay och Google VAS<\/h1>\n<p>Ange\u00a0<strong>NFC-l\u00e4sare<\/strong>, en sofistikerad teknik designad f\u00f6r att f\u00f6rb\u00e4ttra kontaktl\u00f6sa transaktioner och effektivisera \u00e5tkomstkontroll med o\u00f6vertr\u00e4ffad effektivitet. Oavsett om du vill g\u00f6ra dina transaktioner snabbare, \u00f6ka s\u00e4kerheten eller helt enkelt uppgradera din teknik, \u00e4r en NFC-l\u00e4sare ett viktigt verktyg i din arsenal. Med f\u00f6rm\u00e5ga att l\u00e4sa och skriva\u00a0<strong>NFC-taggar<\/strong>\u00a0och kort, inklusive popul\u00e4ra format som\u00a0<strong>MIFARE<\/strong>, denna enhet ligger i framkant av innovativa betalningsl\u00f6sningar.<\/p>\n<h2>F\u00f6rdelar med att v\u00e4lja NFC-l\u00e4sare<\/h2>\n<p>Att investera i en NFC-l\u00e4sare \u00e4r inte bara ett k\u00f6p; det \u00e4r en uppgradering av dina betalningsm\u00f6jligheter som erbjuder m\u00e5nga f\u00f6rdelar. F\u00f6rst och fr\u00e4mst \u00f6kar det s\u00e4kerheten genom att aktivera\u00a0<strong>kontaktl\u00f6st<\/strong>\u00a0betalningar, vilket minskar risken i samband med kontanttransaktioner. Den \u00e4r ocks\u00e5 designad f\u00f6r enkel anv\u00e4ndning och har en enkel installationsprocess som kan anslutas via USB till ett brett utbud av enheter, vilket m\u00f6jligg\u00f6r integration med dina befintliga system. Den kompakta och b\u00e4rbara designen s\u00e4kerst\u00e4ller att du kan ta med din NFC-kapacitet vart du \u00e4n g\u00e5r, vilket g\u00f6r den idealisk f\u00f6r b\u00e5de handlare och privatpersoner.<\/p>\n<h3>1.\u00a0<strong>Omfattande NFC-st\u00f6d<\/strong><\/h3>\n<p>De\u00a0<strong>NFC-l\u00e4sare<\/strong>\u00a0st\u00f6der flera NFC-funktioner, inklusive l\u00e4sar-\/skrivarl\u00e4ge, peer-to-peer-l\u00e4ge och kortemuleringsl\u00e4ge. Denna m\u00e5ngsidighet s\u00e4kerst\u00e4ller kompatibilitet med olika transaktioner, fr\u00e5n l\u00e4sning\u00a0<strong>NFC-kort<\/strong>\u00a0att underl\u00e4tta mobila betalningar via\u00a0<strong>Google Pay<\/strong>\u00a0och\u00a0<strong>Apple Pay<\/strong>.<\/p>\n<h4>L\u00e4ge f\u00f6r l\u00e4sare\/skrivare<\/h4>\n<p>Med Reader\/Writer Mode kan anv\u00e4ndare utan anstr\u00e4ngning\u00a0<strong>l\u00e4sa och skriva<\/strong>\u00a0data till NFC-taggar, vilket g\u00f6r enheten perfekt f\u00f6r applikationer inom lagerhantering och marknadsf\u00f6ringskampanjer.<\/p>\n<h4>Peer-to-Peer-l\u00e4ge<\/h4>\n<p>Peer-to-Peer-l\u00e4ge underl\u00e4ttar datadelning mellan tv\u00e5 NFC-aktiverade enheter, vilket m\u00f6jligg\u00f6r s\u00f6ml\u00f6sa transaktioner eller \u00f6verf\u00f6ringar av information, vilket f\u00f6rb\u00e4ttrar bekv\u00e4mligheten f\u00f6r anv\u00e4ndarna.<\/p>\n<h3>2.\u00a0<strong>H\u00f6ga kompatibilitetsstandarder<\/strong><\/h3>\n<p>Denna NFC-l\u00e4sare \u00e4r kompatibel med ett brett utbud av smarta kort, inklusive ISO 14443 typ A- och B-kort, vilket g\u00f6r den till en universell l\u00f6sning f\u00f6r f\u00f6retag som kr\u00e4ver en\u00a0<strong>kortl\u00e4sare<\/strong>\u00a0f\u00f6r flera korttyper.<\/p>\n<h4>St\u00f6der olika NFC-taggar<\/h4>\n<p>F\u00f6rutom ISO-standarder rymmer enheten \u00e4ven format som MIFARE\u00ae och FeliCa, vilket s\u00e4kerst\u00e4ller ett omfattande st\u00f6d f\u00f6r praktiskt taget alla anv\u00e4ndare.<\/p>\n<h4>USB-anslutning<\/h4>\n<p>Med ett USB 2.0-h\u00f6ghastighetsgr\u00e4nssnitt kan du enkelt ansluta NFC-l\u00e4saren till smartphones eller surfplattor f\u00f6r snabba data\u00f6verf\u00f6ringar \u2013 allt \u00e4r klart att anv\u00e4nda\u00a0<strong>via USB<\/strong>.<\/p>\n<h3>3.\u00a0<strong>Robusta s\u00e4kerhetsfunktioner<\/strong><\/h3>\n<p>S\u00e4kerhet \u00e4r av st\u00f6rsta vikt f\u00f6r alla transaktionsenheter, och NFC Reader utm\u00e4rker sig med sin integrerade anti-kollisionsfunktion, som s\u00e4kerst\u00e4ller att endast en tagg l\u00e4ses \u00e5t g\u00e5ngen, vilket avsev\u00e4rt minskar risken f\u00f6r datakorruption eller bedr\u00e4geri.<\/p>\n<h4>Avancerad kryptering<\/h4>\n<p>NFC Reader st\u00f6der olika krypteringstekniker f\u00f6r s\u00e4ker data\u00f6verf\u00f6ring, vilket s\u00e4kerst\u00e4ller att k\u00e4nslig information f\u00f6rblir skyddad under hela transaktionsprocessen.<\/p>\n<h4>Anv\u00e4ndarvarningar<\/h4>\n<p>Utrustad med ett anv\u00e4ndarkontrollerbart ljudvarningssystem kan anv\u00e4ndare f\u00e5 omedelbar feedback under driften, vilket f\u00f6rb\u00e4ttrar anv\u00e4ndbarheten och s\u00e4kerst\u00e4ller att anv\u00e4ndarna \u00e4r medvetna om framg\u00e5ngsrika l\u00e4sningar.<\/p>\n<h3>4.\u00a0<strong>Milj\u00f6p\u00e5verkan<\/strong><\/h3>\n<p>N\u00e4r f\u00f6retag blir allt mer medvetna om sitt milj\u00f6avtryck \u00e4r NFC Reader designad med h\u00e5llbarhet i \u00e5tanke. Enheten drar minimalt med str\u00f6m och kan anslutas till befintliga system utan omfattande h\u00e5rdvaruuppgraderingar, vilket minskar sl\u00f6seriet.<\/p>\n<h4>Effektiv energianv\u00e4ndning<\/h4>\n<p>NFC-l\u00e4saren fungerar p\u00e5 13,56 MHz och \u00e4r energieffektiv, vilket m\u00f6jligg\u00f6r omfattande anv\u00e4ndning utan h\u00f6ga elkostnader. F\u00f6retag kan anv\u00e4nda denna teknik utan att frukta ett \u00f6kat energibehov.<\/p>\n<h3>5.\u00a0<strong>Anv\u00e4ndarv\u00e4nlig design<\/strong><\/h3>\n<p>NFC Reader har en kompakt och elegant design som integreras s\u00f6ml\u00f6st i ditt arbetsfl\u00f6de. Den anv\u00e4ndarkontrollerbara tv\u00e5f\u00e4rgade lysdioden ger omedelbar visuell feedback under drift, och informerar anv\u00e4ndare om transaktionsstatus effektivt.<\/p>\n<h4>B\u00e4rbarhet<\/h4>\n<p>Dess l\u00e4tta ram g\u00f6r den till en idealisk l\u00f6sning f\u00f6r f\u00f6retag p\u00e5 spr\u00e5ng, fr\u00e5n butiker till matbilar, vilket m\u00f6jligg\u00f6r snabb utplacering d\u00e4r det beh\u00f6vs, vilket g\u00f6r den mycket effektiv f\u00f6r b\u00e5de tillf\u00e4lliga och permanenta installationer.<\/p>\n<h3>6.\u00a0<strong>Ekosystemkompatibilitet<\/strong><\/h3>\n<p>NFC Reader \u00e4r kompatibel med olika operativsystem som Windows, Linux och Android, vilket m\u00f6jligg\u00f6r bred applikation i olika milj\u00f6er.<\/p>\n<h4>Enkel integration med etablerade system<\/h4>\n<p>F\u00f6rh\u00f6j dina befintliga POS-system med hj\u00e4lp av NFC-l\u00e4saren samtidigt som du drar f\u00f6rdel av dess kompatibilitet med appbutiker som anv\u00e4nds ofta f\u00f6r att ladda ner relevanta applikationer f\u00f6r dina aff\u00e4rsbehov.<\/p>\n<\/div>\n<table width=\"559\">\n<tbody>\n<tr>\n<td colspan=\"2\" width=\"559\">Fysiska egenskaper<\/td>\n<\/tr>\n<tr>\n<td width=\"214\">M\u00e5tt (mm)<\/td>\n<td width=\"345\">98,0 mm (L) x 65,0 mm (B) x 12,8 mm (H)<\/td>\n<\/tr>\n<tr>\n<td width=\"214\">Vikt (g)<\/td>\n<td width=\"345\">81g<\/td>\n<\/tr>\n<tr>\n<td colspan=\"2\" width=\"559\">USB-gr\u00e4nssnitt<\/td>\n<\/tr>\n<tr>\n<td width=\"214\">Protokoll<\/td>\n<td width=\"345\">USB CCID<\/td>\n<\/tr>\n<tr>\n<td width=\"214\">Anslutningstyp<\/td>\n<td width=\"345\">USB Typ-A (ACR1252U-MW)<\/td>\n<\/tr>\n<tr>\n<td width=\"214\">Kraftk\u00e4lla<\/td>\n<td width=\"345\">Fr\u00e5n USB-porten<\/td>\n<\/tr>\n<tr>\n<td width=\"214\">Fart<\/td>\n<td width=\"345\">USB full hastighet (12 Mbps)<\/td>\n<\/tr>\n<tr>\n<td width=\"214\">Kabell\u00e4ngd<\/td>\n<td width=\"345\">1,0 m, Ej avtagbar<\/td>\n<\/tr>\n<tr>\n<td colspan=\"2\" width=\"559\">Kontaktl\u00f6st gr\u00e4nssnitt f\u00f6r smartkort<\/td>\n<\/tr>\n<tr>\n<td width=\"214\">Standard<\/td>\n<td width=\"345\">ISO\/IEC 18092 NFC, ISO 14443 Typ A &amp; B, MIFARE\u00ae, FeliCa<\/td>\n<\/tr>\n<tr>\n<td rowspan=\"4\" width=\"214\">Protokoll<\/td>\n<td width=\"345\">ISO 14443-4-kompatibelt kort, T=CL<\/td>\n<\/tr>\n<tr>\n<td width=\"345\">MIFARE\u00ae Classic Card, T=CL<\/td>\n<\/tr>\n<tr>\n<td width=\"345\">ISO18092, NFC-taggar<\/td>\n<\/tr>\n<tr>\n<td width=\"345\">FeliCa<\/td>\n<\/tr>\n<tr>\n<td colspan=\"2\" width=\"559\">Inbyggd kringutrustning<\/td>\n<\/tr>\n<tr>\n<td width=\"214\">LED<\/td>\n<td width=\"345\">1 tv\u00e5f\u00e4rgad: r\u00f6d och gr\u00f6n<\/td>\n<\/tr>\n<tr>\n<td width=\"214\">Summer<\/td>\n<td width=\"345\">Monoton<\/td>\n<\/tr>\n<tr>\n<td colspan=\"2\" width=\"559\">Andra funktioner<\/td>\n<\/tr>\n<tr>\n<td width=\"214\">Firmware uppgradering<\/td>\n<td width=\"345\">St\u00f6ds<\/td>\n<\/tr>\n<tr>\n<td colspan=\"2\" width=\"559\">Certifieringar\/\u00f6verensst\u00e4mmelse<\/td>\n<\/tr>\n<tr>\n<td rowspan=\"4\" width=\"214\">Certifieringar\/\u00f6verensst\u00e4mmelse<\/td>\n<td width=\"345\">Certifieringar:<\/td>\n<\/tr>\n<tr>\n<td width=\"345\">Apple VAS, Google Smart Tap, NFC Forum Certification Mark, IEC\/EN 62368, CE, FCC, UKCA, J-LIS, VCCI, TELEC, KC, BIS, RoHS, REACH, WEEE<\/td>\n<\/tr>\n<tr>\n<td width=\"345\">Efterlevnad:<\/td>\n<\/tr>\n<tr>\n<td width=\"345\">USB CCID, PC\/SC<\/td>\n<\/tr>\n<tr>\n<td colspan=\"2\" width=\"559\">Support f\u00f6r enhetsdrivrutiner Operativsystem<\/td>\n<\/tr>\n<tr>\n<td width=\"214\">Support f\u00f6r enhetsdrivrutiner Operativsystem<\/td>\n<td width=\"345\">Windows\u00ae, Linux\u00ae, macOS (Under utveckling), Android\u2122 (Under utveckling)<\/td>\n<\/tr>\n<\/tbody>\n<\/table>\n<h2>Kundrecensioner<\/h2>\n<blockquote><p>&quot;NFC Reader har f\u00f6r\u00e4ndrat hur vi behandlar betalningar. Det \u00e4r snabbt, s\u00e4kert och otroligt enkelt att integrera med v\u00e5ra befintliga system!\u201d \u2013\u00a0<strong>James T.<\/strong>, Retail Manager<\/p><\/blockquote>\n<blockquote><p>&quot;Jag \u00e4lskar hur b\u00e4rbar den h\u00e4r NFC Reader \u00e4r! Det \u00e4r perfekt f\u00f6r min food truck-verksamhet.\u201d \u2013\u00a0<strong>Sandra W.<\/strong>, sm\u00e5f\u00f6retagare<\/p><\/blockquote>\n<h2>Vanliga fr\u00e5gor (FAQs)<\/h2>\n<p><strong>1. Vilka typer av kort kan NFC-l\u00e4saren l\u00e4sa?<\/strong><br \/>\nNFC-l\u00e4saren st\u00f6der ISO 14443 Typ A- och B-kort, MIFARE\u00ae, FeliCa och alla NFC-taggar som \u00f6verensst\u00e4mmer med ISO\/IEC 18092-standarderna.<\/p>\n<p><strong>2. \u00c4r NFC Reader kompatibel med smartphones?<\/strong><br \/>\nJa, du kan enkelt ansluta NFC Reader till de flesta smartphones via USB f\u00f6r att underl\u00e4tta snabba transaktioner och datadelning.<\/p>\n<p><strong>3. Kan jag uppdatera firmware?<\/strong><br \/>\nJa, NFC Reader st\u00f6der uppdateringar av USB-firmware, vilket s\u00e4kerst\u00e4ller att du har de senaste funktionerna och s\u00e4kerhetsuppgraderingarna.<\/p>\n<p><strong>4. Hur l\u00e5ngt kan jag l\u00e4sa NFC-taggar?<\/strong><br \/>\nNFC-l\u00e4saren har ett l\u00e4savst\u00e5nd p\u00e5 upp till 50 mm, beroende p\u00e5 taggtyp och dess specifika m\u00f6jligheter.<\/p>\n<hr \/>\n<p>Genom att v\u00e4lja NFC Reader investerar du inte bara i en produkt; du antar ett smartare s\u00e4tt att handla. Oavsett om du integrerar den f\u00f6r personligt bruk eller f\u00f6r ett f\u00f6retag, g\u00f6r enhetens effektivitet, kompatibilitet och s\u00e4kerhet den verkligen oumb\u00e4rlig. Upplev n\u00e4sta generations kontaktl\u00f6sa betalningar och uppt\u00e4ck vilken skillnad det kan g\u00f6ra i dina transaktioner idag!<\/p>","protected":false},"excerpt":{"rendered":"<div>NFC Reader Writer Support Apple Pay och Google VAS, godk\u00e4nt via VAS<strong>\u00a0Apple och Google VAS (Value-Added Service) <\/strong> protokoll fr\u00e5n branschj\u00e4ttarna Apple och Google banar den h\u00e4r enheten v\u00e4gen f\u00f6r ett revolutionerande kortl\u00f6st engagemang genom att st\u00f6dja ett brett utbud av digitala pass, inklusive men inte begr\u00e4nsat till lojalitetssystem, \u00e5tkomstbiljetter och identifieringsuppgifter f\u00f6r individer i f\u00f6retags- eller utbildningsmilj\u00f6er i iOS och Android-enheter.<\/div>\n<div><\/div>","protected":false},"featured_media":2731,"template":"","meta":[],"product_brand":[],"product_cat":[45,40],"product_tag":[],"class_list":{"0":"post-2732","1":"product","2":"type-product","3":"status-publish","4":"has-post-thumbnail","6":"product_cat-contactless-nfc-reader","7":"product_cat-rfid-nfc-reader","9":"first","10":"instock","11":"shipping-taxable","12":"product-type-simple"},"_links":{"self":[{"href":"https:\/\/nfc-readers.com\/sv\/wp-json\/wp\/v2\/product\/2732","targetHints":{"allow":["GET"]}}],"collection":[{"href":"https:\/\/nfc-readers.com\/sv\/wp-json\/wp\/v2\/product"}],"about":[{"href":"https:\/\/nfc-readers.com\/sv\/wp-json\/wp\/v2\/types\/product"}],"wp:featuredmedia":[{"embeddable":true,"href":"https:\/\/nfc-readers.com\/sv\/wp-json\/wp\/v2\/media\/2731"}],"wp:attachment":[{"href":"https:\/\/nfc-readers.com\/sv\/wp-json\/wp\/v2\/media?parent=2732"}],"wp:term":[{"taxonomy":"product_brand","embeddable":true,"href":"https:\/\/nfc-readers.com\/sv\/wp-json\/wp\/v2\/product_brand?post=2732"},{"taxonomy":"product_cat","embeddable":true,"href":"https:\/\/nfc-readers.com\/sv\/wp-json\/wp\/v2\/product_cat?post=2732"},{"taxonomy":"product_tag","embeddable":true,"href":"https:\/\/nfc-readers.com\/sv\/wp-json\/wp\/v2\/product_tag?post=2732"}],"curies":[{"name":"wp","href":"https:\/\/api.w.org\/{rel}","templated":true}]}}