{"id":2740,"date":"2024-06-11T01:53:04","date_gmt":"2024-06-11T01:53:04","guid":{"rendered":"https:\/\/nfc-readers.com\/?post_type=product&#038;p=2740"},"modified":"2024-09-24T02:48:08","modified_gmt":"2024-09-24T02:48:08","slug":"acr123u-nfc-lcd-contactless-reader-writer","status":"publish","type":"product","link":"https:\/\/nfc-readers.com\/sv\/ic-reader\/acr123u-nfc-lcd-contactless-reader-writer\/","title":{"rendered":"ACR123U NFC LCD kontaktl\u00f6s l\u00e4sarskrivare"},"content":{"rendered":"<h1>ACR123U NFC LCD kontaktl\u00f6s l\u00e4sarskrivare<\/h1>\n<p>ACR123U, en USB-variant av ACR123S, fungerar som en prisv\u00e4rd, flexibel och smart kontaktl\u00f6s l\u00e4sare. Det kan s\u00f6ml\u00f6st integreras i befintliga Point-of-Sale-system (POS) eller kassaregister och omvandla dem till kontantl\u00f6sa betalningsterminaler. Introduktionen av ACR123U p\u00e5skyndar utcheckningsprocessen eftersom den till\u00e5ter kunder att slutf\u00f6ra sina betalningar med ett enkelt korttryck. Denna kontaktl\u00f6sa l\u00e4sare presenterar en effektiv l\u00f6sning f\u00f6r att f\u00f6rb\u00e4ttra effektiviteten i betalningssystem.<\/p>\n<ul>\n<li>\n<h2>USB-gr\u00e4nssnitt f\u00f6r datakommunikation och str\u00f6mf\u00f6rs\u00f6rjning<\/h2>\n<\/li>\n<li>\n<h2>ARM 32-bitars CortexTM-M3-processor<\/h2>\n<\/li>\n<li>\n<h2>Smartkortl\u00e4sare:<\/h2>\n<ul>\n<li>\n<h3>L\u00e4s\/skrivhastighet p\u00e5 upp till 848 kbps<\/h3>\n<\/li>\n<li>\n<h3>Inbyggd antenn f\u00f6r kontaktl\u00f6s kort\u00e5tkomst, med kortl\u00e4savst\u00e5nd p\u00e5 upp till 50 mm (beroende p\u00e5 taggtyp)<\/h3>\n<\/li>\n<li>\n<h3>St\u00f6d f\u00f6r ISO 14443 Part 4 Typ A- och B-kort och MIFARE-serien<\/h3>\n<\/li>\n<li>\n<h3>Inbyggd anti-kollisionsfunktion<\/h3>\n<\/li>\n<li>\n<h3>Tre ISO 7816-kompatibla SAM-platser<\/h3>\n<\/li>\n<\/ul>\n<\/li>\n<li>\n<h2>Inbyggd kringutrustning:<\/h2>\n<ul>\n<li>\n<h3>16 alfanumeriska tecken x 8 rader Grafisk LCD (128 x 64 pixlar)<\/h3>\n<\/li>\n<li>\n<h3>Fyra anv\u00e4ndarkontrollerbara lysdioder (bl\u00e5, gul, gr\u00f6n och r\u00f6d)<\/h3>\n<\/li>\n<li>\n<h3>Anv\u00e4ndarkontrollerbar bakgrundsbelysning f\u00f6r tappomr\u00e5de (r\u00f6d, gr\u00f6n och bl\u00e5)<\/h3>\n<\/li>\n<li>\n<h3>Anv\u00e4ndarkontrollerbar h\u00f6gtalare (ljudindikering)<\/h3>\n<\/li>\n<\/ul>\n<\/li>\n<\/ul>\n<table style=\"height: 1395px;\" width=\"611\">\n<tbody>\n<tr>\n<td colspan=\"2\" width=\"511\">Fysiska egenskaper<\/td>\n<\/tr>\n<tr>\n<td rowspan=\"2\" width=\"215\">M\u00e5tt (mm)<\/td>\n<td width=\"296\">Huvuddel: 159,0 mm (L) x 100,0 mm (B) x 21,0 mm (H)<\/td>\n<\/tr>\n<tr>\n<td width=\"296\">Med stativ: 177,4 mm (L) x 100,0 mm (B) x 94,5 mm (H)<\/td>\n<\/tr>\n<tr>\n<td rowspan=\"2\" width=\"215\">Vikt (g)<\/td>\n<td width=\"296\">Huvudkropp: 281 g<\/td>\n<\/tr>\n<tr>\n<td width=\"296\">Med stativ: 506 g<\/td>\n<\/tr>\n<tr>\n<td colspan=\"2\" width=\"511\">USB-gr\u00e4nssnitt<\/td>\n<\/tr>\n<tr>\n<td width=\"215\">Protokoll<\/td>\n<td width=\"296\">USB CCID<\/td>\n<\/tr>\n<tr>\n<td width=\"215\">Anslutningstyp<\/td>\n<td width=\"296\">Standard typ A<\/td>\n<\/tr>\n<tr>\n<td width=\"215\">Kraftk\u00e4lla<\/td>\n<td width=\"296\">Fr\u00e5n USB-porten<\/td>\n<\/tr>\n<tr>\n<td width=\"215\">Fart<\/td>\n<td width=\"296\">USB full hastighet (12 Mbps)<\/td>\n<\/tr>\n<tr>\n<td width=\"215\">Kabell\u00e4ngd<\/td>\n<td width=\"296\">1,5 m, fast<\/td>\n<\/tr>\n<tr>\n<td colspan=\"2\" width=\"511\">Kontaktl\u00f6st gr\u00e4nssnitt f\u00f6r smartkort<\/td>\n<\/tr>\n<tr>\n<td width=\"215\">Standard<\/td>\n<td width=\"296\">ISO 14443 A &amp; B delar 1-4<\/td>\n<\/tr>\n<tr>\n<td rowspan=\"2\" width=\"215\">Protokoll<\/td>\n<td width=\"296\">ISO 14443-4-kompatibelt kort, T=CL<\/td>\n<\/tr>\n<tr>\n<td width=\"296\">MIFARE\u00ae Classic Card, T=CL<\/td>\n<\/tr>\n<tr>\n<td colspan=\"2\" width=\"511\">SAM-kortgr\u00e4nssnitt<\/td>\n<\/tr>\n<tr>\n<td width=\"215\">Antal spelautomater<\/td>\n<td width=\"296\">3 standardkortplatser i SIM-storlek<\/td>\n<\/tr>\n<tr>\n<td width=\"215\">Standard<\/td>\n<td width=\"296\">ISO 7816 klass A, B, C (5 V, 3 V, 1,8 V)<\/td>\n<\/tr>\n<tr>\n<td width=\"215\">Protokoll<\/td>\n<td width=\"296\">T=0; T=1<\/td>\n<\/tr>\n<tr>\n<td colspan=\"2\" width=\"511\">Inbyggd kringutrustning<\/td>\n<\/tr>\n<tr>\n<td rowspan=\"3\" width=\"215\">LCD<\/td>\n<td width=\"296\">Grafisk LCD med vit bakgrundsbelysning<\/td>\n<\/tr>\n<tr>\n<td width=\"296\">Uppl\u00f6sning: 128 x 64 pixlar<\/td>\n<\/tr>\n<tr>\n<td width=\"296\">Antal tecken: 16 tecken x 8 rader<\/td>\n<\/tr>\n<tr>\n<td width=\"215\">LED<\/td>\n<td width=\"296\">4 enf\u00e4rgade: bl\u00e5, gul, gr\u00f6n och r\u00f6d<\/td>\n<\/tr>\n<tr>\n<td width=\"215\">Tryck p\u00e5 Region<\/td>\n<td width=\"296\">Tref\u00e4rgad bakgrundsbelysning: r\u00f6d, gr\u00f6n och bl\u00e5<\/td>\n<\/tr>\n<tr>\n<td width=\"215\">H\u00f6gtalare<\/td>\n<td width=\"296\">Indikering av ljudton<\/td>\n<\/tr>\n<tr>\n<td colspan=\"2\" width=\"511\">Andra funktioner<\/td>\n<\/tr>\n<tr>\n<td width=\"215\">S\u00e4kerhet<\/td>\n<td width=\"296\">Sabotagebrytare (intern anti-intr\u00e5ngsdetektering och skydd)<\/td>\n<\/tr>\n<tr>\n<td width=\"215\">Firmware uppgradering<\/td>\n<td width=\"296\">St\u00f6ds<\/td>\n<\/tr>\n<tr>\n<td width=\"215\">Realtidsklocka<\/td>\n<td width=\"296\">St\u00f6ds<\/td>\n<\/tr>\n<tr>\n<td colspan=\"2\" width=\"511\">Certifieringar\/\u00f6verensst\u00e4mmelse<\/td>\n<\/tr>\n<tr>\n<td rowspan=\"12\" width=\"215\">Certifieringar\/\u00f6verensst\u00e4mmelse<\/td>\n<td width=\"296\">ISO 14443<\/td>\n<\/tr>\n<tr>\n<td width=\"296\">ISO 7816 (SAM-plats)<\/td>\n<\/tr>\n<tr>\n<td width=\"296\">USB full hastighet<\/td>\n<\/tr>\n<tr>\n<td width=\"296\">PC\/SC<\/td>\n<\/tr>\n<tr>\n<td width=\"296\">CCID<\/td>\n<\/tr>\n<tr>\n<td width=\"296\">VCCI (Japan)<\/td>\n<\/tr>\n<tr>\n<td width=\"296\">KC (Korea)<\/td>\n<\/tr>\n<tr>\n<td width=\"296\">Microsoft\u00ae WHQL<\/td>\n<\/tr>\n<tr>\n<td width=\"296\">CE<\/td>\n<\/tr>\n<tr>\n<td width=\"296\">FCC<\/td>\n<\/tr>\n<tr>\n<td width=\"296\">RoHS 2<\/td>\n<\/tr>\n<tr>\n<td width=\"296\">N\u00c5<\/td>\n<\/tr>\n<tr>\n<td colspan=\"2\" width=\"511\">Support f\u00f6r enhetsdrivrutiner Operativsystem<\/td>\n<\/tr>\n<tr>\n<td rowspan=\"4\" width=\"215\">Support f\u00f6r enhetsdrivrutiner Operativsystem<\/td>\n<td width=\"296\">Windows\u00ae CE<\/td>\n<\/tr>\n<tr>\n<td width=\"296\">Windows\u00ae<\/td>\n<\/tr>\n<tr>\n<td width=\"296\">Linux\u00ae<\/td>\n<\/tr>\n<tr>\n<td width=\"296\">Solaris<\/td>\n<\/tr>\n<\/tbody>\n<\/table>","protected":false},"excerpt":{"rendered":"<div class=\"auto-hide-last-sibling-br paragraph_1252f paragraph-element\">\n<div class=\"auto-hide-last-sibling-br paragraph_1252f paragraph-element\">ACR123U, prisv\u00e4rd LCD USB-l\u00e4sare f\u00f6r kontantl\u00f6sa betalningar, f\u00f6rb\u00e4ttrar kassaeffektiviteten med intuitiv design och kompatibilitet med ISO 14443-4-kort.<\/div>\n<\/div>","protected":false},"featured_media":2741,"template":"","meta":[],"product_brand":[],"product_cat":[45],"product_tag":[],"class_list":{"0":"post-2740","1":"product","2":"type-product","3":"status-publish","4":"has-post-thumbnail","6":"product_cat-contactless-nfc-reader","8":"first","9":"instock","10":"shipping-taxable","11":"product-type-simple"},"_links":{"self":[{"href":"https:\/\/nfc-readers.com\/sv\/wp-json\/wp\/v2\/product\/2740","targetHints":{"allow":["GET"]}}],"collection":[{"href":"https:\/\/nfc-readers.com\/sv\/wp-json\/wp\/v2\/product"}],"about":[{"href":"https:\/\/nfc-readers.com\/sv\/wp-json\/wp\/v2\/types\/product"}],"wp:featuredmedia":[{"embeddable":true,"href":"https:\/\/nfc-readers.com\/sv\/wp-json\/wp\/v2\/media\/2741"}],"wp:attachment":[{"href":"https:\/\/nfc-readers.com\/sv\/wp-json\/wp\/v2\/media?parent=2740"}],"wp:term":[{"taxonomy":"product_brand","embeddable":true,"href":"https:\/\/nfc-readers.com\/sv\/wp-json\/wp\/v2\/product_brand?post=2740"},{"taxonomy":"product_cat","embeddable":true,"href":"https:\/\/nfc-readers.com\/sv\/wp-json\/wp\/v2\/product_cat?post=2740"},{"taxonomy":"product_tag","embeddable":true,"href":"https:\/\/nfc-readers.com\/sv\/wp-json\/wp\/v2\/product_tag?post=2740"}],"curies":[{"name":"wp","href":"https:\/\/api.w.org\/{rel}","templated":true}]}}