{"id":2744,"date":"2024-06-11T02:10:05","date_gmt":"2024-06-11T02:10:05","guid":{"rendered":"https:\/\/nfc-readers.com\/?post_type=product&#038;p=2744"},"modified":"2024-09-23T08:58:36","modified_gmt":"2024-09-23T08:58:36","slug":"acr123s-rs232-nfc-lcd-contactless-reader-writer","status":"publish","type":"product","link":"https:\/\/nfc-readers.com\/sv\/ic-reader\/acr123s-rs232-nfc-lcd-contactless-reader-writer\/","title":{"rendered":"ACR123S RS232 NFC LCD-kontaktl\u00f6s l\u00e4sarskrivare"},"content":{"rendered":"<h1>ACR123S RS232 NFC LCD-kontaktl\u00f6s l\u00e4sarskrivare<\/h1>\n<div><\/div>\n<div class=\"auto-hide-last-sibling-br paragraph_1252f paragraph-element\">Framv\u00e4xten av kontaktl\u00f6s teknologi omformar k\u00f6pbeteendet hos konsumenter runt om i v\u00e4rlden, vilket \u00f6kar behovet av en robust l\u00f6sning som kan st\u00f6dja kontaktl\u00f6sa betalningsapplikationer. ACR123S har utvecklats speciellt f\u00f6r att m\u00f6ta denna eskalerande efterfr\u00e5gan.<\/div>\n<div class=\"auto-hide-last-sibling-br paragraph_1252f paragraph-element\">ACR123S Intelligent Contactless Reader \u00e4r en ekonomisk, m\u00e5ngsidig och smart kontaktl\u00f6s l\u00e4sare som enkelt kan integreras i redan existerande POS-system (Point-of-Sale) eller kassaregister, vilket ger f\u00f6rdelarna med ett kontantl\u00f6st betalningssystem. Byggd p\u00e5 13,56 MHz kontaktl\u00f6s (RFID)-teknik, \u00e4r den kompatibel med alla kontaktl\u00f6sa kort som f\u00f6ljer ISO 14443-4-standarden.<\/div>\n<div>\n<ul>\n<li>\n<h2>Seriellt RS232-gr\u00e4nssnitt med RJ45-kontakt<\/h2>\n<\/li>\n<li>\n<h2>USB-gr\u00e4nssnitt f\u00f6r str\u00f6mf\u00f6rs\u00f6rjning<\/h2>\n<\/li>\n<li>\n<h2>ARM 32-bitars CortexTM-M3-processor<\/h2>\n<\/li>\n<li>\n<h2>Smartkortl\u00e4sare:<\/h2>\n<ul>\n<li>\n<h3>L\u00e4s\/skrivhastighet p\u00e5 upp till 848 kbps<\/h3>\n<\/li>\n<li>\n<h3>Inbyggd antenn f\u00f6r kontaktl\u00f6s kort\u00e5tkomst, med kortl\u00e4savst\u00e5nd p\u00e5 upp till 50 mm (beroende p\u00e5 taggtyp)<\/h3>\n<\/li>\n<li>\n<h3>St\u00f6d f\u00f6r ISO 14443 Part 4 Typ A- och B-kort och MIFARE-serien<\/h3>\n<\/li>\n<li>\n<h3>Inbyggd anti-kollisionsfunktion<\/h3>\n<\/li>\n<li>\n<h3>Tre ISO 7816-kompatibla SAM-platser<\/h3>\n<\/li>\n<\/ul>\n<\/li>\n<li>\n<h2>Inbyggd kringutrustning:<\/h2>\n<ul>\n<li>\n<h3>16 alfanumeriska tecken x 8 rader Grafisk LCD (128 x 64 pixlar)<\/h3>\n<\/li>\n<li>\n<h3>Fyra anv\u00e4ndarkontrollerbara lysdioder (bl\u00e5, gul, gr\u00f6n och r\u00f6d)<\/h3>\n<\/li>\n<li>\n<h3>Anv\u00e4ndarkontrollerbar bakgrundsbelysning f\u00f6r tappomr\u00e5de (r\u00f6d, gr\u00f6n och bl\u00e5)<\/h3>\n<\/li>\n<li>\n<h3>Anv\u00e4ndarkontrollerbar h\u00f6gtalare (ljudindikering)<\/h3>\n<\/li>\n<\/ul>\n<\/li>\n<\/ul>\n<table width=\"514\">\n<tbody>\n<tr>\n<td colspan=\"2\" width=\"514\">Fysiska egenskaper<\/td>\n<\/tr>\n<tr>\n<td rowspan=\"2\" width=\"233\">M\u00e5tt (mm)<\/td>\n<td width=\"281\">Huvuddel: 159,0 mm (L) x 100,0 mm (B) x 21,0 mm (H)<\/td>\n<\/tr>\n<tr>\n<td width=\"281\">Med stativ: 177,4 mm (L) x 100,0 mm (B) x 94,5 mm (H)<\/td>\n<\/tr>\n<tr>\n<td rowspan=\"2\" width=\"233\">Vikt (g)<\/td>\n<td width=\"281\">Huvudkropp: 281 g<\/td>\n<\/tr>\n<tr>\n<td width=\"281\">Med stativ: 506 g<\/td>\n<\/tr>\n<tr>\n<td colspan=\"2\" width=\"514\">Seriellt gr\u00e4nssnitt<\/td>\n<\/tr>\n<tr>\n<td width=\"233\">Protokoll<\/td>\n<td width=\"281\">RS-232<\/td>\n<\/tr>\n<tr>\n<td width=\"233\">Anslutningstyp<\/td>\n<td width=\"281\">RJ45-kontakt<\/td>\n<\/tr>\n<tr>\n<td width=\"233\">Kraftk\u00e4lla<\/td>\n<td width=\"281\">Fr\u00e5n USB-porten<\/td>\n<\/tr>\n<tr>\n<td width=\"233\">Kabell\u00e4ngd<\/td>\n<td width=\"281\">1,5 m, fast (RJ45 + USB)<\/td>\n<\/tr>\n<tr>\n<td colspan=\"2\" width=\"514\">Kontaktl\u00f6st gr\u00e4nssnitt f\u00f6r smartkort<\/td>\n<\/tr>\n<tr>\n<td width=\"233\">Standard<\/td>\n<td width=\"281\">ISO 14443 A &amp; B delar 1-4<\/td>\n<\/tr>\n<tr>\n<td rowspan=\"2\" width=\"233\">Protokoll<\/td>\n<td width=\"281\">ISO 14443-4-kompatibelt kort, T=CL<\/td>\n<\/tr>\n<tr>\n<td width=\"281\">MIFARE\u00ae Classic Card, T=CL<\/td>\n<\/tr>\n<tr>\n<td colspan=\"2\" width=\"514\">SAM-kortgr\u00e4nssnitt<\/td>\n<\/tr>\n<tr>\n<td width=\"233\">Antal spelautomater<\/td>\n<td width=\"281\">3 standardkortplatser i SIM-storlek<\/td>\n<\/tr>\n<tr>\n<td width=\"233\">Standard<\/td>\n<td width=\"281\">ISO 7816 klass A, B, C (5 V, 3 V, 1,8 V)<\/td>\n<\/tr>\n<tr>\n<td width=\"233\">Protokoll<\/td>\n<td width=\"281\">T=0; T=1<\/td>\n<\/tr>\n<tr>\n<td colspan=\"2\" width=\"514\">Inbyggd kringutrustning<\/td>\n<\/tr>\n<tr>\n<td rowspan=\"3\" width=\"233\">LCD<\/td>\n<td width=\"281\">Grafisk LCD med vit bakgrundsbelysning<\/td>\n<\/tr>\n<tr>\n<td width=\"281\">Uppl\u00f6sning: 128 x 64 pixlar<\/td>\n<\/tr>\n<tr>\n<td width=\"281\">Antal tecken: 16 tecken x 8 rader<\/td>\n<\/tr>\n<tr>\n<td width=\"233\">LED<\/td>\n<td width=\"281\">4 enf\u00e4rgade: bl\u00e5, gul, gr\u00f6n och r\u00f6d<\/td>\n<\/tr>\n<tr>\n<td width=\"233\">Tryck p\u00e5 Region<\/td>\n<td width=\"281\">Tref\u00e4rgad bakgrundsbelysning: r\u00f6d, gr\u00f6n och bl\u00e5<\/td>\n<\/tr>\n<tr>\n<td width=\"233\">H\u00f6gtalare<\/td>\n<td width=\"281\">Indikering av ljudton<\/td>\n<\/tr>\n<tr>\n<td colspan=\"2\" width=\"514\">Andra funktioner<\/td>\n<\/tr>\n<tr>\n<td width=\"233\">S\u00e4kerhet<\/td>\n<td width=\"281\">Sabotagebrytare (intern anti-intr\u00e5ngsdetektering och skydd)<\/td>\n<\/tr>\n<tr>\n<td width=\"233\">Firmware uppgradering<\/td>\n<td width=\"281\">St\u00f6ds<\/td>\n<\/tr>\n<tr>\n<td width=\"233\">Realtidsklocka<\/td>\n<td width=\"281\">St\u00f6ds<\/td>\n<\/tr>\n<tr>\n<td colspan=\"2\" width=\"514\">Certifieringar\/\u00f6verensst\u00e4mmelse<\/td>\n<\/tr>\n<tr>\n<td rowspan=\"8\" width=\"233\">Certifieringar\/\u00f6verensst\u00e4mmelse<\/td>\n<td width=\"281\">ISO 14443<\/td>\n<\/tr>\n<tr>\n<td width=\"281\">ISO 7816 (SAM-plats)<\/td>\n<\/tr>\n<tr>\n<td width=\"281\">VCCI (Japan)<\/td>\n<\/tr>\n<tr>\n<td width=\"281\">KC (Korea)<\/td>\n<\/tr>\n<tr>\n<td width=\"281\">CE<\/td>\n<\/tr>\n<tr>\n<td width=\"281\">FCC<\/td>\n<\/tr>\n<tr>\n<td width=\"281\">RoHS 2<\/td>\n<\/tr>\n<tr>\n<td width=\"281\">N\u00c5<\/td>\n<\/tr>\n<tr>\n<td colspan=\"2\" width=\"514\">Support f\u00f6r enhetsdrivrutiner Operativsystem<\/td>\n<\/tr>\n<tr>\n<td rowspan=\"3\" width=\"233\">Support f\u00f6r enhetsdrivrutiner Operativsystem<\/td>\n<td width=\"281\">Windows\u00ae CE<\/td>\n<\/tr>\n<tr>\n<td width=\"281\">Windows\u00ae<\/td>\n<\/tr>\n<tr>\n<td width=\"281\">Linux\u00ae<\/td>\n<\/tr>\n<\/tbody>\n<\/table>\n<\/div>","protected":false},"excerpt":{"rendered":"<div class=\"auto-hide-last-sibling-br paragraph_1252f paragraph-element\">ACR123S \u00e4r en innovativ LCD USB 13,56 mhz RFID-l\u00e4sare som f\u00f6rb\u00e4ttrar POS-system med s\u00f6ml\u00f6sa kontaktl\u00f6sa betalningsm\u00f6jligheter f\u00f6r en smidigare kassaupplevelse.<\/div>","protected":false},"featured_media":2745,"template":"","meta":[],"product_brand":[],"product_cat":[45],"product_tag":[],"class_list":{"0":"post-2744","1":"product","2":"type-product","3":"status-publish","4":"has-post-thumbnail","6":"product_cat-contactless-nfc-reader","8":"first","9":"instock","10":"shipping-taxable","11":"product-type-simple"},"_links":{"self":[{"href":"https:\/\/nfc-readers.com\/sv\/wp-json\/wp\/v2\/product\/2744","targetHints":{"allow":["GET"]}}],"collection":[{"href":"https:\/\/nfc-readers.com\/sv\/wp-json\/wp\/v2\/product"}],"about":[{"href":"https:\/\/nfc-readers.com\/sv\/wp-json\/wp\/v2\/types\/product"}],"wp:featuredmedia":[{"embeddable":true,"href":"https:\/\/nfc-readers.com\/sv\/wp-json\/wp\/v2\/media\/2745"}],"wp:attachment":[{"href":"https:\/\/nfc-readers.com\/sv\/wp-json\/wp\/v2\/media?parent=2744"}],"wp:term":[{"taxonomy":"product_brand","embeddable":true,"href":"https:\/\/nfc-readers.com\/sv\/wp-json\/wp\/v2\/product_brand?post=2744"},{"taxonomy":"product_cat","embeddable":true,"href":"https:\/\/nfc-readers.com\/sv\/wp-json\/wp\/v2\/product_cat?post=2744"},{"taxonomy":"product_tag","embeddable":true,"href":"https:\/\/nfc-readers.com\/sv\/wp-json\/wp\/v2\/product_tag?post=2744"}],"curies":[{"name":"wp","href":"https:\/\/api.w.org\/{rel}","templated":true}]}}