{"id":2758,"date":"2024-06-11T12:39:26","date_gmt":"2024-06-11T12:39:26","guid":{"rendered":"https:\/\/nfc-readers.com\/?post_type=product&#038;p=2758"},"modified":"2024-09-23T06:23:59","modified_gmt":"2024-09-23T06:23:59","slug":"acm1323s-rs232-contactless-reader-writer","status":"publish","type":"product","link":"https:\/\/nfc-readers.com\/sv\/ic-reader\/acm1323s-rs232-contactless-reader-writer\/","title":{"rendered":"ACM1323S RS232 Contactless Reader Writer"},"content":{"rendered":"<h1>ACM1323S RS232 Contactless Reader Writer<\/h1>\n<p>ACM1323 \u00e4r en smartkortl\u00e4sarmodul baserad p\u00e5 13,56MHz kontaktl\u00f6s teknologi. Den antar seriellt kommunikationsprotokoll och st\u00f6der valfritt RS232-gr\u00e4nssnitt eller UARTTTL-signalgr\u00e4nssnitt. Den st\u00f6der l\u00e4sning och skrivning av klass A-smartkort som \u00f6verensst\u00e4mmer med ISO144431 till del 4, inklusive CPU-kort, MIFARE Classic, Mifare 1K\/4K, Mifare Plus och DESFire. ACM1323S \u00e4r en \u00e4kta plug and play-enhet som kan anv\u00e4ndas utan n\u00e5gra drivrutiner och \u00e4r designad f\u00f6r snabb integration i inbyggda system, l\u00e4mplig f\u00f6r en m\u00e4ngd olika applikationsscenarier som laddningspunkter, surfplattor, varuautomater, kollektivtrafik, n\u00e4tverks\u00e5tkomstkontroll, n\u00e4rvaro och andra integrerade system. Den st\u00f6der \u00e4ven firmware-uppgraderingar utan behov av ytterligare h\u00e5rdvaru\u00e4ndringar.<\/p>\n<table width=\"628\">\n<tbody>\n<tr>\n<td colspan=\"2\" width=\"628\">Fysiska egenskaper<\/td>\n<\/tr>\n<tr>\n<td width=\"335\">M\u00e5tt (mm)<\/td>\n<td width=\"293\">73,5 x 40,0 x 4,5<\/td>\n<\/tr>\n<tr>\n<td width=\"335\">Vikt (g)<\/td>\n<td width=\"293\">7.2<\/td>\n<\/tr>\n<tr>\n<td colspan=\"2\" width=\"628\">RS232-gr\u00e4nssnitt<\/td>\n<\/tr>\n<tr>\n<td width=\"335\">Anslutningstyp<\/td>\n<td width=\"293\">RS232 TTL<\/td>\n<\/tr>\n<tr>\n<td width=\"335\">Kraftk\u00e4lla<\/td>\n<td width=\"293\">Fr\u00e5n USB-porten<\/td>\n<\/tr>\n<tr>\n<td width=\"335\">Kabell\u00e4ngd<\/td>\n<td width=\"293\">1m, avtagbar (p\u00e5 beg\u00e4ran)<\/td>\n<\/tr>\n<tr>\n<td colspan=\"2\" width=\"628\">Kontaktl\u00f6st gr\u00e4nssnitt f\u00f6r smartkort<\/td>\n<\/tr>\n<tr>\n<td width=\"335\">Standard<\/td>\n<td width=\"293\">ISO 14443 Typ A CPU-kort MIFARE Classic, Mifare 1K\/4K, Mifare Plus och DESFire<\/td>\n<\/tr>\n<tr>\n<td rowspan=\"2\" width=\"335\">Protokoll<\/td>\n<td width=\"293\">ISO 14443-4-kompatibelt kort, T=CL<\/td>\n<\/tr>\n<tr>\n<td width=\"293\">MIFARE\u00ae Classic Card, T=CL<\/td>\n<\/tr>\n<tr>\n<td colspan=\"2\" width=\"628\">Inbyggd kringutrustning<\/td>\n<\/tr>\n<tr>\n<td width=\"335\">LED<\/td>\n<td width=\"293\">1 tv\u00e5f\u00e4rgad: bl\u00e5 och gr\u00f6n<\/td>\n<\/tr>\n<tr>\n<td colspan=\"2\" width=\"628\">Andra funktioner<\/td>\n<\/tr>\n<tr>\n<td rowspan=\"3\" width=\"335\">Andra funktioner<\/td>\n<td width=\"293\">Korttyper som st\u00f6ds:<\/td>\n<\/tr>\n<tr>\n<td width=\"293\">ISO 14443 Typ A &amp; B, delar 1-4,<\/td>\n<\/tr>\n<tr>\n<td width=\"293\">MIFARE Classic\u00ae, MIFARE DESFire\u00ae, MIFARE Ultralight\u00ae, MIFARE Plus\u00ae<\/td>\n<\/tr>\n<tr>\n<td width=\"335\">Firmware uppgradering<\/td>\n<td width=\"293\">St\u00f6ds<\/td>\n<\/tr>\n<tr>\n<td colspan=\"2\" width=\"628\">Certifieringar\/\u00f6verensst\u00e4mmelse<\/td>\n<\/tr>\n<tr>\n<td rowspan=\"3\" width=\"335\">Certifieringar\/\u00f6verensst\u00e4mmelse<\/td>\n<td width=\"293\">Certifieringar:<\/td>\n<\/tr>\n<tr>\n<td width=\"293\">IEC\/EN 62368, CE, UKCA, FCC, VCCI, RoHS, REACH, WEEE, Microsoft\u00ae WHQL<\/td>\n<\/tr>\n<tr>\n<td width=\"293\">\u00a0 Efterlevnad:<\/td>\n<\/tr>\n<tr>\n<td colspan=\"2\" width=\"628\">Support f\u00f6r enhetsdrivrutiner Operativsystem<\/td>\n<\/tr>\n<tr>\n<td width=\"335\">Support f\u00f6r enhetsdrivrutiner Operativsystem<\/td>\n<td width=\"293\">Windows\u00ae, Linux\u00ae, macOS, Android\u2122<\/td>\n<\/tr>\n<\/tbody>\n<\/table>","protected":false},"excerpt":{"rendered":"<p>ACM1323 \u00e4r en m\u00e5ngsidig RFID-kortl\u00e4sare som fungerar med olika smarta kort och enkelt integreras i inbyggda system.<\/p>","protected":false},"featured_media":2759,"template":"","meta":[],"product_brand":[],"product_cat":[41],"product_tag":[],"class_list":{"0":"post-2758","1":"product","2":"type-product","3":"status-publish","4":"has-post-thumbnail","6":"product_cat-module-ic-reader","8":"first","9":"instock","10":"shipping-taxable","11":"product-type-simple"},"_links":{"self":[{"href":"https:\/\/nfc-readers.com\/sv\/wp-json\/wp\/v2\/product\/2758","targetHints":{"allow":["GET"]}}],"collection":[{"href":"https:\/\/nfc-readers.com\/sv\/wp-json\/wp\/v2\/product"}],"about":[{"href":"https:\/\/nfc-readers.com\/sv\/wp-json\/wp\/v2\/types\/product"}],"wp:featuredmedia":[{"embeddable":true,"href":"https:\/\/nfc-readers.com\/sv\/wp-json\/wp\/v2\/media\/2759"}],"wp:attachment":[{"href":"https:\/\/nfc-readers.com\/sv\/wp-json\/wp\/v2\/media?parent=2758"}],"wp:term":[{"taxonomy":"product_brand","embeddable":true,"href":"https:\/\/nfc-readers.com\/sv\/wp-json\/wp\/v2\/product_brand?post=2758"},{"taxonomy":"product_cat","embeddable":true,"href":"https:\/\/nfc-readers.com\/sv\/wp-json\/wp\/v2\/product_cat?post=2758"},{"taxonomy":"product_tag","embeddable":true,"href":"https:\/\/nfc-readers.com\/sv\/wp-json\/wp\/v2\/product_tag?post=2758"}],"curies":[{"name":"wp","href":"https:\/\/api.w.org\/{rel}","templated":true}]}}