{"id":2765,"date":"2024-06-11T13:24:05","date_gmt":"2024-06-11T13:24:05","guid":{"rendered":"https:\/\/nfc-readers.com\/?post_type=product&#038;p=2765"},"modified":"2024-09-23T06:21:32","modified_gmt":"2024-09-23T06:21:32","slug":"acr1552u-a2-aquaguard-nfc-usb-contactless-reader-writer","status":"publish","type":"product","link":"https:\/\/nfc-readers.com\/sv\/ic-reader\/acr1552u-a2-aquaguard-nfc-usb-contactless-reader-writer\/","title":{"rendered":"ACR1552U-A2 AquaGuard NFC USB-kontaktl\u00f6s l\u00e4sarskrivare"},"content":{"rendered":"<h1>ACR1552U-A2 AquaGuard NFC USB-kontaktl\u00f6s l\u00e4sarskrivare<\/h1>\n<p>ACR1552U-A2 AquaGuard NFC USB-l\u00e4sare \u00e4r en robust fj\u00e4rde generationens enhet byggd p\u00e5 13,56 MHz kontaktl\u00f6s teknologi. Den fungerar med kontaktl\u00f6sa kort och enheter som f\u00f6ljer standarderna IS0 14443 Typ A och B, ISO 15693 och ISO 18092. IP67-klassificeringen anger dess exceptionella motst\u00e5ndskraft mot damm och vatten, vilket s\u00e4kerst\u00e4ller oavbruten drift \u00e4ven under utmanande f\u00f6rh\u00e5llanden. I enlighet med b\u00e5de CCID och PC\/SC-standarder erbjuder ACR1552U-A2 AquaGuard NFC USB-l\u00e4saren h\u00f6ghastighetskommunikation p\u00e5 upp till 848 kbps. L\u00e4sarens IP67-certifierade skal inneh\u00e5ller funktioner som kan uppgraderas med USB-firmware, vilket ut\u00f6kar dess m\u00e5ngsidighet och kostnadseffektivitet \u00f6ver m\u00e5nga sektorer, inklusive finans, h\u00e4lsov\u00e5rd och myndigheter. Denna IP67-klassade NFC-l\u00e4sare st\u00f6der intelligent tre l\u00e4gen f\u00f6r NFC: l\u00e4sare\/skrivare, kortemulering och tangentbordsemulering. Dess robusthet och m\u00e5ngsidighet \u00f6ppnar upp ett brett utbud av potentiella applikationer som e-betalning, passerkontrollsystem och transportbiljetter. ACR1552U-A2AquaGuard NFC USBReader, med sitt IP67-st\u00f6d, st\u00e5r som ett motst\u00e5ndskraftigt och p\u00e5litligt val inom NFC-teknik.<\/p>\n<ul>\n<li>\n<h2>USB 2.0 Full Speed Interface<\/h2>\n<\/li>\n<li>\n<h2>CCID-efterlevnad<\/h2>\n<\/li>\n<li>\n<h2>Kontaktl\u00f6s smartkortsl\u00e4sare:<\/h2>\n<ul>\n<li>\n<h3>L\u00e4s\/skrivhastighet upp till 848 kbps<\/h3>\n<\/li>\n<li>\n<h3>Inbyggd antenn f\u00f6r kontaktl\u00f6s tagg\u00e5tkomst, med kortl\u00e4savst\u00e5nd p\u00e5 upp till 70 mm (beroende p\u00e5 taggtyp)<\/h3>\n<\/li>\n<li>\n<h3>St\u00f6der ISO 14443 typ A- och B-kort, ISO 15693-kort och ISO18092 NFC<\/h3>\n<\/li>\n<li>\n<h3>St\u00f6der MIFARE\u00ae (T=CL), FeliCa, NFC-taggar, SRI\/SRIX, CTS, Innovatron, Picopass, Topaz Card<\/h3>\n<\/li>\n<li>\n<h3>Inbyggd anti-kollisionsfunktion<\/h3>\n<\/li>\n<li>\n<h3>St\u00f6der ut\u00f6kad APDU (max. 64 kbyte)<\/h3>\n<\/li>\n<li>\n<h3>En ISO7816-kompatibel SAM-plats (klass A)<\/h3>\n<\/li>\n<li>\n<h3>NFC-st\u00f6d<\/h3>\n<ul>\n<li>\u00a0 \u00a0Smartkortl\u00e4sare\/skrivarl\u00e4ge<\/li>\n<li>\u00a0 \u00a0Kortemuleringsl\u00e4ge<\/li>\n<li>\u00a0 \u00a0Tangentbordsemuleringsl\u00e4ge<\/li>\n<\/ul>\n<\/li>\n<\/ul>\n<\/li>\n<li>\n<h2>Applikationsprogrammeringsgr\u00e4nssnitt:<\/h2>\n<ul>\n<li>\n<h3>St\u00f6der PC\/SC<\/h3>\n<\/li>\n<li>\n<h3>St\u00f6der CT-API (genom omslag ovanp\u00e5 PC\/SC)<\/h3>\n<\/li>\n<\/ul>\n<\/li>\n<li>\n<h2>Kringutrustning:<\/h2>\n<ul>\n<li>\n<h3>Anv\u00e4ndarkontrollerbar tv\u00e5f\u00e4rgad LED (bl\u00e5 och gr\u00f6n)<\/h3>\n<\/li>\n<li>\n<h3>Anv\u00e4ndarkontrollerbar summer (Monotone)<\/h3>\n<\/li>\n<li>\n<h3>En SAM-plats<\/h3>\n<\/li>\n<\/ul>\n<\/li>\n<li>\n<h2>USB-firmware-uppgradering<\/h2>\n<\/li>\n<\/ul>\n<table width=\"598\">\n<tbody>\n<tr>\n<td colspan=\"2\" width=\"598\">Fysiska egenskaper<\/td>\n<\/tr>\n<tr>\n<td width=\"225\">M\u00e5tt (mm)<\/td>\n<td width=\"373\">Huvudkropp: 98 x 65 x 12,8 mm<\/td>\n<\/tr>\n<tr>\n<td width=\"225\">Vikt (g)<\/td>\n<td width=\"373\">89 g<\/td>\n<\/tr>\n<tr>\n<td colspan=\"2\" width=\"598\">USB-gr\u00e4nssnitt<\/td>\n<\/tr>\n<tr>\n<td width=\"225\">Protokoll<\/td>\n<td width=\"373\">USB CCID<\/td>\n<\/tr>\n<tr>\n<td width=\"225\">Anslutningstyp<\/td>\n<td width=\"373\">USB Typ-A (ACR1552U-A2), USB Typ-C (ACR1552U-MF)<\/td>\n<\/tr>\n<tr>\n<td width=\"225\">Kraftk\u00e4lla<\/td>\n<td width=\"373\">Fr\u00e5n USB-porten<\/td>\n<\/tr>\n<tr>\n<td width=\"225\">Fart<\/td>\n<td width=\"373\">USB full hastighet (12 Mbps)<\/td>\n<\/tr>\n<tr>\n<td width=\"225\">Kabell\u00e4ngd<\/td>\n<td width=\"373\">1m, ej avtagbar<\/td>\n<\/tr>\n<tr>\n<td colspan=\"2\" width=\"598\">Kontaktl\u00f6st gr\u00e4nssnitt f\u00f6r smartkort<\/td>\n<\/tr>\n<tr>\n<td width=\"225\">Standard<\/td>\n<td width=\"373\">ISO\/IEC 18092 NFC, ISO 14443 Typ A &amp; B, ISO 15693, MIFARE\u00ae, FeliCa<\/td>\n<\/tr>\n<tr>\n<td rowspan=\"5\" width=\"225\">Protokoll<\/td>\n<td width=\"373\">ISO 14443-4-kompatibelt kort, T=CL<\/td>\n<\/tr>\n<tr>\n<td width=\"373\">MIFARE\u00ae Classic Card, T=CL<\/td>\n<\/tr>\n<tr>\n<td width=\"373\">ISO 15693<\/td>\n<\/tr>\n<tr>\n<td width=\"373\">ISO 18092 NFC-taggar<\/td>\n<\/tr>\n<tr>\n<td width=\"373\">FeliCa<\/td>\n<\/tr>\n<tr>\n<td colspan=\"2\" width=\"598\">Inbyggd kringutrustning<\/td>\n<\/tr>\n<tr>\n<td width=\"225\">LED<\/td>\n<td width=\"373\">1 tv\u00e5f\u00e4rgad: bl\u00e5 och gr\u00f6n<\/td>\n<\/tr>\n<tr>\n<td width=\"225\">Summer<\/td>\n<td width=\"373\">Ja<\/td>\n<\/tr>\n<tr>\n<td colspan=\"2\" width=\"598\">Andra funktioner<\/td>\n<\/tr>\n<tr>\n<td rowspan=\"4\" width=\"225\">Andra funktioner<\/td>\n<td width=\"373\">Korttyper som st\u00f6ds:<\/td>\n<\/tr>\n<tr>\n<td width=\"373\">ISO 14443 Typ A &amp; B Parts 1-4, ISO 15693, ISO 18092 NFC, MIFARE\u00ae, FeliCa, SRI\/SRIX, CTS, Innovatron, Picopass, Topaz Card<\/td>\n<\/tr>\n<tr>\n<td width=\"373\">\u00a0 NFC-funktioner:<\/td>\n<\/tr>\n<tr>\n<td width=\"373\">Smartkortl\u00e4sare\/skrivare, tangentbordsemulering, kortemulering<\/td>\n<\/tr>\n<tr>\n<td width=\"225\">Firmware uppgradering<\/td>\n<td width=\"373\">St\u00f6ds<\/td>\n<\/tr>\n<tr>\n<td colspan=\"2\" width=\"598\">Certifieringar\/\u00f6verensst\u00e4mmelse<\/td>\n<\/tr>\n<tr>\n<td rowspan=\"4\" width=\"225\">Certifieringar\/\u00f6verensst\u00e4mmelse<\/td>\n<td width=\"373\">Certifieringar:<\/td>\n<\/tr>\n<tr>\n<td width=\"373\">IEC\/EN 62368, CE, UKCA, FCC, VCCI, KC, J-LIS, RoHS, REACH, WEEE, Microsoft\u00ae WHQL, IP67<\/td>\n<\/tr>\n<tr>\n<td width=\"373\">Efterlevnad:<\/td>\n<\/tr>\n<tr>\n<td width=\"373\">USB CCID, PC\/SC<\/td>\n<\/tr>\n<tr>\n<td colspan=\"2\" width=\"598\">Support f\u00f6r enhetsdrivrutiner Operativsystem<\/td>\n<\/tr>\n<tr>\n<td width=\"225\">Support f\u00f6r enhetsdrivrutiner Operativsystem<\/td>\n<td width=\"373\">Windows\u00ae, Linux\u00ae, macOS, Android\u2122, iOS\/iPadOS (16 eller h\u00f6gre)<\/td>\n<\/tr>\n<tr>\n<td><\/td>\n<td><\/td>\n<\/tr>\n<\/tbody>\n<\/table>","protected":false},"excerpt":{"rendered":"<p>ACR1552U-A2 AquaGuard NFC USB UID-kortl\u00e4sare \u00e4r en robust enhet designad f\u00f6r p\u00e5litlig prestanda i utmanande milj\u00f6er.<\/p>","protected":false},"featured_media":2770,"template":"","meta":[],"product_brand":[],"product_cat":[45,40],"product_tag":[],"class_list":{"0":"post-2765","1":"product","2":"type-product","3":"status-publish","4":"has-post-thumbnail","6":"product_cat-contactless-nfc-reader","7":"product_cat-rfid-nfc-reader","9":"first","10":"instock","11":"shipping-taxable","12":"product-type-simple"},"_links":{"self":[{"href":"https:\/\/nfc-readers.com\/sv\/wp-json\/wp\/v2\/product\/2765","targetHints":{"allow":["GET"]}}],"collection":[{"href":"https:\/\/nfc-readers.com\/sv\/wp-json\/wp\/v2\/product"}],"about":[{"href":"https:\/\/nfc-readers.com\/sv\/wp-json\/wp\/v2\/types\/product"}],"wp:featuredmedia":[{"embeddable":true,"href":"https:\/\/nfc-readers.com\/sv\/wp-json\/wp\/v2\/media\/2770"}],"wp:attachment":[{"href":"https:\/\/nfc-readers.com\/sv\/wp-json\/wp\/v2\/media?parent=2765"}],"wp:term":[{"taxonomy":"product_brand","embeddable":true,"href":"https:\/\/nfc-readers.com\/sv\/wp-json\/wp\/v2\/product_brand?post=2765"},{"taxonomy":"product_cat","embeddable":true,"href":"https:\/\/nfc-readers.com\/sv\/wp-json\/wp\/v2\/product_cat?post=2765"},{"taxonomy":"product_tag","embeddable":true,"href":"https:\/\/nfc-readers.com\/sv\/wp-json\/wp\/v2\/product_tag?post=2765"}],"curies":[{"name":"wp","href":"https:\/\/api.w.org\/{rel}","templated":true}]}}