{"id":2780,"date":"2024-06-12T02:05:36","date_gmt":"2024-06-12T02:05:36","guid":{"rendered":"https:\/\/nfc-readers.com\/?post_type=product&#038;p=2780"},"modified":"2024-09-23T06:11:23","modified_gmt":"2024-09-23T06:11:23","slug":"acr40u-premium-high-speed-usb-contact-smartcard-reader-writer","status":"publish","type":"product","link":"https:\/\/nfc-readers.com\/sv\/ic-reader\/acr40u-premium-high-speed-usb-contact-smartcard-reader-writer\/","title":{"rendered":"ACR40U Premium High Speed USB Contact Smartcard Reader Writer"},"content":{"rendered":"<h1>ACR40U Premium High Speed USB Contact Smartcard Reader Writer<\/h1>\n<div class=\"auto-hide-last-sibling-br paragraph_1252f paragraph-element\">Vi presenterar ACR40U, snabbl\u00e4sare f\u00f6r USB-kontaktsmartkort. Den ger kontinuerligt st\u00f6d f\u00f6r ISO 7816 klass A, B och C smartkort, mikroprocessorkort som anv\u00e4nder T=0 och T=1 protokoll och ett omfattande utbud av minneskort som finns tillg\u00e4ngliga p\u00e5 marknaden. ACR40U har dubbla LED-lampor som indikerar status f\u00f6r kortet och l\u00e4saren. Viktiga f\u00f6rb\u00e4ttringar inkluderar m\u00f6jligheten att uppgradera firmware och spara anv\u00e4ndardata p\u00e5 enheten, vilket tillgodoser ett brett spektrum av applikationsscenarier. Den inneh\u00e5ller ocks\u00e5 ett stativtillbeh\u00f6r som m\u00f6jligg\u00f6r olika konfigurationer, inklusive b\u00e5de vertikala och horisontella orienteringar. ACR40U f\u00f6ljer standarderna CCID, PC\/SC och Microsoft\u00ae WHQL och garanterar enkel integration med m\u00e5nga operativsystem som Windows\u00ae, Linux\u00ae, macOS , iOS, iPadOS och Android\u2122. Den st\u00f6der b\u00e5de USB Typ-A- och Type-C-gr\u00e4nssnitt och erbjuder flexibla anslutningsalternativ.<\/div>\n<div>\n<ul>\n<li>\n<h2>USB 2.0 Full Speed Interface<\/h2>\n<\/li>\n<li>\n<h2>USB typ A<\/h2>\n<\/li>\n<li>\n<h2>Plug and Play \u2013 CCID-st\u00f6d ger maximal r\u00f6rlighet<\/h2>\n<\/li>\n<li>\n<h2>Smartkortl\u00e4sare:<\/h2>\n<ul>\n<li>\n<h3>St\u00f6der ISO 7816 klass A, B och C (5 V, 3 V, 1,8 V) kort<\/h3>\n<\/li>\n<li>\n<h3>St\u00f6der CAC<\/h3>\n<\/li>\n<li>\n<h3>St\u00f6der SIPRNET-kort<\/h3>\n<\/li>\n<li>\n<h3>St\u00f6der MyKad<\/h3>\n<\/li>\n<li>\n<h3>St\u00f6der J-LIS-kort<\/h3>\n<\/li>\n<li>\n<h3>St\u00f6der mikroprocessorkort med T=0- eller T=1-protokoll<\/h3>\n<\/li>\n<li>\n<h3>St\u00f6der minneskort<\/h3>\n<\/li>\n<li>\n<h3>St\u00f6der PPS (Protocol and Parameters Selection)<\/h3>\n<\/li>\n<li>\n<h3>Har kortslutningsskydd<\/h3>\n<\/li>\n<\/ul>\n<\/li>\n<li>\n<h2>Applikationsprogrammeringsgr\u00e4nssnitt:<\/h2>\n<ul>\n<li>\n<h3>St\u00f6der PC\/SC<\/h3>\n<\/li>\n<li>\n<h3>St\u00f6d CT-API<\/h3>\n<\/li>\n<\/ul>\n<\/li>\n<li>\n<h2>St\u00f6der alla st\u00f6rre operativsystem<\/h2>\n<ul>\n<li>\n<h3>Windows\u00ae, Linux\u00ae, macOS, iOS, iPadOS, Android\u2122, Solaris\u2122<\/h3>\n<\/li>\n<\/ul>\n<\/li>\n<\/ul>\n<table width=\"606\">\n<tbody>\n<tr>\n<td colspan=\"2\" width=\"606\">Fysiska egenskaper<\/td>\n<\/tr>\n<tr>\n<td width=\"211\">M\u00e5tt (mm)<\/td>\n<td width=\"395\">62,5 mm (L) \u00d7 67,6 mm (B) \u00d7 58,5 mm (H)<\/td>\n<\/tr>\n<tr>\n<td width=\"211\">Vikt (g)<\/td>\n<td width=\"395\">40,0 g \u00b1 5,0 g<\/td>\n<\/tr>\n<tr>\n<td colspan=\"2\" width=\"606\">USB-gr\u00e4nssnitt<\/td>\n<\/tr>\n<tr>\n<td width=\"211\">Protokoll<\/td>\n<td width=\"395\">USB CCID<\/td>\n<\/tr>\n<tr>\n<td width=\"211\">Anslutningstyp<\/td>\n<td width=\"395\">Standard typ A, typ C<\/td>\n<\/tr>\n<tr>\n<td width=\"211\">Kraftk\u00e4lla<\/td>\n<td width=\"395\">Fr\u00e5n USB-porten<\/td>\n<\/tr>\n<tr>\n<td width=\"211\">Fart<\/td>\n<td width=\"395\">USB 2.0 full hastighet (12 Mbps)<\/td>\n<\/tr>\n<tr>\n<td width=\"211\">Kabell\u00e4ngd<\/td>\n<td width=\"395\">1 m, fast<\/td>\n<\/tr>\n<tr>\n<td colspan=\"2\" width=\"606\">Kontakta Smart Card Interface<\/td>\n<\/tr>\n<tr>\n<td width=\"211\">Antal spelautomater<\/td>\n<td width=\"395\">1 kortplats i full storlek<\/td>\n<\/tr>\n<tr>\n<td width=\"211\">Standard<\/td>\n<td width=\"395\">ISO 7816, delar 1-4, klass A, B, C (5 V, 3 V, 1,8 V)<\/td>\n<\/tr>\n<tr>\n<td width=\"211\">Protokoll<\/td>\n<td width=\"395\">T=0; T=1; St\u00f6d f\u00f6r minneskort<\/td>\n<\/tr>\n<tr>\n<td width=\"211\">Andra<\/td>\n<td width=\"395\">Mykad, CAC, J-LIS, SIPRNET-kort<\/td>\n<\/tr>\n<tr>\n<td colspan=\"2\" width=\"606\">Certifieringar\/\u00f6verensst\u00e4mmelse<\/td>\n<\/tr>\n<tr>\n<td width=\"211\">Certifieringar\/\u00f6verensst\u00e4mmelse<\/td>\n<td width=\"395\">EN62368\/IEC 62368 CE FCC RoHS REACH EMV\u2122 Niv\u00e5 1 (Kontakt) UL 62368 J-LIS KC PBOC Niv\u00e5 1 (Kontakt) TAA UKCA UL VCCI WEEE USB 2.0 Full Speed Microsoft\u00ae WHQL<\/td>\n<\/tr>\n<tr>\n<td colspan=\"2\" width=\"606\">Support f\u00f6r enhetsdrivrutiner Operativsystem<\/td>\n<\/tr>\n<tr>\n<td width=\"211\">Support f\u00f6r enhetsdrivrutiner Operativsystem<\/td>\n<td width=\"395\">Windows\u00ae Linux\u00ae macOS IOS iPadOS Android\u2122 Solaris\u2122<\/td>\n<\/tr>\n<tr>\n<td><\/td>\n<td><\/td>\n<\/tr>\n<\/tbody>\n<\/table>\n<\/div>","protected":false},"excerpt":{"rendered":"<div class=\"auto-hide-last-sibling-br paragraph_1252f paragraph-element\">ACR40U \u00e4r en kompakt EMV PBOC-kortl\u00e4sare som st\u00f6der olika smartkort och erbjuder flexibla anslutningsm\u00f6jligheter.<\/div>","protected":false},"featured_media":2783,"template":"","meta":[],"product_brand":[],"product_cat":[39],"product_tag":[],"class_list":{"0":"post-2780","1":"product","2":"type-product","3":"status-publish","4":"has-post-thumbnail","6":"product_cat-usb-ic-smartcard-reader","8":"first","9":"instock","10":"shipping-taxable","11":"product-type-simple"},"_links":{"self":[{"href":"https:\/\/nfc-readers.com\/sv\/wp-json\/wp\/v2\/product\/2780","targetHints":{"allow":["GET"]}}],"collection":[{"href":"https:\/\/nfc-readers.com\/sv\/wp-json\/wp\/v2\/product"}],"about":[{"href":"https:\/\/nfc-readers.com\/sv\/wp-json\/wp\/v2\/types\/product"}],"wp:featuredmedia":[{"embeddable":true,"href":"https:\/\/nfc-readers.com\/sv\/wp-json\/wp\/v2\/media\/2783"}],"wp:attachment":[{"href":"https:\/\/nfc-readers.com\/sv\/wp-json\/wp\/v2\/media?parent=2780"}],"wp:term":[{"taxonomy":"product_brand","embeddable":true,"href":"https:\/\/nfc-readers.com\/sv\/wp-json\/wp\/v2\/product_brand?post=2780"},{"taxonomy":"product_cat","embeddable":true,"href":"https:\/\/nfc-readers.com\/sv\/wp-json\/wp\/v2\/product_cat?post=2780"},{"taxonomy":"product_tag","embeddable":true,"href":"https:\/\/nfc-readers.com\/sv\/wp-json\/wp\/v2\/product_tag?post=2780"}],"curies":[{"name":"wp","href":"https:\/\/api.w.org\/{rel}","templated":true}]}}