{"id":2784,"date":"2024-06-12T02:17:57","date_gmt":"2024-06-12T02:17:57","guid":{"rendered":"https:\/\/nfc-readers.com\/?post_type=product&#038;p=2784"},"modified":"2024-09-23T06:09:10","modified_gmt":"2024-09-23T06:09:10","slug":"acr40t-premium-high-speed-usb-contact-sim-sized-smartcard-reader-writer","status":"publish","type":"product","link":"https:\/\/nfc-readers.com\/sv\/ic-reader\/acr40t-premium-high-speed-usb-contact-sim-sized-smartcard-reader-writer\/","title":{"rendered":"ACR40T Premium High Speed USB Contact SIM-storlek Smartcard Reader Writer"},"content":{"rendered":"<h1>ACR40T Premium High Speed USB Contact SIM-storlek Smartcard Reader Writer<\/h1>\n<div class=\"auto-hide-last-sibling-br paragraph_1252f paragraph-element\">Vi presenterar ACR40T, den senaste kompakta snabbl\u00e4saren f\u00f6r USB-kontakt i SIM-storlek. Den st\u00f6der firmwareuppgraderingar och \u00e4r kompatibel med ISO 7816 klass A, B och C smartkort (5 V, 3 V, 1,8 V), mikroprocessorkort med T=0- och T=1-protokoll och ett brett utbud av tillg\u00e4ngliga minneskort p\u00e5 marknaden.<\/div>\n<div class=\"auto-hide-last-sibling-br paragraph_1252f paragraph-element\">Den utm\u00e4rkande f\u00f6rdelen hos ACR40T blandar avancerad, innovativ teknik och \u00e4r dess kompakta design och skjutbara smartkorts\u00f6ppning f\u00f6r en smidig, problemfri upplevelse. Premiumdesignen hos ACR40T-A6\/A7 inkluderar en inbyggd knapp f\u00f6r specifika applikationer, en funktion som \u00e4r avg\u00f6rande f\u00f6r att validera anv\u00e4ndarn\u00e4rvaro, vilket s\u00e4kerst\u00e4ller att anv\u00e4ndaren \u00e4r fysiskt d\u00e4r f\u00f6r att interagera med applikationen. I enlighet med CCID och PC\/SC samt Microsoft\u00ae WHQL-standarder \u00e4r ACR40T kompatibel med flera operativsystem som Windows\u00ae, Linux\u00ae, macOS, Android\u2122. Den rymmer b\u00e5de USB Type-A- och USB Type-C-anslutningar.<\/div>\n<div>\n<ul>\n<li>\n<h2><strong>St\u00f6der olika typer av kontaktkort<\/strong><\/h2>\n<ul>\n<li>\n<h3>ISO 7816 klass A, B och C (5 V, 3 V och 1,8 V)<\/h3>\n<\/li>\n<li>\n<h3>Mikroprocessorkort (T=0, T=1)<\/h3>\n<\/li>\n<li>\n<h3>Minneskort<\/h3>\n<\/li>\n<li>\n<h3>Har kortslutningsskydd<\/h3>\n<\/li>\n<\/ul>\n<\/li>\n<li>\n<h2><strong>Applikationsprogrammeringsgr\u00e4nssnitt:<\/strong><\/h2>\n<ul>\n<li>\n<h3>St\u00f6der PC\/SC<\/h3>\n<\/li>\n<\/ul>\n<\/li>\n<li>\n<h2><strong>Inbyggd kringutrustning<\/strong><\/h2>\n<ul>\n<li>\n<h3>1 x Programmerbar LED (gr\u00f6n)<\/h3>\n<\/li>\n<li>\n<h3>1 x inbyggd knapp<\/h3>\n<\/li>\n<\/ul>\n<\/li>\n<\/ul>\n<table width=\"560\">\n<tbody>\n<tr>\n<td colspan=\"2\" width=\"560\">Fysiska egenskaper<\/td>\n<\/tr>\n<tr>\n<td rowspan=\"2\" width=\"197\">M\u00e5tt (mm)<\/td>\n<td width=\"363\">ACR40T-A6: 49,5 mm (L) \u00d7 17,7 mm (B) \u00d7 8,0 mm (H)<\/td>\n<\/tr>\n<tr>\n<td width=\"363\">ACR40T-A7: 45,9 mm (L) \u00d7 17,7 mm (B) \u00d7 8,0 mm (H)<\/td>\n<\/tr>\n<tr>\n<td rowspan=\"2\" width=\"197\">Vikt (g)<\/td>\n<td width=\"363\">ACR40T-A6: 8,1 g \u00b1 1,0 g<\/td>\n<\/tr>\n<tr>\n<td width=\"363\">ACR40T-A7: 6,2 g \u00b1 1,0 g<\/td>\n<\/tr>\n<tr>\n<td colspan=\"2\" width=\"560\">USB-gr\u00e4nssnitt<\/td>\n<\/tr>\n<tr>\n<td width=\"197\">Protokoll<\/td>\n<td width=\"363\">USB CCID<\/td>\n<\/tr>\n<tr>\n<td rowspan=\"2\" width=\"197\">Anslutningstyp<\/td>\n<td width=\"363\">USB typ-A<\/td>\n<\/tr>\n<tr>\n<td width=\"363\">USB typ-C<\/td>\n<\/tr>\n<tr>\n<td width=\"197\">Kraftk\u00e4lla<\/td>\n<td width=\"363\">Fr\u00e5n USB-porten<\/td>\n<\/tr>\n<tr>\n<td width=\"197\">Fart<\/td>\n<td width=\"363\">USB full hastighet (12 Mbps)<\/td>\n<\/tr>\n<tr>\n<td colspan=\"2\" width=\"560\">Kontakta Smart Card Interface<\/td>\n<\/tr>\n<tr>\n<td width=\"197\">Antal spelautomater<\/td>\n<td width=\"363\">1 kortplats i SIM-storlek (2FF)<\/td>\n<\/tr>\n<tr>\n<td width=\"197\">Protokoll<\/td>\n<td width=\"363\">T=0; T=1<\/td>\n<\/tr>\n<tr>\n<td colspan=\"2\" width=\"560\">Inbyggd kringutrustning<\/td>\n<\/tr>\n<tr>\n<td width=\"197\">Knappar<\/td>\n<td width=\"363\">1<\/td>\n<\/tr>\n<tr>\n<td width=\"197\">LED<\/td>\n<td width=\"363\">Gr\u00f6n<\/td>\n<\/tr>\n<tr>\n<td colspan=\"2\" width=\"560\">Andra funktioner<\/td>\n<\/tr>\n<tr>\n<td width=\"197\">Andra funktioner<\/td>\n<td width=\"363\">St\u00f6der firmware-uppgradering<\/td>\n<\/tr>\n<tr>\n<td colspan=\"2\" width=\"560\">Certifieringar\/\u00f6verensst\u00e4mmelse<\/td>\n<\/tr>\n<tr>\n<td rowspan=\"12\" width=\"197\">Certifieringar\/\u00f6verensst\u00e4mmelse<\/td>\n<td width=\"363\">Certifieringar:<\/td>\n<\/tr>\n<tr>\n<td width=\"363\">UL 62368<\/td>\n<\/tr>\n<tr>\n<td width=\"363\">CE<\/td>\n<\/tr>\n<tr>\n<td width=\"363\">UKCA<\/td>\n<\/tr>\n<tr>\n<td width=\"363\">FCC<\/td>\n<\/tr>\n<tr>\n<td width=\"363\">RoHS<\/td>\n<\/tr>\n<tr>\n<td width=\"363\">N\u00c5<\/td>\n<\/tr>\n<tr>\n<td width=\"363\">VCCI<\/td>\n<\/tr>\n<tr>\n<td width=\"363\">Microsoft\u00ae WHQL<\/td>\n<\/tr>\n<tr>\n<td width=\"363\">Efterlevnad:<\/td>\n<\/tr>\n<tr>\n<td width=\"363\">USB CCID<\/td>\n<\/tr>\n<tr>\n<td width=\"363\">PC\/SC<\/td>\n<\/tr>\n<tr>\n<td colspan=\"2\" width=\"560\">Support f\u00f6r enhetsdrivrutiner Operativsystem<\/td>\n<\/tr>\n<tr>\n<td rowspan=\"4\" width=\"197\">Support f\u00f6r enhetsdrivrutiner Operativsystem<\/td>\n<td width=\"363\">Windows\u00ae<\/td>\n<\/tr>\n<tr>\n<td width=\"363\">Linux\u00ae<\/td>\n<\/tr>\n<tr>\n<td width=\"363\">macOS<\/td>\n<\/tr>\n<tr>\n<td width=\"363\">Android\u2122<\/td>\n<\/tr>\n<\/tbody>\n<\/table>\n<\/div>","protected":false},"excerpt":{"rendered":"<div class=\"auto-hide-last-sibling-br paragraph_1252f paragraph-element\">ACR40T \u00e4r en kompakt CCID-smartkortsl\u00e4sare som st\u00f6der olika smartkort och \u00e4r kompatibel med flera operativsystem.<\/div>","protected":false},"featured_media":2785,"template":"","meta":[],"product_brand":[],"product_cat":[39],"product_tag":[],"class_list":{"0":"post-2784","1":"product","2":"type-product","3":"status-publish","4":"has-post-thumbnail","6":"product_cat-usb-ic-smartcard-reader","8":"first","9":"instock","10":"shipping-taxable","11":"product-type-simple"},"_links":{"self":[{"href":"https:\/\/nfc-readers.com\/sv\/wp-json\/wp\/v2\/product\/2784","targetHints":{"allow":["GET"]}}],"collection":[{"href":"https:\/\/nfc-readers.com\/sv\/wp-json\/wp\/v2\/product"}],"about":[{"href":"https:\/\/nfc-readers.com\/sv\/wp-json\/wp\/v2\/types\/product"}],"wp:featuredmedia":[{"embeddable":true,"href":"https:\/\/nfc-readers.com\/sv\/wp-json\/wp\/v2\/media\/2785"}],"wp:attachment":[{"href":"https:\/\/nfc-readers.com\/sv\/wp-json\/wp\/v2\/media?parent=2784"}],"wp:term":[{"taxonomy":"product_brand","embeddable":true,"href":"https:\/\/nfc-readers.com\/sv\/wp-json\/wp\/v2\/product_brand?post=2784"},{"taxonomy":"product_cat","embeddable":true,"href":"https:\/\/nfc-readers.com\/sv\/wp-json\/wp\/v2\/product_cat?post=2784"},{"taxonomy":"product_tag","embeddable":true,"href":"https:\/\/nfc-readers.com\/sv\/wp-json\/wp\/v2\/product_tag?post=2784"}],"curies":[{"name":"wp","href":"https:\/\/api.w.org\/{rel}","templated":true}]}}