{"id":2815,"date":"2024-06-19T06:35:44","date_gmt":"2024-06-19T06:35:44","guid":{"rendered":"https:\/\/nfc-readers.com\/?post_type=product&#038;p=2815"},"modified":"2024-09-23T05:48:48","modified_gmt":"2024-09-23T05:48:48","slug":"acr39u-h1-high-speed-usb-contact-smartcard-reader-writer","status":"publish","type":"product","link":"https:\/\/nfc-readers.com\/sv\/ic-reader\/acr39u-h1-high-speed-usb-contact-smartcard-reader-writer\/","title":{"rendered":"ACR39U-H1 High Speed USB Contact Smartcard Reader Writer"},"content":{"rendered":"<h1>ACR39U-H1 High Speed USB Contact Smartcard Reader Writer<\/h1>\n<p>ACR39U-H1 \u00e4r en m\u00e5ngsidig smartkortl\u00e4sare som st\u00f6der ISO 7816 klass A, B och C smartkort (5 V, 3 V och 1,8 V), mikroprocessorkort med T=0- eller T=1-protokollet och minne kort. Noterbart \u00e4r det ocks\u00e5 kompatibelt med det malaysiska identitetskortet (Mykad). Den har ett USB-gr\u00e4nssnitt med full hastighet och har en l\u00e4s-\/skrivhastighet f\u00f6r smartkort p\u00e5 upp till 600 Kbps. ACR39U-H1 \u00e4r otroligt h\u00e5llbar, med en livsl\u00e4ngd p\u00e5 200 000 kortins\u00e4ttningscykler. Den har olika certifieringar, inklusive EMV\u2122 Level 1 (Kontakt) och PBOC (People&#039;s Bank of China), vilket g\u00f6r den till den perfekta smartkortsl\u00e4saren f\u00f6r dina e-Banking- och e-betalningsapplikationer.<\/p>\n<ul>\n<li>\n<h2>USB Full Speed Interface<\/h2>\n<\/li>\n<li>\n<h2>Kompatibel med USB 3.0<\/h2>\n<\/li>\n<li>\n<h2>USB Typ-A-kontakt<\/h2>\n<\/li>\n<li>\n<h2>Plug and Play \u2013 CCID-st\u00f6d ger maximal r\u00f6rlighet<\/h2>\n<\/li>\n<li>\n<h2>Smartkortl\u00e4sare:<\/h2>\n<ul>\n<li>\n<h3>Kontaktgr\u00e4nssnitt:<\/h3>\n<ul>\n<li>St\u00f6der ISO 7816 klass A, B och C (5 V, 3 V, 1,8 V) kort<\/li>\n<li>St\u00f6der CAC (Common Access Card)<\/li>\n<li>St\u00f6der SIPRNET-kort<\/li>\n<li>St\u00f6der mikroprocessorkort med T=0- eller T=1-protokoll<\/li>\n<li>St\u00f6der minneskort<\/li>\n<li>St\u00f6der Mykad Card<\/li>\n<li>St\u00f6der PPS (Protocol and Parameters Selection)<\/li>\n<li>Har kortslutningsskydd<\/li>\n<\/ul>\n<\/li>\n<\/ul>\n<\/li>\n<li>\n<h2>Applikationsprogrammeringsgr\u00e4nssnitt:<\/h2>\n<ul>\n<li>\n<h3>St\u00f6der PC\/SC<\/h3>\n<\/li>\n<li>\n<h3>St\u00f6der CT-API (genom omslag ovanp\u00e5 PC\/SC)<\/h3>\n<\/li>\n<\/ul>\n<\/li>\n<li>\n<h2>St\u00f6der Android\u2122 3.1 och senare<\/h2>\n<\/li>\n<\/ul>\n<table width=\"478\">\n<tbody>\n<tr>\n<td colspan=\"2\" width=\"478\">Fysiska egenskaper<\/td>\n<\/tr>\n<tr>\n<td width=\"237\">M\u00e5tt (mm)<\/td>\n<td width=\"241\">71,5 mm (L) x 80,0 mm (B) x 80,0 mm (H)<\/td>\n<\/tr>\n<tr>\n<td width=\"237\">Vikt (g)<\/td>\n<td width=\"241\">174 g<\/td>\n<\/tr>\n<tr>\n<td colspan=\"2\" width=\"478\">Frist\u00e5ende l\u00e4ge<\/td>\n<\/tr>\n<tr>\n<td width=\"237\">Operativsystem<\/td>\n<td width=\"241\">1 kortplats i full storlek<\/td>\n<\/tr>\n<tr>\n<td colspan=\"2\" width=\"478\">USB-gr\u00e4nssnitt<\/td>\n<\/tr>\n<tr>\n<td width=\"237\">Protokoll<\/td>\n<td width=\"241\">USB CCID<\/td>\n<\/tr>\n<tr>\n<td width=\"237\">Anslutningstyp<\/td>\n<td width=\"241\">Standard typ-A<\/td>\n<\/tr>\n<tr>\n<td width=\"237\">Kraftk\u00e4lla<\/td>\n<td width=\"241\">Fr\u00e5n USB-porten<\/td>\n<\/tr>\n<tr>\n<td width=\"237\">Fart<\/td>\n<td width=\"241\">USB 2.0 full hastighet (12 Mbps)<\/td>\n<\/tr>\n<tr>\n<td width=\"237\">Kabell\u00e4ngd<\/td>\n<td width=\"241\">1,5 m, fast<\/td>\n<\/tr>\n<tr>\n<td colspan=\"2\" width=\"478\">Kontakta Smart Card Interface<\/td>\n<\/tr>\n<tr>\n<td width=\"237\">Antal spelautomater<\/td>\n<td width=\"241\">1 kortplats i full storlek<\/td>\n<\/tr>\n<tr>\n<td width=\"237\">Standard<\/td>\n<td width=\"241\">ISO 7816, delar 1-4, klass A, B, C (5 V, 3 V, 1,8 V)<\/td>\n<\/tr>\n<tr>\n<td width=\"237\">Protokoll<\/td>\n<td width=\"241\">T=0; T=1; St\u00f6d f\u00f6r minneskort<\/td>\n<\/tr>\n<tr>\n<td width=\"237\">Andra<\/td>\n<td width=\"241\">Mykad Card, CAC, PIV, SIPRNET Smart Cards<\/td>\n<\/tr>\n<tr>\n<td colspan=\"2\" width=\"478\">Certifieringar\/\u00f6verensst\u00e4mmelse<\/td>\n<\/tr>\n<tr>\n<td rowspan=\"17\" width=\"237\">Certifieringar\/\u00f6verensst\u00e4mmelse<\/td>\n<td width=\"241\">EN62368\/IEC 62368<\/td>\n<\/tr>\n<tr>\n<td width=\"241\">CE<\/td>\n<\/tr>\n<tr>\n<td width=\"241\">FCC<\/td>\n<\/tr>\n<tr>\n<td width=\"241\">RoHS<\/td>\n<\/tr>\n<tr>\n<td width=\"241\">N\u00c5<\/td>\n<\/tr>\n<tr>\n<td width=\"241\">EMV\u2122 niv\u00e5 1 (kontakt)<\/td>\n<\/tr>\n<tr>\n<td width=\"241\">KCC<\/td>\n<\/tr>\n<tr>\n<td width=\"241\">PBOC<\/td>\n<\/tr>\n<tr>\n<td width=\"241\">TAA (USA)<\/td>\n<\/tr>\n<tr>\n<td width=\"241\">UKCA<\/td>\n<\/tr>\n<tr>\n<td width=\"241\">VCCI<\/td>\n<\/tr>\n<tr>\n<td width=\"241\">WEEE<\/td>\n<\/tr>\n<tr>\n<td width=\"241\">ISO 7816<\/td>\n<\/tr>\n<tr>\n<td width=\"241\">USB 2.0 full hastighet<\/td>\n<\/tr>\n<tr>\n<td width=\"241\">PC\/SC<\/td>\n<\/tr>\n<tr>\n<td width=\"241\">CCID<\/td>\n<\/tr>\n<tr>\n<td width=\"241\">Microsoft\u00ae WHQL<\/td>\n<\/tr>\n<tr>\n<td colspan=\"2\" width=\"478\">Support f\u00f6r enhetsdrivrutiner Operativsystem<\/td>\n<\/tr>\n<tr>\n<td rowspan=\"5\" width=\"237\">Support f\u00f6r enhetsdrivrutiner Operativsystem<\/td>\n<td width=\"241\">Windows\u00ae<\/td>\n<\/tr>\n<tr>\n<td width=\"241\">Linux\u00ae<\/td>\n<\/tr>\n<tr>\n<td width=\"241\">macOS\u00ae<\/td>\n<\/tr>\n<tr>\n<td width=\"241\">Solaris\u2122<\/td>\n<\/tr>\n<tr>\n<td width=\"241\">Android\u2122<\/td>\n<\/tr>\n<tr>\n<td><\/td>\n<td><\/td>\n<\/tr>\n<\/tbody>\n<\/table>","protected":false},"excerpt":{"rendered":"<p>ACR39U-H1 \u00e4r en anv\u00e4ndarv\u00e4nlig EMV PBOC-kortl\u00e4sare designad f\u00f6r olika applikationer, inklusive e-f\u00f6rvaltning och \u00e5tkomstkontroll.<\/p>","protected":false},"featured_media":2816,"template":"","meta":[],"product_brand":[],"product_cat":[39],"product_tag":[],"class_list":{"0":"post-2815","1":"product","2":"type-product","3":"status-publish","4":"has-post-thumbnail","6":"product_cat-usb-ic-smartcard-reader","8":"first","9":"instock","10":"shipping-taxable","11":"product-type-simple"},"_links":{"self":[{"href":"https:\/\/nfc-readers.com\/sv\/wp-json\/wp\/v2\/product\/2815","targetHints":{"allow":["GET"]}}],"collection":[{"href":"https:\/\/nfc-readers.com\/sv\/wp-json\/wp\/v2\/product"}],"about":[{"href":"https:\/\/nfc-readers.com\/sv\/wp-json\/wp\/v2\/types\/product"}],"wp:featuredmedia":[{"embeddable":true,"href":"https:\/\/nfc-readers.com\/sv\/wp-json\/wp\/v2\/media\/2816"}],"wp:attachment":[{"href":"https:\/\/nfc-readers.com\/sv\/wp-json\/wp\/v2\/media?parent=2815"}],"wp:term":[{"taxonomy":"product_brand","embeddable":true,"href":"https:\/\/nfc-readers.com\/sv\/wp-json\/wp\/v2\/product_brand?post=2815"},{"taxonomy":"product_cat","embeddable":true,"href":"https:\/\/nfc-readers.com\/sv\/wp-json\/wp\/v2\/product_cat?post=2815"},{"taxonomy":"product_tag","embeddable":true,"href":"https:\/\/nfc-readers.com\/sv\/wp-json\/wp\/v2\/product_tag?post=2815"}],"curies":[{"name":"wp","href":"https:\/\/api.w.org\/{rel}","templated":true}]}}