{"id":2877,"date":"2024-07-02T01:58:12","date_gmt":"2024-07-02T01:58:12","guid":{"rendered":"https:\/\/nfc-readers.com\/?post_type=product&#038;p=2877"},"modified":"2024-09-23T05:42:11","modified_gmt":"2024-09-23T05:42:11","slug":"acr39f-a2-usb-contact-smartcard-reader-writer","status":"publish","type":"product","link":"https:\/\/nfc-readers.com\/sv\/ic-reader\/acr39f-a2-usb-contact-smartcard-reader-writer\/","title":{"rendered":"ACR39F A2 USB Contact Smartcard Reader Writer"},"content":{"rendered":"<h1>ACR39F A2 USB Contact Smartcard Reader Writer<\/h1>\n<div class=\"auto-hide-last-sibling-br paragraph_9dc5f paragraph-element\">ACR39F Smart Floppy erbjuder en optimal l\u00f6sning f\u00f6r att enkelt integrera smartkortl\u00e4sare i skrivbordsinst\u00e4llningar. Den ansluts via ett USB-gr\u00e4nssnitt och drivs av datorns interna str\u00f6mf\u00f6rs\u00f6rjning, vilket m\u00f6jligg\u00f6r anpassning f\u00f6r att passa anv\u00e4ndarnas preferenser. ACR39F Smart Floppy st\u00f6der ISO 7816 klass A, B och C smartkort, och \u00e4r \u00e4ven kompatibel med olika minneskort och mikroprocessorkort som anv\u00e4nder T=0- och T=1-protokollen. Den har ett USB Full Speed-gr\u00e4nssnitt och ger en l\u00e4s-\/skrivhastighet p\u00e5 600 Kbps f\u00f6r smartkort. Denna robusta enhet \u00e4r designad f\u00f6r att klara minst 100 000 kortins\u00e4ttningscykler, vilket s\u00e4kerst\u00e4ller l\u00e5ngvarig prestanda.<\/div>\n<div>\n<ul>\n<li>\n<h2>USB 2.0 Full Speed Interface (via l\u00f6stagbar kabel)<\/h2>\n<\/li>\n<li>\n<h2>Kompatibel med USB 3.0<\/h2>\n<\/li>\n<li>\n<h2>Plug and Play \u2013 CCID-st\u00f6d ger maximal r\u00f6rlighet<\/h2>\n<\/li>\n<li>\n<h2>Smartkortl\u00e4sare:<\/h2>\n<ul>\n<li>\n<h3>St\u00f6der ISO 7816 klass A, B och C (5 V, 3 V, 1,8 V) kort<\/h3>\n<\/li>\n<li>\n<h3>St\u00f6der CAC<\/h3>\n<\/li>\n<li>\n<h3>St\u00f6der SIPRNET-kort<\/h3>\n<\/li>\n<li>\n<h3>St\u00f6der J-LIS-kort<\/h3>\n<\/li>\n<li>\n<h3>St\u00f6der mikroprocessorkort med T=0- eller T=1-protokoll<\/h3>\n<\/li>\n<li>\n<h3>St\u00f6der minneskort<\/h3>\n<\/li>\n<li>\n<h3>St\u00f6der PPS (Protocol and Parameters Selection)<\/h3>\n<\/li>\n<li>\n<h3>Har kortslutningsskydd<\/h3>\n<\/li>\n<\/ul>\n<\/li>\n<li>\n<h2>Applikationsprogrammeringsgr\u00e4nssnitt:<\/h2>\n<ul>\n<li>\n<h3>St\u00f6der PC\/SC<\/h3>\n<\/li>\n<li>\n<h3>St\u00f6der CT-API (genom omslag ovanp\u00e5 PC\/SC)<\/h3>\n<\/li>\n<\/ul>\n<\/li>\n<li>\n<h2>St\u00f6der Android\u2122 version 3.1 och senare<\/h2>\n<\/li>\n<\/ul>\n<table style=\"height: 695px;\" width=\"639\">\n<tbody>\n<tr>\n<td colspan=\"2\" width=\"473\">\n<h2>Fysiska egenskaper<\/h2>\n<\/td>\n<\/tr>\n<tr>\n<td width=\"179\">M\u00e5tt (mm)<\/td>\n<td width=\"294\">125,0 mm (L) \u00d7 101,0 mm (B) \u00d7 25,5 mm (H)<\/td>\n<\/tr>\n<tr>\n<td width=\"179\">Vikt (g)<\/td>\n<td width=\"294\">82,5 g<\/td>\n<\/tr>\n<tr>\n<td colspan=\"2\" width=\"473\">USB-gr\u00e4nssnitt<\/td>\n<\/tr>\n<tr>\n<td width=\"179\">Protokoll<\/td>\n<td width=\"294\">USB CCID<\/td>\n<\/tr>\n<tr>\n<td width=\"179\">Anslutningstyp<\/td>\n<td width=\"294\">1 x 5-stifts huvudkontakt<\/td>\n<\/tr>\n<tr>\n<td width=\"179\">Kraftk\u00e4lla<\/td>\n<td width=\"294\">Fr\u00e5n USB-porten<\/td>\n<\/tr>\n<tr>\n<td width=\"179\">Fart<\/td>\n<td width=\"294\">USB full hastighet (12 Mbps)<\/td>\n<\/tr>\n<tr>\n<td width=\"179\">Kabell\u00e4ngd<\/td>\n<td width=\"294\">1,0 m, Avtagbar<\/td>\n<\/tr>\n<tr>\n<td colspan=\"2\" width=\"473\">Kontakta Smart Card Interface<\/td>\n<\/tr>\n<tr>\n<td width=\"179\">Antal spelautomater<\/td>\n<td width=\"294\">1 kortplats i full storlek<\/td>\n<\/tr>\n<tr>\n<td width=\"179\">Standard<\/td>\n<td width=\"294\">ISO 7816, delar 1-4, klass A, B, C (5 V, 3 V, 1,8 V)<\/td>\n<\/tr>\n<tr>\n<td width=\"179\">Protokoll<\/td>\n<td width=\"294\">T=0; T=1; St\u00f6d f\u00f6r minneskort<\/td>\n<\/tr>\n<tr>\n<td width=\"179\">Andra<\/td>\n<td width=\"294\">CAC, PIV, SIPRNET, J-LIS smartkort<\/td>\n<\/tr>\n<tr>\n<td colspan=\"2\" width=\"473\">Certifieringar\/\u00f6verensst\u00e4mmelse<\/td>\n<\/tr>\n<tr>\n<td rowspan=\"9\" width=\"179\">Certifieringar\/\u00f6verensst\u00e4mmelse<\/td>\n<td width=\"294\">EN60950\/IEC 60950<\/td>\n<\/tr>\n<tr>\n<td width=\"294\">ISO 7816<\/td>\n<\/tr>\n<tr>\n<td width=\"294\">USB full hastighet<\/td>\n<\/tr>\n<tr>\n<td width=\"294\">EMV\u2122 niv\u00e5 1 (kontakt)<\/td>\n<\/tr>\n<tr>\n<td width=\"294\">PC\/SC<\/td>\n<\/tr>\n<tr>\n<td width=\"294\">CCID<\/td>\n<\/tr>\n<tr>\n<td width=\"294\">CE<\/td>\n<\/tr>\n<tr>\n<td width=\"294\">FCC<\/td>\n<\/tr>\n<tr>\n<td width=\"294\">WEEE<\/td>\n<\/tr>\n<\/tbody>\n<\/table>\n<\/div>","protected":false},"excerpt":{"rendered":"<div class=\"auto-hide-last-sibling-br paragraph_9dc5f paragraph-element\">ACR39F Smart Floppy \u00e4r en m\u00e5ngsidig EMV USB-kortl\u00e4sare som enkelt integrerar smartkortl\u00e4sare i skrivbordsinst\u00e4llningar.<\/div>","protected":false},"featured_media":2881,"template":"","meta":[],"product_brand":[],"product_cat":[39],"product_tag":[],"class_list":{"0":"post-2877","1":"product","2":"type-product","3":"status-publish","4":"has-post-thumbnail","6":"product_cat-usb-ic-smartcard-reader","8":"first","9":"instock","10":"shipping-taxable","11":"product-type-simple"},"_links":{"self":[{"href":"https:\/\/nfc-readers.com\/sv\/wp-json\/wp\/v2\/product\/2877","targetHints":{"allow":["GET"]}}],"collection":[{"href":"https:\/\/nfc-readers.com\/sv\/wp-json\/wp\/v2\/product"}],"about":[{"href":"https:\/\/nfc-readers.com\/sv\/wp-json\/wp\/v2\/types\/product"}],"wp:featuredmedia":[{"embeddable":true,"href":"https:\/\/nfc-readers.com\/sv\/wp-json\/wp\/v2\/media\/2881"}],"wp:attachment":[{"href":"https:\/\/nfc-readers.com\/sv\/wp-json\/wp\/v2\/media?parent=2877"}],"wp:term":[{"taxonomy":"product_brand","embeddable":true,"href":"https:\/\/nfc-readers.com\/sv\/wp-json\/wp\/v2\/product_brand?post=2877"},{"taxonomy":"product_cat","embeddable":true,"href":"https:\/\/nfc-readers.com\/sv\/wp-json\/wp\/v2\/product_cat?post=2877"},{"taxonomy":"product_tag","embeddable":true,"href":"https:\/\/nfc-readers.com\/sv\/wp-json\/wp\/v2\/product_tag?post=2877"}],"curies":[{"name":"wp","href":"https:\/\/api.w.org\/{rel}","templated":true}]}}