{"id":3178,"date":"2024-10-29T13:08:37","date_gmt":"2024-10-29T13:08:37","guid":{"rendered":"https:\/\/nfc-readers.com\/?post_type=product&#038;p=3178"},"modified":"2024-10-29T14:04:44","modified_gmt":"2024-10-29T14:04:44","slug":"optional-random-id-mifare-ultralight-aes-sticker-iso1443a","status":"publish","type":"product","link":"https:\/\/nfc-readers.com\/sv\/ic-reader\/optional-random-id-mifare-ultralight-aes-sticker-iso1443a\/","title":{"rendered":"valfritt Random ID Mifare Ultralight AES-dekal ISO1443A"},"content":{"rendered":"<h1><strong>valfritt Random ID Mifare Ultralight AES-dekal ISO1443A<\/strong><\/h1>\n<p>De\u00a0<strong>Valfri Random ID Mifare Ultralight AES-dekal ISO14443A<\/strong>\u00a0representerar spjutspetsen inom modern biljett- och tilltr\u00e4deskontrollteknik. Genom att kombinera f\u00f6rdelarna med RFID- och NFC-kommunikation garanterar detta m\u00e5ngsidiga smartkort h\u00f6g s\u00e4kerhet och bekv\u00e4mlighet, vilket g\u00f6r det idealiskt f\u00f6r olika applikationer som evenemangsbiljetter och lojalitetskort. Om du letar efter en p\u00e5litlig l\u00f6sning som utm\u00e4rker sig i prestanda samtidigt som den levererar s\u00f6ml\u00f6sa anv\u00e4ndarupplevelser, beh\u00f6ver du inte leta l\u00e4ngre \u00e4n denna innovativa produkt.<\/p>\n<h2>Varf\u00f6r v\u00e4lja Mifare Ultralight AES-klisterm\u00e4rke?<\/h2>\n<p>Mifare Ultralight AES-klisterm\u00e4rket \u00e4r designat f\u00f6r att f\u00f6rb\u00e4ttra s\u00e4kerheten och anv\u00e4ndbarheten i en uppsj\u00f6 av anv\u00e4ndningsfall. Med sin AES-kryptering \u00e4r dina data skyddade mot obeh\u00f6rig \u00e5tkomst, vilket s\u00e4kerst\u00e4ller sinnesfrid. Den kompakta designen m\u00f6jligg\u00f6r enkel integrering i befintliga system, medan det omfattande l\u00e4somr\u00e5det (upp till 100 cm) erbjuder o\u00f6vertr\u00e4ffad bekv\u00e4mlighet. Att investera i den h\u00e4r produkten inneb\u00e4r att investera i banbrytande teknologi som tillgodoser en m\u00e4ngd olika behov.<\/p>\n<h3><strong>H\u00f6g s\u00e4kerhet med AES-kryptering<\/strong><\/h3>\n<p>K\u00e4rnan i Mifare Ultralight AES-klisterm\u00e4rke \u00e4r den h\u00f6ga s\u00e4kerheten den ger genom\u00a0<strong>AES (Advanced Encryption Standard)<\/strong>. Denna toppmoderna krypteringsteknik skyddar anv\u00e4ndardata och s\u00e4kerst\u00e4ller s\u00e4ker kommunikation mellan klisterm\u00e4rket och kortl\u00e4sare. Eftersom s\u00e4kerhetsproblemen forts\u00e4tter att \u00f6ka i dagens digitala landskap \u00e4r det viktigt att ha en p\u00e5litlig smartkortsl\u00f6sning f\u00f6r f\u00f6retag som str\u00e4var efter att skydda k\u00e4nslig information.<\/p>\n<h3><strong>M\u00e5ngsidiga applikationsomr\u00e5den<\/strong><\/h3>\n<p>Mifare Ultralight AES Sticker \u00e4r inte bara ett smartkort; det \u00e4r en m\u00e5ngsidig l\u00f6sning som kan anv\u00e4ndas i olika applikationer. Dessa inkluderar evenemangsbiljetter, lojalitetsprogram, transportkort och passersystem. De\u00a0<strong>ISO 14443A<\/strong>\u00a0efterlevnad s\u00e4kerst\u00e4ller global kompatibilitet, vilket g\u00f6r den mycket anpassningsbar f\u00f6r f\u00f6retag som vill effektivisera verksamheten och f\u00f6rb\u00e4ttra anv\u00e4ndarupplevelsen.<\/p>\n<h3><strong>Kompakt och anpassningsbar design<\/strong><\/h3>\n<p>De\u00a0<strong>30 mm storlek<\/strong>\u00a0Mifare Ultralight AES-klisterm\u00e4rke l\u00e4mpar sig f\u00f6r enkel montering p\u00e5 olika f\u00f6rem\u00e5l, fr\u00e5n m\u00e4rken till nyckelringar. Dess anpassningsbara alternativ ger f\u00f6retag m\u00f6jligheten att integrera varum\u00e4rket s\u00f6ml\u00f6st, vilket s\u00e4kerst\u00e4ller att varje klisterm\u00e4rke inte bara fungerar effektivt utan ocks\u00e5 representerar ditt varum\u00e4rke effektivt.<\/p>\n<table class=\"preview\" style=\"height: 270px;\" width=\"553\">\n<thead>\n<tr>\n<th>S\u00e4rdrag<\/th>\n<th>Specifikation<\/th>\n<\/tr>\n<\/thead>\n<tbody>\n<tr>\n<td>Material<\/td>\n<td>PET\/bestruket papper<\/td>\n<\/tr>\n<tr>\n<td>Chips<\/td>\n<td>Ultral\u00e4tt AES<\/td>\n<\/tr>\n<tr>\n<td>Frekvens<\/td>\n<td>13,56 MHz<\/td>\n<\/tr>\n<tr>\n<td>L\u00e4somr\u00e5de<\/td>\n<td>0-100 cm<\/td>\n<\/tr>\n<tr>\n<td>Minne<\/td>\n<td>144 byte<\/td>\n<\/tr>\n<tr>\n<td>Protokoll<\/td>\n<td>ISO 14443A<\/td>\n<\/tr>\n<tr>\n<td>S\u00e4ljande enheter<\/td>\n<td>Enstaka f\u00f6rem\u00e5l<\/td>\n<\/tr>\n<tr>\n<td>F\u00f6rpackningsstorlek<\/td>\n<td>0,1 x 0,1 x 0,02 cm<\/td>\n<\/tr>\n<tr>\n<td>Bruttovikt<\/td>\n<td>0,010 kg<\/td>\n<\/tr>\n<\/tbody>\n<\/table>\n<p>&nbsp;<\/p>","protected":false},"excerpt":{"rendered":"<p>Den valfria Random ID MIFARE Ultralight AES-dekalen, kompatibel med ISO 14443A, erbjuder f\u00f6rb\u00e4ttrade s\u00e4kerhetsfunktioner och flexibel datahantering f\u00f6r effektiv \u00e5tkomstkontroll och identifieringsl\u00f6sningar. Dess kompakta design m\u00f6jligg\u00f6r enkel integrering i olika applikationer samtidigt som den s\u00e4kerst\u00e4ller p\u00e5litlig prestanda.<\/p>","protected":false},"featured_media":3179,"template":"","meta":[],"product_brand":[],"product_cat":[48],"product_tag":[],"class_list":{"0":"post-3178","1":"product","2":"type-product","3":"status-publish","4":"has-post-thumbnail","6":"product_cat-nfc-stickers","8":"first","9":"instock","10":"shipping-taxable","11":"product-type-simple"},"_links":{"self":[{"href":"https:\/\/nfc-readers.com\/sv\/wp-json\/wp\/v2\/product\/3178","targetHints":{"allow":["GET"]}}],"collection":[{"href":"https:\/\/nfc-readers.com\/sv\/wp-json\/wp\/v2\/product"}],"about":[{"href":"https:\/\/nfc-readers.com\/sv\/wp-json\/wp\/v2\/types\/product"}],"wp:featuredmedia":[{"embeddable":true,"href":"https:\/\/nfc-readers.com\/sv\/wp-json\/wp\/v2\/media\/3179"}],"wp:attachment":[{"href":"https:\/\/nfc-readers.com\/sv\/wp-json\/wp\/v2\/media?parent=3178"}],"wp:term":[{"taxonomy":"product_brand","embeddable":true,"href":"https:\/\/nfc-readers.com\/sv\/wp-json\/wp\/v2\/product_brand?post=3178"},{"taxonomy":"product_cat","embeddable":true,"href":"https:\/\/nfc-readers.com\/sv\/wp-json\/wp\/v2\/product_cat?post=3178"},{"taxonomy":"product_tag","embeddable":true,"href":"https:\/\/nfc-readers.com\/sv\/wp-json\/wp\/v2\/product_tag?post=3178"}],"curies":[{"name":"wp","href":"https:\/\/api.w.org\/{rel}","templated":true}]}}