{"id":3186,"date":"2024-10-29T13:27:39","date_gmt":"2024-10-29T13:27:39","guid":{"rendered":"https:\/\/nfc-readers.com\/?post_type=product&#038;p=3186"},"modified":"2024-10-29T13:59:52","modified_gmt":"2024-10-29T13:59:52","slug":"dia-30mm-ntag-424-dna-nfc-sticker-tamper-proof-high-security","status":"publish","type":"product","link":"https:\/\/nfc-readers.com\/sv\/ic-reader\/dia-30mm-ntag-424-dna-nfc-sticker-tamper-proof-high-security\/","title":{"rendered":"Dia 30 mm NTAG 424 DNA NFC-dekal S\u00e4kerhetss\u00e4ker h\u00f6g s\u00e4kerhet"},"content":{"rendered":"<h2><strong>Dia 30 mm NTAG 424 DNA NFC-dekal S\u00e4kerhetss\u00e4ker h\u00f6g s\u00e4kerhet<\/strong><\/h2>\n<p>Uppt\u00e4ck n\u00e4sta niv\u00e5 av s\u00e4ker kommunikation med <strong>Dia 30 mm NTAG 424 DNA NFC-dekal<\/strong>. Designad f\u00f6r f\u00f6retag som vill f\u00f6rb\u00e4ttra sina s\u00e4kerhets\u00e5tg\u00e4rder, detta\u00a0<strong>NFC-kort<\/strong>\u00a0anv\u00e4nder den senaste tekniken som inte bara f\u00f6rhindrar manipulering utan ocks\u00e5 s\u00e4kerst\u00e4ller s\u00f6ml\u00f6s sp\u00e5rbarhet. Oavsett om du \u00e4r i vinbranschen och betonar \u00e5tg\u00e4rder mot f\u00f6rfalskning eller n\u00e5gon annan sektor som beh\u00f6ver avancerat skydd, \u00e4r detta m\u00e5ngsidiga NFC-klisterm\u00e4rke en ov\u00e4rderlig tillg\u00e5ng.<\/p>\n<p>&nbsp;<\/p>\n<h2><strong>Viktiga f\u00f6rdelar med Dia 30 mm NTAG 424 DNA NFC-dekal<\/strong><\/h2>\n<p>De\u00a0<strong>NTAG 424 DNA NFC-dekal<\/strong>\u00a0integrerar fantastiska funktioner f\u00f6r att ge f\u00f6rstklassig s\u00e4kerhet och bekv\u00e4mlighet. Dess flexibilitet och anv\u00e4ndarv\u00e4nlighet g\u00f6r den till en enast\u00e5ende l\u00f6sning f\u00f6r f\u00f6retag som str\u00e4var efter f\u00f6rb\u00e4ttrad kommunikation och sp\u00e5rbarhet. Med f\u00f6rm\u00e5gan att b\u00e4ra viktig information s\u00e4kert, dessa\u00a0<strong>NFC produkter<\/strong>\u00a0\u00e4r utrustade med 128-bitars AES-s\u00e4kerhet, vilket g\u00f6r dem resistenta mot f\u00f6rfalskning. Genom att investera i denna innovativa produkt skyddar du inte bara ditt varum\u00e4rkes integritet utan f\u00f6rb\u00e4ttrar ocks\u00e5 kundernas f\u00f6rtroende.<\/p>\n<p>&nbsp;<\/p>\n<h3><strong>Innovativ NFC-visitkortsl\u00f6sning<\/strong><\/h3>\n<p>De\u00a0<strong>Dia 30 mm NTAG 424 DNA NFC-dekal<\/strong>\u00a0omdefinierar hur vi uppfattar traditionella visitkort. Som en\u00a0<strong>digitalt visitkort<\/strong>, till\u00e5ter det anv\u00e4ndare att &quot;knacka&quot; p\u00e5 sina smartphones f\u00f6r att samla kontaktinformation utan anstr\u00e4ngning. Gl\u00f6m besv\u00e4ret med att b\u00e4ra flera papperskort; med en enkel ber\u00f6ring kan kunder komma \u00e5t dina sociala medieprofiler och kontaktuppgifter p\u00e5 ett \u00f6gonblick. Detta\u00a0<strong>NFC visitkort<\/strong>\u00a0f\u00f6rb\u00e4ttrar inte bara den professionella bilden av ditt varum\u00e4rke utan visar ocks\u00e5 ditt engagemang f\u00f6r att anta modern teknik.<\/p>\n<p>Dessutom dessa\u00a0<strong>NFC-kort<\/strong>\u00a0\u00e4r perfekta f\u00f6r n\u00e4tverksevenemang d\u00e4r det f\u00f6rsta intrycket \u00e4r viktigt. De l\u00e5ter dig sticka ut i en konkurrensutsatt milj\u00f6 genom att g\u00f6ra informationsdelning interaktiv och minnesv\u00e4rd.<\/p>\n<p>&nbsp;<\/p>\n<h3><strong>Vanliga fr\u00e5gor (FAQs)<\/strong><\/h3>\n<p><strong>F: Hur anv\u00e4nder jag NFC-klisterm\u00e4rket?<\/strong><br \/>\nS: Knacka helt enkelt din smartphone mot klisterm\u00e4rket s\u00e5 visas den inb\u00e4ddade informationen p\u00e5 sk\u00e4rmen.<\/p>\n<p><strong>F: \u00c4r NFC-klisterm\u00e4rkena anpassningsbara?<\/strong><br \/>\nS: Ja, vi erbjuder anpassningsbara design, inklusive logotyper och textalternativ, s\u00e5 att du kan skapa en unik NFC-upplevelse.<\/p>\n<p><strong>F: Vad \u00e4r livsl\u00e4ngden f\u00f6r Dia 30 mm NTAG 424 DNA NFC-klisterm\u00e4rket?<\/strong><br \/>\nS: Med en skrivh\u00e5llbarhet p\u00e5 200 000 cykler \u00e4r dessa klisterm\u00e4rken byggda f\u00f6r l\u00e5ngvarig anv\u00e4ndning och tillf\u00f6rlitlighet.<\/p>\n<p><strong>F: Kan jag anv\u00e4nda dessa klisterm\u00e4rken f\u00f6r kampanjer?<\/strong><br \/>\nA: Definitivt! De \u00e4r perfekta f\u00f6r interaktiva reklamkampanjer och kan anv\u00e4ndas f\u00f6r att dela erbjudanden, rabatter eller produktinformation.<\/p>\n<p>&nbsp;<\/p>\n<p>&nbsp;<\/p>\n<h3><strong>Tekniska specifikationer f\u00f6r NFC-kortet<\/strong><\/h3>\n<table class=\"preview\" style=\"height: 299px;\" width=\"532\">\n<thead>\n<tr>\n<th><strong>S\u00e4rdrag<\/strong><\/th>\n<th><strong>Detaljer<\/strong><\/th>\n<\/tr>\n<\/thead>\n<tbody>\n<tr>\n<td><strong>Chip typ<\/strong><\/td>\n<td>NTAG 424 DNA<\/td>\n<\/tr>\n<tr>\n<td><strong>Minne<\/strong><\/td>\n<td>416 byte<\/td>\n<\/tr>\n<tr>\n<td><strong>S\u00e4kerhet<\/strong><\/td>\n<td>128-bitars AES, LRP<\/td>\n<\/tr>\n<tr>\n<td><strong>\u00c5tkomstnycklar<\/strong><\/td>\n<td>5 x 128 bitar<\/td>\n<\/tr>\n<tr>\n<td><strong>Skriv uth\u00e5llighet<\/strong><\/td>\n<td>200 000 cykler<\/td>\n<\/tr>\n<tr>\n<td><strong>Kommunikationsgr\u00e4nssnitt<\/strong><\/td>\n<td>NFC-forum typ 4<\/td>\n<\/tr>\n<tr>\n<td><strong>Material<\/strong><\/td>\n<td>S\u00c4LLSKAPSDJUR<\/td>\n<\/tr>\n<tr>\n<td><strong>Antennstorlek<\/strong><\/td>\n<td>Diameter 30 mm<\/td>\n<\/tr>\n<tr>\n<td><strong>F\u00f6rpackning<\/strong><\/td>\n<td>1000-5000 st\/rulle<\/td>\n<\/tr>\n<tr>\n<td><strong>Certifiering<\/strong><\/td>\n<td>ISO14443A, ISO15693<\/td>\n<\/tr>\n<\/tbody>\n<\/table>\n<p>&nbsp;<\/p>","protected":false},"excerpt":{"rendered":"<p>Dia 30 mm NTAG 424 DNA NFC-klisterm\u00e4rket erbjuder h\u00f6g s\u00e4kerhet med manipuleringss\u00e4ker teknologi, vilket s\u00e4kerst\u00e4ller tillf\u00f6rlitligt dataskydd och s\u00f6ml\u00f6s anv\u00e4ndarupplevelse. Perfekt f\u00f6r f\u00f6retag som beh\u00f6ver s\u00e4kra l\u00f6sningar!<\/p>","protected":false},"featured_media":3188,"template":"","meta":[],"product_brand":[],"product_cat":[48],"product_tag":[],"class_list":{"0":"post-3186","1":"product","2":"type-product","3":"status-publish","4":"has-post-thumbnail","6":"product_cat-nfc-stickers","8":"first","9":"instock","10":"shipping-taxable","11":"product-type-simple"},"_links":{"self":[{"href":"https:\/\/nfc-readers.com\/sv\/wp-json\/wp\/v2\/product\/3186","targetHints":{"allow":["GET"]}}],"collection":[{"href":"https:\/\/nfc-readers.com\/sv\/wp-json\/wp\/v2\/product"}],"about":[{"href":"https:\/\/nfc-readers.com\/sv\/wp-json\/wp\/v2\/types\/product"}],"wp:featuredmedia":[{"embeddable":true,"href":"https:\/\/nfc-readers.com\/sv\/wp-json\/wp\/v2\/media\/3188"}],"wp:attachment":[{"href":"https:\/\/nfc-readers.com\/sv\/wp-json\/wp\/v2\/media?parent=3186"}],"wp:term":[{"taxonomy":"product_brand","embeddable":true,"href":"https:\/\/nfc-readers.com\/sv\/wp-json\/wp\/v2\/product_brand?post=3186"},{"taxonomy":"product_cat","embeddable":true,"href":"https:\/\/nfc-readers.com\/sv\/wp-json\/wp\/v2\/product_cat?post=3186"},{"taxonomy":"product_tag","embeddable":true,"href":"https:\/\/nfc-readers.com\/sv\/wp-json\/wp\/v2\/product_tag?post=3186"}],"curies":[{"name":"wp","href":"https:\/\/api.w.org\/{rel}","templated":true}]}}