{"id":3195,"date":"2024-10-29T13:40:47","date_gmt":"2024-10-29T13:40:47","guid":{"rendered":"https:\/\/nfc-readers.com\/?post_type=product&#038;p=3195"},"modified":"2024-10-29T14:03:42","modified_gmt":"2024-10-29T14:03:42","slug":"iso14443a-pet-wet-inlay-nfc-sticker-dia30mm-for-smart-phone","status":"publish","type":"product","link":"https:\/\/nfc-readers.com\/sv\/ic-reader\/iso14443a-pet-wet-inlay-nfc-sticker-dia30mm-for-smart-phone\/","title":{"rendered":"ISO14443A PET Wet Inlay NFC-dekal Dia30mm f\u00f6r Smart Phone"},"content":{"rendered":"<h2 style=\"text-align: center;\"><strong>ISO14443A PET Wet Inlay NFC-dekal Dia30mm f\u00f6r Smart Phone<\/strong><\/h2>\n<p>&nbsp;<\/p>\n<p>I dagens snabba digitala v\u00e4rld m\u00e5ste kommunikationen vara s\u00f6ml\u00f6s och effektiv. De\u00a0<strong>ISO14443A PET Wet Inlay NFC-dekal Dia30mm f\u00f6r smartphone<\/strong>\u00a0\u00e4r utformad f\u00f6r att revolutionera hur du delar din information. Oavsett om du \u00e4r f\u00f6retagare, en kreativ professionell eller n\u00e5gon som vill f\u00f6renkla kontaktdelning, erbjuder detta NFC-kort en m\u00e4ngd f\u00f6rdelar som g\u00f6r det till ett oumb\u00e4rligt verktyg. Med sin vattent\u00e4ta konstruktion, anpassningsbara funktioner och kompatibilitet med alla smartphones \u00e4r det inte bara en praktisk l\u00f6sning utan ocks\u00e5 ett snyggt till\u00e4gg till din n\u00e4tverksverktygssats.<\/p>\n<p>F\u00f6rest\u00e4ll dig att dela dina kontaktuppgifter, sociala medieprofiler eller anpassade l\u00e4nkar helt enkelt genom att knacka din smartphone mot detta NFC-klisterm\u00e4rke! L\u00e5t oss f\u00f6rdjupa oss i vad som g\u00f6r att denna NFC-produkt sticker ut och varf\u00f6r du b\u00f6r \u00f6verv\u00e4ga att g\u00f6ra den till en del av din digitala arsenal.<\/p>\n<p>&nbsp;<\/p>\n<h3><strong>Nyckelfunktioner i NFC-visitkortet<\/strong><\/h3>\n<p>De\u00a0<strong>NFC visitkort<\/strong>\u00a0\u00f6vertr\u00e4ffar traditionella kort genom sina imponerande funktioner som tillf\u00f6r v\u00e4rde till dina professionella interaktioner. Utrustad med\u00a0<strong>NTAG-chips<\/strong>\u00a0(213, 215, 216), denna NFC-produkt m\u00f6jligg\u00f6r s\u00f6ml\u00f6s data\u00f6verf\u00f6ring, vilket g\u00f6r att du kan dela viktig information utan kr\u00e5ngel med papperskort. Dess h\u00e5llbarhet s\u00e4kerst\u00e4ller ocks\u00e5 att den t\u00e5l olika milj\u00f6f\u00f6rh\u00e5llanden, vilket g\u00f6r den tillf\u00f6rlitlig f\u00f6r utomhusbruk.<\/p>\n<p>&nbsp;<\/p>\n<h3><strong>Tekniska specifikationer f\u00f6r NFC-klisterm\u00e4rken<\/strong><\/h3>\n<table class=\"preview\" style=\"height: 234px;\" width=\"525\">\n<thead>\n<tr>\n<th>Specifikation<\/th>\n<th>Detalj<\/th>\n<\/tr>\n<\/thead>\n<tbody>\n<tr>\n<td><strong>Protokoll<\/strong><\/td>\n<td>ISO14443A<\/td>\n<\/tr>\n<tr>\n<td><strong>Material<\/strong><\/td>\n<td>PET t\u00e5l fukt<\/td>\n<\/tr>\n<tr>\n<td><strong>Chipalternativ<\/strong><\/td>\n<td>NTAG 213, NTAG 215, NTAG 216<\/td>\n<\/tr>\n<tr>\n<td><strong>Storlek<\/strong><\/td>\n<td>Dia30mm\/Anpassad<\/td>\n<\/tr>\n<tr>\n<td><strong>Minneskapacitet<\/strong><\/td>\n<td>144 \/ 504 \/ 888 Byte<\/td>\n<\/tr>\n<tr>\n<td><strong>Kompatibla enheter<\/strong><\/td>\n<td>Telefoner med NFC-teknik<\/td>\n<\/tr>\n<tr>\n<td><strong>F\u00f6rpackningsdetaljer<\/strong><\/td>\n<td>100st\/p\u00e5se, 5000st\/kartong<\/td>\n<\/tr>\n<tr>\n<td><strong>Hamn<\/strong><\/td>\n<td>Shenzhen<\/td>\n<\/tr>\n<\/tbody>\n<\/table>\n<p>&nbsp;<\/p>\n<h3><strong>Vanliga fr\u00e5gor om NFC-kort<\/strong><\/h3>\n<p>&nbsp;<\/p>\n<h3>Vad \u00e4r en\u00a0<strong>NFC-kort<\/strong>?<\/h3>\n<p>Ett NFC-kort \u00e4r ett kontaktl\u00f6st smartkort som anv\u00e4nder Near Field Communication-teknik f\u00f6r att underl\u00e4tta data\u00f6verf\u00f6ring genom att helt enkelt trycka det mot en NFC-aktiverad enhet.<\/p>\n<h3>Hur programmerar jag min\u00a0<strong>NFC-chip<\/strong>?<\/h3>\n<p>Du kan anv\u00e4nda olika NFC-appar som finns tillg\u00e4ngliga p\u00e5 smartphones f\u00f6r att programmera dina NFC-dekaler. Dessa appar l\u00e5ter dig mata in data du vill dela, till exempel kontaktuppgifter eller specifika l\u00e4nkar.<\/p>\n<h3>\u00c4r\u00a0<strong>NFC digitala visitkort<\/strong>\u00a0kompatibel med alla enheter?<\/h3>\n<p>Ja, v\u00e5ra NFC-klisterm\u00e4rken \u00e4r kompatibla med alla smartphones utrustade med NFC-funktioner. Detta s\u00e4kerst\u00e4ller en bred r\u00e4ckvidd och tillg\u00e4nglighet, vilket g\u00f6r att du kan f\u00e5 kontakt med fler individer.<\/p>\n<h3>Finns det n\u00e5got s\u00e4tt att sp\u00e5ra interaktioner med mina NFC-produkter?<\/h3>\n<p>\u00c4ven om frist\u00e5ende NFC-klisterm\u00e4rken inte har sp\u00e5rningsfunktioner, n\u00e4r de \u00e4r l\u00e4nkade till specifika webbadresser, kan du anv\u00e4nda analysverktyg f\u00f6r att \u00f6vervaka klick och interaktioner.<\/p>\n<h3>Kan jag f\u00e5 fri frakt p\u00e5 min best\u00e4llning?<\/h3>\n<p>Ja! Vi tillhandah\u00e5ller ofta gratis frakt, s\u00e4rskilt f\u00f6r massbest\u00e4llningar. Se v\u00e5ra senaste kampanjer f\u00f6r mer information.<\/p>\n<p>&nbsp;<\/p>\n<p>&nbsp;<\/p>","protected":false},"excerpt":{"rendered":"<p>De\u00a0<strong>ISO14443A PET Wet Inlay NFC-dekal Dia30mm<\/strong>\u00a0\u00e4r en m\u00e5ngsidig, vattent\u00e4t NFC-l\u00f6sning designad f\u00f6r s\u00f6ml\u00f6s datadelning med smartphones. Detta kompakta klisterm\u00e4rke m\u00f6jligg\u00f6r snabb \u00e5tkomst till din kontaktinformation och digitala profiler med bara ett tryck, vilket revolutionerar n\u00e4tverk och kommunikation.<\/p>","protected":false},"featured_media":3196,"template":"","meta":[],"product_brand":[],"product_cat":[48],"product_tag":[],"class_list":{"0":"post-3195","1":"product","2":"type-product","3":"status-publish","4":"has-post-thumbnail","6":"product_cat-nfc-stickers","8":"first","9":"instock","10":"shipping-taxable","11":"product-type-simple"},"_links":{"self":[{"href":"https:\/\/nfc-readers.com\/sv\/wp-json\/wp\/v2\/product\/3195","targetHints":{"allow":["GET"]}}],"collection":[{"href":"https:\/\/nfc-readers.com\/sv\/wp-json\/wp\/v2\/product"}],"about":[{"href":"https:\/\/nfc-readers.com\/sv\/wp-json\/wp\/v2\/types\/product"}],"wp:featuredmedia":[{"embeddable":true,"href":"https:\/\/nfc-readers.com\/sv\/wp-json\/wp\/v2\/media\/3196"}],"wp:attachment":[{"href":"https:\/\/nfc-readers.com\/sv\/wp-json\/wp\/v2\/media?parent=3195"}],"wp:term":[{"taxonomy":"product_brand","embeddable":true,"href":"https:\/\/nfc-readers.com\/sv\/wp-json\/wp\/v2\/product_brand?post=3195"},{"taxonomy":"product_cat","embeddable":true,"href":"https:\/\/nfc-readers.com\/sv\/wp-json\/wp\/v2\/product_cat?post=3195"},{"taxonomy":"product_tag","embeddable":true,"href":"https:\/\/nfc-readers.com\/sv\/wp-json\/wp\/v2\/product_tag?post=3195"}],"curies":[{"name":"wp","href":"https:\/\/api.w.org\/{rel}","templated":true}]}}