{"id":3225,"date":"2024-11-01T09:59:32","date_gmt":"2024-11-01T09:59:32","guid":{"rendered":"https:\/\/nfc-readers.com\/?post_type=product&#038;p=3225"},"modified":"2024-11-04T09:03:20","modified_gmt":"2024-11-04T09:03:20","slug":"mifare-rfid-pvc-card-full-color-printed-for-cashless-payment","status":"publish","type":"product","link":"https:\/\/nfc-readers.com\/sv\/ic-reader\/mifare-rfid-pvc-card-full-color-printed-for-cashless-payment\/","title":{"rendered":"MIFARE RFID PVC-kort Fullf\u00e4rgstryckt f\u00f6r kontantl\u00f6s betalning"},"content":{"rendered":"<h1><span style=\"color: #000080;\"><strong>MIFARE RFID PVC-kort fullf\u00e4rgstryckt f\u00f6r kontantl\u00f6s betalning<\/strong><\/span><\/h1>\n<h4 class=\"w-8 h-8 flex-center rounded-lg cursor-pointer hover:bg-grey-fill1-hover\"><span style=\"color: #666699;\">Inledning I en tid d\u00e5 digitala transaktioner blir normen, <strong>MIFARE RFID PVC-kort<\/strong>, speciellt designad f\u00f6r\u00a0<strong>kontantl\u00f6sa betalningar<\/strong>, framst\u00e5r som ett revolutionerande verktyg f\u00f6r b\u00e5de f\u00f6retag och konsumenter. Dessa fullf\u00e4rgstryckta kort ger inte bara en attraktiv yta f\u00f6r varum\u00e4rkesbyggande utan har ocks\u00e5 avancerad teknik f\u00f6r s\u00e4kra, s\u00f6ml\u00f6sa transaktioner. Oavsett om du \u00e4r i detaljhandeln, evenemangshantering eller n\u00e4tverkande, \u00e4r dessa kort en m\u00e5ngsidig l\u00f6sning som m\u00f6ter olika behov i v\u00e5r digitala v\u00e4rld.<\/span><\/h4>\n<hr \/>\n<h2 class=\"w-8 h-8 flex-center rounded-lg cursor-pointer hover:bg-grey-fill1-hover\" style=\"text-align: center;\"><span style=\"color: #000080;\"><em><strong>Produktf\u00f6rdelar<\/strong><\/em><\/span><\/h2>\n<h3 class=\"w-8 h-8 flex-center rounded-lg cursor-pointer hover:bg-grey-fill1-hover\"><span style=\"color: #333399;\"><strong>1. H\u00f6g s\u00e4kerhet<\/strong><\/span><\/h3>\n<p class=\"w-8 h-8 flex-center rounded-lg cursor-pointer hover:bg-grey-fill1-hover\">V\u00e5ra MIFARE RFID PVC-kort anv\u00e4nder <strong>MIFARE Desfire EV3-teknik<\/strong>, k\u00e4nd f\u00f6r sin h\u00f6ga s\u00e4kerhet och tillf\u00f6rlitlighet.<\/p>\n<p class=\"w-8 h-8 flex-center rounded-lg cursor-pointer hover:bg-grey-fill1-hover\">Detta avancerade chip s\u00e4kerst\u00e4ller att k\u00e4nslig information skyddas mot obeh\u00f6rig \u00e5tkomst. Med flera lager av kryptering \u00e4r dessa kort idealiska f\u00f6r applikationer som kr\u00e4ver str\u00e4nga s\u00e4kerhets\u00e5tg\u00e4rder.<\/p>\n<div class=\"answer-markdown-box h-[calc(100%-57px)] bg-grey-layer2-normal\">\n<div class=\"markdown-body h-full\">\n<div class=\"custom-scrollbar overflow-auto custom-scrollbar-wide h-full\">\n<table class=\"preview\">\n<thead>\n<tr>\n<th><strong>S\u00e4rdrag<\/strong><\/th>\n<th><strong>Specifikation<\/strong><\/th>\n<\/tr>\n<\/thead>\n<tbody>\n<tr>\n<td><strong>Chips<\/strong><\/td>\n<td>MIFARE Desfire EV3<\/td>\n<\/tr>\n<tr>\n<td><strong>Minnesalternativ<\/strong><\/td>\n<td>2K \/4K \/8K<\/td>\n<\/tr>\n<tr>\n<td><strong>Protokoll<\/strong><\/td>\n<td>ISO14443A<\/td>\n<\/tr>\n<tr>\n<td><strong>Frekvens<\/strong><\/td>\n<td>13,56 MHz<\/td>\n<\/tr>\n<tr>\n<td><strong>Material<\/strong><\/td>\n<td>PVC<\/td>\n<\/tr>\n<tr>\n<td><strong>Storlek<\/strong><\/td>\n<td>CR80 (85,5 x 54 mm)<\/td>\n<\/tr>\n<tr>\n<td><strong>Utskriftsalternativ<\/strong><\/td>\n<td>CMYK \/ Pantone<\/td>\n<\/tr>\n<tr>\n<td><strong>Ytfinish<\/strong><\/td>\n<td>Blank \/ Matt<\/td>\n<\/tr>\n<tr>\n<td><strong>Ursprung<\/strong><\/td>\n<td>Guangdong, Kina<\/td>\n<\/tr>\n<tr>\n<td><strong>Korttyp<\/strong><\/td>\n<td>Kontaktl\u00f6st kort (RFID)<\/td>\n<\/tr>\n<tr>\n<td><strong>Driftstemperatur<\/strong><\/td>\n<td>-20\u00b0C till 60\u00b0C<\/td>\n<\/tr>\n<tr>\n<td><strong>F\u00f6rvaringstemperatur<\/strong><\/td>\n<td>-40\u00b0C till 80\u00b0C<\/td>\n<\/tr>\n<tr>\n<td><strong>Fuktighet<\/strong><\/td>\n<td>0-100%RH<\/td>\n<\/tr>\n<tr>\n<td><strong>Datalagring<\/strong><\/td>\n<td>10 \u00e5r eller mer<\/td>\n<\/tr>\n<tr>\n<td><strong>Str\u00f6mf\u00f6rs\u00f6rjning<\/strong><\/td>\n<td>Ingen extern str\u00f6mf\u00f6rs\u00f6rjning kr\u00e4vs<\/td>\n<\/tr>\n<tr>\n<td><strong>Sensortyp<\/strong><\/td>\n<td>13,56 MHz RFID<\/td>\n<\/tr>\n<tr>\n<td><strong>R\u00e4ckvidd<\/strong><\/td>\n<td>Upp till 10 cm<\/td>\n<\/tr>\n<tr>\n<td><strong>Kompatibilitet<\/strong><\/td>\n<td>NFC-aktiverade enheter (smarttelefoner, surfplattor, etc.)<\/td>\n<\/tr>\n<tr>\n<td><strong>S\u00e4kerhet<\/strong><\/td>\n<td>DES,3DES, AES-kryptering<\/td>\n<\/tr>\n<tr>\n<td><strong>Certifieringar<\/strong><\/td>\n<td>ISO\/IEC14443, NFC-forum<\/td>\n<\/tr>\n<\/tbody>\n<\/table>\n<h2><\/h2>\n<h3><span style=\"color: #333399;\"><strong>2. M\u00e5ngsidighet i applikationer<\/strong><\/span><\/h3>\n<p>Dessa m\u00e5ngsidiga kort \u00e4r inte bara f\u00f6r kontantl\u00f6sa betalningar. De kan anv\u00e4ndas i olika applikationer inklusive:<\/p>\n<ul>\n<li><strong>\u00c5tkomstkontroll<\/strong><\/li>\n<li><strong>Evenemangsbiljetter<\/strong><\/li>\n<li><strong>Medlemskort<\/strong><\/li>\n<li><strong>Lojalitetsprogram<\/strong><\/li>\n<li><strong>NFC visitkort<\/strong><\/li>\n<\/ul>\n<p>Denna anpassningsf\u00f6rm\u00e5ga g\u00f6r dem till en smart investering f\u00f6r alla f\u00f6retag som vill f\u00f6rb\u00e4ttra sina tj\u00e4nsteerbjudanden.<\/p>\n<p>&nbsp;<\/p>\n<h3><span style=\"color: #333399;\"><strong>3. H\u00e5llbarhet och design<\/strong><\/span><\/h3>\n<p>Konstruerad av <strong>h\u00f6gkvalitativ PVC<\/strong>, dessa kort \u00e4r vattent\u00e4ta och motst\u00e5ndskraftiga mot slitage. De \u00e4r designade f\u00f6r att h\u00e5lla, vilket minskar behovet av frekventa byten.\u00a0<strong>Fullf\u00e4rgstryck<\/strong>\u00a0alternativen till\u00e5ter f\u00f6retag att skapa i\u00f6gonfallande design som passar deras varum\u00e4rke, vilket s\u00e4kerst\u00e4ller att varje kort fungerar som ett marknadsf\u00f6ringsverktyg.<\/p>\n<p>&nbsp;<\/p>\n<h3><span style=\"color: #333399;\"><strong>4. L\u00e4tt att anv\u00e4nda<\/strong><\/span><\/h3>\n<p>V\u00e5ra MIFARE RFID PVC-kort \u00e4r designade f\u00f6r enkel anv\u00e4ndning. Knacka helt enkelt kortet mot valfri NFC-aktiverad enhet f\u00f6r snabba transaktioner. Denna anv\u00e4ndarv\u00e4nliga upplevelse kan \u00f6ka kundn\u00f6jdheten och effektivisera betalningsprocesserna.<\/p>\n<p><img loading=\"lazy\" decoding=\"async\" class=\"alignnone wp-image-3344\" src=\"https:\/\/nfc-readers.com\/wp-content\/uploads\/2024\/11\/main-image-4-6-300x300.jpeg\" alt=\"\" width=\"336\" height=\"336\" srcset=\"https:\/\/nfc-readers.com\/wp-content\/uploads\/2024\/11\/main-image-4-6-300x300.jpeg 300w, https:\/\/nfc-readers.com\/wp-content\/uploads\/2024\/11\/main-image-4-6-150x150.jpeg 150w, https:\/\/nfc-readers.com\/wp-content\/uploads\/2024\/11\/main-image-4-6-768x768.jpeg 768w, https:\/\/nfc-readers.com\/wp-content\/uploads\/2024\/11\/main-image-4-6-12x12.jpeg 12w, https:\/\/nfc-readers.com\/wp-content\/uploads\/2024\/11\/main-image-4-6-600x600.jpeg 600w, https:\/\/nfc-readers.com\/wp-content\/uploads\/2024\/11\/main-image-4-6-100x100.jpeg 100w, https:\/\/nfc-readers.com\/wp-content\/uploads\/2024\/11\/main-image-4-6.jpeg 800w\" sizes=\"auto, (max-width: 336px) 100vw, 336px\" \/><img loading=\"lazy\" decoding=\"async\" class=\"alignnone wp-image-3346\" src=\"https:\/\/nfc-readers.com\/wp-content\/uploads\/2024\/11\/main-image-6-5-300x300.jpeg\" alt=\"\" width=\"347\" height=\"347\" srcset=\"https:\/\/nfc-readers.com\/wp-content\/uploads\/2024\/11\/main-image-6-5-300x300.jpeg 300w, https:\/\/nfc-readers.com\/wp-content\/uploads\/2024\/11\/main-image-6-5-150x150.jpeg 150w, https:\/\/nfc-readers.com\/wp-content\/uploads\/2024\/11\/main-image-6-5-768x768.jpeg 768w, https:\/\/nfc-readers.com\/wp-content\/uploads\/2024\/11\/main-image-6-5-12x12.jpeg 12w, https:\/\/nfc-readers.com\/wp-content\/uploads\/2024\/11\/main-image-6-5-600x600.jpeg 600w, https:\/\/nfc-readers.com\/wp-content\/uploads\/2024\/11\/main-image-6-5-100x100.jpeg 100w, https:\/\/nfc-readers.com\/wp-content\/uploads\/2024\/11\/main-image-6-5.jpeg 800w\" sizes=\"auto, (max-width: 347px) 100vw, 347px\" \/><\/p>\n<hr \/>\n<h2 style=\"text-align: center;\"><em><span style=\"color: #000080;\"><strong>Innovativa funktioner<\/strong><\/span><\/em><\/h2>\n<h3><span style=\"color: #333399;\"><strong>1. Anpassningsalternativ<\/strong><\/span><\/h3>\n<p>Anpassning \u00e4r nyckeln f\u00f6r alla f\u00f6retag som vill l\u00e4mna ett best\u00e5ende intryck. V\u00e5ra kort erbjuder en rad olika utskriftsalternativ, inklusive:<\/p>\n<ul>\n<li><strong>Fullf\u00e4rgstryck<\/strong>: Livlig design som f\u00e5r ditt varum\u00e4rke att sticka ut.<\/li>\n<li><strong>Anpassade former och storlekar<\/strong>: Skr\u00e4ddarsy kortets dimensioner f\u00f6r att passa dina behov.<\/li>\n<\/ul>\n<p>&nbsp;<\/p>\n<h3><span style=\"color: #333399;\"><strong>2. Kompatibilitet med NFC-teknik<\/strong><\/span><\/h3>\n<p>MIFARE RFID PVC-kort \u00e4r kompatibla med alla NFC-aktiverade enheter, vilket s\u00e4kerst\u00e4ller s\u00f6ml\u00f6s kommunikation. Denna omfattande kompatibilitet g\u00f6r att anv\u00e4ndare enkelt kan interagera med sina smartphones eller betalterminaler.<\/p>\n<p>&nbsp;<\/p>\n<h3><span style=\"color: #333399;\"><strong>3. Milj\u00f6v\u00e4nlig produktion<\/strong><\/span><\/h3>\n<p>V\u00e5ra kort \u00e4r gjorda av h\u00e5llbar PVC, vilket minskar sl\u00f6seri j\u00e4mf\u00f6rt med papperskort f\u00f6r eng\u00e5ngsbruk. Att investera i h\u00f6gkvalitativa RFID-kort \u00e4r ett steg mot h\u00e5llbarhet och tilltalar milj\u00f6medvetna konsumenter som letar efter gr\u00f6nare alternativ.<\/p>\n<p>&nbsp;<\/p>\n<h3><span style=\"color: #333399;\"><strong>4. Alternativ f\u00f6r snabbladdning och omutskrift<\/strong><\/span><\/h3>\n<p>Om du n\u00e5gonsin skulle beh\u00f6va skriva ut ett kort igen, m\u00f6jligg\u00f6r v\u00e5r str\u00f6mlinjeformade process snabb ombest\u00e4llning. Dessutom inneb\u00e4r anpassningsalternativen att reprints kan visa upp uppdaterad information eller varum\u00e4rke s\u00f6ml\u00f6st.<\/p>\n<hr \/>\n<p>&nbsp;<\/p>\n<h3><em><span style=\"color: #666699;\">daglig anv\u00e4ndning-\u00a0<strong>Tryck och betala<\/strong>: <\/span><\/em><\/h3>\n<p><strong>Kunder knackar helt enkelt sitt kort mot en kompatibel enhet f\u00f6r att slutf\u00f6ra sin transaktion.<\/strong><\/p>\n<ul>\n<li><strong>Informationsdelning<\/strong>: F\u00f6r NFC-visitkort kan anv\u00e4ndare dela kontaktinformation med ett snabbt tryck, vilket eliminerar behovet av traditionella visitkort.<\/li>\n<\/ul>\n<hr \/>\n<h2><\/h2>\n<h2 style=\"text-align: center;\"><em><span style=\"color: #000080;\"><strong>Kundrecensioner<\/strong><\/span><\/em><\/h2>\n<p><strong>M\u00e5nga f\u00f6retag har funnit att bytet till MIFARE RFID PVC-kort \u00e4r f\u00f6rdelaktigt i olika aspekter. H\u00e4r \u00e4r n\u00e5gra vittnesm\u00e5l fr\u00e5n v\u00e5ra kunder:<\/strong><\/p>\n<p><span style=\"color: #008080;\"><strong>&quot;Sedan vi integrerade MIFARE-kort f\u00f6r v\u00e5rt kontantl\u00f6sa betalningssystem har v\u00e5r transaktionshastighet \u00f6kat dramatiskt. Korten \u00e4r l\u00e4tta att anv\u00e4nda och har en snygg design som imponerar p\u00e5 v\u00e5ra kunder.\u201d \u2013 John M., detaljhandelschef<\/strong><\/span><\/p>\n<blockquote><p><strong>&quot;De anpassade NFC-visitkorten vi best\u00e4llde har f\u00f6r\u00e4ndrat v\u00e5ra n\u00e4tverksevenemang. Att dela kontaktuppgifter \u00e4r nu enkelt, och kvaliteten \u00e4r f\u00f6rstklassig.\u201d \u2013 Sarah L., evenemangskoordinator<\/strong><\/p><\/blockquote>\n<hr \/>\n<h2><\/h2>\n<h2 style=\"text-align: center;\"><span style=\"color: #000080;\"><em><strong>Vanliga fr\u00e5gor<\/strong><\/em><\/span><\/h2>\n<p><strong>1. \u00c4r MIFARE-kort kompatibla med alla smartphones?<\/strong><\/p>\n<p>Ja, MIFARE RFID PVC-kort \u00e4r kompatibla med alla NFC-aktiverade smartphones, vilket g\u00f6r det m\u00f6jligt f\u00f6r anv\u00e4ndare att utf\u00f6ra transaktioner utan anstr\u00e4ngning.<\/p>\n<p><strong>2. Kan jag anpassa designen p\u00e5 mina MIFARE-kort?<\/strong><\/p>\n<p>Absolut! V\u00e5ra kort kommer med olika anpassningsalternativ som \u00e4r skr\u00e4ddarsydda f\u00f6r att m\u00f6ta dina varum\u00e4rkesbehov.<\/p>\n<p><strong>3. Hur s\u00e4kra \u00e4r MIFARE RFID PVC-kort?<\/strong><\/p>\n<p>Med MIFARE Desfire EV3-teknik erbjuder dessa kort en h\u00f6g s\u00e4kerhetsniv\u00e5 f\u00f6r lagring av k\u00e4nslig information.<\/p>\n<p><strong>4. Erbjuder ni fri frakt?<\/strong><\/p>\n<p>Ja, vi tillhandah\u00e5ller\u00a0<strong>fri frakt<\/strong>\u00a0p\u00e5 alla best\u00e4llningar, vilket s\u00e4kerst\u00e4ller att du f\u00e5r merv\u00e4rde med ditt k\u00f6p.<\/p>\n<p>&nbsp;<\/p>\n<p><strong>5. Vad ska jag g\u00f6ra om jag beh\u00f6ver skriva ut ett kort igen?<\/strong><\/p>\n<p>V\u00e5r problemfria ombest\u00e4llningsprocess g\u00f6r det enkelt att beg\u00e4ra ett nytt tryck. L\u00e4gg bara best\u00e4llningen s\u00e5 tar vi hand om resten.<\/p>\n<p>&nbsp;<\/p>\n<hr \/>\n<h4><span style=\"color: #666699;\">F\u00f6rb\u00e4ttra dina betalningsl\u00f6sningar idag Investera i\u00a0<strong>MIFARE RFID PVC-kort<\/strong>\u00a0representerar ett strategiskt steg mot att modernisera dina transaktionsprocesser. Med sina h\u00f6gkvalitativa material, avancerade teknik och omfattande anpassningsm\u00f6jligheter \u00e4r dessa kort perfekta f\u00f6r f\u00f6retag som vill h\u00f6ja sin kundupplevelse. B\u00f6rja din \u00f6verg\u00e5ng till\u00a0<strong>kontantl\u00f6sa l\u00f6sningar<\/strong>\u00a0i dag! Oavsett om du vill integrera smarta betalningssystem eller skapa fantastiska NFC-visitkort, har MIFARE RFID PVC-kort dig t\u00e4ckt.<\/span><\/h4>\n<h3><a href=\"\/\/dhoenijjpgpeimemopealfcbiecgceod\/sidepanel.html#\" target=\"_blank\" rel=\"noopener\">Kontakta oss f\u00f6r ett kostnadsfritt prov<\/a><\/h3>\n<h3><span style=\"color: #008080;\"><strong>Missa inte denna m\u00f6jlighet att f\u00f6rb\u00e4ttra ditt f\u00f6retags betalningsm\u00f6jligheter och varum\u00e4rke. Klicka p\u00e5 l\u00e4nken ovan f\u00f6r att fr\u00e5ga om v\u00e5ra kortalternativ eller beg\u00e4ra ett gratisprov!<\/strong><\/span><\/h3>\n<\/div>\n<\/div>\n<\/div>","protected":false},"excerpt":{"rendered":"<div class=\"chat-list relative custom-scrollbar-reset-margin custom-scrollbar custom-scrollbar-hidden custom-scrollbar-float pb-9 flex-1 overflow-y-auto\">\n<div class=\"mx-auto max-w-[790px]\">\n<div class=\"message-item-outer relative px-4 mb-2\" data-id=\"0a4f4511-bd05-49a5-8695-d7a6fad22471\">\n<div class=\"content-area pl-[0px]\">\n<div class=\"message-item select-text relative\">\n<div class=\"message-inner relative\">\n<div class=\"py-[2px]\">\n<div class=\"flex flex-col gap-2\">\n<div class=\"answer-markdown-box overflow-x-auto select-text custom-scrollbar\">\n<div class=\"markdown-body\">\n<p>Vi presenterar MIFARE RFID PVC-kortet, designat f\u00f6r moderna kontantl\u00f6sa betalningsl\u00f6sningar. Med hj\u00e4lp av MIFARE Desfire EV3-teknik garanterar dessa fullf\u00e4rgstryckta kort h\u00f6g s\u00e4kerhet och tillf\u00f6rlitlighet, vilket g\u00f6r dem idealiska f\u00f6r f\u00f6retag som kr\u00e4ver k\u00e4nsligt dataskydd. De \u00e4r m\u00e5ngsidiga i applikationen och kan anv\u00e4ndas f\u00f6r \u00e5tkomstkontroll, evenemangsbiljetter, medlemskort, lojalitetsprogram och NFC-visitkort. Dessa kort \u00e4r tillverkade av h\u00e5llbar, vattent\u00e4t PVC och \u00e4r motst\u00e5ndskraftiga mot slitage, vilket s\u00e4kerst\u00e4ller l\u00e5ng livsl\u00e4ngd och minskar utbyteskostnaderna. Kunder kan enkelt slutf\u00f6ra transaktioner genom att helt enkelt trycka sitt kort mot valfri NFC-aktiverad enhet, vilket ger en anv\u00e4ndarv\u00e4nlig upplevelse som \u00f6kar kundn\u00f6jdheten. Dessutom erbjuder korten omfattande anpassningsm\u00f6jligheter, inklusive livfulla fullf\u00e4rgstryck och skr\u00e4ddarsydda former. Med milj\u00f6v\u00e4nliga produktionsmetoder utg\u00f6r MIFARE RFID PVC-kort ett h\u00e5llbart alternativ till traditionella papperskort. Investera i att modernisera dina transaktionsprocesser idag och h\u00f6j din varum\u00e4rkesn\u00e4rvaro med dessa innovativa, h\u00f6gkvalitativa kort. Beg\u00e4r ett gratisprov f\u00f6r att utforska deras f\u00f6rdelar!<\/p>\n<\/div>\n<\/div>\n<\/div>\n<\/div>\n<\/div>\n<\/div>\n<\/div>\n<\/div>\n<\/div>\n<\/div>","protected":false},"featured_media":3341,"template":"","meta":[],"product_brand":[],"product_cat":[46],"product_tag":[],"class_list":{"0":"post-3225","1":"product","2":"type-product","3":"status-publish","4":"has-post-thumbnail","6":"product_cat-nfc-cards","8":"first","9":"instock","10":"shipping-taxable","11":"product-type-simple"},"_links":{"self":[{"href":"https:\/\/nfc-readers.com\/sv\/wp-json\/wp\/v2\/product\/3225","targetHints":{"allow":["GET"]}}],"collection":[{"href":"https:\/\/nfc-readers.com\/sv\/wp-json\/wp\/v2\/product"}],"about":[{"href":"https:\/\/nfc-readers.com\/sv\/wp-json\/wp\/v2\/types\/product"}],"wp:featuredmedia":[{"embeddable":true,"href":"https:\/\/nfc-readers.com\/sv\/wp-json\/wp\/v2\/media\/3341"}],"wp:attachment":[{"href":"https:\/\/nfc-readers.com\/sv\/wp-json\/wp\/v2\/media?parent=3225"}],"wp:term":[{"taxonomy":"product_brand","embeddable":true,"href":"https:\/\/nfc-readers.com\/sv\/wp-json\/wp\/v2\/product_brand?post=3225"},{"taxonomy":"product_cat","embeddable":true,"href":"https:\/\/nfc-readers.com\/sv\/wp-json\/wp\/v2\/product_cat?post=3225"},{"taxonomy":"product_tag","embeddable":true,"href":"https:\/\/nfc-readers.com\/sv\/wp-json\/wp\/v2\/product_tag?post=3225"}],"curies":[{"name":"wp","href":"https:\/\/api.w.org\/{rel}","templated":true}]}}