{"id":3226,"date":"2024-10-30T09:53:08","date_gmt":"2024-10-30T09:53:08","guid":{"rendered":"https:\/\/nfc-readers.com\/?post_type=product&#038;p=3226"},"modified":"2024-10-30T10:11:20","modified_gmt":"2024-10-30T10:11:20","slug":"waterproof-rfid-nfc-keychain-13-56mhz","status":"publish","type":"product","link":"https:\/\/nfc-readers.com\/sv\/ic-reader\/waterproof-rfid-nfc-keychain-13-56mhz\/","title":{"rendered":"Vattent\u00e4t RFID NFC-nyckelring 13,56Mhz"},"content":{"rendered":"<h1 style=\"text-align: center;\"><strong>Vattent\u00e4t RFID NFC-nyckelring 13,56Mhz<\/strong><\/h1>\n<p>I den snabbt utvecklande v\u00e4rlden av elfordon (EV) \u00e4r bekv\u00e4mlighet, s\u00e4kerhet och anv\u00e4ndarv\u00e4nlighet avg\u00f6rande. M\u00f6t <strong>Vattent\u00e4t RFID NFC-nyckelring<\/strong>\u00a0\u2014 en revolutionerande produkt som integrerar banbrytande teknik med exceptionell h\u00e5llbarhet, speciellt designad f\u00f6r\u00a0<strong>Laddningsstationer f\u00f6r elfordon<\/strong>. Verkar p\u00e5\u00a0<strong>13,56 MHz<\/strong>, denna kompakta men kraftfulla nyckelbricka \u00e4r ditt ultimata verktyg f\u00f6r s\u00f6ml\u00f6s \u00e5tkomst och f\u00f6rb\u00e4ttrad s\u00e4kerhet.<\/p>\n<p>Denna nyckelbricka \u00e4r en spelv\u00e4xlare f\u00f6r elbils\u00e4gare, och ger inte bara bekv\u00e4mlighet utan ocks\u00e5 sinnesfrid. F\u00f6rest\u00e4ll dig att du enkelt kan komma \u00e5t laddstationer utan att fumla efter nycklar eller komma ih\u00e5g komplexa l\u00f6senord. De <strong>Vattent\u00e4t RFID NFC-nyckelring<\/strong>\u00a0erbjuder en idealisk l\u00f6sning med sin ber\u00f6ringsfria f\u00f6rm\u00e5ga och v\u00e4derbest\u00e4ndiga design, vilket g\u00f6r den till ett v\u00e4rdefullt komplement till dina elbilstillbeh\u00f6r. Uppt\u00e4ck varf\u00f6r denna innovativa nyckelbricka \u00e4r v\u00e4rd att l\u00e4gga till i din verktygsl\u00e5da.<\/p>\n<p>&nbsp;<\/p>\n<h3><strong>F\u00f6rdelar med den vattent\u00e4ta RFID NFC-nyckelringen<\/strong><\/h3>\n<ol>\n<li><strong>H\u00e5llbarhet och v\u00e4derbest\u00e4ndighet<\/strong>: Den h\u00e4r nyckelbrickan \u00e4r konstruerad med material av h\u00f6gsta kvalitet och \u00e4r designad f\u00f6r att motst\u00e5 yttre element, vilket s\u00e4kerst\u00e4ller att den f\u00f6rblir funktionell \u00f6ver tiden, oavsett v\u00e4derf\u00f6rh\u00e5llanden.<\/li>\n<li><strong>Kontaktl\u00f6s kommunikation<\/strong>: Genom att anv\u00e4nda b\u00e5de RFID- och NFC-teknik, m\u00f6jligg\u00f6r nyckelbrickan snabb och s\u00e4ker \u00e5tkomst till laddstationer och andra nyckell\u00f6sa system utan fysisk kontakt.<\/li>\n<li><strong>H\u00f6g kompatibilitet<\/strong>: Designad p\u00e5 protokoll\u00a0<strong>ISO14443A och ISO15693<\/strong>, denna RFID-nyckelbricka ansluter s\u00f6ml\u00f6st till ett brett utbud av enheter, vilket g\u00f6r den m\u00e5ngsidig f\u00f6r olika anv\u00e4ndningsfall ut\u00f6ver laddning av elbilar.<\/li>\n<li><strong>L\u00e5ngt l\u00e4savst\u00e5nd<\/strong>: Med ett l\u00e4savst\u00e5nd p\u00e5\u00a0<strong>2-10 cm<\/strong>, kan du enkelt och snabbt f\u00e5 tillg\u00e5ng till din EV-laddningsstation med minimal anstr\u00e4ngning.<\/li>\n<li><strong>Omskrivbar f\u00f6rm\u00e5ga<\/strong>: NTAG216-chippet inuti till\u00e5ter en skrivcykel p\u00e5 upp till\u00a0<strong>100 000 g\u00e5nger<\/strong>, vilket g\u00f6r denna nyckelring inte bara anv\u00e4ndarv\u00e4nlig utan ocks\u00e5 anpassningsbar till f\u00f6r\u00e4ndrade krav.<\/li>\n<\/ol>\n<p>&nbsp;<\/p>\n<h3><strong>Vikten av RFID i dagens v\u00e4rld<\/strong><\/h3>\n<p>RFID anv\u00e4nder elektromagnetiska f\u00e4lt f\u00f6r att automatiskt identifiera och sp\u00e5ra taggar f\u00e4sta p\u00e5 objekt. I samband med dina elbilsladdningsbehov l\u00e5ter denna teknik dig l\u00e5sa upp och auktorisera \u00e5tkomst till laddstationer genom att helt enkelt h\u00e5lla din nyckelbricka n\u00e4ra en RFID-l\u00e4sare. Bekv\u00e4mligheten den erbjuder f\u00f6rb\u00e4ttrar anv\u00e4ndarupplevelsen avsev\u00e4rt, vilket m\u00f6jligg\u00f6r snabbare\u00a0<strong>nyckell\u00f6st intr\u00e4de<\/strong>\u00a0till laddstationer utan behov av fysisk kontakt.<\/p>\n<p>&nbsp;<\/p>\n<h3><strong>Tekniska specifikationer och prestanda<\/strong><\/h3>\n<div>Att f\u00f6rst\u00e5 de tekniska egenskaperna hos den vattent\u00e4ta RFID NFC-nyckelringen \u00e4r avg\u00f6rande f\u00f6r potentiella k\u00f6pare. H\u00e4r \u00e4r specifikationerna som du b\u00f6r k\u00e4nna till:<\/div>\n<div><\/div>\n<div><strong>Chips<\/strong>: NTAG216<\/div>\n<div><strong>Skrivcykel:<\/strong> 100 000 g\u00e5nger<\/div>\n<div><strong>L\u00e4savst\u00e5nd<\/strong>: 2-10 cm<\/div>\n<div><strong>Driftstemperatur<\/strong>: 20\u2103 till +65\u2103<\/div>\n<div><strong>Ursprungsort<\/strong>: Guangdong, Kina<\/div>\n<div><strong>MOQ (Minsta orderkvantitet)<\/strong>: 500 st<\/div>\n<div><strong>F\u00f6rpackning<\/strong>: Anpassningsbart tv\u00e4ttpaket<\/div>\n<div><strong>F\u00f6rs\u00f6rjningsf\u00f6rm\u00e5ga<\/strong>: 20 000 000 stycken per m\u00e5nad<\/div>\n<div><\/div>\n<div>De avancerade prestandam\u00e5tten s\u00e4kerst\u00e4ller att denna nyckelbricka uppfyller de rigor\u00f6sa kraven f\u00f6r daglig anv\u00e4ndning. Den h\u00f6ga skrivcykeln och temperaturtoleransen f\u00f6rb\u00e4ttrar dess anv\u00e4ndbarhet ytterligare i olika milj\u00f6er.<\/div>\n<h3><strong>Applikationer f\u00f6r laddstationer f\u00f6r elbilar<\/strong><\/h3>\n<p>Den prim\u00e4ra till\u00e4mpningen av\u00a0<strong>Vattent\u00e4t RFID NFC-nyckelring<\/strong>\u00a0finns i laddstationer f\u00f6r elfordon. Dess design och teknik g\u00f6r det till den perfekta l\u00f6sningen<\/p>\n<p>&nbsp;<\/p>\n<h3><strong>Vanliga fr\u00e5gor om den vattent\u00e4ta RFID NFC-nyckelringen<\/strong><\/h3>\n<h3>1.\u00a0<strong>Vad \u00e4r syftet med den vattent\u00e4ta RFID NFC-nyckelringen?<\/strong><\/h3>\n<p>Den vattent\u00e4ta RFID NFC-nyckelringen \u00e4r designad f\u00f6r att ge s\u00e4ker, kontaktl\u00f6s \u00e5tkomst till laddstationer f\u00f6r elbilar och andra RFID-aktiverade system. Det till\u00e5ter anv\u00e4ndare att l\u00e5sa upp stationer helt enkelt genom att n\u00e4rma sig l\u00e4saren, vilket \u00f6kar bekv\u00e4mligheten och effektiviteten.<\/p>\n<h3>2.\u00a0<strong>\u00c4r nyckelringen verkligen vattent\u00e4t?<\/strong><\/h3>\n<p>Ja, nyckelringen \u00e4r gjord av slitstarka epoxi- och PVC-material, vilket g\u00f6r den b\u00e5de vatten- och v\u00e4derbest\u00e4ndig. Detta s\u00e4kerst\u00e4ller funktionalitet i olika v\u00e4derf\u00f6rh\u00e5llanden, fr\u00e5n regn till extrem v\u00e4rme.<\/p>\n<h3>3.\u00a0<strong>Hur l\u00e5ngt kan nyckelringen arbeta fr\u00e5n RFID-l\u00e4saren?<\/strong><\/h3>\n<p>Nyckelringen har ett l\u00e4savst\u00e5nd p\u00e5 2-10 cm, vilket inneb\u00e4r att den aktiveras s\u00e5 fort den \u00e4r i n\u00e4rheten av en RFID-l\u00e4sare eller NFC-aktiverad enhet.<\/p>\n<h3>4.\u00a0<strong>Kan nyckelringen anpassas?<\/strong><\/h3>\n<p>Ja, nyckelringens f\u00f6rpackning kan anpassas f\u00f6r att passa ditt varum\u00e4rke eller specifika krav. Detta g\u00f6r det till ett utm\u00e4rkt alternativ f\u00f6r f\u00f6retag som vill anpassa sina accessl\u00f6sningar.<\/p>\n<h3>5.\u00a0<strong>Hur m\u00e5nga g\u00e5nger kan nyckelringen skrivas till?<\/strong><\/h3>\n<p>Nyckelringen har en skrivcykel p\u00e5 upp till 100 000 g\u00e5nger, vilket ger god anv\u00e4ndbarhet f\u00f6r olika applikationer utan att oroa dig f\u00f6r f\u00f6rs\u00e4mring av prestanda.<\/p>","protected":false},"excerpt":{"rendered":"<p>Den vattent\u00e4ta RFID NFC-nyckelringen (13,56MHz) erbjuder s\u00e4ker, kontaktl\u00f6s \u00e5tkomst f\u00f6r laddstationer f\u00f6r elbilar. Dess h\u00e5llbara design s\u00e4kerst\u00e4ller p\u00e5litlig prestanda i alla v\u00e4der.<\/p>","protected":false},"featured_media":3234,"template":"","meta":[],"product_brand":[],"product_cat":[49],"product_tag":[],"class_list":{"0":"post-3226","1":"product","2":"type-product","3":"status-publish","4":"has-post-thumbnail","6":"product_cat-nfc-key-fobs","8":"first","9":"instock","10":"shipping-taxable","11":"product-type-simple"},"_links":{"self":[{"href":"https:\/\/nfc-readers.com\/sv\/wp-json\/wp\/v2\/product\/3226","targetHints":{"allow":["GET"]}}],"collection":[{"href":"https:\/\/nfc-readers.com\/sv\/wp-json\/wp\/v2\/product"}],"about":[{"href":"https:\/\/nfc-readers.com\/sv\/wp-json\/wp\/v2\/types\/product"}],"wp:featuredmedia":[{"embeddable":true,"href":"https:\/\/nfc-readers.com\/sv\/wp-json\/wp\/v2\/media\/3234"}],"wp:attachment":[{"href":"https:\/\/nfc-readers.com\/sv\/wp-json\/wp\/v2\/media?parent=3226"}],"wp:term":[{"taxonomy":"product_brand","embeddable":true,"href":"https:\/\/nfc-readers.com\/sv\/wp-json\/wp\/v2\/product_brand?post=3226"},{"taxonomy":"product_cat","embeddable":true,"href":"https:\/\/nfc-readers.com\/sv\/wp-json\/wp\/v2\/product_cat?post=3226"},{"taxonomy":"product_tag","embeddable":true,"href":"https:\/\/nfc-readers.com\/sv\/wp-json\/wp\/v2\/product_tag?post=3226"}],"curies":[{"name":"wp","href":"https:\/\/api.w.org\/{rel}","templated":true}]}}