{"id":3233,"date":"2024-10-30T12:07:01","date_gmt":"2024-10-30T12:07:01","guid":{"rendered":"https:\/\/nfc-readers.com\/?post_type=product&#038;p=3233"},"modified":"2024-11-14T14:43:00","modified_gmt":"2024-11-14T14:43:00","slug":"customized-13-56mhz-rfid-abs-nfc-keychans","status":"publish","type":"product","link":"https:\/\/nfc-readers.com\/sv\/ic-reader\/customized-13-56mhz-rfid-abs-nfc-keychans\/","title":{"rendered":"Anpassade 13,56MHz RFID ABS NFC-nyckelkanaler"},"content":{"rendered":"<h1 style=\"text-align: center;\"><strong>Anpassade 13,56MHz RFID ABS NFC-nyckelkanaler<\/strong><\/h1>\n<p>&nbsp;<\/p>\n<p>I dagens snabba v\u00e4rld \u00e4r behovet av s\u00e4kra och bekv\u00e4ma \u00e5tkomstl\u00f6sningar av st\u00f6rsta vikt. Introducerar <strong>Anpassade 13,56MHz RFID ABS NFC-nyckelringar<\/strong>, en perfekt blandning av teknik och funktionalitet. Dessa avancerade nyckelbrickor anv\u00e4nder RFID (Radio-Frequency Identification) och NFC (Near Field Communication) teknologier, vilket ger s\u00f6ml\u00f6s och kontaktl\u00f6s \u00e5tkomst. Oavsett om det \u00e4r f\u00f6r personligt bruk eller som en del av en st\u00f6rre\u00a0<strong>passersystem<\/strong>, dessa nyckelringar ger en robust, p\u00e5litlig och anv\u00e4ndarv\u00e4nlig l\u00f6sning f\u00f6r dina \u00e5tkomstbehov.<\/p>\n<p>&nbsp;<\/p>\n<h3><strong>Produktf\u00f6rdelar och varf\u00f6r v\u00e4lja v\u00e5ra NFC-nyckelringar<\/strong><\/h3>\n<p>&nbsp;<\/p>\n<ol>\n<li><strong>F\u00f6rb\u00e4ttrad s\u00e4kerhet<\/strong>: Den\u00a0<strong>NFC-nyckelbricka<\/strong>\u00a0\u00f6kar s\u00e4kerheten i dina lokaler. Med en unik identifieringskod s\u00e4kerst\u00e4ller varje enhet att endast beh\u00f6riga anv\u00e4ndare kan f\u00e5 \u00e5tkomst.<\/li>\n<li><strong>H\u00e5llbarhet och m\u00e5ngsidighet<\/strong>: Tillverkad av h\u00f6g kvalitet\u00a0<strong>ABS<\/strong>, dessa nyckelbrickor \u00e4r inte bara h\u00e5llbara utan ocks\u00e5 vattent\u00e4ta och v\u00e4derbest\u00e4ndiga, vilket g\u00f6r dem l\u00e4mpliga f\u00f6r olika milj\u00f6er.<\/li>\n<li><strong>Anpassningsbar och estetisk tilltalande<\/strong>: V\u00e5ra nyckelringar kan skr\u00e4ddarsys efter dina varum\u00e4rkeskrav genom\u00a0<strong>CMYK 4C utskrift<\/strong>, laserkodning och termiskt tryck, s\u00e5 att du kan integrera din logotyp eller design s\u00f6ml\u00f6st.<\/li>\n<li><strong>Anv\u00e4ndarv\u00e4nlig<\/strong>: Designade f\u00f6r enkel anv\u00e4ndning, dessa nyckelbrickor \u00e4r kontaktl\u00f6sa; allt anv\u00e4ndare beh\u00f6ver g\u00f6ra \u00e4r att trycka p\u00e5 sin fob n\u00e4ra en l\u00e4sare f\u00f6r att komma in.<\/li>\n<li><strong>Kostnadseffektiv l\u00f6sning<\/strong>: Med en livsl\u00e4ngd p\u00e5\u00a0<strong>100 000 skrivcykler<\/strong>, v\u00e5r\u00a0<strong>RFID nyckelbrickor<\/strong>\u00a0representerar ett kostnadseffektivt alternativ f\u00f6r b\u00e5de privatpersoner och f\u00f6retag, vilket minskar behovet av frekventa byten.<\/li>\n<\/ol>\n<p>Med dessa f\u00f6rdelar kan\u00a0<strong>Anpassade 13,56MHz RFID ABS NFC-nyckelringar<\/strong>\u00a0framst\u00e5 som en viktig komponent f\u00f6r dagens moderna accessl\u00f6sningar.<\/p>\n<p>&nbsp;<\/p>\n<h3><strong>Produkt\u00f6versikt<\/strong><\/h3>\n<p>&nbsp;<\/p>\n<h3>1. F\u00f6rst\u00e5 RFID- och NFC-tekniker<\/h3>\n<p>RFID och NFC \u00e4r b\u00e5da viktiga teknologier som driver moderna passerkontrolll\u00f6sningar. RFID anv\u00e4nder elektromagnetiska f\u00e4lt f\u00f6r att automatiskt identifiera och sp\u00e5ra taggar som \u00e4r f\u00e4sta p\u00e5 objekt, medan NFC \u00e4r en delm\u00e4ngd av RFID designad f\u00f6r kommunikation p\u00e5 n\u00e4ra h\u00e5ll. Dessa teknologier utg\u00f6r ryggraden i v\u00e5rt\u00a0<strong>fj\u00e4rrkontroller<\/strong>, vilket s\u00e4kerst\u00e4ller snabba och s\u00e4kra transaktioner.<\/p>\n<h3>2. Funktioner hos de skr\u00e4ddarsydda 13,56MHz RFID ABS NFC-nyckelringarna<\/h3>\n<p>En av de framst\u00e5ende funktionerna \u00e4r\u00a0<strong>13,56MHz frekvens<\/strong>, vilket garanterar \u00f6verl\u00e4gsen l\u00e4sf\u00f6rm\u00e5ga. Dessutom f\u00f6rb\u00e4ttrar nyckelbrickans kompakta storlek portabiliteten, vilket g\u00f6r den l\u00e4tt f\u00f6r anv\u00e4ndare att b\u00e4ra med sig. Dessutom\u00a0<strong>vattent\u00e4t och v\u00e4derbest\u00e4ndig<\/strong>\u00a0designen g\u00f6r att foben kan fungera under olika milj\u00f6f\u00f6rh\u00e5llanden.<\/p>\n<h3>3. Applikation i \u00e5tkomstkontrollsystem<\/h3>\n<p>Dessa nyckelringar \u00e4r idealiska att integrera i\u00a0<strong>passersystem<\/strong>. De kan anv\u00e4ndas f\u00f6r d\u00f6rrl\u00e5s, smarta d\u00f6rrar och till och med hotellrum, vilket g\u00f6r dem m\u00e5ngsidiga f\u00f6r olika applikationer. Nyckelbrickan fungerar s\u00f6ml\u00f6st f\u00f6r att f\u00f6rb\u00e4ttra s\u00e4kerheten i b\u00e5de bost\u00e4der och kommersiella milj\u00f6er.<\/p>\n<h3>4. Praktiska bruksanvisningar<\/h3>\n<p>Med hj\u00e4lp av\u00a0<strong>RFID nyckelbricka<\/strong>\u00a0\u00e4r intuitiv; h\u00e5ll den bara inombords\u00a0<strong>0-10 cm<\/strong>\u00a0p\u00e5 RFID-l\u00e4saren tills du h\u00f6r ett pip eller ser en LED-lampa som indikerar framg\u00e5ngsrik \u00e5tkomst. Nyckelbrickorna \u00e4r omskrivbara, vilket inneb\u00e4r att du kan uppdatera deras information efter behov, vilket \u00e4r avg\u00f6rande f\u00f6r organisationer som regelbundet uppdaterar anst\u00e4lldas \u00e5tkomst.<\/p>\n<h3>5. Milj\u00f6p\u00e5verkan<\/h3>\n<p>V\u00e5rt engagemang f\u00f6r h\u00e5llbarhet \u00e5terspeglas i de material och processer vi anv\u00e4nder f\u00f6r att tillverka dessa nyckelringar. G\u00f6rs av\u00a0<strong>ABS<\/strong>, ett \u00e5tervinningsbart material, representerar de ett milj\u00f6v\u00e4nligt alternativ f\u00f6r f\u00f6retag som str\u00e4var efter att minska sitt koldioxidavtryck.<\/p>\n<h3>6. Kundrecensioner och rekommendationer<\/h3>\n<p>Kunderna ber\u00f6mmer v\u00e5r\u00a0<strong>NFC-nyckelringar<\/strong>\u00a0f\u00f6r deras tillf\u00f6rlitlighet och effektivitet. M\u00e5nga noterade f\u00f6rb\u00e4ttrad s\u00e4kerhet i sina anl\u00e4ggningar, med flera rapporterade betydande f\u00f6rb\u00e4ttringar av l\u00e4ttillg\u00e4nglighet f\u00f6r anst\u00e4llda och bes\u00f6kare. &quot;Integrationen var s\u00f6ml\u00f6s och nyckelbrickorna har fungerat felfritt&quot;, s\u00e4ger en n\u00f6jd kund.<\/p>\n<p>&nbsp;<\/p>\n<h3><strong>Tekniska specifikationer<\/strong><\/h3>\n<table class=\"preview\" style=\"height: 293px;\" width=\"492\">\n<thead>\n<tr>\n<th>Attribut<\/th>\n<th>Specifikation<\/th>\n<\/tr>\n<\/thead>\n<tbody>\n<tr>\n<td><strong>Kommunikationsgr\u00e4nssnitt<\/strong><\/td>\n<td>RFID, NFC<\/td>\n<\/tr>\n<tr>\n<td><strong>Frekvens<\/strong><\/td>\n<td>13,56 MHz<\/td>\n<\/tr>\n<tr>\n<td><strong>Material<\/strong><\/td>\n<td>ABS<\/td>\n<\/tr>\n<tr>\n<td><strong>Chips<\/strong><\/td>\n<td>NTAG213\/215\/216<\/td>\n<\/tr>\n<tr>\n<td><strong>Protokoll<\/strong><\/td>\n<td>ISO14443A<\/td>\n<\/tr>\n<tr>\n<td><strong>Temperaturomr\u00e5de<\/strong><\/td>\n<td>20 \u2103~+85 \u2103<\/td>\n<\/tr>\n<tr>\n<td><strong>L\u00e4savst\u00e5nd<\/strong><\/td>\n<td>0-10 cm<\/td>\n<\/tr>\n<tr>\n<td><strong>Skrivcykel<\/strong><\/td>\n<td>100 000 g\u00e5nger<\/td>\n<\/tr>\n<tr>\n<td><strong>F\u00f6rpackningsstorlek<\/strong><\/td>\n<td>10x8x6 cm<\/td>\n<\/tr>\n<tr>\n<td><strong>Vikt<\/strong><\/td>\n<td>0,020 kg<\/td>\n<\/tr>\n<\/tbody>\n<\/table>\n<h3><\/h3>\n<h3><strong>Vanliga fr\u00e5gor<\/strong><\/h3>\n<p>&nbsp;<\/p>\n<p><strong>F: Kan jag anpassa RFID-taggen?<\/strong><br \/>\nA: Ja, v\u00e5r\u00a0<strong>RFID nyckelbrickor<\/strong>\u00a0kan anpassas med din \u00f6nskade design och varum\u00e4rkeselement.<\/p>\n<p><strong>F: \u00c4r dessa nyckelbrickor kompatibla med befintliga system?<\/strong><br \/>\nS: V\u00e5ra nyckelbrickor \u00e4r designade f\u00f6r att integreras med de flesta befintliga RFID-system, men vi rekommenderar att du kontrollerar dem<\/p>\n<p>&nbsp;<\/p>","protected":false},"excerpt":{"rendered":"<p>De skr\u00e4ddarsydda 13,56 MHz RFID ABS NFC-nyckelringarna \u00e4r designade f\u00f6r m\u00e5ngsidig och s\u00e4ker \u00e5tkomstkontroll. Med sitt h\u00e5llbara ABS-material och NFC-teknik erbjuder dessa nyckelringar bekv\u00e4mlighet och tillf\u00f6rlitlighet f\u00f6r olika applikationer, fr\u00e5n evenemangshantering till smarta hemsystem.<\/p>","protected":false},"featured_media":3235,"template":"","meta":[],"product_brand":[],"product_cat":[49],"product_tag":[],"class_list":{"0":"post-3233","1":"product","2":"type-product","3":"status-publish","4":"has-post-thumbnail","6":"product_cat-nfc-key-fobs","8":"first","9":"instock","10":"shipping-taxable","11":"product-type-simple"},"_links":{"self":[{"href":"https:\/\/nfc-readers.com\/sv\/wp-json\/wp\/v2\/product\/3233","targetHints":{"allow":["GET"]}}],"collection":[{"href":"https:\/\/nfc-readers.com\/sv\/wp-json\/wp\/v2\/product"}],"about":[{"href":"https:\/\/nfc-readers.com\/sv\/wp-json\/wp\/v2\/types\/product"}],"wp:featuredmedia":[{"embeddable":true,"href":"https:\/\/nfc-readers.com\/sv\/wp-json\/wp\/v2\/media\/3235"}],"wp:attachment":[{"href":"https:\/\/nfc-readers.com\/sv\/wp-json\/wp\/v2\/media?parent=3233"}],"wp:term":[{"taxonomy":"product_brand","embeddable":true,"href":"https:\/\/nfc-readers.com\/sv\/wp-json\/wp\/v2\/product_brand?post=3233"},{"taxonomy":"product_cat","embeddable":true,"href":"https:\/\/nfc-readers.com\/sv\/wp-json\/wp\/v2\/product_cat?post=3233"},{"taxonomy":"product_tag","embeddable":true,"href":"https:\/\/nfc-readers.com\/sv\/wp-json\/wp\/v2\/product_tag?post=3233"}],"curies":[{"name":"wp","href":"https:\/\/api.w.org\/{rel}","templated":true}]}}