{"id":3241,"date":"2024-10-30T12:36:28","date_gmt":"2024-10-30T12:36:28","guid":{"rendered":"https:\/\/nfc-readers.com\/?post_type=product&#038;p=3241"},"modified":"2024-10-30T12:36:28","modified_gmt":"2024-10-30T12:36:28","slug":"iso11784-5-125khz-tk4100-waterproof-smart-rfid-key-fob","status":"publish","type":"product","link":"https:\/\/nfc-readers.com\/sv\/ic-reader\/iso11784-5-125khz-tk4100-waterproof-smart-rfid-key-fob\/","title":{"rendered":"ISO11784\/5 125Khz TK4100 Vattent\u00e4t Smart RFID nyckelbricka"},"content":{"rendered":"<h1 style=\"text-align: center;\"><strong>ISO11784\/5 125Khz TK4100 Vattent\u00e4t Smart RFID nyckelbricka<\/strong><\/h1>\n<p>De <strong>ISO11784\/5 125KHz TK4100 Vattent\u00e4t Smart RFID nyckelbricka<\/strong>\u00a0representerar toppen av moderna passerkontrolll\u00f6sningar, som kombinerar avancerad teknik med h\u00e5llbar design f\u00f6r att erbjuda ett p\u00e5litligt och effektivt s\u00e4tt att hantera s\u00e4kra ing\u00e5ngspunkter. Med sina vattent\u00e4ta egenskaper och kompakta storlek \u00e4r denna RFID-nyckelbricka inte bara praktisk utan ocks\u00e5 n\u00f6dv\u00e4ndig f\u00f6r olika applikationer. Oavsett om det g\u00e4ller en s\u00e4ker milj\u00f6 p\u00e5 ett hotell, kontorsbyggnad eller personligt bruk, ger denna RFID-nyckelbricka \u00f6verl\u00e4gsen autentisering och identifiering med minimalt kr\u00e5ngel.<\/p>\n<p>&nbsp;<\/p>\n<h3><strong>Varf\u00f6r v\u00e4lja TK4100 RFID-nyckelbricka?<\/strong><\/h3>\n<p>&nbsp;<\/p>\n<p>Att investera i TK4100 RFID-nyckelbrickan inneb\u00e4r att s\u00e4kra din milj\u00f6 med den senaste tekniken designad f\u00f6r att klara utmaningarna i vardagen. Den vattent\u00e4ta och v\u00e4derbest\u00e4ndiga designen s\u00e4kerst\u00e4ller att foben f\u00f6rblir p\u00e5litlig i alla f\u00f6rh\u00e5llanden, vilket g\u00f6r den till ett idealiskt val f\u00f6r b\u00e5de inomhus- och utomhusapplikationer. Dess l\u00e4tta ABS-konstruktion, anpassningsbar med silkscreening och lasergravering, m\u00f6jligg\u00f6r anpassning samtidigt som funktionaliteten bibeh\u00e5lls. Nyckelbrickans passiva karakt\u00e4r s\u00e4kerst\u00e4ller l\u00e5gt underh\u00e5ll och l\u00e5ng livsl\u00e4ngd, vilket g\u00f6r den till en kostnadseffektiv l\u00f6sning f\u00f6r \u00e5tkomst av begr\u00e4nsade omr\u00e5den.<\/p>\n<p>&nbsp;<\/p>\n<h3><strong>Produkt\u00f6versikt<\/strong><\/h3>\n<p>&nbsp;<\/p>\n<p>TK4100 RFID-nyckelbrickan arbetar med en frekvens p\u00e5\u00a0<strong>125KHz<\/strong>, h\u00e5lla sig till\u00a0<strong>ISO11784\/5<\/strong>\u00a0standarder f\u00f6r identifieringssystem, vilket g\u00f6r den kompatibel med olika RFID-l\u00e4sare och passersystem. Denna nyckelbricka \u00e4r designad f\u00f6r effektivitet och har en kompakt storlek p\u00e5\u00a0<strong>41*32 mm<\/strong>, kombinerat med en m\u00e4ngd f\u00e4rgalternativ inklusive gul, bl\u00e5, r\u00f6d, svart och gr\u00f6n. Med en vikt p\u00e5 bara\u00a0<strong>5-8 g<\/strong>, den h\u00e4r l\u00e4tta designen s\u00e4kerst\u00e4ller anv\u00e4ndarkomfort och l\u00e4tthet under daglig anv\u00e4ndning.<\/p>\n<p>&nbsp;<\/p>\n<h3><strong>Nyckelfunktioner hos TK4100 RFID-nyckelbricka<\/strong><\/h3>\n<h3>RFID kommunikationsgr\u00e4nssnitt<\/h3>\n<p>TK4100-taggen anv\u00e4nder\u00a0<strong>RFID<\/strong>\u00a0teknik f\u00f6r effektiv kommunikation. Den passiva designen g\u00f6r att den inte kr\u00e4ver en intern str\u00f6mk\u00e4lla; ist\u00e4llet drar den str\u00f6m fr\u00e5n RFID-l\u00e4sarens signal. Denna egenskap f\u00f6rl\u00e4nger inte bara taggens livsl\u00e4ngd utan minskar ocks\u00e5 behovet av regelbundet underh\u00e5ll, vilket g\u00f6r den till ett bekv\u00e4mt val f\u00f6r b\u00e5de f\u00f6retag och privatpersoner.<\/p>\n<p><strong>F\u00f6rdelar<\/strong>:<\/p>\n<ul>\n<li><strong>L\u00e5gt underh\u00e5ll<\/strong>: Passiv RFID-teknik inneb\u00e4r inga batteribyten.<\/li>\n<li><strong>H\u00e5llbar design<\/strong>: Motst\u00e5ndskraftig mot yttre milj\u00f6faktorer tack vare vattent\u00e4ta egenskaper.<\/li>\n<\/ul>\n<h3>Vattent\u00e4t och v\u00e4derbest\u00e4ndig<\/h3>\n<p>En av de mest utm\u00e4rkande egenskaperna hos TK4100 RFID-nyckelbrickan \u00e4r dess\u00a0<strong>vattent\u00e4t<\/strong>\u00a0och\u00a0<strong>v\u00e4derbest\u00e4ndig<\/strong>\u00a0konstruktion. Oavsett om den anv\u00e4nds i en fuktig milj\u00f6 eller uts\u00e4tts f\u00f6r h\u00e5rt v\u00e4der, f\u00f6rblir denna nyckelbricka funktionell.<\/p>\n<p><strong>F\u00f6rdelar<\/strong>:<\/p>\n<ul>\n<li><strong>Tillf\u00f6rlitlighet under alla f\u00f6rh\u00e5llanden<\/strong>: Se till att \u00e5tkomstkontrollen f\u00f6rblir effektiv b\u00e5de inomhus och utomhus.<\/li>\n<li><strong>L\u00e4ngre livsl\u00e4ngd<\/strong>: Minskat slitage j\u00e4mf\u00f6rt med icke-vattenbest\u00e4ndiga alternativ.<\/li>\n<\/ul>\n<h3>Kompakt och l\u00e4tt design<\/h3>\n<p>Med m\u00e5tt p\u00e5\u00a0<strong>41*32 mm<\/strong>\u00a0och en vikt p\u00e5 endast\u00a0<strong>5-8 g<\/strong>, nyckelbrickan TK4100 \u00e4r designad f\u00f6r maximal b\u00e4rbarhet. Denna ergonomiska storlek och vikt g\u00f6r att anv\u00e4ndarna kan b\u00e4ra den bekv\u00e4mt utan extra bulk, vilket g\u00f6r den l\u00e4tt att f\u00e4sta p\u00e5 nyckelringar eller v\u00e4skor.<\/p>\n<p><strong>F\u00f6rdelar<\/strong>:<\/p>\n<ul>\n<li><strong>L\u00e4tt att anv\u00e4nda<\/strong>: Minimalt hinder vid b\u00e4rande, l\u00e4mplig f\u00f6r vardagliga anv\u00e4ndare.<\/li>\n<li><strong>M\u00e5ngsidiga inf\u00e4stningsalternativ<\/strong>: Kompatibel med olika b\u00e4rl\u00f6sningar, fr\u00e5n nyckelringar till nyckelband.<\/li>\n<\/ul>\n<p>&nbsp;<\/p>\n<table class=\"preview\" style=\"height: 195px;\" width=\"557\">\n<thead>\n<tr>\n<th>Specifikation<\/th>\n<th>Beskrivning<\/th>\n<\/tr>\n<\/thead>\n<tbody>\n<tr>\n<td><strong>Frekvens<\/strong><\/td>\n<td>125KHz<\/td>\n<\/tr>\n<tr>\n<td><strong>Material<\/strong><\/td>\n<td>ABS<\/td>\n<\/tr>\n<tr>\n<td><strong>Storleksalternativ<\/strong><\/td>\n<td>41<em>32 mm, 25<\/em>34,5 mm, 32<em>52 mm, 31<\/em>42 mm, 30,5*37,5 mm<\/td>\n<\/tr>\n<tr>\n<td><strong>Vikt<\/strong><\/td>\n<td>5-8 g\/st<\/td>\n<\/tr>\n<tr>\n<td><strong>Utskriftsalternativ<\/strong><\/td>\n<td>Silk screening, lasergraverad logotyp<\/td>\n<\/tr>\n<tr>\n<td><strong>Andra funktioner<\/strong><\/td>\n<td>Anpassad med logotyp, serienummer, HID-kod<\/td>\n<\/tr>\n<\/tbody>\n<\/table>\n<p>&nbsp;<\/p>","protected":false},"excerpt":{"rendered":"<p>ISO11784\/5 125KHz TK4100 vattent\u00e4t Smart RFID-nyckelbricka erbjuder p\u00e5litlig \u00e5tkomstkontroll i olika milj\u00f6er. Dess h\u00e5llbara, vattent\u00e4ta design s\u00e4kerst\u00e4ller l\u00e5ngvarig prestanda.<\/p>","protected":false},"featured_media":3242,"template":"","meta":[],"product_brand":[],"product_cat":[49],"product_tag":[],"class_list":{"0":"post-3241","1":"product","2":"type-product","3":"status-publish","4":"has-post-thumbnail","6":"product_cat-nfc-key-fobs","8":"first","9":"instock","10":"shipping-taxable","11":"product-type-simple"},"_links":{"self":[{"href":"https:\/\/nfc-readers.com\/sv\/wp-json\/wp\/v2\/product\/3241","targetHints":{"allow":["GET"]}}],"collection":[{"href":"https:\/\/nfc-readers.com\/sv\/wp-json\/wp\/v2\/product"}],"about":[{"href":"https:\/\/nfc-readers.com\/sv\/wp-json\/wp\/v2\/types\/product"}],"wp:featuredmedia":[{"embeddable":true,"href":"https:\/\/nfc-readers.com\/sv\/wp-json\/wp\/v2\/media\/3242"}],"wp:attachment":[{"href":"https:\/\/nfc-readers.com\/sv\/wp-json\/wp\/v2\/media?parent=3241"}],"wp:term":[{"taxonomy":"product_brand","embeddable":true,"href":"https:\/\/nfc-readers.com\/sv\/wp-json\/wp\/v2\/product_brand?post=3241"},{"taxonomy":"product_cat","embeddable":true,"href":"https:\/\/nfc-readers.com\/sv\/wp-json\/wp\/v2\/product_cat?post=3241"},{"taxonomy":"product_tag","embeddable":true,"href":"https:\/\/nfc-readers.com\/sv\/wp-json\/wp\/v2\/product_tag?post=3241"}],"curies":[{"name":"wp","href":"https:\/\/api.w.org\/{rel}","templated":true}]}}