{"id":3248,"date":"2024-10-30T12:48:01","date_gmt":"2024-10-30T12:48:01","guid":{"rendered":"https:\/\/nfc-readers.com\/?post_type=product&#038;p=3248"},"modified":"2024-10-30T12:48:01","modified_gmt":"2024-10-30T12:48:01","slug":"waterproof-mifare-classic-1k-programmable-rfid-nfc-key-fob","status":"publish","type":"product","link":"https:\/\/nfc-readers.com\/sv\/ic-reader\/waterproof-mifare-classic-1k-programmable-rfid-nfc-key-fob\/","title":{"rendered":"Vattent\u00e4t MIFARE Classic 1K Programmerbar RFID NFC nyckelbricka"},"content":{"rendered":"<h1 style=\"text-align: center;\"><strong>Vattent\u00e4t MIFARE Classic 1K Programmerbar RFID NFC nyckelbricka<\/strong><\/h1>\n<p>&nbsp;<\/p>\n<p>En v\u00e4rld av s\u00e4kerhet och \u00e5tkomstkontroll har utvecklats enormt, med teknik som banar v\u00e4g f\u00f6r smartare l\u00f6sningar. Bland dem, den <strong>Vattent\u00e4t MIFARE Classic 1K Programmerbar RFID NFC nyckelbricka<\/strong>\u00a0framst\u00e5r som ett m\u00e5ngsidigt och p\u00e5litligt val f\u00f6r b\u00e5de personligt och professionellt bruk. Denna RFID-nyckelbricka \u00e4r skapad f\u00f6r \u00f6verl\u00e4gsen funktionalitet och anv\u00e4ndarbekv\u00e4mlighet och \u00e4r mer \u00e4n bara ett s\u00e4tt att l\u00e5sa upp d\u00f6rrar \u2013 det \u00e4r en m\u00e5ngsidig l\u00f6sning som \u00e4r skr\u00e4ddarsydd f\u00f6r att m\u00f6ta olika behov. Med sin vattent\u00e4ta design, programmerbara funktioner och kompatibilitet med NFC-teknik \u00e4r denna nyckelbricka inte bara innovativ utan ocks\u00e5 en v\u00e4rdefull investering f\u00f6r alla som s\u00f6ker p\u00e5litlighet och s\u00e4kerhet.<\/p>\n<p>&nbsp;<\/p>\n<p>&nbsp;<\/p>\n<h3><strong>Produktf\u00f6rdelar: Varf\u00f6r den vattent\u00e4ta MIFARE Classic 1K RFID NFC nyckelbrickan \u00e4r v\u00e4rd att k\u00f6pa<\/strong><\/h3>\n<p>Det har aldrig varit l\u00e4ttare att f\u00f6rb\u00e4ttra \u00e5tkomstkontrollen, och denna NFC-nyckelbricka \u00e4r exceptionellt enkel att integrera med befintliga system. F\u00f6rdelarna str\u00e4cker sig l\u00e5ngt ut\u00f6ver bekv\u00e4mlighet; dess vattent\u00e4ta och v\u00e4derbest\u00e4ndiga egenskaper g\u00f6r den idealisk f\u00f6r utomhusbruk. Med en anpassningsbar design tillg\u00e4nglig i olika f\u00e4rger och m\u00f6jligheten att skriva ut unika identifierare, kan denna RFID-nyckeltagg s\u00f6ml\u00f6st blandas med personligt eller f\u00f6retags varum\u00e4rke. F\u00f6r anv\u00e4ndare som s\u00f6ker ett friktionsfritt s\u00e4tt att automatisera \u00e5tkomst till sina fastigheter, fordon eller enheter, \u00e4r den vattent\u00e4ta MIFARE Classic 1K ett exceptionellt val.<\/p>\n<p>&nbsp;<\/p>\n<h3><strong>\u00d6versikt \u00f6ver funktioner och specifikationer<\/strong><\/h3>\n<h3><strong>1.RFID och NFC kommunikationsteknik<\/strong><\/h3>\n<p>RFID (Radio-Frequency Identification) och NFC (Near Field Communication) \u00e4r k\u00e4rnan i denna avancerade nyckelbricka-teknik. Fungerar med en frekvens av\u00a0<strong>13,56 MHz<\/strong>, s\u00e4kerst\u00e4ller enheten snabb och p\u00e5litlig kommunikation mellan fob och l\u00e4sare. NFC-kapaciteten till\u00e5ter intuitiv interaktion, vilket g\u00f6r den idealisk f\u00f6r olika applikationer som mobila betalningar och \u00e5tkomstkontroll.<\/p>\n<h3>2.\u00a0<strong>Vattent\u00e4t och v\u00e4derbest\u00e4ndig design<\/strong><\/h3>\n<p>Speciellt konstruerad f\u00f6r h\u00e5llbarhet, detta\u00a0<strong>RFID nyckelbricka<\/strong>\u00a0\u00e4r b\u00e5de vattent\u00e4t och v\u00e4derbest\u00e4ndig. Orubblig inf\u00f6r ogynnsamma milj\u00f6f\u00f6rh\u00e5llanden \u00e4r den perfekt f\u00f6r anv\u00e4ndning utomhus, vilket s\u00e4kerst\u00e4ller maximalt skydd f\u00f6r interna kretsar. Denna funktion \u00e4r avg\u00f6rande f\u00f6r f\u00f6retag och privatpersoner som kr\u00e4ver tillf\u00f6rlitlighet oavsett v\u00e4der.<\/p>\n<h3>3.\u00a0<strong>Programmerbara funktioner f\u00f6r anpassning<\/strong><\/h3>\n<p>En av de utm\u00e4rkande egenskaperna hos Waterproof MIFARE Classic 1K \u00e4r dess programmerbarhet. Anv\u00e4ndare kan anpassa nyckelbrickans funktionalitet f\u00f6r att passa deras specifika \u00e5tkomstkontrollbehov. Oavsett om du beh\u00f6ver\u00a0<strong>nyckell\u00f6st intr\u00e4de<\/strong>, eller beh\u00f6ver lagra specifika \u00e5tkomstbeh\u00f6righeter, den programmerbara aspekten av detta\u00a0<strong>nyckelbricka<\/strong>\u00a0erbjuder flexibilitet som inte finns i standardmodeller.<\/p>\n<h3>4.\u00a0<strong>Flera storleksalternativ och anpassning<\/strong><\/h3>\n<p>Med en m\u00e4ngd olika storlekar inklusive\u00a0<strong>41<em>32 mm, 25<\/em>34,5 mm och andra<\/strong>, nyckelbrickan tillgodoser olika anv\u00e4ndarpreferenser. Inte bara det, du kan ytterligare anpassa produkten med anpassade logotyper och f\u00e4rger, vilket g\u00f6r den till ett unikt till\u00e4gg till din RFID-produktlinje.<\/p>\n<h3>5.\u00a0<strong>Slitstarkt material och estetiskt tilltalande<\/strong><\/h3>\n<p>Denna nyckelbricka \u00e4r tillverkad av h\u00f6gkvalitativt ABS-material och \u00e4r konstruerad f\u00f6r att motst\u00e5 slitage, vilket resulterar i en l\u00e5ng livsl\u00e4ngd. Plus m\u00f6jligheten att v\u00e4lja mellan\u00a0<strong>alla f\u00e4rger<\/strong>\u00a0s\u00e4kerst\u00e4ller att den s\u00f6ml\u00f6st kan passa in i varje personlig eller professionell estetik.<\/p>\n<h3>6.\u00a0<strong>Omfattande certifieringar<\/strong><\/h3>\n<p>F\u00f6r sinnesfrid \u00e4r den vattent\u00e4ta MIFARE Classic 1K RFID-nyckelbrickan certifierad av ISO 9001:2008, SGS och ROHS. Detta garanterar att produkten uppfyller str\u00e4nga kvalitets- och s\u00e4kerhetsstandarder, vilket f\u00f6rs\u00e4krar kunderna om dess tillf\u00f6rlitlighet.<\/p>\n<h3>7.\u00a0<strong>Effektiv f\u00f6rpackning och leverans<\/strong><\/h3>\n<p>Denna RFID-nyckelbricka \u00e4r f\u00f6rpackad effektivt, med\u00a0<strong>2000 st\/kartong<\/strong>\u00a0och\u00a0<strong>100 st\/opp p\u00e5se<\/strong>, designad f\u00f6r optimal hantering och transport. Detta system hj\u00e4lper inte bara till att bevara produktens integritet utan f\u00f6rb\u00e4ttrar ocks\u00e5 anv\u00e4ndarnas logistikverksamhet.<\/p>\n<h3>8.\u00a0<strong>Kundrecensioner och upplevelser<\/strong><\/h3>\n<p>Feedback fr\u00e5n n\u00f6jda kunder framh\u00e4ver nyckelbrickans exceptionella tillf\u00f6rlitlighet och prestanda. Anv\u00e4ndare n\u00e4mner ofta dess enkla programmering och robustheten hos den vattent\u00e4ta funktionen, vilket g\u00f6r den till ett f\u00f6redraget val f\u00f6r dem som beh\u00f6ver s\u00e4kra \u00e5tkomstl\u00f6sningar.<\/p>\n<p>&nbsp;<\/p>\n<h3><strong>Vanliga fr\u00e5gor: Ta itu med vanliga problem<\/strong><\/h3>\n<p>Potentiella kunder kan ha olika problem och fr\u00e5gor ang\u00e5ende RFID-nyckelbrickan. H\u00e4r \u00e4r n\u00e5gra vanliga fr\u00e5gor:<\/p>\n<ul>\n<li><strong>F: Kan den h\u00e4r nyckelbrickan anv\u00e4ndas i passersystem?<\/strong>\n<ul>\n<li><strong>A:<\/strong>\u00a0Ja, den \u00e4r speciellt designad f\u00f6r passerkontrollsystem och kan underl\u00e4tta nyckelfritt tilltr\u00e4de.<\/li>\n<\/ul>\n<\/li>\n<li><strong>F: \u00c4r det anpassningsbart?<\/strong>\n<ul>\n<li><strong>A:<\/strong>\u00a0Absolut! Du kan anpassa f\u00e4rg, logotyp och till och med serienummer f\u00f6r dina specifika behov.<\/li>\n<\/ul>\n<\/li>\n<li><strong>F: Vad \u00e4r garantin p\u00e5 produkten?<\/strong>\n<ul>\n<li><strong>A:<\/strong> Vi l\u00e4mnar garanti p\u00e5 tillverkningsfel. Se produktdokumentationen f\u00f6r detaljerad information.<\/li>\n<\/ul>\n<\/li>\n<\/ul>\n<table class=\"all magic-13\" style=\"height: 269px;\" width=\"563\">\n<tbody>\n<tr>\n<td colspan=\"1\" rowspan=\"1\">\n<div class=\"magic-17\"><span class=\"magic-9\" data-spm-anchor-id=\"a2700.details.0.i42.61ee6b21Q8d0lU\">Punkt<\/span><\/div>\n<\/td>\n<td colspan=\"1\" rowspan=\"1\">\n<div class=\"magic-18\">RFID nyckelbricka<\/div>\n<\/td>\n<\/tr>\n<tr>\n<td colspan=\"1\" rowspan=\"1\">\n<div class=\"magic-17\">Material<\/div>\n<\/td>\n<td colspan=\"1\" rowspan=\"1\">\n<div class=\"magic-18\">ABS, Kopparantenn med IC<\/div>\n<\/td>\n<\/tr>\n<tr>\n<td colspan=\"1\" rowspan=\"1\">\n<div class=\"magic-17\">F\u00e4rg<\/div>\n<\/td>\n<td colspan=\"1\" rowspan=\"1\">\n<div class=\"magic-18\">bl\u00e5, svart, gul, gr\u00f6n, r\u00f6d etc<\/div>\n<\/td>\n<\/tr>\n<tr>\n<td colspan=\"1\" rowspan=\"1\">\n<div class=\"magic-17\">Chips<\/div>\n<\/td>\n<td colspan=\"1\" rowspan=\"1\">\n<div class=\"magic-18\">MIFARE Classic\u00ae 1K eller andra<\/div>\n<\/td>\n<\/tr>\n<tr>\n<td colspan=\"1\" rowspan=\"1\">\n<div class=\"magic-17\">Frekvens<\/div>\n<\/td>\n<td colspan=\"1\" rowspan=\"1\">\n<div class=\"magic-18\">13,56 MHz<\/div>\n<\/td>\n<\/tr>\n<tr>\n<td colspan=\"1\" rowspan=\"1\">\n<div class=\"magic-17\">Air Interface Protocol<\/div>\n<\/td>\n<td colspan=\"1\" rowspan=\"1\">\n<div class=\"magic-18\">ISO14443A<\/div>\n<\/td>\n<\/tr>\n<tr>\n<td colspan=\"1\" rowspan=\"1\">\n<div class=\"magic-17\">Utskrift<\/div>\n<\/td>\n<td colspan=\"1\" rowspan=\"1\">\n<div class=\"magic-18\">Anpassad logotyp, serienummer, QR-kod, UID-nummer<\/div>\n<\/td>\n<\/tr>\n<tr>\n<td colspan=\"1\" rowspan=\"1\">\n<div class=\"magic-17\">S\u00e4rdrag<\/div>\n<\/td>\n<td colspan=\"1\" rowspan=\"1\">\n<div class=\"magic-18\">Vattent\u00e4t, st\u00f6ts\u00e4ker<\/div>\n<\/td>\n<\/tr>\n<tr>\n<td colspan=\"1\" rowspan=\"1\">\n<div class=\"magic-17\">Fasts\u00e4ttning<\/div>\n<\/td>\n<td colspan=\"1\" rowspan=\"1\">\n<div class=\"magic-18\">Dubbel metallring i silver<\/div>\n<\/td>\n<\/tr>\n<tr>\n<td colspan=\"1\" rowspan=\"1\">\n<div class=\"magic-17\">Ans\u00f6kan<\/div>\n<\/td>\n<td colspan=\"1\" rowspan=\"1\">\n<div class=\"magic-18\">\u00c5tkomstkontroll, n\u00e4rvarohantering, identitetsautentisering<\/div>\n<\/td>\n<\/tr>\n<\/tbody>\n<\/table>","protected":false},"excerpt":{"rendered":"<p>De\u00a0<strong>Vattent\u00e4t MIFARE Classic 1K Programmerbar RFID NFC nyckelbricka<\/strong>\u00a0erbjuder en h\u00e5llbar och m\u00e5ngsidig l\u00f6sning f\u00f6r s\u00e4ker \u00e5tkomstkontroll, som kombinerar avancerad NFC-teknik med en v\u00e4derbest\u00e4ndig design. Denna nyckelbricka \u00e4r idealisk f\u00f6r olika applikationer och m\u00f6jligg\u00f6r enkel anpassning och programmering, vilket f\u00f6rb\u00e4ttrar b\u00e5de funktionalitet och bekv\u00e4mlighet.<\/p>","protected":false},"featured_media":3249,"template":"","meta":[],"product_brand":[],"product_cat":[49],"product_tag":[],"class_list":{"0":"post-3248","1":"product","2":"type-product","3":"status-publish","4":"has-post-thumbnail","6":"product_cat-nfc-key-fobs","8":"first","9":"instock","10":"shipping-taxable","11":"product-type-simple"},"_links":{"self":[{"href":"https:\/\/nfc-readers.com\/sv\/wp-json\/wp\/v2\/product\/3248","targetHints":{"allow":["GET"]}}],"collection":[{"href":"https:\/\/nfc-readers.com\/sv\/wp-json\/wp\/v2\/product"}],"about":[{"href":"https:\/\/nfc-readers.com\/sv\/wp-json\/wp\/v2\/types\/product"}],"wp:featuredmedia":[{"embeddable":true,"href":"https:\/\/nfc-readers.com\/sv\/wp-json\/wp\/v2\/media\/3249"}],"wp:attachment":[{"href":"https:\/\/nfc-readers.com\/sv\/wp-json\/wp\/v2\/media?parent=3248"}],"wp:term":[{"taxonomy":"product_brand","embeddable":true,"href":"https:\/\/nfc-readers.com\/sv\/wp-json\/wp\/v2\/product_brand?post=3248"},{"taxonomy":"product_cat","embeddable":true,"href":"https:\/\/nfc-readers.com\/sv\/wp-json\/wp\/v2\/product_cat?post=3248"},{"taxonomy":"product_tag","embeddable":true,"href":"https:\/\/nfc-readers.com\/sv\/wp-json\/wp\/v2\/product_tag?post=3248"}],"curies":[{"name":"wp","href":"https:\/\/api.w.org\/{rel}","templated":true}]}}