{"id":3255,"date":"2024-10-30T13:04:41","date_gmt":"2024-10-30T13:04:41","guid":{"rendered":"https:\/\/nfc-readers.com\/?post_type=product&#038;p=3255"},"modified":"2024-11-14T14:40:45","modified_gmt":"2024-11-14T14:40:45","slug":"125khz-proximity-rewritable-tk4100-t5577-rfid-keyfob","status":"publish","type":"product","link":"https:\/\/nfc-readers.com\/sv\/ic-reader\/125khz-proximity-rewritable-tk4100-t5577-rfid-keyfob\/","title":{"rendered":"125KHz n\u00e4rhet Omskrivbar TK4100 T5577 RFID fj\u00e4rrkontroll"},"content":{"rendered":"<h1 style=\"text-align: center;\"><strong>125KHz n\u00e4rhet Omskrivbar TK4100 T5577 RFID fj\u00e4rrkontroll<\/strong><\/h1>\n<p>De\u00a0<strong>125KHz n\u00e4rhet Omskrivbar TK4100 T5577 RFID fj\u00e4rrkontroll<\/strong>\u00a0\u00e4r en innovativ l\u00f6sning f\u00f6r passersystem som ger ett robust och m\u00e5ngsidigt s\u00e4tt att hantera s\u00e4kra intr\u00e4den. Denna h\u00f6gkvalitativa nyckelbricka \u00e4r omskrivbar, vilket g\u00f6r att anv\u00e4ndare kan \u00e4ndra informationen enligt deras krav. Oavsett om den anv\u00e4nds f\u00f6r att kontrollera \u00e5tkomst till byggnader, hotell eller bilnycklar, integreras denna nyckelbricka s\u00f6ml\u00f6st i dina s\u00e4kerhetsprotokoll.<\/p>\n<h2>F\u00f6rdelar med TK4100 T5577 RFID fj\u00e4rrkontroll<\/h2>\n<p>F\u00f6rdelarna med att investera i denna RFID-nyckelbricka str\u00e4cker sig ut\u00f6ver enkel \u00e5tkomstkontroll. Den \u00e4r vattent\u00e4t och st\u00f6ts\u00e4ker, vilket s\u00e4kerst\u00e4ller h\u00e5llbarhet \u00e4ven under tuffa milj\u00f6f\u00f6rh\u00e5llanden. Med anpassningsbara alternativ, inklusive logotyptryck, erbjuder denna nyckelbricka en m\u00f6jlighet f\u00f6r varum\u00e4rkesbyggande samtidigt som funktionaliteten bibeh\u00e5lls. Den omskrivbara funktionen f\u00f6rb\u00e4ttrar dess anpassningsf\u00f6rm\u00e5ga f\u00f6r olika applikationer, vilket g\u00f6r den till ett idealiskt val f\u00f6r b\u00e5de f\u00f6retag och personligt bruk.<\/p>\n<h2>Nyckelfunktioner hos TK4100 T5577 RFID-nyckelring<\/h2>\n<p>De\u00a0<strong>125KHz n\u00e4rhet Omskrivbar TK4100 T5577 RFID fj\u00e4rrkontroll<\/strong>\u00a0sticker ut i sin klass p\u00e5 grund av flera o\u00f6vertr\u00e4ffade egenskaper. Denna nyckelbricka integrerar b\u00e5de TK4100- och T5577-chipsen, vilket m\u00f6jligg\u00f6r varierad kompatibilitet med befintlig RFID-teknik.<\/p>\n<ul>\n<li><strong>M\u00f6jlighet f\u00f6r flera frekvenser<\/strong>: Denna nyckelbricka fungerar p\u00e5 b\u00e5de 125KHz och 13,56MHz frekvenser, vilket s\u00e4kerst\u00e4ller bred kompatibilitet \u00f6ver olika passersystem.<\/li>\n<li><strong>Kompakt och l\u00e4tt design<\/strong>: Med sin mini-tag-formfaktor kan fj\u00e4rrkontrollen enkelt f\u00e4stas p\u00e5 nyckelringar eller v\u00e4skor, vilket g\u00f6r den enkel att b\u00e4ra och anv\u00e4nda.<\/li>\n<\/ul>\n<p>Nyckelbrickan fungerar fr\u00e4mst som en\u00a0<strong>kontaktl\u00f6s RFID-nyckelbricka<\/strong>, vilket dramatiskt f\u00f6renklar inmatningshanteringen f\u00f6r anv\u00e4ndare. Denna praktiska funktion \u00e4r s\u00e4rskilt f\u00f6rdelaktig i hektiska milj\u00f6er som hotell och kontor.<\/p>\n<h2>H\u00e5llbarhet: Vattent\u00e4t och st\u00f6ts\u00e4ker<\/h2>\n<p>Ett av k\u00e4nnetecknen f\u00f6r\u00a0<strong>TK4100 T5577 RFID fj\u00e4rrkontroll<\/strong>\u00a0\u00e4r dess anm\u00e4rkningsv\u00e4rda h\u00e5llbarhet.<\/p>\n<ul>\n<li><strong>Vattent\u00e4t\/V\u00e4derbest\u00e4ndig<\/strong>: Tillverkad av h\u00f6gkvalitativt ABS-material, den t\u00e5l exponering f\u00f6r vatten och v\u00e4der och vind, vilket s\u00e4kerst\u00e4ller tillf\u00f6rlitlig drift under alla f\u00f6rh\u00e5llanden. Denna funktion eliminerar bekymmer under regnigt v\u00e4der eller i utomhusmilj\u00f6er, vilket m\u00f6jligg\u00f6r konsekvent prestanda.<\/li>\n<li><strong>St\u00f6ts\u00e4ker design<\/strong>: Den robusta konstruktionen garanterar ocks\u00e5 att nyckelbrickan kan hantera fall och st\u00f6tar utan f\u00f6rs\u00e4mring, vilket g\u00f6r den idealisk f\u00f6r individer som leder en aktiv livsstil eller arbetar i kr\u00e4vande milj\u00f6er.<\/li>\n<\/ul>\n<p>Denna h\u00e5llbarhet gynnar inte bara produktens livsl\u00e4ngd utan bidrar ocks\u00e5 till dess tillf\u00f6rlitlighet som en s\u00e4ker ing\u00e5ngsanordning.<\/p>\n<h2>Rewritable Capability: Anpassning och anpassningsf\u00f6rm\u00e5ga<\/h2>\n<p>En annan utm\u00e4rkande egenskap hos\u00a0<strong>TK4100 T5577 RFID fj\u00e4rrkontroll<\/strong>\u00a0\u00e4r dess omskrivbara f\u00f6rm\u00e5ga.<\/p>\n<ul>\n<li><strong>Anpassningsbar information<\/strong>: Anv\u00e4ndare kan \u00e4ndra eller uppdatera RFID-data som lagras i fob. Den h\u00e4r funktionen \u00e4r s\u00e4rskilt v\u00e4rdefull f\u00f6r organisationer som kr\u00e4ver frekventa uppdateringar f\u00f6r att f\u00e5 \u00e5tkomst till beh\u00f6righeter eller f\u00f6r f\u00f6retag som vill anpassa varum\u00e4rket p\u00e5 nyckelbrickan.<\/li>\n<li><strong>Enkel duplicering<\/strong>: Den omskrivbara naturen m\u00f6jligg\u00f6r enkel duplicering, vilket g\u00f6r det m\u00f6jligt f\u00f6r f\u00f6retag att producera s\u00e4kerhetskopierade nyckelbrickor utan anstr\u00e4ngning utan att beh\u00f6va byta ut hela enheter.<\/li>\n<\/ul>\n<p>Denna niv\u00e5 av anpassning skapar ett mycket anpassningsbart verktyg f\u00f6r \u00e5tkomstkontroll samtidigt som det erbjuder betydande kostnadsbesparingsm\u00f6jligheter.<\/p>\n<h2>Specifikationer: Detaljerad teknisk \u00f6versikt<\/h2>\n<p>De\u00a0<strong>TK4100 T5577 RFID fj\u00e4rrkontroll<\/strong>\u00a0\u00e4r utformad med specifika funktioner f\u00f6r att underl\u00e4tta effektiv \u00e5tkomstkontroll:<\/p>\n<table class=\"w-fit !mb-0 !max-w-none\" style=\"height: 187px;\" width=\"477\">\n<thead>\n<tr>\n<th><strong>Specifikation<\/strong><\/th>\n<th><strong>Detaljer<\/strong><\/th>\n<\/tr>\n<\/thead>\n<tbody>\n<tr>\n<td><strong>Frekvensintervall<\/strong><\/td>\n<td>125KHz och 13,56MHz<\/td>\n<\/tr>\n<tr>\n<td><strong>Kommunikationsgr\u00e4nssnitt<\/strong><\/td>\n<td>RFID<\/td>\n<\/tr>\n<tr>\n<td><strong>Material<\/strong><\/td>\n<td>ABS<\/td>\n<\/tr>\n<tr>\n<td><strong>F\u00e4rgalternativ<\/strong><\/td>\n<td>Svart, brun, bl\u00e5, r\u00f6d, rosa<\/td>\n<\/tr>\n<tr>\n<td><strong>Exempeltillg\u00e4nglighet<\/strong><\/td>\n<td>Prover tillg\u00e4ngliga<\/td>\n<\/tr>\n<tr>\n<td><strong>Minsta orderkvantitet (MOQ)<\/strong><\/td>\n<td>200 st<\/td>\n<\/tr>\n<\/tbody>\n<\/table>\n<p>&nbsp;<\/p>\n<p>&nbsp;<\/p>","protected":false},"excerpt":{"rendered":"<p>Den 125KHz Proximity Rewritable TK4100 T5577 RFID-nyckeln ger s\u00e4ker, kontaktl\u00f6s \u00e5tkomstkontroll med en h\u00e5llbar och anpassningsbar design. Idealisk f\u00f6r olika applikationer, garanterar flexibilitet och tillf\u00f6rlitlighet vid hantering av poster.<\/p>","protected":false},"featured_media":3262,"template":"","meta":[],"product_brand":[],"product_cat":[49],"product_tag":[],"class_list":{"0":"post-3255","1":"product","2":"type-product","3":"status-publish","4":"has-post-thumbnail","6":"product_cat-nfc-key-fobs","8":"first","9":"instock","10":"shipping-taxable","11":"product-type-simple"},"_links":{"self":[{"href":"https:\/\/nfc-readers.com\/sv\/wp-json\/wp\/v2\/product\/3255","targetHints":{"allow":["GET"]}}],"collection":[{"href":"https:\/\/nfc-readers.com\/sv\/wp-json\/wp\/v2\/product"}],"about":[{"href":"https:\/\/nfc-readers.com\/sv\/wp-json\/wp\/v2\/types\/product"}],"wp:featuredmedia":[{"embeddable":true,"href":"https:\/\/nfc-readers.com\/sv\/wp-json\/wp\/v2\/media\/3262"}],"wp:attachment":[{"href":"https:\/\/nfc-readers.com\/sv\/wp-json\/wp\/v2\/media?parent=3255"}],"wp:term":[{"taxonomy":"product_brand","embeddable":true,"href":"https:\/\/nfc-readers.com\/sv\/wp-json\/wp\/v2\/product_brand?post=3255"},{"taxonomy":"product_cat","embeddable":true,"href":"https:\/\/nfc-readers.com\/sv\/wp-json\/wp\/v2\/product_cat?post=3255"},{"taxonomy":"product_tag","embeddable":true,"href":"https:\/\/nfc-readers.com\/sv\/wp-json\/wp\/v2\/product_tag?post=3255"}],"curies":[{"name":"wp","href":"https:\/\/api.w.org\/{rel}","templated":true}]}}