{"id":3264,"date":"2024-10-30T13:19:53","date_gmt":"2024-10-30T13:19:53","guid":{"rendered":"https:\/\/nfc-readers.com\/?post_type=product&#038;p=3264"},"modified":"2024-10-30T13:19:53","modified_gmt":"2024-10-30T13:19:53","slug":"rewritable-abs-t5577-lf-125khz-waterproof-rfid-keyfob","status":"publish","type":"product","link":"https:\/\/nfc-readers.com\/sv\/ic-reader\/rewritable-abs-t5577-lf-125khz-waterproof-rfid-keyfob\/","title":{"rendered":"Omskrivbar ABS T5577 LF 125Khz vattent\u00e4t RFID-nyckelfob"},"content":{"rendered":"<h1 style=\"text-align: center;\"><strong>Omskrivbar ABS T5577 LF 125Khz vattent\u00e4t RFID-nyckelfob<\/strong><\/h1>\n<p>&nbsp;<\/p>\n<p>Introduktion av\u00a0<strong>Omskrivbar ABS T5577 LF 125KHz vattent\u00e4t RFID-nyckelfob<\/strong>: den idealiska l\u00f6sningen f\u00f6r dina \u00e5tkomstkontrollbehov! Oavsett om du beh\u00f6ver en nyckelbricka f\u00f6r s\u00e4kerhet, bekv\u00e4mlighet eller effektivitet, erbjuder denna m\u00e5ngsidiga RFID-nyckelbricka exceptionella funktioner som g\u00f6r den till ett m\u00e5ste f\u00f6r b\u00e5de personligt och professionellt bruk.<\/p>\n<p>Denna h\u00e5llbara och s\u00e4kra nyckelbricka \u00e4r designad f\u00f6r att klara h\u00e5rda v\u00e4derf\u00f6rh\u00e5llanden och \u00e4r perfekt f\u00f6r utomhusbruk. Med en l\u00e5g frekvens p\u00e5 125KHz s\u00e4kerst\u00e4ller denna RFID-nyckelbricka stabil kommunikation och \u00e4r skrivbar, s\u00e5 att du kan modifiera den f\u00f6r att passa dina specifika behov. I denna omfattande produktbeskrivning kommer vi att f\u00f6rdjupa oss i de otaliga f\u00f6rdelarna med Rewritable ABS T5577 RFID Keyfob och utforska varf\u00f6r det \u00e4r v\u00e4rt att \u00f6verv\u00e4ga f\u00f6r dina passerkontrolll\u00f6sningar.<\/p>\n<p>&nbsp;<\/p>\n<h3><strong>\u00d6versikt \u00f6ver den omskrivbara ABS T5577 fj\u00e4rrkontrollen<\/strong><\/h3>\n<p>De\u00a0<strong>Omskrivbar ABS T5577 LF 125KHz vattent\u00e4t RFID-nyckelfob<\/strong>\u00a0\u00e4r den perfekta blandningen av s\u00e4kerhet, m\u00e5ngsidighet och anv\u00e4ndarv\u00e4nlighet. Designad i Guangdong, Kina, och tillverkad av ZD, denna RFID-nyckelbricka kan anv\u00e4ndas i olika milj\u00f6er, vilket ger en p\u00e5litlig l\u00f6sning f\u00f6r passersystem.<\/p>\n<p>Oavsett om du sk\u00f6ter ett hotell, s\u00e4krar en bilplats eller \u00f6vervakar ett evenemang, l\u00e5ter den omskrivbara funktionen dig anpassa varje nyckelbricka f\u00f6r specifika applikationer, vilket g\u00f6r det till ett kostnadseffektivt val f\u00f6r b\u00e5de f\u00f6retag och privatpersoner.<\/p>\n<p>&nbsp;<\/p>\n<h3><strong>Nyckelfunktioner<\/strong><\/h3>\n<p>De\u00a0<strong>Omskrivbar ABS T5577 fj\u00e4rrkontroll<\/strong>\u00a0har en m\u00e4ngd olika specialfunktioner:<\/p>\n<ul>\n<li><strong>Vattent\u00e4t och v\u00e4derbest\u00e4ndig:<\/strong>\u00a0Byggd f\u00f6r att motst\u00e5 utomhuselement, vilket s\u00e4kerst\u00e4ller h\u00e5llbarhet och tillf\u00f6rlitlighet.<\/li>\n<li><strong>Mini Tag Design:<\/strong>\u00a0Kompakt och l\u00e4tt, vilket g\u00f6r den l\u00e4tt att b\u00e4ra och anv\u00e4nda.<\/li>\n<li><strong>RFID-kommunikation:<\/strong>\u00a0Anv\u00e4nder RFID-teknik f\u00f6r s\u00f6ml\u00f6s interaktion med kompatibla l\u00e4sare.<\/li>\n<li><strong>Skrivbar f\u00f6rm\u00e5ga:<\/strong>\u00a0Att anpassa fob \u00e4r enkelt; du kan skriva om informationen n\u00e4r det beh\u00f6vs.<\/li>\n<li><strong>Olika f\u00e4rger:<\/strong>\u00a0Finns i gult, bl\u00e5tt, r\u00f6tt, svart, gr\u00f6nt och mer, vilket ger estetiska val tillsammans med funktionalitet.<\/li>\n<li><strong>Lasergraverat tryck:<\/strong>\u00a0Idealisk f\u00f6r f\u00f6retag som vill visa logotyper eller serienummer.<\/li>\n<\/ul>\n<p>Dessa funktioner g\u00f6r denna nyckelbricka till ett praktiskt val f\u00f6r olika applikationer, vilket h\u00f6jer dess v\u00e4rde i ett passersystem.<\/p>\n<p>&nbsp;<\/p>\n<h3><strong>H\u00e5llbarhet och vattent\u00e4thet<\/strong><\/h3>\n<p>En av de framst\u00e5ende f\u00f6rdelarna med\u00a0<strong>Omskrivbar ABS T5577 fj\u00e4rrkontroll<\/strong>\u00a0\u00e4r dess vattent\u00e4ta och v\u00e4derbest\u00e4ndiga design. Tillverkad av h\u00f6gkvalitativt ABS-material, \u00e4r den b\u00e5de motst\u00e5ndskraftig mot v\u00e4xlande v\u00e4derf\u00f6rh\u00e5llanden och kan fungera tillf\u00f6rlitligt i utomhusmilj\u00f6er.<\/p>\n<p>Dess l\u00e5gfrekventa kapacitet (125KHz) hj\u00e4lper ocks\u00e5 till att f\u00f6rb\u00e4ttra kommunikationseffektiviteten med RFID-l\u00e4sare, vilket g\u00f6r att anv\u00e4ndarna kan komma in s\u00f6ml\u00f6st utan att oroa sig f\u00f6r v\u00e4derst\u00f6rningar som p\u00e5verkar deras \u00e5tkomst. Denna niv\u00e5 av h\u00e5llbarhet g\u00f6r den s\u00e4rskilt v\u00e4rdefull f\u00f6r hotell och utomhuss\u00e4kerhetssystem, d\u00e4r tid och tillf\u00f6rlitlighet \u00e4r avg\u00f6rande.<\/p>\n<p>&nbsp;<\/p>\n<h3><strong>Enkel anv\u00e4ndning och installation<\/strong><\/h3>\n<p>Att st\u00e4lla in\u00a0<strong>Omskrivbar ABS T5577 fj\u00e4rrkontroll<\/strong>\u00a0\u00e4r enkelt, vilket g\u00f6r det till ett idealiskt val \u00e4ven f\u00f6r dem som inte \u00e4r s\u00e4rskilt tekniskt kunniga. Den omskrivbara funktionen till\u00e5ter anv\u00e4ndare att snabbt uppdatera eller modifiera lagrad data utan behov av komplexa verktyg eller applikationer.<\/p>\n<p>Ladda helt enkelt in nyckelbrickan p\u00e5 en l\u00e4mplig RFID-programmerare och b\u00f6rja koda din \u00f6nskade information, oavsett om det \u00e4r ett unikt identifikationsnummer, \u00e5tkomstbeh\u00f6righeter eller annan relevant data. Denna enkla installation f\u00f6renklar integreringen av nyckelbrickan i alla befintliga passersystem.<\/p>\n<p>&nbsp;<\/p>\n<h3><strong>Vanliga fr\u00e5gor (FAQs)<\/strong><\/h3>\n<h3>F1: Vilken frekvens har den omskrivbara ABS T5577 RFID-nyckeln?<\/h3>\n<p><strong>A:<\/strong>\u00a0Den omskrivbara ABS T5577 fj\u00e4rrkontrollen fungerar med en frekvens p\u00e5\u00a0<strong>125KHz<\/strong>, vilket m\u00f6jligg\u00f6r effektiv kommunikation med RFID-l\u00e4sare som vanligtvis anv\u00e4nds i passersystem.<\/p>\n<h3>F2: \u00c4r nyckelbrickan vattent\u00e4t?<\/h3>\n<p><strong>A:<\/strong>\u00a0Ja, Rewritable ABS T5577 Keyfob \u00e4r b\u00e5de vattent\u00e4t och v\u00e4derbest\u00e4ndig, vilket s\u00e4kerst\u00e4ller h\u00e5llbarhet och tillf\u00f6rlitlighet \u00e4ven i tuffa utomhusmilj\u00f6er.<\/p>\n<h3>F3: Kan jag skriva om informationen p\u00e5 nyckelbrickan?<\/h3>\n<p><strong>A:<\/strong>\u00a0Absolut! Denna nyckelbricka har en\u00a0<strong>omskrivbar f\u00f6rm\u00e5ga<\/strong>\u00a0som g\u00f6r att du enkelt kan anpassa eller uppdatera informationen som lagras p\u00e5 den efter dina behov.<\/p>\n<h3>F4: Vilket material \u00e4r nyckelbrickan gjord av?<\/h3>\n<p><strong>A:<\/strong>\u00a0Nyckelbrickan \u00e4r gjord av h\u00f6g kvalitet\u00a0<strong>ABS-material<\/strong>, som ger h\u00e5llbarhet och motst\u00e5ndskraft mot slitage.<\/p>\n<h3>F5: Hur st\u00e4ller jag in nyckelbrickan?<\/h3>\n<p><strong>A:<\/strong>\u00a0Att st\u00e4lla in den omskrivbara ABS T5577 fj\u00e4rrkontrollen \u00e4r enkel. Anslut den helt enkelt till en kompatibel RFID-programmerare f\u00f6r att ladda din \u00f6nskade information, s\u00e5som ID-nummer eller \u00e5tkomstbeh\u00f6righeter.<\/p>","protected":false},"excerpt":{"rendered":"<p>De\u00a0<strong>Omskrivbar ABS T5577 LF 125KHz vattent\u00e4t RFID-nyckelfob<\/strong>\u00a0erbjuder en m\u00e5ngsidig och h\u00e5llbar l\u00f6sning f\u00f6r \u00e5tkomstkontrollbehov, som kombinerar anv\u00e4ndarv\u00e4nlig omskrivbar funktionalitet med v\u00e4derbest\u00e4ndig tillf\u00f6rlitlighet. Perfekt f\u00f6r utomhusapplikationer, denna nyckelbricka s\u00e4kerst\u00e4ller s\u00e4ker och effektiv kommunikation med RFID-l\u00e4sare i en kompakt design.<\/p>","protected":false},"featured_media":3265,"template":"","meta":[],"product_brand":[],"product_cat":[49],"product_tag":[],"class_list":{"0":"post-3264","1":"product","2":"type-product","3":"status-publish","4":"has-post-thumbnail","6":"product_cat-nfc-key-fobs","8":"first","9":"instock","10":"shipping-taxable","11":"product-type-simple"},"_links":{"self":[{"href":"https:\/\/nfc-readers.com\/sv\/wp-json\/wp\/v2\/product\/3264","targetHints":{"allow":["GET"]}}],"collection":[{"href":"https:\/\/nfc-readers.com\/sv\/wp-json\/wp\/v2\/product"}],"about":[{"href":"https:\/\/nfc-readers.com\/sv\/wp-json\/wp\/v2\/types\/product"}],"wp:featuredmedia":[{"embeddable":true,"href":"https:\/\/nfc-readers.com\/sv\/wp-json\/wp\/v2\/media\/3265"}],"wp:attachment":[{"href":"https:\/\/nfc-readers.com\/sv\/wp-json\/wp\/v2\/media?parent=3264"}],"wp:term":[{"taxonomy":"product_brand","embeddable":true,"href":"https:\/\/nfc-readers.com\/sv\/wp-json\/wp\/v2\/product_brand?post=3264"},{"taxonomy":"product_cat","embeddable":true,"href":"https:\/\/nfc-readers.com\/sv\/wp-json\/wp\/v2\/product_cat?post=3264"},{"taxonomy":"product_tag","embeddable":true,"href":"https:\/\/nfc-readers.com\/sv\/wp-json\/wp\/v2\/product_tag?post=3264"}],"curies":[{"name":"wp","href":"https:\/\/api.w.org\/{rel}","templated":true}]}}