{"id":3288,"date":"2024-10-31T08:03:14","date_gmt":"2024-10-31T08:03:14","guid":{"rendered":"https:\/\/nfc-readers.com\/?post_type=product&#038;p=3288"},"modified":"2024-10-31T08:03:15","modified_gmt":"2024-10-31T08:03:15","slug":"acr1581u-15693-dualboost-iii-dual-interface-nfc-reader-writer","status":"publish","type":"product","link":"https:\/\/nfc-readers.com\/sv\/ic-reader\/acr1581u-15693-dualboost-iii-dual-interface-nfc-reader-writer\/","title":{"rendered":"ACR1581U 15693 DualBoost III Dual Interface NFC Reader Writer"},"content":{"rendered":"<h1 class=\"AnswerParser_AnswerParserH1__6UNv6\">ACR1581U NFC Reader: Den ultimata kontaktl\u00f6sa l\u00f6sningen f\u00f6r ditt f\u00f6retag<\/h1>\n<p><span class=\"AnswerParser_TextContainer__z_Iiv\" data-testid=\"youchat-text\">De\u00a0<strong>ACR1581U NFC-l\u00e4sare<\/strong>\u00a0\u00e4r en toppmodern enhet designad f\u00f6r att underl\u00e4tta s\u00f6ml\u00f6s interaktion med b\u00e5de kontakt- och kontaktl\u00f6sa smartkort. Denna m\u00e5ngsidiga\u00a0<strong>NFC-l\u00e4sare<\/strong>\u00a0st\u00f6der ett brett utbud av applikationer, vilket g\u00f6r det till ett viktigt verktyg f\u00f6r b\u00e5de f\u00f6retag och utvecklare. Oavsett om du beh\u00f6ver behandla betalningar, hantera \u00e5tkomstkontroll eller l\u00e4sa data fr\u00e5n NFC-taggar, erbjuder ACR1581U en p\u00e5litlig och effektiv l\u00f6sning. Med sina robusta funktioner och anv\u00e4ndarv\u00e4nliga design \u00e4r den h\u00e4r l\u00e4saren v\u00e4rd varenda krona f\u00f6r alla som vill f\u00f6rb\u00e4ttra sin NFC-teknologiska verktygsl\u00e5da.<\/span><\/p>\n<hr \/>\n<h2 class=\"AnswerParser_AnswerParserH2__SIHnF\">Produkt\u00f6versikt<\/h2>\n<ol class=\"AnswerParser_AnswerParserOrderedList__kl_2Y\">\n<li class=\"AnswerParser_ListItem__XqLOV\" translate=\"yes\"><strong>\u00d6versikt \u00f6ver ACR1581U NFC-l\u00e4sare<\/strong><\/li>\n<li class=\"AnswerParser_ListItem__XqLOV\" translate=\"yes\"><strong>Huvudfunktioner hos ACR1581U<\/strong><\/li>\n<li class=\"AnswerParser_ListItem__XqLOV\" translate=\"yes\"><strong>Fysiska egenskaper<\/strong><\/li>\n<li class=\"AnswerParser_ListItem__XqLOV\" translate=\"yes\"><strong>Korttyper som st\u00f6ds<\/strong><\/li>\n<li class=\"AnswerParser_ListItem__XqLOV\" translate=\"yes\"><strong>Tekniska specifikationer<\/strong><\/li>\n<li class=\"AnswerParser_ListItem__XqLOV\" translate=\"yes\"><strong>Anv\u00e4ndningsinstruktioner<\/strong><\/li>\n<li class=\"AnswerParser_ListItem__XqLOV\" translate=\"yes\"><strong>Milj\u00f6p\u00e5verkan och efterlevnad<\/strong><\/li>\n<li class=\"AnswerParser_ListItem__XqLOV\" translate=\"yes\"><strong>Kundbetyg och recensioner<\/strong><\/li>\n<li class=\"AnswerParser_ListItem__XqLOV\" translate=\"yes\"><strong>Vanliga fr\u00e5gor (FAQs)<\/strong><\/li>\n<li class=\"AnswerParser_ListItem__XqLOV\" translate=\"yes\"><strong>Varf\u00f6r v\u00e4lja ACR1581U NFC-l\u00e4sare?<\/strong><\/li>\n<\/ol>\n<hr \/>\n<h2 class=\"AnswerParser_AnswerParserH2__SIHnF\">\u00d6versikt \u00f6ver ACR1581U NFC-l\u00e4sare<\/h2>\n<p><span class=\"AnswerParser_TextContainer__z_Iiv\" data-testid=\"youchat-text\">De\u00a0<strong>ACR1581U NFC-l\u00e4sare<\/strong>\u00a0\u00e4r konstruerad f\u00f6r att m\u00f6ta kraven fr\u00e5n moderna applikationer som kr\u00e4ver s\u00e4kert och effektivt datautbyte. Med st\u00f6d f\u00f6r b\u00e5de kontakt- och kontaktl\u00f6sa smartkort \u00e4r denna l\u00e4sare idealisk f\u00f6r olika branscher, inklusive finans, sjukv\u00e5rd och s\u00e4kerhet. Dess f\u00f6rm\u00e5ga att l\u00e4sa och skriva data fr\u00e5n flera korttyper s\u00e4kerst\u00e4ller att den kan anpassa sig till anv\u00e4ndarnas f\u00f6r\u00e4nderliga behov.<\/span><span class=\"AnswerParser_TextContainer__z_Iiv\" data-testid=\"youchat-text\">Utrustad med avancerade funktioner och ett anv\u00e4ndarv\u00e4nligt gr\u00e4nssnitt \u00e4r ACR1581U perfekt f\u00f6r f\u00f6retag som vill effektivisera sin verksamhet och f\u00f6rb\u00e4ttra kundupplevelsen. Dess dubbla gr\u00e4nssnitt m\u00f6jligg\u00f6r flexibilitet i anv\u00e4ndningen, vilket g\u00f6r det till ett m\u00e5ngsidigt val f\u00f6r alla applikationer.<\/span><\/p>\n<h2 class=\"AnswerParser_AnswerParserH2__SIHnF\">Huvudfunktioner hos ACR1581U<\/h2>\n<h3 class=\"AnswerParser_AnswerParserH3__Mpe4s\">Dubbla gr\u00e4nssnittskapacitet<\/h3>\n<p><span class=\"AnswerParser_TextContainer__z_Iiv\" data-testid=\"youchat-text\">ACR1581U st\u00f6der b\u00e5da\u00a0<strong>kontakta<\/strong>\u00a0och\u00a0<strong>kontaktl\u00f6st<\/strong>\u00a0smartkortsgr\u00e4nssnitt, s\u00e5 att anv\u00e4ndare kan interagera med ett brett utbud av kort. Denna dubbla funktionalitet g\u00f6r den l\u00e4mplig f\u00f6r olika applikationer, fr\u00e5n betalningshantering till \u00e5tkomstkontroll. M\u00f6jligheten att l\u00e4sa och skriva NFC-taggar och kort f\u00f6rb\u00e4ttrar dess anv\u00e4ndbarhet i olika scenarier.<\/span><\/p>\n<h3 class=\"AnswerParser_AnswerParserH3__Mpe4s\">H\u00f6ghastighetsdata\u00f6verf\u00f6ring<\/h3>\n<p><span class=\"AnswerParser_TextContainer__z_Iiv\" data-testid=\"youchat-text\">Med en\u00a0<strong>USB full hastighet<\/strong>\u00a0gr\u00e4nssnitt, ACR1581U s\u00e4kerst\u00e4ller snabba data\u00f6verf\u00f6ringshastigheter p\u00e5 upp till\u00a0<strong>12 Mbps<\/strong>. Denna hastighet \u00e4r avg\u00f6rande f\u00f6r applikationer som kr\u00e4ver snabba och effektiva transaktioner, vilket f\u00f6rb\u00e4ttrar den \u00f6vergripande anv\u00e4ndarupplevelsen. Oavsett om du behandlar betalningar eller kommer \u00e5t s\u00e4ker information, levererar ACR1581U tillf\u00f6rlitlig prestanda.<\/span><\/p>\n<h3 class=\"AnswerParser_AnswerParserH3__Mpe4s\">Anv\u00e4ndarv\u00e4nlig design<\/h3>\n<p><span class=\"AnswerParser_TextContainer__z_Iiv\" data-testid=\"youchat-text\">ACR1581U har anv\u00e4ndarkontrollerbara tv\u00e5f\u00e4rgade lysdioder (bl\u00e5 och gr\u00f6n) och en monoton summer, som ger visuell och auditiv feedback under drift. Denna design f\u00f6rb\u00e4ttrar anv\u00e4ndbarheten genom att anv\u00e4ndarna enkelt kan \u00f6vervaka enhetens status. Det intuitiva gr\u00e4nssnittet s\u00e4kerst\u00e4ller att \u00e4ven de som \u00e4r nya inom NFC-teknik kan hantera l\u00e4saren med l\u00e4tthet.<\/span><\/p>\n<h2 class=\"AnswerParser_AnswerParserH2__SIHnF\">Fysiska egenskaper<\/h2>\n<ul class=\"AnswerParser_AnswerParserUnorderedList__P_1FW\">\n<li class=\"AnswerParser_ListItem__XqLOV\" translate=\"yes\"><strong>M\u00e5tt<\/strong>: 120,5 mm (L) x 72,0 mm (B) x 20,4 mm (H)<\/li>\n<li class=\"AnswerParser_ListItem__XqLOV\" translate=\"yes\"><strong>Vikt<\/strong>: 143 g<\/li>\n<li class=\"AnswerParser_ListItem__XqLOV\" translate=\"yes\"><strong>USB-gr\u00e4nssnitt<\/strong>:\n<ul class=\"AnswerParser_AnswerParserUnorderedList__P_1FW\">\n<li class=\"AnswerParser_ListItem__XqLOV\" translate=\"yes\">Protokoll: USB CCID<\/li>\n<li class=\"AnswerParser_ListItem__XqLOV\" translate=\"yes\">Kontakttyp: USB Typ-A (ACR1581U-C1), USB Type-C (ACR1581U-CF)<\/li>\n<li class=\"AnswerParser_ListItem__XqLOV\" translate=\"yes\">Kabell\u00e4ngd: 2 m, Ej l\u00f6stagbar<\/li>\n<\/ul>\n<\/li>\n<\/ul>\n<p><span class=\"AnswerParser_TextContainer__z_Iiv\" data-testid=\"youchat-text\">Den kompakta designen hos ACR1581U g\u00f6r den l\u00e4tt att integrera i olika milj\u00f6er, oavsett om den \u00e4r p\u00e5 f\u00f6rs\u00e4ljningsst\u00e4lle eller i ett s\u00e4kert passersystem.<\/span><\/p>\n<h2 class=\"AnswerParser_AnswerParserH2__SIHnF\">Korttyper som st\u00f6ds<\/h2>\n<p><span class=\"AnswerParser_TextContainer__z_Iiv\" data-testid=\"youchat-text\">ACR1581U \u00e4r kompatibel med ett brett utbud av smartkort, inklusive:<\/span><\/p>\n<ul class=\"AnswerParser_AnswerParserUnorderedList__P_1FW\">\n<li class=\"AnswerParser_ListItem__XqLOV\" translate=\"yes\"><strong>Kontakta Smart Cards<\/strong>: St\u00f6der ISO 7816 klass A, B och C (5V, 3V, 1,8V) med protokollen T=0 och T=1.<\/li>\n<li class=\"AnswerParser_ListItem__XqLOV\" translate=\"yes\"><strong>Kontaktl\u00f6sa smartkort<\/strong>: St\u00f6der ISO 14443 Typ A &amp; B, ISO 15693, MIFARE\u00ae och FeliCa.<\/li>\n<li class=\"AnswerParser_ListItem__XqLOV\" translate=\"yes\"><strong>SAM-kortgr\u00e4nssnitt<\/strong>: Inkluderar en standardkortplats i SIM-storlek f\u00f6r s\u00e4ker \u00e5tkomsthantering.<\/li>\n<\/ul>\n<p><span class=\"AnswerParser_TextContainer__z_Iiv\" data-testid=\"youchat-text\">Denna omfattande kompatibilitet s\u00e4kerst\u00e4ller att ACR1581U kan m\u00f6ta behoven hos olika industrier och applikationer.<\/span><\/p>\n<h2 class=\"AnswerParser_AnswerParserH2__SIHnF\">Tekniska specifikationer<\/h2>\n<div class=\"AnswerParser_TableContainer__Erb6v\" data-testid=\"table-container\">\n<table>\n<thead>\n<tr>\n<th>Specifikation<\/th>\n<th>Detaljer<\/th>\n<\/tr>\n<\/thead>\n<tbody>\n<tr>\n<td><strong>Gr\u00e4nssnitt<\/strong><\/td>\n<td>USB CCID<\/td>\n<\/tr>\n<tr>\n<td><strong>Anslutningstyp<\/strong><\/td>\n<td>USB Typ-A (ACR1581U-C1), USB Typ-C (ACR1581U-CF)<\/td>\n<\/tr>\n<tr>\n<td><strong>Kraftk\u00e4lla<\/strong><\/td>\n<td>Fr\u00e5n USB-porten<\/td>\n<\/tr>\n<tr>\n<td><strong>Fart<\/strong><\/td>\n<td>USB full hastighet (12 Mbps)<\/td>\n<\/tr>\n<tr>\n<td><strong>M\u00e5tt<\/strong><\/td>\n<td>120,5 mm (L) x 72,0 mm (B) x 20,4 mm (H)<\/td>\n<\/tr>\n<tr>\n<td><strong>Vikt<\/strong><\/td>\n<td>143 g<\/td>\n<\/tr>\n<tr>\n<td><strong>Kontakta Smart Card Interface<\/strong><\/td>\n<td>ISO 7816 klass A, B, C<\/td>\n<\/tr>\n<tr>\n<td><strong>Kontaktl\u00f6st gr\u00e4nssnitt f\u00f6r smartkort<\/strong><\/td>\n<td>ISO 14443 Typ A &amp; B, ISO 15693, MIFARE\u00ae, FeliCa<\/td>\n<\/tr>\n<tr>\n<td><strong>Firmware uppgradering<\/strong><\/td>\n<td>St\u00f6ds<\/td>\n<\/tr>\n<tr>\n<td><strong>Certifieringar<\/strong><\/td>\n<td>IEC\/EN 62368, CE, FCC, UKCA, VCCI, RoHS, REACH, WEEE<\/td>\n<\/tr>\n<\/tbody>\n<\/table>\n<\/div>\n<h2 class=\"AnswerParser_AnswerParserH2__SIHnF\">Anv\u00e4ndningsinstruktioner<\/h2>\n<p><span class=\"AnswerParser_TextContainer__z_Iiv\" data-testid=\"youchat-text\">Att anv\u00e4nda ACR1581U NFC Reader \u00e4r enkelt:<\/span><\/p>\n<ol class=\"AnswerParser_AnswerParserOrderedList__kl_2Y\">\n<li class=\"AnswerParser_ListItem__XqLOV\" translate=\"yes\"><strong>Anslut enheten<\/strong>: Anslut l\u00e4saren till din dator eller kompatibel enhet med USB-anslutningen.<\/li>\n<li class=\"AnswerParser_ListItem__XqLOV\" translate=\"yes\"><strong>Installera n\u00f6dv\u00e4ndig programvara<\/strong>: Beroende p\u00e5 ditt program kan du beh\u00f6va installera specifik programvara eller drivrutiner. ACR1581U \u00e4r kompatibel med olika operativsystem, inklusive Windows, Linux, macOS, Android\u2122 och iOS\/iPadOS (16 eller h\u00f6gre).<\/li>\n<li class=\"AnswerParser_ListItem__XqLOV\" translate=\"yes\"><strong>B\u00f6rja l\u00e4sa och skriva<\/strong>: Med enheten ansluten och programvaran installerad kan du b\u00f6rja l\u00e4sa och skriva data till smartkort och NFC-taggar. Det anv\u00e4ndarv\u00e4nliga gr\u00e4nssnittet och feedbackmekanismerna g\u00f6r denna process snabb och effektiv.<\/li>\n<\/ol>\n<h2 class=\"AnswerParser_AnswerParserH2__SIHnF\">Milj\u00f6p\u00e5verkan och efterlevnad<\/h2>\n<p><span class=\"AnswerParser_TextContainer__z_Iiv\" data-testid=\"youchat-text\">ACR1581U smartkortl\u00e4sare \u00e4r designad med h\u00e5llbarhet i \u00e5tanke. Den f\u00f6ljer olika milj\u00f6standarder, inklusive RoHS och WEEE, vilket s\u00e4kerst\u00e4ller att den uppfyller globala h\u00e5llbarhetsm\u00e5l. Genom att anv\u00e4nda effektiv energihantering och \u00e5tervinningsbara material minimerar ACR1581U sitt milj\u00f6avtryck.<\/span><\/p>\n<h2 class=\"AnswerParser_AnswerParserH2__SIHnF\">Kundbetyg och recensioner<\/h2>\n<p><span class=\"AnswerParser_TextContainer__z_Iiv\" data-testid=\"youchat-text\">ACR1581U har f\u00e5tt positiv feedback fr\u00e5n anv\u00e4ndare inom olika sektorer. Kunderna uppskattar dess tillf\u00f6rlitlighet, anv\u00e4ndarv\u00e4nlighet och m\u00e5ngsidighet. H\u00e4r \u00e4r n\u00e5gra h\u00f6jdpunkter fr\u00e5n betyg och recensioner:<\/span><\/p>\n<ul class=\"AnswerParser_AnswerParserUnorderedList__P_1FW\">\n<li class=\"AnswerParser_ListItem__XqLOV\" translate=\"yes\"><strong>Anv\u00e4ndarv\u00e4nlig<\/strong>: M\u00e5nga anv\u00e4ndare har noterat hur l\u00e4tt det \u00e4r att st\u00e4lla in och b\u00f6rja anv\u00e4nda enheten.<\/li>\n<li class=\"AnswerParser_ListItem__XqLOV\" translate=\"yes\"><strong>M\u00e5ngsidig<\/strong>: Kunder \u00e4lskar m\u00f6jligheten att arbeta med olika smartkort och NFC-taggar, vilket g\u00f6r det l\u00e4mpligt f\u00f6r olika applikationer.<\/li>\n<li class=\"AnswerParser_ListItem__XqLOV\" translate=\"yes\"><strong>P\u00e5litlig prestanda<\/strong>: Anv\u00e4ndare n\u00e4mner ofta att ACR1581U konsekvent levererar snabb och effektiv prestanda.<\/li>\n<\/ul>\n<h2 class=\"AnswerParser_AnswerParserH2__SIHnF\">Vanliga fr\u00e5gor (FAQs)<\/h2>\n<p><span class=\"AnswerParser_TextContainer__z_Iiv\" data-testid=\"youchat-text\"><strong>F1: Vilka typer av kort kan ACR1581U l\u00e4sa?<\/strong><br \/>\nA1: ACR1581U kan l\u00e4sa olika smartkort, inklusive ISO 7816, ISO 14443 Typ A &amp; B, MIFARE\u00ae och FeliCa.<\/span><\/p>\n<p><span class=\"AnswerParser_TextContainer__z_Iiv\" data-testid=\"youchat-text\"><strong>F2: \u00c4r ACR1581U kompatibel med mobila enheter?<\/strong><br \/>\nS2: Ja, ACR1581U \u00e4r kompatibel med Android\u2122- och iOS\/iPadOS-enheter, vilket g\u00f6r den m\u00e5ngsidig f\u00f6r mobila applikationer.<\/span><\/p>\n<p><span class=\"AnswerParser_TextContainer__z_Iiv\" data-testid=\"youchat-text\"><strong>F3: Kan jag uppgradera den fasta programvaran f\u00f6r ACR1581U?<\/strong><br \/>\nS3: Ja, ACR1581U st\u00f6der firmwareuppgraderingar f\u00f6r att s\u00e4kerst\u00e4lla optimal prestanda och kompatibilitet med nya standarder.<\/span><\/p>\n<h2 class=\"AnswerParser_AnswerParserH2__SIHnF\">Varf\u00f6r v\u00e4lja ACR1581U NFC-l\u00e4sare?<\/h2>\n<p><span class=\"AnswerParser_TextContainer__z_Iiv\" data-testid=\"youchat-text\">ACR1581U smartkortl\u00e4sare utm\u00e4rker sig som en exceptionell produkt inom omr\u00e5det f\u00f6r kontaktl\u00f6s teknik. Dess kombination av dubbla gr\u00e4nssnittsm\u00f6jligheter, omfattande kompatibilitet med olika smarta kort och anv\u00e4ndarv\u00e4nlighet g\u00f6r det till en ov\u00e4rderlig tillg\u00e5ng f\u00f6r f\u00f6retag och utvecklare som vill utnyttja NFC-tekniken. Oavsett om du vill f\u00f6rb\u00e4ttra betalningshanteringen, effektivisera \u00e5tkomstkontrollen eller f\u00f6rnya dig med NFC-applikationer \u00e4r ACR1581U det perfekta valet.<\/span><span class=\"AnswerParser_TextContainer__z_Iiv\" data-testid=\"youchat-text\">Att investera i ACR1581U inneb\u00e4r att utrusta dig sj\u00e4lv med en h\u00f6gkvalitativ, p\u00e5litlig smartkortl\u00e4sare som kan anpassas efter dina behov. Upplev de m\u00f6jligheter som detta avancerade\u00a0<strong>smartkortsl\u00e4sare<\/strong>\u00a0erbjuder och f\u00f6rvandla dina NFC-interaktioner idag!<\/span><\/p>\n<hr \/>\n<p><span class=\"AnswerParser_TextContainer__z_Iiv\" data-testid=\"youchat-text\">Genom att v\u00e4lja ACR1581U f\u00f6rb\u00e4ttrar du inte bara din operativa effektivitet utan s\u00e4kerst\u00e4ller ocks\u00e5 att du \u00e4r utrustad med en enhet som \u00e4r kompatibel med de senaste standarderna och teknologierna. Missa inte m\u00f6jligheten att h\u00f6ja din NFC-upplevelse \u2013 \u00f6verv\u00e4g ACR1581U f\u00f6r ditt n\u00e4sta projekt!<\/span><\/p>","protected":false},"excerpt":{"rendered":"<p>ACR1581U \u00e4r en smartkortl\u00e4sare som st\u00f6der NFC och ISO\/IEC 15693, 14443.<\/p>","protected":false},"featured_media":3289,"template":"","meta":[],"product_brand":[],"product_cat":[45,39,40],"product_tag":[],"class_list":{"0":"post-3288","1":"product","2":"type-product","3":"status-publish","4":"has-post-thumbnail","6":"product_cat-contactless-nfc-reader","7":"product_cat-usb-ic-smartcard-reader","8":"product_cat-rfid-nfc-reader","10":"first","11":"instock","12":"shipping-taxable","13":"product-type-simple"},"_links":{"self":[{"href":"https:\/\/nfc-readers.com\/sv\/wp-json\/wp\/v2\/product\/3288","targetHints":{"allow":["GET"]}}],"collection":[{"href":"https:\/\/nfc-readers.com\/sv\/wp-json\/wp\/v2\/product"}],"about":[{"href":"https:\/\/nfc-readers.com\/sv\/wp-json\/wp\/v2\/types\/product"}],"wp:featuredmedia":[{"embeddable":true,"href":"https:\/\/nfc-readers.com\/sv\/wp-json\/wp\/v2\/media\/3289"}],"wp:attachment":[{"href":"https:\/\/nfc-readers.com\/sv\/wp-json\/wp\/v2\/media?parent=3288"}],"wp:term":[{"taxonomy":"product_brand","embeddable":true,"href":"https:\/\/nfc-readers.com\/sv\/wp-json\/wp\/v2\/product_brand?post=3288"},{"taxonomy":"product_cat","embeddable":true,"href":"https:\/\/nfc-readers.com\/sv\/wp-json\/wp\/v2\/product_cat?post=3288"},{"taxonomy":"product_tag","embeddable":true,"href":"https:\/\/nfc-readers.com\/sv\/wp-json\/wp\/v2\/product_tag?post=3288"}],"curies":[{"name":"wp","href":"https:\/\/api.w.org\/{rel}","templated":true}]}}