{"id":3296,"date":"2024-11-01T05:02:29","date_gmt":"2024-11-01T05:02:29","guid":{"rendered":"https:\/\/nfc-readers.com\/?post_type=product&#038;p=3296"},"modified":"2024-11-01T05:02:30","modified_gmt":"2024-11-01T05:02:30","slug":"aes-128-encryption-algorithm-nfc-forum-4-dia-30mm-nfc-tag","status":"publish","type":"product","link":"https:\/\/nfc-readers.com\/sv\/ic-reader\/aes-128-encryption-algorithm-nfc-forum-4-dia-30mm-nfc-tag\/","title":{"rendered":"AES 128 Krypteringsalgoritm NFC Forum 4 Dia 30mm NFC Tag"},"content":{"rendered":"<h1 style=\"text-align: center;\"><strong>AES 128 Krypteringsalgoritm NFC Forum 4 Dia 30mm NFC Tag<\/strong><\/h1>\n<p>&nbsp;<\/p>\n<p>De <strong>AES 128 Krypteringsalgoritm NFC Forum 4 Dia 30mm NFC Tag<\/strong>\u00a0\u00e4r en m\u00e5ngsidig och s\u00e4ker l\u00f6sning f\u00f6r en m\u00e4ngd olika applikationer som kr\u00e4ver p\u00e5litlig datakommunikation och s\u00e4kerhet. Tillverkad med banbrytande teknik, denna NFC-tagg integrerar det avancerade NTAG 424 DNA-chippet, vilket s\u00e4kerst\u00e4ller den h\u00f6gsta niv\u00e5n av dataskydd genom AES 128 krypterad UID, vilket g\u00f6r den till ett idealiskt val f\u00f6r f\u00f6retag och personligt bruk. I den h\u00e4r omfattande produktbeskrivningen kommer vi att f\u00f6rdjupa oss i dess funktioner, f\u00f6rdelar och praktiska till\u00e4mpningar och belysa varf\u00f6r det \u00e4r en v\u00e4rdig investering f\u00f6r dina NFC-behov.<\/p>\n<p>&nbsp;<\/p>\n<h3><strong>Varf\u00f6r k\u00f6pa AES 128 Encryption NFC Tag?<\/strong><\/h3>\n<p>NFC Forum 4-taggen utrustad med AES 128-kryptering erbjuder o\u00f6vertr\u00e4ffad s\u00e4kerhet och funktionalitet i en kompakt form. Dess vattent\u00e4ta och v\u00e4derbest\u00e4ndiga egenskaper g\u00f6r den motst\u00e5ndskraftig f\u00f6r utomhusbruk, vilket s\u00e4kerst\u00e4ller att du kan applicera den p\u00e5 olika ytor, inklusive metall. Designad f\u00f6r innovativ anv\u00e4ndning, fr\u00e5n <strong>wifi-parning<\/strong>\u00a0till\u00a0<strong>affischkort integrationer<\/strong>, ger denna NFC-tagg en s\u00e4ker metod f\u00f6r att \u00f6verf\u00f6ra data utan anstr\u00e4ngning. Dessutom \u00e4r dess kompatibilitet med\u00a0<strong>NFC-aktiverade mobila enheter<\/strong>\u00a0f\u00f6renklar anv\u00e4ndarupplevelsen och ger enkel \u00e5tkomst till information med bara ett tryck.<\/p>\n<p>&nbsp;<\/p>\n<h3><strong>Specialfunktioner f\u00f6r AES 128-krypterings-NFC-taggen<\/strong><\/h3>\n<p>&nbsp;<\/p>\n<p>De\u00a0<strong>AES 128 Kryptering NFC Tag<\/strong>\u00a0\u00e4r laddad med funktioner som f\u00f6rb\u00e4ttrar dess funktionalitet och tillf\u00f6rlitlighet i olika milj\u00f6er:<\/p>\n<ul>\n<li><strong>Vattent\u00e4t \/ v\u00e4derbest\u00e4ndig:<\/strong>\u00a0Detta s\u00e4kerst\u00e4ller h\u00e5llbarhet och prestanda b\u00e5de inomhus och utomhus, vilket skyddar den fr\u00e5n fukt och damm.<\/li>\n<li><strong>Tamper Evident:<\/strong>\u00a0Taggen inneh\u00e5ller funktioner som indikerar om den har manipulerats, vilket ger ett extra lager av s\u00e4kerhet mot obeh\u00f6rig \u00e5tkomst.<\/li>\n<\/ul>\n<p>Dess unika kombination av funktioner g\u00f6r det till ett f\u00f6redraget val f\u00f6r f\u00f6retag som vill f\u00f6rb\u00e4ttra sina s\u00e4kerhets\u00e5tg\u00e4rder eller effektivisera sin verksamhet.<\/p>\n<p>&nbsp;<\/p>\n<table class=\"preview\" style=\"height: 271px;\" width=\"529\">\n<thead>\n<tr>\n<th>Specifikation<\/th>\n<th>Detaljer<\/th>\n<\/tr>\n<\/thead>\n<tbody>\n<tr>\n<td>Modellnummer<\/td>\n<td>SX-T424DNA<\/td>\n<\/tr>\n<tr>\n<td>Chips<\/td>\n<td>NTAG 424 DNA<\/td>\n<\/tr>\n<tr>\n<td>Storlek<\/td>\n<td>Diameter 30 mm<\/td>\n<\/tr>\n<tr>\n<td>Kapacitans<\/td>\n<td>50 PF<\/td>\n<\/tr>\n<tr>\n<td>\u00d6verf\u00f6ringshastighet<\/td>\n<td>848 Kbit\/s<\/td>\n<\/tr>\n<tr>\n<td>Protokoll<\/td>\n<td>ISO\/IEC 14443-A<\/td>\n<\/tr>\n<tr>\n<td>Taggtyp<\/td>\n<td>NFC Forum 4<\/td>\n<\/tr>\n<tr>\n<td>Ytfinish<\/td>\n<td>Blank\/mattad<\/td>\n<\/tr>\n<tr>\n<td>F\u00f6rpackning<\/td>\n<td>1000-5000 st\/<\/td>\n<\/tr>\n<\/tbody>\n<\/table>\n<h3><\/h3>\n<h3><strong>Vanliga fr\u00e5gor om NFC-taggen<\/strong><\/h3>\n<h3>1.\u00a0<strong>Vad \u00e4r en NFC-tagg?<\/strong><\/h3>\n<p>En NFC-tagg (Near Field Communication) \u00e4r ett litet chip som m\u00f6jligg\u00f6r tr\u00e5dl\u00f6s kommunikation mellan enheter n\u00e4r de \u00e4r i n\u00e4rheten. Det anv\u00e4nds ofta f\u00f6r datautbyte, kontaktl\u00f6sa betalningar och olika applikationer inom marknadsf\u00f6ring och informationsdelning.<\/p>\n<h3>2.\u00a0<strong>Hur f\u00f6rb\u00e4ttrar AES 128-krypteringen s\u00e4kerheten?<\/strong><\/h3>\n<p>AES 128-kryptering l\u00e4gger till ett lager av s\u00e4kerhet genom att koda data som lagras p\u00e5 NFC-taggen. Detta inneb\u00e4r att \u00e4ven om n\u00e5gon lyckas l\u00e4sa data, kommer de inte att kunna f\u00f6rst\u00e5 den utan l\u00e4mplig dekrypteringsnyckel, vilket skyddar k\u00e4nslig information fr\u00e5n obeh\u00f6rig \u00e5tkomst.<\/p>\n<h3>3.\u00a0<strong>Kan denna NFC-tagg anv\u00e4ndas p\u00e5 metallytor?<\/strong><\/h3>\n<p>Ja, AES 128 Encryption NFC Tag \u00e4r speciellt designad f\u00f6r m\u00e5ngsidighet och kan appliceras p\u00e5 metallytor s\u00e5v\u00e4l som andra material. Detta g\u00f6r den idealisk f\u00f6r olika applikationer, inklusive produktm\u00e4rkning och industriell anv\u00e4ndning.<\/p>\n<h3>4.\u00a0<strong>Vilka enheter \u00e4r kompatibla med NFC-taggar?<\/strong><\/h3>\n<p>De flesta moderna smartphones och surfplattor som st\u00f6der NFC-teknik \u00e4r kompatibla med denna tagg. Anv\u00e4ndare kan enkelt l\u00e4sa lagrad data genom att helt enkelt knacka sin enhet mot NFC-taggen.<\/p>\n<h3>5.\u00a0<strong>Kan den h\u00e4r taggen skrivas om?<\/strong><\/h3>\n<p>Ja, AES 128 Encryption NFC-taggen \u00e4r omskrivbar, vilket g\u00f6r att du kan \u00e4ndra lagrad data efter behov. Den h\u00e4r funktionen \u00e4r s\u00e4rskilt anv\u00e4ndbar f\u00f6r f\u00f6retag som kr\u00e4ver flexibilitet n\u00e4r det g\u00e4ller att uppdatera information.<\/p>","protected":false},"excerpt":{"rendered":"<p>AES 128 Encryption NFC Forum 4 Tag, som m\u00e4ter 30 mm i diameter, erbjuder robust s\u00e4kerhet f\u00f6r data\u00f6verf\u00f6ring. Den \u00e4r idealisk f\u00f6r olika applikationer och s\u00e4kerst\u00e4ller s\u00f6ml\u00f6sa och p\u00e5litliga NFC-interaktioner.<\/p>","protected":false},"featured_media":3297,"template":"","meta":[],"product_brand":[],"product_cat":[47],"product_tag":[],"class_list":{"0":"post-3296","1":"product","2":"type-product","3":"status-publish","4":"has-post-thumbnail","6":"product_cat-nfc-tags","8":"first","9":"instock","10":"shipping-taxable","11":"product-type-simple"},"_links":{"self":[{"href":"https:\/\/nfc-readers.com\/sv\/wp-json\/wp\/v2\/product\/3296","targetHints":{"allow":["GET"]}}],"collection":[{"href":"https:\/\/nfc-readers.com\/sv\/wp-json\/wp\/v2\/product"}],"about":[{"href":"https:\/\/nfc-readers.com\/sv\/wp-json\/wp\/v2\/types\/product"}],"wp:featuredmedia":[{"embeddable":true,"href":"https:\/\/nfc-readers.com\/sv\/wp-json\/wp\/v2\/media\/3297"}],"wp:attachment":[{"href":"https:\/\/nfc-readers.com\/sv\/wp-json\/wp\/v2\/media?parent=3296"}],"wp:term":[{"taxonomy":"product_brand","embeddable":true,"href":"https:\/\/nfc-readers.com\/sv\/wp-json\/wp\/v2\/product_brand?post=3296"},{"taxonomy":"product_cat","embeddable":true,"href":"https:\/\/nfc-readers.com\/sv\/wp-json\/wp\/v2\/product_cat?post=3296"},{"taxonomy":"product_tag","embeddable":true,"href":"https:\/\/nfc-readers.com\/sv\/wp-json\/wp\/v2\/product_tag?post=3296"}],"curies":[{"name":"wp","href":"https:\/\/api.w.org\/{rel}","templated":true}]}}