{"id":3303,"date":"2024-11-01T05:12:29","date_gmt":"2024-11-01T05:12:29","guid":{"rendered":"https:\/\/nfc-readers.com\/?post_type=product&#038;p=3303"},"modified":"2024-11-01T05:12:29","modified_gmt":"2024-11-01T05:12:29","slug":"dia-30mm-ntag-424-dna-nfc-sticker-tamper-proof-high-security-2","status":"publish","type":"product","link":"https:\/\/nfc-readers.com\/sv\/ic-reader\/dia-30mm-ntag-424-dna-nfc-sticker-tamper-proof-high-security-2\/","title":{"rendered":"Dia 30 mm NTAG 424 DNA NFC-dekal S\u00e4kerhetss\u00e4ker h\u00f6g s\u00e4kerhet"},"content":{"rendered":"<h1 style=\"text-align: center;\"><strong>Dia 30 mm NTAG 424 DNA NFC-dekal S\u00e4kerhetss\u00e4ker h\u00f6g s\u00e4kerhet<\/strong><\/h1>\n<p>&nbsp;<\/p>\n<p>F\u00f6rb\u00e4ttra din produkts autenticitet med det innovativa\u00a0<strong>Dia 30 mm NTAG 424 DNA NFC-dekal<\/strong>. Denna banbrytande produkt kombinerar h\u00f6g s\u00e4kerhet och anv\u00e4ndarv\u00e4nliga funktioner, vilket g\u00f6r den till ett oumb\u00e4rligt verktyg f\u00f6r sp\u00e5rbarhet mot f\u00f6rfalskning av r\u00f6dvin och mer. Med sina manipuleringss\u00e4kra m\u00f6jligheter, vattent\u00e4t design och s\u00e4kra kommunikationsgr\u00e4nssnitt \u00e4r detta NFC-klisterm\u00e4rke viktigt f\u00f6r varum\u00e4rken som vill skydda sina produkter och s\u00e4kerst\u00e4lla kundernas f\u00f6rtroende.<\/p>\n<h3><\/h3>\n<p>&nbsp;<\/p>\n<p>Det v\u00e4xande behovet av produktverifiering p\u00e5 dagens marknad kan inte \u00f6verskattas. Med \u00f6kande fall av f\u00f6rfalskning, s\u00e4rskilt i v\u00e4rdefulla produkter som r\u00f6tt vin, \u00e4r det av st\u00f6rsta vikt att s\u00e4kerst\u00e4lla ditt varum\u00e4rkes integritet. NTAG 424 DNA NFC-klisterm\u00e4rket erbjuder otroliga skydd mot manipulering och obeh\u00f6rig \u00e5tkomst, med funktioner som backas upp av toppmoderna s\u00e4kerhetsprotokoll. Genom att investera i dessa NFC-klisterm\u00e4rken skyddar du din produkt, f\u00f6rb\u00e4ttrar kundupplevelsen och st\u00e4rker varum\u00e4rkeslojalitet.<\/p>\n<p>&nbsp;<\/p>\n<h3><strong>Produkt\u00f6versikt och specifikationer<\/strong><\/h3>\n<p>De\u00a0<strong>Dia 30 mm NTAG 424 DNA NFC-dekal<\/strong>\u00a0\u00e4r konstruerad f\u00f6r premiumprestanda och kombinerar ett h\u00f6gs\u00e4kerhetschip med multifunktionella m\u00f6jligheter. Skapad av h\u00e5llbart\u00a0<strong>PET-material<\/strong>, detta klisterm\u00e4rke \u00e4r inte bara designat f\u00f6r att h\u00e5lla utan ocks\u00e5 f\u00f6r att t\u00e5la olika milj\u00f6f\u00f6rh\u00e5llanden. Nedan \u00e4r de kritiska specifikationerna att notera:<\/p>\n<ul>\n<li><strong>Chip modell<\/strong>: NTAG 424 DNA<\/li>\n<li><strong>Storlek<\/strong>: Diameter 30mm<\/li>\n<li><strong>Minne<\/strong>: 416 byte<\/li>\n<li><strong>Frekvens<\/strong>: 13,56 MHz<\/li>\n<li><strong>NFC-forumtyp<\/strong>: Typ 4<\/li>\n<li><strong>S\u00e4kerhetsprotokoll<\/strong>: 128-bitars AES, LRP<\/li>\n<li><strong>\u00c5tkomstnycklar<\/strong>: 5 x 128-bitars<\/li>\n<li><strong>Skriv uth\u00e5llighet<\/strong>: 200 000 cykler<\/li>\n<li><strong>Material<\/strong>: PET (vattent\u00e4t\/v\u00e4derbest\u00e4ndig)<\/li>\n<li><strong>Ursprungsort<\/strong>: Guangdong, Kina<\/li>\n<\/ul>\n<p>Dessa specifikationer indikerar att detta NFC-klisterm\u00e4rke \u00e4r byggt f\u00f6r h\u00f6g prestanda och tillf\u00f6rlitlighet, idealiskt f\u00f6r applikationer som beh\u00f6ver konstant interaktion och datas\u00e4kerhet.<\/p>\n<p>&nbsp;<\/p>\n<p>&nbsp;<\/p>\n<h3><strong>Nyckelfunktioner hos NTAG 424 DNA NFC-klisterm\u00e4rke<\/strong><\/h3>\n<p>&nbsp;<\/p>\n<p>De\u00a0<strong>NFC-klisterm\u00e4rke<\/strong>\u00a0integrerar en del\u00a0<strong>specialfunktioner<\/strong>\u00a0som f\u00f6rb\u00e4ttrar dess totala prestanda. H\u00e4r \u00e4r n\u00e5gra utm\u00e4rkande egenskaper:<\/p>\n<ul>\n<li><strong>Vattent\u00e4t och v\u00e4derbest\u00e4ndig<\/strong>: Denna NFC-dekal \u00e4r konstruerad f\u00f6r att motst\u00e5 olika milj\u00f6f\u00f6rh\u00e5llanden, vilket g\u00f6r den l\u00e4mplig f\u00f6r b\u00e5de inomhus- och utomhusapplikationer. Oavsett om det \u00e4r en skv\u00e4tt vatten eller exponering f\u00f6r solljus, den\u00a0<strong>NTAG 424 DNA NFC-dekal<\/strong>\u00a0f\u00f6rblir funktionell och intakt.<\/li>\n<li><strong>H\u00f6gpresterande kommunikation<\/strong>: Fungerar med en frekvens p\u00e5\u00a0<strong>13,56 MHz<\/strong>, detta NFC-klisterm\u00e4rke m\u00f6jligg\u00f6r snabb kommunikation med\u00a0<strong>NFC-aktiverade smartphones<\/strong>\u00a0och enheter. S\u00e5dan s\u00f6ml\u00f6s interaktion s\u00e4kerst\u00e4ller effektiv och snabb tillg\u00e5ng till information n\u00e4r klisterm\u00e4rket skannas.<\/li>\n<li><strong>\u00c5tg\u00e4rdss\u00e4ker teknik<\/strong>: Dekalens f\u00f6rm\u00e5ga att fungera som en manipuleringss\u00e4ker f\u00f6rsegling ger sinnesfrid. Om n\u00e5gon f\u00f6rs\u00f6ker komma \u00e5t informationen utan korrekt auktorisation signalerar klisterm\u00e4rket manipulering, vilket skyddar din produkts integritet.<\/li>\n<\/ul>\n<p>Denna kombination av funktioner g\u00f6r NTAG 424 DNA NFC-klisterm\u00e4rket till en v\u00e4rdefull tillg\u00e5ng f\u00f6r f\u00f6retag som investerat i att skydda och verifiera sina produkter.<\/p>\n<p>&nbsp;<\/p>\n<h3><strong>Vanliga fr\u00e5gor: Vanliga fr\u00e5gor om Dia 30mm NTAG 424 DNA NFC-klisterm\u00e4rke<\/strong><\/h3>\n<h3>1.\u00a0<strong>Vad anv\u00e4nds Dia 30mm NTAG 424 DNA NFC-dekalet till?<\/strong><\/h3>\n<p>NTAG 424 DNA NFC-klisterm\u00e4rket anv\u00e4nds fr\u00e4mst f\u00f6r produktautentisering och anti-f\u00f6rfalskning, s\u00e4rskilt i v\u00e4rdefulla f\u00f6rem\u00e5l som r\u00f6tt vin. Den kan ocks\u00e5 tj\u00e4na olika applikationer inom sektorer som detaljhandel, logistik och lagerhantering genom att ge enkel \u00e5tkomst till digitalt inneh\u00e5ll n\u00e4r det skannas med en NFC-aktiverad smartphone.<\/p>\n<h3>2.\u00a0<strong>Hur anv\u00e4nder jag NFC-dekalen?<\/strong><\/h3>\n<p>F\u00f6r att anv\u00e4nda NFC-klisterm\u00e4rket, dra helt enkelt av den sj\u00e4lvh\u00e4ftande baksidan och f\u00e4st den p\u00e5 \u00f6nskad yta. F\u00f6r att skanna beh\u00f6ver anv\u00e4ndare en NFC-aktiverad smartphone eller enhet. Genom att h\u00e5lla enheten n\u00e4ra klisterm\u00e4rket kan informationen som lagras i den n\u00e5s automatiskt.<\/p>\n<h3>3.\u00a0<strong>\u00c4r NTAG 424 DNA NFC-dekalen vattent\u00e4t?<\/strong><\/h3>\n<p>Ja, NTAG 424 DNA NFC-klisterm\u00e4rket \u00e4r designat f\u00f6r att vara vattent\u00e4tt och v\u00e4derbest\u00e4ndigt. Den t\u00e5l olika milj\u00f6f\u00f6rh\u00e5llanden, vilket g\u00f6r den l\u00e4mplig f\u00f6r b\u00e5de inomhus- och utomhusapplikationer.<\/p>\n<h3>4.\u00a0<strong>Hur s\u00e4ker \u00e4r data som lagras p\u00e5 NFC-dekalen?<\/strong><\/h3>\n<p>Klisterm\u00e4rket har robusta s\u00e4kerhetsprotokoll, inklusive 128-bitars AES-kryptering och flera \u00e5tkomstnycklar (5 x 128-bitars). Denna s\u00e4kerhetsniv\u00e5 hj\u00e4lper till att skydda data fr\u00e5n obeh\u00f6rig \u00e5tkomst och s\u00e4kerst\u00e4ller att endast till\u00e5tna anv\u00e4ndare kan h\u00e4mta eller \u00e4ndra informationen som lagras p\u00e5 den.<\/p>\n<h3>5.\u00a0<strong>Kan data p\u00e5 NFC-dekalen uppdateras?<\/strong><\/h3>\n<p>Ja, data som lagras p\u00e5 NTAG 424 DNA NFC-dekalen kan uppdateras med en NFC-aktiverad enhet. Den h\u00e4r funktionen \u00e4r s\u00e4rskilt anv\u00e4ndbar f\u00f6r f\u00f6retag som beh\u00f6ver h\u00e5lla produktinformation aktuell och relevant \u00f6ver tid.<\/p>","protected":false},"excerpt":{"rendered":"<p>De\u00a0<strong>Dia 30 mm NTAG 424 DNA NFC-dekal<\/strong>\u00a0erbjuder h\u00f6g s\u00e4kerhet och manipuleringss\u00e4kra funktioner, vilket g\u00f6r det till en viktig l\u00f6sning f\u00f6r produktautentisering och anti-f\u00f6rfalskning. Denna NFC-dekal \u00e4r designad f\u00f6r h\u00e5llbarhet och vattent\u00e4thet och s\u00e4kerst\u00e4ller tillf\u00f6rlitligt skydd och sp\u00e5rbarhet f\u00f6r ett brett spektrum av applikationer.<\/p>","protected":false},"featured_media":3304,"template":"","meta":[],"product_brand":[],"product_cat":[48],"product_tag":[],"class_list":{"0":"post-3303","1":"product","2":"type-product","3":"status-publish","4":"has-post-thumbnail","6":"product_cat-nfc-stickers","8":"first","9":"instock","10":"shipping-taxable","11":"product-type-simple"},"_links":{"self":[{"href":"https:\/\/nfc-readers.com\/sv\/wp-json\/wp\/v2\/product\/3303","targetHints":{"allow":["GET"]}}],"collection":[{"href":"https:\/\/nfc-readers.com\/sv\/wp-json\/wp\/v2\/product"}],"about":[{"href":"https:\/\/nfc-readers.com\/sv\/wp-json\/wp\/v2\/types\/product"}],"wp:featuredmedia":[{"embeddable":true,"href":"https:\/\/nfc-readers.com\/sv\/wp-json\/wp\/v2\/media\/3304"}],"wp:attachment":[{"href":"https:\/\/nfc-readers.com\/sv\/wp-json\/wp\/v2\/media?parent=3303"}],"wp:term":[{"taxonomy":"product_brand","embeddable":true,"href":"https:\/\/nfc-readers.com\/sv\/wp-json\/wp\/v2\/product_brand?post=3303"},{"taxonomy":"product_cat","embeddable":true,"href":"https:\/\/nfc-readers.com\/sv\/wp-json\/wp\/v2\/product_cat?post=3303"},{"taxonomy":"product_tag","embeddable":true,"href":"https:\/\/nfc-readers.com\/sv\/wp-json\/wp\/v2\/product_tag?post=3303"}],"curies":[{"name":"wp","href":"https:\/\/api.w.org\/{rel}","templated":true}]}}