{"id":3311,"date":"2024-11-01T05:20:56","date_gmt":"2024-11-01T05:20:56","guid":{"rendered":"https:\/\/nfc-readers.com\/?post_type=product&#038;p=3311"},"modified":"2024-11-01T05:20:57","modified_gmt":"2024-11-01T05:20:57","slug":"iso14443a-ntag-213-215-216-pet-wet-inlay-nfc-tag-dia30mm","status":"publish","type":"product","link":"https:\/\/nfc-readers.com\/sv\/ic-reader\/iso14443a-ntag-213-215-216-pet-wet-inlay-nfc-tag-dia30mm\/","title":{"rendered":"ISO14443A NTAG 213 215 216 PET Wet Inlay NFC Tag Dia30mm"},"content":{"rendered":"<h1 style=\"text-align: center;\"><strong>ISO14443A NTAG 213 215 216 PET Wet Inlay NFC Tag Dia30mm<\/strong><\/h1>\n<p>Uppt\u00e4ck kraften i anslutning med v\u00e5r\u00a0<strong>ISO14443A NTAG 213 215 216 PET Wet Inlay NFC Tag<\/strong>. Denna 30 mm-diameter NFC-tagg \u00e4r designad f\u00f6r att f\u00f6renkla kommunikationen mellan enheter med en frekvens p\u00e5 13,56Mhz, s\u00e5 att du enkelt och snabbt kan utbyta data. Dessa taggar \u00e4r idealiska f\u00f6r olika applikationer och \u00e4r fullpackade med f\u00f6rdelar som f\u00f6rb\u00e4ttrar anv\u00e4ndbarhet, h\u00e5llbarhet och m\u00e5ngsidighet. Oavsett om du vill integrera NFC-teknik i ditt f\u00f6retag, skapa interaktiva upplevelser eller helt enkelt beh\u00f6ver en p\u00e5litlig NFC-l\u00f6sning, \u00e4r v\u00e5ra taggar v\u00e4rda att \u00f6verv\u00e4ga.<\/p>\n<p><strong>Varf\u00f6r du b\u00f6r k\u00f6pa denna NFC-tagg:<\/strong><\/p>\n<ul>\n<li><strong>Varaktighet:<\/strong>\u00a0Varje NFC-tagg \u00e4r gjord av h\u00f6gkvalitativt PET-material, vilket s\u00e4kerst\u00e4ller att den klarar milj\u00f6utmaningar som fukt och temperaturfluktuationer.<\/li>\n<li><strong>Omskrivningsf\u00f6rm\u00e5ga:<\/strong>\u00a0Med chips tillg\u00e4ngliga i NTAG 213, 215 och 216-varianter erbjuder dessa taggar olika minneskapaciteter (144\/504\/888 byte), vilket g\u00f6r att du kan lagra olika datatyper eller \u00e4ndra information efter behov.<\/li>\n<li><strong>Enkel integration:<\/strong>\u00a0NFC-taggar fungerar s\u00f6ml\u00f6st med alla NFC-aktiverade enheter, inklusive smartphones och NFC-l\u00e4sare, vilket g\u00f6r dem idealiska f\u00f6r marknadsf\u00f6ring, smarta visitkort och interaktiv produktinformation.<\/li>\n<\/ul>\n<h2>Produkt\u00f6versikt<\/h2>\n<h3>1. Funktioner hos ISO14443A NTAG 213 215 216 PET NFC-taggar<\/h3>\n<p>De\u00a0<strong>ISO14443A NTAG NFC-taggar<\/strong>\u00a0\u00e4r fullproppade med funktioner utformade f\u00f6r effektivitet i olika applikationer. Dessa\u00a0<strong>NFC-klisterm\u00e4rken<\/strong>\u00a0anv\u00e4nda ett kommunikationsgr\u00e4nssnitt som s\u00e4kerst\u00e4ller ett snabbt och effektivt datautbyte. F\u00f6rb\u00e4ttrade med vattent\u00e4ta och v\u00e4derbest\u00e4ndiga egenskaper, kan dessa taggar anv\u00e4ndas b\u00e5de inomhus och utomhus utan oro f\u00f6r skador. Deras kompakta storlek (Dia30 mm) g\u00f6r dem l\u00e4tta att placera p\u00e5 en m\u00e4ngd olika ytor.<\/p>\n<h3>2. Tekniken bakom NFC-kommunikation<\/h3>\n<p>Att f\u00f6rst\u00e5 tekniken bakom NFC \u00e4r viktigt f\u00f6r att uppskatta f\u00f6rdelarna med dessa taggar. Fungerar med en frekvens av\u00a0<strong>13,56 MHz<\/strong>, NFC-teknik m\u00f6jligg\u00f6r datautbyte mellan enheter inom ett kort avst\u00e5nd, vanligtvis 4 cm eller mindre. Denna korta r\u00e4ckvidd g\u00f6r NFC-taggar idealiska f\u00f6r s\u00e4kra transaktioner, elektroniska visitkort och digitala marknadsf\u00f6ringskampanjer.<\/p>\n<h3>3. Minnesvarianter f\u00f6rklarade: NTAG 213, 215 och 216<\/h3>\n<p>Varje chipvariant kommer med distinkta minneskapaciteter och funktioner. De\u00a0<strong>NTAG 213<\/strong>\u00a0ger 144 byte, vilket g\u00f6r den perfekt f\u00f6r sm\u00e5 webbadresser eller enkla identifierare. De\u00a0<strong>NTAG 215<\/strong>\u00a0erbjuder 504 byte, l\u00e4mplig f\u00f6r mer komplexa data som visitkort eller produktdetaljer. Slutligen, den\u00a0<strong>NTAG 216<\/strong>\u00a0har 888 byte, som kan lagra \u00e4nnu st\u00f6rre datam\u00e4ngder f\u00f6r avancerade applikationer. Att v\u00e4lja r\u00e4tt tagg beror p\u00e5 dina specifika behov och \u00f6nskad datalagring.<\/p>\n<h3>4. Till\u00e4mpningar av NFC-taggar i det dagliga livet<\/h3>\n<p>NFC-taggar har en m\u00e4ngd applikationer i den moderna v\u00e4rlden. Fr\u00e5n kontaktl\u00f6sa betalningar och mobila biljetter till interaktiv reklam och evenemangshantering, dessa taggar f\u00f6r\u00e4ndrar hur vi interagerar med teknik. F\u00f6r f\u00f6retag kan anv\u00e4ndning av NFC-taggar f\u00f6r att dela produktinformation eller kampanjer \u00f6ka kundernas engagemang och \u00f6ka f\u00f6rs\u00e4ljningen.<\/p>\n<h3>5. Milj\u00f6p\u00e5verkan och h\u00e5llbarhet<\/h3>\n<p>N\u00e4r vi g\u00e5r mot en mer digitalt uppkopplad v\u00e4rld \u00e4r det avg\u00f6rande att f\u00f6rst\u00e5 milj\u00f6p\u00e5verkan av v\u00e5ra val. V\u00e5ra NFC-taggar \u00e4r gjorda av h\u00e5llbara material och \u00e4r designade f\u00f6r l\u00e5ngvarig anv\u00e4ndning, vilket bidrar till minskat elektroniskt avfall. Genom att anv\u00e4nda NFC-teknik kan f\u00f6retag ocks\u00e5 minimera pappersanv\u00e4ndningen och fr\u00e4mja milj\u00f6v\u00e4nliga metoder f\u00f6r marknadsf\u00f6ring och informationsdelning.<\/p>\n<h3>Tekniska specifikationer<\/h3>\n<table class=\"w-fit !mb-0 !max-w-none\" style=\"height: 297px;\" width=\"424\">\n<thead>\n<tr>\n<th><strong>Specifikation<\/strong><\/th>\n<th><strong>Detaljer<\/strong><\/th>\n<\/tr>\n<\/thead>\n<tbody>\n<tr>\n<td><strong>Material<\/strong><\/td>\n<td>S\u00c4LLSKAPSDJUR<\/td>\n<\/tr>\n<tr>\n<td><strong>Storlek<\/strong><\/td>\n<td>Dia30mm\/Anpassad<\/td>\n<\/tr>\n<tr>\n<td><strong>Frekvens<\/strong><\/td>\n<td>13,56 MHz<\/td>\n<\/tr>\n<tr>\n<td><strong>Kommunikationsgr\u00e4nssnitt<\/strong><\/td>\n<td>NFC<\/td>\n<\/tr>\n<tr>\n<td><strong>Chiptyper<\/strong><\/td>\n<td>NTAG 213, NTAG 215, NTAG 216<\/td>\n<\/tr>\n<tr>\n<td><strong>Minnesalternativ<\/strong><\/td>\n<td>144 \/ 504 \/ 888 byte<\/td>\n<\/tr>\n<tr>\n<td><strong>Protokoll<\/strong><\/td>\n<td>ISO14443A<\/td>\n<\/tr>\n<tr>\n<td><strong>F\u00f6rpackningsdetaljer<\/strong><\/td>\n<td>100 st\/p\u00e5se; 5000 st\/kartong<\/td>\n<\/tr>\n<tr>\n<td><strong>Ursprungshamn<\/strong><\/td>\n<td>Shenzhen, Kina<\/td>\n<\/tr>\n<tr>\n<td><strong>F\u00f6rs\u00f6rjningsf\u00f6rm\u00e5ga<\/strong><\/td>\n<td>5 000 000 stycken\/m\u00e5nad<\/td>\n<\/tr>\n<\/tbody>\n<\/table>\n<h1>Vanliga fr\u00e5gor (FAQs) om ISO14443A NTAG NFC-taggar<\/h1>\n<h3>1.\u00a0<strong>Vad \u00e4r NFC-taggar och hur fungerar de?<\/strong><\/h3>\n<p>NFC-taggar (Near Field Communication) \u00e4r sm\u00e5 enheter som lagrar data som kan n\u00e5s av NFC-aktiverade enheter (som smartphones) helt enkelt genom att knacka ihop dem. De anv\u00e4nder elektromagnetiska v\u00e5gor f\u00f6r att \u00f6verf\u00f6ra data \u00f6ver korta avst\u00e5nd, vanligtvis 4 cm eller mindre.<\/p>\n<h3>2.\u00a0<strong>Vilka typer av NFC-taggar finns tillg\u00e4ngliga?<\/strong><\/h3>\n<p>V\u00e5ra NFC-taggar finns i olika typer, inklusive:<\/p>\n<ul>\n<li><strong>NTAG 213:<\/strong>\u00a0144 byte minne, perfekt f\u00f6r enkla data som webbadresser.<\/li>\n<li><strong>NTAG 215:<\/strong>\u00a0504 byte minne, l\u00e4mpligt f\u00f6r mer komplexa data, som visitkort.<\/li>\n<li><strong>NTAG 216:<\/strong>\u00a0888 byte minne, perfekt f\u00f6r avancerade applikationer som kr\u00e4ver st\u00f6rre datam\u00e4ngder.<\/li>\n<\/ul>\n<h3>3.\u00a0<strong>\u00c4r NFC-taggarna vattent\u00e4ta?<\/strong><\/h3>\n<p>Ja, v\u00e5ra NFC-taggar \u00e4r designade f\u00f6r att vara vattent\u00e4ta och v\u00e4derbest\u00e4ndiga, vilket g\u00f6r dem l\u00e4mpliga f\u00f6r b\u00e5de inomhus- och utomhusbruk, \u00e4ven i utmanande v\u00e4derf\u00f6rh\u00e5llanden.<\/p>\n<h3>4.\u00a0<strong>Kan NFC-taggarna skrivas om?<\/strong><\/h3>\n<p>Absolut! Dessa NFC-taggar \u00e4r omskrivbara, s\u00e5 att du kan \u00e4ndra den lagrade informationen efter behov. Den h\u00e4r funktionen \u00e4r s\u00e4rskilt anv\u00e4ndbar f\u00f6r tillf\u00e4lliga kampanjer eller projekt som kr\u00e4ver frekventa uppdateringar.<\/p>\n<h3>5.\u00a0<strong>Hur programmerar jag en NFC-tagg?<\/strong><\/h3>\n<p>Det \u00e4r enkelt att programmera din NFC-tagg. Anv\u00e4nd en NFC-aktiverad smartphone och en NFC-skrivapp. \u00d6ppna helt enkelt appen, v\u00e4lj den data du vill lagra (som en URL, text eller kontaktinformation) och tryck din telefon mot taggen f\u00f6r att skriva data.<\/p>\n<p>&nbsp;<\/p>","protected":false},"excerpt":{"rendered":"<p>ISO14443A NTAG 213\/215\/216 PET Wet Inlay NFC Tag (Dia 30 mm) \u00e4r en h\u00e5llbar, vattent\u00e4t l\u00f6sning f\u00f6r s\u00f6ml\u00f6st datautbyte. Idealisk f\u00f6r olika applikationer, fr\u00e5n marknadsf\u00f6ring till smarta visitkort.<\/p>","protected":false},"featured_media":3312,"template":"","meta":[],"product_brand":[],"product_cat":[47],"product_tag":[],"class_list":{"0":"post-3311","1":"product","2":"type-product","3":"status-publish","4":"has-post-thumbnail","6":"product_cat-nfc-tags","8":"first","9":"instock","10":"shipping-taxable","11":"product-type-simple"},"_links":{"self":[{"href":"https:\/\/nfc-readers.com\/sv\/wp-json\/wp\/v2\/product\/3311","targetHints":{"allow":["GET"]}}],"collection":[{"href":"https:\/\/nfc-readers.com\/sv\/wp-json\/wp\/v2\/product"}],"about":[{"href":"https:\/\/nfc-readers.com\/sv\/wp-json\/wp\/v2\/types\/product"}],"wp:featuredmedia":[{"embeddable":true,"href":"https:\/\/nfc-readers.com\/sv\/wp-json\/wp\/v2\/media\/3312"}],"wp:attachment":[{"href":"https:\/\/nfc-readers.com\/sv\/wp-json\/wp\/v2\/media?parent=3311"}],"wp:term":[{"taxonomy":"product_brand","embeddable":true,"href":"https:\/\/nfc-readers.com\/sv\/wp-json\/wp\/v2\/product_brand?post=3311"},{"taxonomy":"product_cat","embeddable":true,"href":"https:\/\/nfc-readers.com\/sv\/wp-json\/wp\/v2\/product_cat?post=3311"},{"taxonomy":"product_tag","embeddable":true,"href":"https:\/\/nfc-readers.com\/sv\/wp-json\/wp\/v2\/product_tag?post=3311"}],"curies":[{"name":"wp","href":"https:\/\/api.w.org\/{rel}","templated":true}]}}