{"id":3318,"date":"2024-11-01T05:29:10","date_gmt":"2024-11-01T05:29:10","guid":{"rendered":"https:\/\/nfc-readers.com\/?post_type=product&#038;p=3318"},"modified":"2024-11-01T05:29:20","modified_gmt":"2024-11-01T05:29:20","slug":"iso15693-icode-custom-size-pet-wet-dry-inlay-nfc-sticker","status":"publish","type":"product","link":"https:\/\/nfc-readers.com\/sv\/ic-reader\/iso15693-icode-custom-size-pet-wet-dry-inlay-nfc-sticker\/","title":{"rendered":"ISO15693 ICODE Anpassad storlek PET WET Dry Inlay NFC-dekal"},"content":{"rendered":"<h1 style=\"text-align: center;\"><strong>ISO15693 ICODE Anpassad storlek PET WET Dry Inlay NFC-dekal<\/strong><\/h1>\n<p>&nbsp;<\/p>\n<p>I dagens digitala tids\u00e5lder har integrationen av Near Field Communication-teknik (NFC) f\u00f6r\u00e4ndrat hur f\u00f6retag kommunicerar och interagerar med sina kunder. De\u00a0<strong>ISO15693 ICODE Anpassad storlek PET WET Dry Inlay NFC-dekal<\/strong>\u00a0representerar ett betydande framsteg inom NFC-produkter, som erbjuder p\u00e5litlig kommunikation, m\u00e5ngsidiga applikationer och exceptionell h\u00e5llbarhet. Detta m\u00e5ngsidiga NFC-klisterm\u00e4rke, designat f\u00f6r olika anv\u00e4ndningsfall, s\u00e4kerst\u00e4ller s\u00f6ml\u00f6sa interaktioner mellan enheter, vilket g\u00f6r det till ett viktigt verktyg f\u00f6r b\u00e5de moderna f\u00f6retag och privatpersoner.<\/p>\n<p>Med ett NFC-klisterm\u00e4rke kan du effektivisera processer, \u00f6ka anv\u00e4ndarens engagemang och g\u00f6ra vardagliga uppgifter mer effektiva. Oavsett om du vill uppgradera dina marknadsf\u00f6ringsstrategier, f\u00f6rb\u00e4ttra kundupplevelsen eller f\u00f6renkla transaktioner, ger detta NFC-klisterm\u00e4rke de funktioner och tillf\u00f6rlitlighet du beh\u00f6ver.<\/p>\n<p>&nbsp;<\/p>\n<h2><strong>Unika egenskaper<\/strong><\/h2>\n<p>De utm\u00e4rkande egenskaperna hos ISO15693 ICODE NFC-klisterm\u00e4rket g\u00f6r det till ett m\u00e5ste f\u00f6r f\u00f6retag och privatpersoner som vill effektivisera sin verksamhet.<\/p>\n<ul>\n<li><strong>Vattent\u00e4t\/V\u00e4derbest\u00e4ndig<\/strong>: F\u00f6rm\u00e5gan att motst\u00e5 olika milj\u00f6f\u00f6rh\u00e5llanden inneb\u00e4r att NFC-dekalerna kan anv\u00e4ndas i utomhusmilj\u00f6er eller omr\u00e5den d\u00e4r fukt kan f\u00f6rekomma. Denna funktion s\u00e4kerst\u00e4ller att klisterm\u00e4rket bibeh\u00e5ller sin funktionalitet utan att f\u00f6rs\u00e4mras \u00f6ver tid.<\/li>\n<li><strong>Anpassade storlekar<\/strong>: Detta NFC-klisterm\u00e4rke kan tillverkas i olika storlekar och former, beroende p\u00e5 dina krav, vilket g\u00f6r det l\u00e4mpligt f\u00f6r olika applikationer \u2013 vare sig det \u00e4r produktm\u00e4rkning, passerkontrollm\u00e4rken eller reklammaterial.<\/li>\n<\/ul>\n<p>Dessa unika funktioner f\u00f6rb\u00e4ttrar inte bara anv\u00e4ndbarheten utan ut\u00f6kar ocks\u00e5 m\u00f6jligheterna f\u00f6r till\u00e4mpning inom flera branscher.<\/p>\n<p>&nbsp;<\/p>\n<h2><strong>Tekniska specifikationer<\/strong><\/h2>\n<table class=\"w-fit !mb-0 !max-w-none\" style=\"height: 300px;\" width=\"443\">\n<thead>\n<tr>\n<th>Specifikation<\/th>\n<th>Detaljer<\/th>\n<\/tr>\n<\/thead>\n<tbody>\n<tr>\n<td><strong>Frekvens<\/strong><\/td>\n<td>13,56 MHz<\/td>\n<\/tr>\n<tr>\n<td><strong>Chiptyper<\/strong><\/td>\n<td>ICODE SLIX \/ SLIX2 \/ SLIXS<\/td>\n<\/tr>\n<tr>\n<td><strong>Minne<\/strong><\/td>\n<td>Baserat p\u00e5 chip<\/td>\n<\/tr>\n<tr>\n<td><strong>Protokoll<\/strong><\/td>\n<td>ISO15693<\/td>\n<\/tr>\n<tr>\n<td><strong>Material<\/strong><\/td>\n<td>S\u00c4LLSKAPSDJUR<\/td>\n<\/tr>\n<tr>\n<td><strong>Anpassad storlek<\/strong><\/td>\n<td>50*50MM eller Custom<\/td>\n<\/tr>\n<tr>\n<td><strong>Ursprungsort<\/strong><\/td>\n<td>Guangdong, Kina<\/td>\n<\/tr>\n<tr>\n<td><strong>F\u00f6rpackningsdetaljer<\/strong><\/td>\n<td>100st\/p\u00e5se, 5000st\/kartong<\/td>\n<\/tr>\n<tr>\n<td><strong>Hamn<\/strong><\/td>\n<td>Shenzhen<\/td>\n<\/tr>\n<tr>\n<td><strong>Vikt<\/strong><\/td>\n<td>0,010 kg<\/td>\n<\/tr>\n<\/tbody>\n<\/table>\n<p>De detaljerade tekniska specifikationerna s\u00e4kerst\u00e4ller att produkten uppfyller industristandarder samtidigt som den ger flexibilitet f\u00f6r olika applikationer.<\/p>\n<p>&nbsp;<\/p>\n<h2><strong>Vanliga fr\u00e5gor<\/strong><\/h2>\n<p>H\u00e4r \u00e4r n\u00e5gra vanliga fr\u00e5gor ang\u00e5ende\u00a0<strong>ISO15693 ICODE Anpassad storlek PET WET Dry Inlay NFC-dekal<\/strong>\u00a0f\u00f6r att hj\u00e4lpa dig att f\u00e5 en b\u00e4ttre f\u00f6rst\u00e5else f\u00f6r dess kapacitet och till\u00e4mpningar:<\/p>\n<h3><strong>1. Vilka enheter kan interagera med NFC-dekalen?<\/strong><\/h3>\n<p>NFC-klisterm\u00e4rken \u00e4r kompatibla med de flesta\u00a0<strong>NFC-aktiverade smartphones<\/strong>, surfplattor och kontaktl\u00f6sa l\u00e4sare. Enheter som st\u00f6der NFC-teknik kommer att kunna l\u00e4sa informationen som \u00e4r inb\u00e4ddad i klisterm\u00e4rket.<\/p>\n<h3><strong>2. Hur h\u00e5llbart \u00e4r NFC-dekalet?<\/strong><\/h3>\n<p>ISO15693 ICODE NFC-klisterm\u00e4rket \u00e4r gjord av\u00a0<strong>PET-material<\/strong>, vilket g\u00f6r det b\u00e5da\u00a0<strong>vattent\u00e4t och v\u00e4derbest\u00e4ndig<\/strong>. Den \u00e4r designad f\u00f6r att klara olika milj\u00f6f\u00f6rh\u00e5llanden, vilket s\u00e4kerst\u00e4ller tillf\u00f6rlitlighet och livsl\u00e4ngd i olika milj\u00f6er.<\/p>\n<h3><strong>3. Kan jag anpassa storleken och formen p\u00e5 NFC-dekalet?<\/strong><\/h3>\n<p>Ja! NFC-dekalen kan tillverkas i\u00a0<strong>olika storlekar och former<\/strong>, vilket till\u00e5ter anpassning f\u00f6r att m\u00f6ta dina specifika applikationsbehov. V\u00e4nligen fr\u00e5ga om tillg\u00e4ngliga alternativ.<\/p>\n<h3><strong>4. Vad \u00e4r l\u00e4somr\u00e5det f\u00f6r NFC-dekalen?<\/strong><\/h3>\n<p>L\u00e4sintervallet f\u00f6r NFC-teknik \u00e4r normalt\u00a0<strong>n\u00e5gra centimeter<\/strong>\u00a0(upp till 10 cm). Klisterm\u00e4rkets prestanda kan variera beroende p\u00e5 enheten som anv\u00e4nds f\u00f6r skanning och milj\u00f6faktorer.<\/p>\n<h3><strong>5. Vilken information kan jag lagra p\u00e5 NFC-dekalen?<\/strong><\/h3>\n<p>Du kan lagra olika typer av information p\u00e5 en NFC-dekal, inklusive\u00a0<strong>URL:er, kontaktinformation, text och sm\u00e5 bin\u00e4ra data<\/strong>\u00a0(vanligtvis inom begr\u00e4nsningarna f\u00f6r chipets minne). Genom att anv\u00e4nda olika chipalternativ (som ICODE SLIX) kan minnet variera.<\/p>","protected":false},"excerpt":{"rendered":"<p>ISO15693 ICODE Custom Size PET WET Dry Inlay NFC Sticker \u00e4r en m\u00e5ngsidig och h\u00e5llbar NFC-l\u00f6sning designad f\u00f6r s\u00f6ml\u00f6s kommunikation i b\u00e5de v\u00e5ta och torra milj\u00f6er. Med anpassningsbara storlekar och robusta vattent\u00e4ta funktioner \u00e4r den idealisk f\u00f6r olika applikationer, fr\u00e5n marknadsf\u00f6ringskampanjer till s\u00e4ker \u00e5tkomstkontroll.<\/p>","protected":false},"featured_media":3319,"template":"","meta":[],"product_brand":[],"product_cat":[48],"product_tag":[],"class_list":{"0":"post-3318","1":"product","2":"type-product","3":"status-publish","4":"has-post-thumbnail","6":"product_cat-nfc-stickers","8":"first","9":"instock","10":"shipping-taxable","11":"product-type-simple"},"_links":{"self":[{"href":"https:\/\/nfc-readers.com\/sv\/wp-json\/wp\/v2\/product\/3318","targetHints":{"allow":["GET"]}}],"collection":[{"href":"https:\/\/nfc-readers.com\/sv\/wp-json\/wp\/v2\/product"}],"about":[{"href":"https:\/\/nfc-readers.com\/sv\/wp-json\/wp\/v2\/types\/product"}],"wp:featuredmedia":[{"embeddable":true,"href":"https:\/\/nfc-readers.com\/sv\/wp-json\/wp\/v2\/media\/3319"}],"wp:attachment":[{"href":"https:\/\/nfc-readers.com\/sv\/wp-json\/wp\/v2\/media?parent=3318"}],"wp:term":[{"taxonomy":"product_brand","embeddable":true,"href":"https:\/\/nfc-readers.com\/sv\/wp-json\/wp\/v2\/product_brand?post=3318"},{"taxonomy":"product_cat","embeddable":true,"href":"https:\/\/nfc-readers.com\/sv\/wp-json\/wp\/v2\/product_cat?post=3318"},{"taxonomy":"product_tag","embeddable":true,"href":"https:\/\/nfc-readers.com\/sv\/wp-json\/wp\/v2\/product_tag?post=3318"}],"curies":[{"name":"wp","href":"https:\/\/api.w.org\/{rel}","templated":true}]}}