{"id":3325,"date":"2024-11-01T05:35:51","date_gmt":"2024-11-01T05:35:51","guid":{"rendered":"https:\/\/nfc-readers.com\/?post_type=product&#038;p=3325"},"modified":"2024-11-01T05:35:51","modified_gmt":"2024-11-01T05:35:51","slug":"ntag-215-75mm-nfc-epoxy-custom-table-menu-sticker","status":"publish","type":"product","link":"https:\/\/nfc-readers.com\/sv\/ic-reader\/ntag-215-75mm-nfc-epoxy-custom-table-menu-sticker\/","title":{"rendered":"Ntag 215 75MM NFC Epoxi Custom Table Menu Sticker"},"content":{"rendered":"<h1 style=\"text-align: center;\"><strong>Ntag 215 75MM NFC Epoxi Custom Table Menu Sticker<\/strong><\/h1>\n<p>&nbsp;<\/p>\n<p>I restaurangteknikens st\u00e4ndigt f\u00f6r\u00e4nderliga landskap,\u00a0<strong>Ntag 215 75MM NFC Epoxi Custom Table Menu Sticker<\/strong>\u00a0framst\u00e5r som en innovativ l\u00f6sning f\u00f6r moderna matupplevelser. Detta m\u00e5ngsidiga NFC-klisterm\u00e4rke l\u00e5ter restauranger presentera sina menyer p\u00e5 ett fr\u00e4scht, engagerande s\u00e4tt samtidigt som de f\u00f6rb\u00e4ttrar kundupplevelsen genom kraften i kontaktl\u00f6s teknik. S\u00e4g adj\u00f6 till traditionella pappersmenyer och hej till s\u00f6ml\u00f6s, digital interaktion.<\/p>\n<p>&nbsp;<\/p>\n<h3><strong>F\u00f6rdelar med Ntag 215 NFC Epoxi-klisterm\u00e4rke<\/strong><\/h3>\n<p>Ntag 215 NFC-klisterm\u00e4rket \u00e4r inte bara en produkt; det \u00e4r ett transformativt verktyg f\u00f6r att f\u00f6rb\u00e4ttra g\u00e4stfrihetstj\u00e4nsterna. Med sin vattent\u00e4ta funktion och anpassningsm\u00f6jligheter m\u00f6ter denna NFC-tagg de unika behoven hos olika matst\u00e4llen. H\u00e4r \u00e4r \u00f6vertygande sk\u00e4l att investera i denna produkt:<\/p>\n<ul>\n<li><strong>Kontaktl\u00f6s delning<\/strong>: Kunder kan enkelt komma \u00e5t digitala menyer med sina NFC-aktiverade smartphones, vilket skapar en hygienisk och interaktiv matupplevelse.<\/li>\n<li><strong>Anpassning<\/strong>: Skr\u00e4ddarsy klisterm\u00e4rket med olika storlekar, tryck och design f\u00f6r att b\u00e4st passa din restaurangs varum\u00e4rke samtidigt som du visar upp din meny och dina kampanjer.<\/li>\n<li><strong>H\u00e5llbar och p\u00e5litlig<\/strong>: Med en vattent\u00e4t och v\u00e4derbest\u00e4ndig design och tillverkad av h\u00f6gkvalitativa material som epoxi och papper\/PVC, \u00e4r Ntag 215-dekalen byggd f\u00f6r att h\u00e5lla, vilket s\u00e4kerst\u00e4ller l\u00e5ngvarig anv\u00e4ndning i livliga restaurangmilj\u00f6er.<\/li>\n<li><\/li>\n<\/ul>\n<h3><strong>Funktioner hos Ntag 215 NFC-klisterm\u00e4rke<\/strong><\/h3>\n<p>De\u00a0<strong>Ntag 215 75MM NFC Epoxi Custom Table Menu Sticker<\/strong>\u00a0har m\u00e5nga specifikationer som skiljer den \u00e5t:<\/p>\n<ul>\n<li><strong>Material<\/strong>: Tillverkad av\u00a0<strong>epoxi och papper\/PVC<\/strong>, detta klisterm\u00e4rke \u00e4r byggt f\u00f6r h\u00e5llbarhet och motst\u00e5ndskraft mot typiska restaurangmilj\u00f6er.<\/li>\n<li><strong>Storlek och anpassning<\/strong>: Medan standardstorleken \u00e4r\u00a0<strong>75 MM<\/strong>, anpassade m\u00e5tt \u00e4r tillg\u00e4ngliga, vilket m\u00f6jligg\u00f6r fullst\u00e4ndig anpassning till alla butikstema eller menybehov.<\/li>\n<li><strong>Kommunikationsgr\u00e4nssnitt<\/strong>: Genom att anv\u00e4nda NFC-kommunikationsgr\u00e4nssnittet fungerar det p\u00e5 en\u00a0<strong>frekvens p\u00e5 13,56 MHz<\/strong>, vilket s\u00e4kerst\u00e4ller tillf\u00f6rlitlighet och hastighet vid data\u00f6verf\u00f6ring.<\/li>\n<\/ul>\n<p>Erbjuder alternativ f\u00f6r\u00a0<strong>offset och silk screentryck<\/strong>, Ntag 215-klisterm\u00e4rket kan komma med din logotyp, QR-koder eller detaljerade menyalternativ, vilket f\u00f6rb\u00e4ttrar varum\u00e4rkesk\u00e4nnedomen och kundernas engagemang.<\/p>\n<p>&nbsp;<\/p>\n<h3><strong>Anpassningsalternativ<\/strong><\/h3>\n<p>Med anpassning \u00e4r en viktig aspekt av\u00a0<strong>Ntag 215 NFC-dekal<\/strong>, restauranger kan v\u00e4lja fr\u00e5n en m\u00e4ngd olika alternativ:<\/p>\n<ul>\n<li><strong>Utskriftsalternativ<\/strong>: V\u00e4lj fr\u00e5n\u00a0<strong>offsettryck, silkscreentryck eller QR-koder<\/strong>\u00a0\u2013 allt specialdesignat f\u00f6r att passa restaurangens tema.<\/li>\n<li><strong>Storlekar och former<\/strong>: Medan standarddiametern \u00e4r\u00a0<strong>75 MM<\/strong>, kan f\u00f6retag beg\u00e4ra anpassade storlekar f\u00f6r att passa specifika bord eller dekorbehov. Flexibla alternativ till\u00e5ter anpassning till olika milj\u00f6er, oavsett om det \u00e4r platta eller p\u00e5 metallmontering.<\/li>\n<\/ul>\n<p>Att kunna anpassa din NFC-dekal betyder att din restaurang kan bibeh\u00e5lla varum\u00e4rkeskonsistens samtidigt som kundinteraktionen f\u00f6rb\u00e4ttras.<\/p>\n<p>&nbsp;<\/p>\n<h3><strong>Vanliga fr\u00e5gor f\u00f6r Ntag 215 NFC Epoxy Custom Table Menu Sticker<\/strong><\/h3>\n<h3>1.\u00a0<strong>Vad \u00e4r Ntag 215 NFC Epoxy Custom Table Menu Sticker?<\/strong><\/h3>\n<p>Ntag 215 NFC Epoxy Custom Table Menu Sticker \u00e4r ett h\u00e5llbart, kontaktl\u00f6st NFC-klisterm\u00e4rke designat f\u00f6r restauranger och andra matst\u00e4llen. Det till\u00e5ter kunder att enkelt komma \u00e5t digitala menyer och kampanjer genom att knacka sina NFC-aktiverade smartphones mot klisterm\u00e4rket.<\/p>\n<h3>2.\u00a0<strong>Hur fungerar NFC-tekniken?<\/strong><\/h3>\n<p>NFC (Near Field Communication) m\u00f6jligg\u00f6r tr\u00e5dl\u00f6s kommunikation mellan enheter \u00f6ver korta avst\u00e5nd (vanligtvis mindre \u00e4n 4 cm). N\u00e4r en kund knackar sin NFC-aktiverade smartphone mot Ntag 215-klisterm\u00e4rket, l\u00e4ser den data som lagras i klisterm\u00e4rket och visar den digitala menyn p\u00e5 sin enhet.<\/p>\n<h3>3.\u00a0<strong>\u00c4r klisterm\u00e4rkena vattent\u00e4ta?<\/strong><\/h3>\n<p>Ja, Ntag 215-klisterm\u00e4rkena \u00e4r designade f\u00f6r att vara vattent\u00e4ta och v\u00e4derbest\u00e4ndiga. Detta s\u00e4kerst\u00e4ller h\u00e5llbarhet och livsl\u00e4ngd \u00e4ven i hektiska restaurangmilj\u00f6er d\u00e4r spill och st\u00e4nk \u00e4r vanligt.<\/p>\n<h3>4.\u00a0<strong>Kan jag anpassa designen p\u00e5 klisterm\u00e4rket?<\/strong><\/h3>\n<p>Absolut! Du kan anpassa Ntag 215 NFC-klisterm\u00e4rket med olika designalternativ, inklusive offsettryck, silkscreentryck, logotyper, QR-koder och anpassade m\u00e5tt. Detta g\u00f6r att du effektivt kan anpassa klisterm\u00e4rket till din restaurangs varum\u00e4rke.<\/p>\n<h3>5.\u00a0<strong>Vilka chipalternativ finns tillg\u00e4ngliga?<\/strong><\/h3>\n<p>Ntag 215-klisterm\u00e4rket kommer f\u00f6rladdat med Ntag 215-chippet, men du kan ocks\u00e5 v\u00e4lja andra NFC-chipalternativ som Ntag 213, Ntag 216 eller anpassade konfigurationer baserat p\u00e5 dina specifika behov.<\/p>","protected":false},"excerpt":{"rendered":"<p>Ntag 215 75MM NFC Epoxy Custom Table Menu Sticker ger ett s\u00f6ml\u00f6st, kontaktl\u00f6st s\u00e4tt f\u00f6r kunder att komma \u00e5t digitala menyer. Den \u00e4r h\u00e5llbar och anpassningsbar och f\u00f6rb\u00e4ttrar matupplevelsen f\u00f6r moderna restauranger.<\/p>","protected":false},"featured_media":3326,"template":"","meta":[],"product_brand":[],"product_cat":[48],"product_tag":[],"class_list":{"0":"post-3325","1":"product","2":"type-product","3":"status-publish","4":"has-post-thumbnail","6":"product_cat-nfc-stickers","8":"first","9":"instock","10":"shipping-taxable","11":"product-type-simple"},"_links":{"self":[{"href":"https:\/\/nfc-readers.com\/sv\/wp-json\/wp\/v2\/product\/3325","targetHints":{"allow":["GET"]}}],"collection":[{"href":"https:\/\/nfc-readers.com\/sv\/wp-json\/wp\/v2\/product"}],"about":[{"href":"https:\/\/nfc-readers.com\/sv\/wp-json\/wp\/v2\/types\/product"}],"wp:featuredmedia":[{"embeddable":true,"href":"https:\/\/nfc-readers.com\/sv\/wp-json\/wp\/v2\/media\/3326"}],"wp:attachment":[{"href":"https:\/\/nfc-readers.com\/sv\/wp-json\/wp\/v2\/media?parent=3325"}],"wp:term":[{"taxonomy":"product_brand","embeddable":true,"href":"https:\/\/nfc-readers.com\/sv\/wp-json\/wp\/v2\/product_brand?post=3325"},{"taxonomy":"product_cat","embeddable":true,"href":"https:\/\/nfc-readers.com\/sv\/wp-json\/wp\/v2\/product_cat?post=3325"},{"taxonomy":"product_tag","embeddable":true,"href":"https:\/\/nfc-readers.com\/sv\/wp-json\/wp\/v2\/product_tag?post=3325"}],"curies":[{"name":"wp","href":"https:\/\/api.w.org\/{rel}","templated":true}]}}