{"id":3332,"date":"2024-11-01T05:43:23","date_gmt":"2024-11-01T05:43:23","guid":{"rendered":"https:\/\/nfc-readers.com\/?post_type=product&#038;p=3332"},"modified":"2024-11-01T05:43:24","modified_gmt":"2024-11-01T05:43:24","slug":"ntag-213-custom-nfc-epoxy-sticker-for-nfc-smart-phone","status":"publish","type":"product","link":"https:\/\/nfc-readers.com\/sv\/ic-reader\/ntag-213-custom-nfc-epoxy-sticker-for-nfc-smart-phone\/","title":{"rendered":"Ntag 213 Custom NFC Epoxy Sticker f\u00f6r NFC Smart Phone"},"content":{"rendered":"<h1 style=\"text-align: center;\"><strong>Ntag 213 Custom NFC Epoxy Sticker f\u00f6r NFC Smart Phone<\/strong><\/h1>\n<p>&nbsp;<\/p>\n<p>Utforska framtidens anslutningar med\u00a0<strong>Ntag 213 Custom NFC Epoxi-dekal<\/strong>, en m\u00e5ngsidig och innovativ produkt designad f\u00f6r s\u00f6ml\u00f6s interaktion med\u00a0<strong>NFC-aktiverade smartphones<\/strong>. Med sina utm\u00e4rkta funktioner, inklusive\u00a0<em>impregnering<\/em>, ett h\u00e5llbart epoximaterial och anpassningsbara alternativ, denna NFC-tagg \u00e4r inte bara ytterligare en gadget utan ett revolutionerande verktyg som f\u00f6rb\u00e4ttrar din digitala upplevelse. Fr\u00e5n betalningsapplikationer till enkel delning av digital information, Ntag 213-klisterm\u00e4rket \u00e4r ett m\u00e5ste f\u00f6r alla som letar efter bekv\u00e4mlighet och effektivitet.<\/p>\n<p>&nbsp;<\/p>\n<h3><strong>Varf\u00f6r du ska k\u00f6pa Ntag 213 NFC-klisterm\u00e4rken<\/strong><\/h3>\n<p>Att v\u00e4lja r\u00e4tt NFC-tagg kan lyfta ditt f\u00f6retags eller personliga varum\u00e4rke samtidigt som du s\u00e4kerst\u00e4ller en smidig anv\u00e4ndarupplevelse. Ntag 213 Custom NFC Epoxy Sticker sticker ut p\u00e5 grund av sin unika blandning av tillf\u00f6rlitlighet, h\u00f6g prestanda och anpassningsf\u00f6rm\u00e5ga. Med f\u00f6rm\u00e5gan att lagra 144 byte data \u00e4r detta NFC-klisterm\u00e4rke idealiskt f\u00f6r en m\u00e4ngd olika applikationer, vilket g\u00f6r det till ett viktigt verktyg i dagens teknikdrivna v\u00e4rld. Men varf\u00f6r \u00e4r denna klisterm\u00e4rke v\u00e4rd att k\u00f6pa? H\u00e4r \u00e4r n\u00e5gra \u00f6vertygande sk\u00e4l:<\/p>\n<ul>\n<li><strong>Varaktighet<\/strong>: Tack vare sin epoxibel\u00e4ggning \u00e4r detta NFC-klisterm\u00e4rke\u00a0<strong>vattent\u00e4t och v\u00e4derbest\u00e4ndig<\/strong>, vilket g\u00f6r att den kan beh\u00e5lla funktionalitet i olika milj\u00f6er.<\/li>\n<li><strong>M\u00e5ngsidighet<\/strong>: Med alternativ f\u00f6r anpassning i storlek, f\u00e4rg och tryckdesign kan du skr\u00e4ddarsy den h\u00e4r produkten f\u00f6r att m\u00f6ta dina specifika varum\u00e4rkesbehov.<\/li>\n<li><strong>Enkel integration<\/strong>: Kompatibel med ett brett utbud av\u00a0<strong>NFC-enheter<\/strong>, inklusive Android och iPhone, till\u00e5ter det anv\u00e4ndare att enkelt dela information och engagera sig i digitalt inneh\u00e5ll.<\/li>\n<\/ul>\n<p>&nbsp;<\/p>\n<h3><strong>Produktegenskaper och f\u00f6rdelar<\/strong><\/h3>\n<h3>Anpassade storlekar och f\u00e4rger<\/h3>\n<p>Varje projekt \u00e4r unikt, och v\u00e5rt\u00a0<strong>Ntag 213 NFC-klisterm\u00e4rken<\/strong>\u00a0kan skr\u00e4ddarsys f\u00f6r att passa specifika krav. Oavsett om du beh\u00f6ver en\u00a0<strong>rektangel<\/strong>, oval eller rund design erbjuder vi flexibilitet i form och storlek. Du kan ocks\u00e5 v\u00e4lja mellan en m\u00e4ngd olika f\u00e4rger f\u00f6r att komplettera ditt varum\u00e4rke. Denna niv\u00e5 av\u00a0<strong>anpassning<\/strong>\u00a0s\u00e4kerst\u00e4ller en perfekt passform f\u00f6r dina marknadsf\u00f6ringsstrategier eller personliga projekt.<\/p>\n<h3>Vattent\u00e4t och v\u00e4derbest\u00e4ndig design<\/h3>\n<p>De\u00a0<strong>epoximaterial<\/strong>\u00a0anv\u00e4nd i Ntag 213-dekalen ger den ett anm\u00e4rkningsv\u00e4rt skydd mot fukt och h\u00e5rda v\u00e4derf\u00f6rh\u00e5llanden. Detta\u00a0<strong>vattent\u00e4t<\/strong>\u00a0kapacitet inneb\u00e4r att du inte beh\u00f6ver oroa dig f\u00f6r exponering f\u00f6r v\u00e4der och vind. Oavsett om de anv\u00e4nds inomhus eller utomhus kommer dessa NFC-taggar att beh\u00e5lla sin funktionalitet och effektivitet, vilket g\u00f6r dem l\u00e4mpliga f\u00f6r applikationer som utomhusreklam eller smarta enheter som kr\u00e4ver motst\u00e5ndskraft.<\/p>\n<h3>13,56 MHz kommunikationsfrekvens<\/h3>\n<p>Anv\u00e4nder standarden\u00a0<strong>13,56 MHz kommunikationsfrekvens<\/strong>, dessa NFC-klisterm\u00e4rken utnyttjar kraften i\u00a0<strong>RFID<\/strong>\u00a0teknologi. Denna frekvens ger ett tillf\u00f6rlitligt kommunikationsgr\u00e4nssnitt, vilket s\u00e4kerst\u00e4ller snabb och s\u00e4ker data\u00f6verf\u00f6ring n\u00e4r den skannas av en NFC-aktiverad enhet. Denna kompatibilitet f\u00f6rb\u00e4ttrar anv\u00e4ndbarheten ytterligare, vilket m\u00f6jligg\u00f6r en s\u00f6ml\u00f6s upplevelse \u00f6ver olika plattformar och enheter.<\/p>\n<h3>NTAG213-chip f\u00f6r h\u00f6g prestanda<\/h3>\n<p>I hj\u00e4rtat av varje anpassad Ntag 213 klisterm\u00e4rke \u00e4r\u00a0<strong>NTAG213-chip<\/strong>, k\u00e4nd f\u00f6r sin h\u00f6ga prestanda och m\u00e5ngsidighet. Med ett minne av\u00a0<strong>144 byte<\/strong>, lagrar den framg\u00e5ngsrikt webbadresser, text eller sm\u00e5 datam\u00e4ngder. Chipets arkitektur m\u00f6jligg\u00f6r omfattande applikationer fr\u00e5n visitkort till interaktiva marknadsf\u00f6ringskampanjer. Dess tillf\u00f6rlitlighet s\u00e4kerst\u00e4ller att dina taggar kan skannas och n\u00e5s upprepade g\u00e5nger utan att misslyckas.<\/p>\n<p>&nbsp;<\/p>\n<h3><strong>Tekniska specifikationer<\/strong><\/h3>\n<table class=\"w-fit !mb-0 !max-w-none\" style=\"height: 297px;\" width=\"431\">\n<thead>\n<tr>\n<th>S\u00e4rdrag<\/th>\n<th>Specifikation<\/th>\n<\/tr>\n<\/thead>\n<tbody>\n<tr>\n<td>Chips<\/td>\n<td>NTAG213<\/td>\n<\/tr>\n<tr>\n<td>Frekvens<\/td>\n<td>13,56 MHz<\/td>\n<\/tr>\n<tr>\n<td>Minne<\/td>\n<td>144 Byte<\/td>\n<\/tr>\n<tr>\n<td>Protokoll<\/td>\n<td>ISO14443<\/td>\n<\/tr>\n<tr>\n<td>Material<\/td>\n<td>Epoxi<\/td>\n<\/tr>\n<tr>\n<td>Storlek<\/td>\n<td>Best\u00e4llnings<\/td>\n<\/tr>\n<tr>\n<td>F\u00e4rg<\/td>\n<td>Best\u00e4llnings<\/td>\n<\/tr>\n<tr>\n<td>Utskriftsalternativ<\/td>\n<td>Offsettryck\/Pantone\/QR<\/td>\n<\/tr>\n<tr>\n<td>Ursprungsort<\/td>\n<td>Guangdong, Kina<\/td>\n<\/tr>\n<tr>\n<td>Specialfunktioner<\/td>\n<td>Vattent\u00e4t \/ v\u00e4derbest\u00e4ndig<\/td>\n<\/tr>\n<\/tbody>\n<\/table>\n<h3><\/h3>\n<h3><strong>Vanliga fr\u00e5gor<\/strong><\/h3>\n<h3>Vilka enheter \u00e4r kompatibla med Ntag 213 NFC-dekalet?<\/h3>\n<p>Ntag 213-klisterm\u00e4rkena \u00e4r kompatibla med alla NFC-aktiverade smartphones, inklusive popul\u00e4ra m\u00e4rken som\u00a0<strong>iPhone<\/strong>\u00a0och\u00a0<strong>Samsung<\/strong>.<\/p>\n<h3>Hur l\u00e4nge h\u00e5ller batteriet?<\/h3>\n<p>Ntag 213 NFC-klisterm\u00e4rken kr\u00e4ver inget batteri; de \u00e4r passiva enheter som drar str\u00f6m fr\u00e5n den NFC-aktiverade l\u00e4saren. S\u00e5 l\u00e4nge taggen \u00e4r intakt och inom r\u00e4ckh\u00e5ll kommer den att fungera.<\/p>\n<h3>Kan dessa klisterm\u00e4rken anv\u00e4ndas utomhus?<\/h3>\n<p>Ja! V\u00e5ra NFC-klisterm\u00e4rken \u00e4r designade f\u00f6r att vara\u00a0<strong>vattent\u00e4t och v\u00e4derbest\u00e4ndig<\/strong>, vilket g\u00f6r dem l\u00e4mpliga f\u00f6r b\u00e5de inomhus- och utomhusapplikationer.<\/p>\n<h3>Finns det ett maximalt skanningsavst\u00e5nd?<\/h3>\n<p>Det effektiva skanningsavst\u00e5ndet \u00e4r vanligtvis upp till 10 cm (4 tum), beroende p\u00e5 enhetens NFC-antennstyrka och milj\u00f6faktorer.<\/p>","protected":false},"excerpt":{"rendered":"<p>De\u00a0<strong>NTAG-213 anpassad NFC-epoxiklisterm\u00e4rke<\/strong>\u00a0\u00e4r en m\u00e5ngsidig, vattent\u00e4t NFC-tagg designad f\u00f6r s\u00f6ml\u00f6s interaktion med NFC-aktiverade smartphones. Denna h\u00e5llbara klisterm\u00e4rke kan anpassas i storlek, f\u00e4rg och utskriftsalternativ och l\u00e5ter f\u00f6retag och privatpersoner dela digitalt inneh\u00e5ll utan anstr\u00e4ngning, vilket \u00f6kar anv\u00e4ndarens engagemang och m\u00f6jligheter till varum\u00e4rkesbyggande.<\/p>","protected":false},"featured_media":3333,"template":"","meta":[],"product_brand":[],"product_cat":[48],"product_tag":[],"class_list":{"0":"post-3332","1":"product","2":"type-product","3":"status-publish","4":"has-post-thumbnail","6":"product_cat-nfc-stickers","8":"first","9":"instock","10":"shipping-taxable","11":"product-type-simple"},"_links":{"self":[{"href":"https:\/\/nfc-readers.com\/sv\/wp-json\/wp\/v2\/product\/3332","targetHints":{"allow":["GET"]}}],"collection":[{"href":"https:\/\/nfc-readers.com\/sv\/wp-json\/wp\/v2\/product"}],"about":[{"href":"https:\/\/nfc-readers.com\/sv\/wp-json\/wp\/v2\/types\/product"}],"wp:featuredmedia":[{"embeddable":true,"href":"https:\/\/nfc-readers.com\/sv\/wp-json\/wp\/v2\/media\/3333"}],"wp:attachment":[{"href":"https:\/\/nfc-readers.com\/sv\/wp-json\/wp\/v2\/media?parent=3332"}],"wp:term":[{"taxonomy":"product_brand","embeddable":true,"href":"https:\/\/nfc-readers.com\/sv\/wp-json\/wp\/v2\/product_brand?post=3332"},{"taxonomy":"product_cat","embeddable":true,"href":"https:\/\/nfc-readers.com\/sv\/wp-json\/wp\/v2\/product_cat?post=3332"},{"taxonomy":"product_tag","embeddable":true,"href":"https:\/\/nfc-readers.com\/sv\/wp-json\/wp\/v2\/product_tag?post=3332"}],"curies":[{"name":"wp","href":"https:\/\/api.w.org\/{rel}","templated":true}]}}