{"id":3348,"date":"2024-11-01T10:53:48","date_gmt":"2024-11-01T10:53:48","guid":{"rendered":"https:\/\/nfc-readers.com\/?post_type=product&#038;p=3348"},"modified":"2024-11-04T09:04:23","modified_gmt":"2024-11-04T09:04:23","slug":"rfid-ultralight-playground-ticket-proximity-pvc-vip-card","status":"publish","type":"product","link":"https:\/\/nfc-readers.com\/sv\/ic-reader\/rfid-ultralight-playground-ticket-proximity-pvc-vip-card\/","title":{"rendered":"Mifare Ultralight ev1 PVC RFID-kort f\u00f6r lekplatsbiljett"},"content":{"rendered":"<h1><strong><span style=\"color: #000080;\">Mifare Ultralight ev1 PVC RFID-kort f\u00f6r lekplatsbiljett<\/span><\/strong><\/h1>\n<p>&nbsp;<\/p>\n<h4><strong><span style=\"color: #008080;\">Revolutionerande l\u00f6sningar f\u00f6r \u00e5tkomstkontroll och biljettf\u00f6rs\u00e4ljning<\/span><\/strong><\/h4>\n<p><span style=\"color: #666699;\">I dagens kontantl\u00f6sa v\u00e4rld st\u00e5r Mifare Ultralight ev1 PVC RFID Card for Playground-biljetten i framkant av moderna biljett- och passerkontrolll\u00f6sningar. Detta h\u00f6gteknologiska kort effektiviserar inte bara intr\u00e4det till n\u00f6jesparker och evenemang utan f\u00f6rb\u00e4ttrar ocks\u00e5 anv\u00e4ndarupplevelsen med sin robusta design och smartkortsteknik. Med o\u00f6vertr\u00e4ffad s\u00e4kerhet, bekv\u00e4mlighet och m\u00e5ngsidighet \u00e4r det det idealiska valet f\u00f6r f\u00f6retag som str\u00e4var efter att h\u00f6ja sitt kundengagemang och operativa effektivitet.<\/span><\/p>\n<hr \/>\n<h2><\/h2>\n<h2 style=\"text-align: center;\"><span style=\"color: #000080;\"><em><strong>Produktegenskaper och f\u00f6rdelar<\/strong><\/em><\/span><\/h2>\n<h3><span style=\"color: #333399;\">1. <strong>H\u00e5llbart och p\u00e5litligt material<\/strong><\/span><\/h3>\n<p>Tillverkat av h\u00f6gkvalitativ PVC, \u00e4r detta RFID-kort designat f\u00f6r att t\u00e5la tuffa milj\u00f6f\u00f6rh\u00e5llanden. Dess\u00a0<strong>vattent\u00e4t<\/strong>\u00a0och\u00a0<strong>v\u00e4derbest\u00e4ndig<\/strong>\u00a0funktioner f\u00f6rhindrar slitage och s\u00e4kerst\u00e4ller l\u00e5ngvarig h\u00e5llbarhet. Oavsett om det anv\u00e4nds i n\u00f6jesparker utomhus eller inomhusevenemang\u00a0<strong>RFID Ultralight Playground-kort<\/strong>\u00a0f\u00f6rblir funktionell och visuellt tilltalande, vilket kan minska ers\u00e4ttningskostnaderna \u00f6ver tid.<\/p>\n<p>&nbsp;<\/p>\n<h3><span style=\"color: #333399;\"><strong>2. M\u00e5ngsidiga applikationer<\/strong><\/span><\/h3>\n<p>Designad f\u00f6r en m\u00e4ngd olika anv\u00e4ndningsomr\u00e5den \u00e4r Mifare Ultralight ev1 PVC RFID Card for Playground-biljetten perfekt f\u00f6r\u00a0<strong>biljettf\u00f6rs\u00e4ljning<\/strong>,\u00a0<strong>\u00e5tkomstkontroll<\/strong>,\u00a0<strong>lojalitetsprogram<\/strong>, och\u00a0<strong>evenemangshantering<\/strong>. Kortet effektiviserar effektivt intr\u00e4desprocesser, vilket g\u00f6r det till ett utm\u00e4rkt val f\u00f6r kollektivtrafik, n\u00f6jesparker, festivaler och mer. Dess m\u00e5ngsidighet g\u00f6r det m\u00f6jligt f\u00f6r f\u00f6retag att implementera en enhetlig l\u00f6sning f\u00f6r olika operativa behov.<\/p>\n<p>&nbsp;<\/p>\n<h3><span style=\"color: #333399;\">3. <strong>Bekv\u00e4m anv\u00e4ndarupplevelse<\/strong><\/span><\/h3>\n<p>Med en\u00a0<strong>l\u00e4savst\u00e5nd<\/strong>\u00a0p\u00e5 1-20 cm och ett tjockleksalternativ p\u00e5\u00a0<strong>0,76 mm\/0,84 mm<\/strong>, garanterar kortet anv\u00e4ndarv\u00e4nlighet och n\u00f6jda kunder. Anv\u00e4ndare kan helt enkelt trycka kortet mot valfri NFC-aktiverad enhet, vilket resulterar i en snabb transaktion. Detta\u00a0<strong>kontaktl\u00f6st<\/strong>\u00a0funktionen minimerar fysisk kontakt och f\u00f6rb\u00e4ttrar hygienen \u2013 ett viktigt \u00f6verv\u00e4gande i dagens milj\u00f6.<\/p>\n<p>&nbsp;<\/p>\n<h3><span style=\"color: #333399;\"><strong>4. Anpassningsalternativ<\/strong><\/span><\/h3>\n<p>Mifare Ultralight ev1 PVC RFID Card for Playground-biljetten erbjuder omfattande anpassning f\u00f6r att passa varum\u00e4rkes- och marknadsf\u00f6ringsbehov. Kunder kan v\u00e4lja mellan olika utskriftsalternativ, inklusive\u00a0<strong>CMYK4C utskrift<\/strong>,\u00a0<strong>termiskt tryck<\/strong>, och\u00a0<strong>silkscreentryck<\/strong>. Dessutom kan element som t.ex\u00a0<strong>laserkod<\/strong>,\u00a0<strong>serienummer<\/strong>, och\u00a0<strong>pr\u00e4gling<\/strong>\u00a0kan skr\u00e4ddarsys f\u00f6r att skapa en unik identitet f\u00f6r varje kort, vilket \u00f6kar varum\u00e4rkets synlighet och lojalitet.<\/p>\n<p>&nbsp;<\/p>\n<h3><span style=\"color: #333399;\"><strong>5. Tekniska specifikationer<\/strong><\/span><\/h3>\n<div class=\"table-with-header rounded-lg border border-solid border-grey-line2-normal w-fit max-w-full mb-2\">\n<div class=\"overflow-x-auto custom-scrollbar custom-scrollbar-float max-w-full\">\n<table class=\"w-fit !mb-0 !max-w-none\" style=\"height: 339px;\" width=\"403\">\n<thead>\n<tr>\n<th>S\u00e4rdrag<\/th>\n<th>Specifikation<\/th>\n<\/tr>\n<\/thead>\n<tbody>\n<tr>\n<td><\/td>\n<td><\/td>\n<\/tr>\n<tr>\n<td>Chip typ<\/td>\n<td>MIFARE Ultralight\u00ae C<\/td>\n<\/tr>\n<tr>\n<td>Frekvens<\/td>\n<td>13,56 MHz<\/td>\n<\/tr>\n<tr>\n<td>Material<\/td>\n<td>PVC<\/td>\n<\/tr>\n<tr>\n<td>L\u00e4savst\u00e5nd<\/td>\n<td>2-10 CM<\/td>\n<\/tr>\n<tr>\n<td>Tjocklek<\/td>\n<td>0,76 mm \/ 0,84 mm \/ Anpassad<\/td>\n<\/tr>\n<tr>\n<td>Storlek<\/td>\n<td>CR80<\/td>\n<\/tr>\n<tr>\n<td>Hantverk<\/td>\n<td>Laserkod, UV-bl\u00e4ck, serienummer.<\/td>\n<\/tr>\n<tr>\n<td>Skrivcykel<\/td>\n<td>100 000 g\u00e5nger<\/td>\n<\/tr>\n<tr>\n<td>Ursprungsort<\/td>\n<td>Guangdong, Kina<\/td>\n<\/tr>\n<\/tbody>\n<\/table>\n<\/div>\n<\/div>\n<hr \/>\n<h2 style=\"text-align: center;\"><span style=\"color: #000080;\"><strong>Anv\u00e4ndningsinstruktioner<\/strong><\/span><\/h2>\n<ol>\n<li><strong>Aktivera kortet<\/strong>: Se till att kortet \u00e4r aktiverat via ditt RFID-hanteringsprogram.<\/li>\n<li><strong>Tryck p\u00e5 L\u00e4sare<\/strong>: H\u00e5ll kortet inom 1-20 cm fr\u00e5n NFC-l\u00e4saren.<\/li>\n<li><strong>Transaktionsbekr\u00e4ftelse<\/strong>: L\u00e4saren bekr\u00e4ftar transaktionen via ett pip eller en ljusindikator.<\/li>\n<li><strong>Tilltr\u00e4de beviljad<\/strong>: Anv\u00e4ndare kan forts\u00e4tta med att g\u00e5 in i lokalen eller anv\u00e4nda tj\u00e4nsten.<\/li>\n<\/ol>\n<p>&nbsp;<\/p>\n<h2 style=\"text-align: center;\"><em><span style=\"color: #000080;\"><strong>Milj\u00f6v\u00e4nlig produktion<\/strong><\/span><\/em><\/h2>\n<p><span style=\"color: #666699;\">H\u00e5llbarhet \u00e4r nyckeln till modern tillverkning, och produktionen av Mifare Ultralight ev1 PVC RFID-kort f\u00f6r lekplatsbiljett \u00e4r i linje med milj\u00f6v\u00e4nliga metoder. Genom att investera i h\u00e5llbara material och processer kan f\u00f6retag bidra till att bevara milj\u00f6n samtidigt som de tillhandah\u00e5ller en h\u00f6gkvalitativ produkt. Detta engagemang st\u00e4mmer v\u00e4l \u00f6verens med milj\u00f6medvetna konsumenter och \u00f6kar f\u00f6retagens ansvar.<\/span><\/p>","protected":false},"excerpt":{"rendered":"<p>Uppt\u00e4ck biljetten Mifare Ultralight ev1 PVC RFID-kort f\u00f6r lekplats \u2013 h\u00e5llbar, m\u00e5ngsidig och milj\u00f6v\u00e4nlig f\u00f6r s\u00f6ml\u00f6s \u00e5tkomstkontroll och biljettf\u00f6rs\u00e4ljning.<\/p>","protected":false},"featured_media":3349,"template":"","meta":[],"product_brand":[],"product_cat":[46],"product_tag":[],"class_list":{"0":"post-3348","1":"product","2":"type-product","3":"status-publish","4":"has-post-thumbnail","6":"product_cat-nfc-cards","8":"first","9":"instock","10":"shipping-taxable","11":"product-type-simple"},"_links":{"self":[{"href":"https:\/\/nfc-readers.com\/sv\/wp-json\/wp\/v2\/product\/3348","targetHints":{"allow":["GET"]}}],"collection":[{"href":"https:\/\/nfc-readers.com\/sv\/wp-json\/wp\/v2\/product"}],"about":[{"href":"https:\/\/nfc-readers.com\/sv\/wp-json\/wp\/v2\/types\/product"}],"wp:featuredmedia":[{"embeddable":true,"href":"https:\/\/nfc-readers.com\/sv\/wp-json\/wp\/v2\/media\/3349"}],"wp:attachment":[{"href":"https:\/\/nfc-readers.com\/sv\/wp-json\/wp\/v2\/media?parent=3348"}],"wp:term":[{"taxonomy":"product_brand","embeddable":true,"href":"https:\/\/nfc-readers.com\/sv\/wp-json\/wp\/v2\/product_brand?post=3348"},{"taxonomy":"product_cat","embeddable":true,"href":"https:\/\/nfc-readers.com\/sv\/wp-json\/wp\/v2\/product_cat?post=3348"},{"taxonomy":"product_tag","embeddable":true,"href":"https:\/\/nfc-readers.com\/sv\/wp-json\/wp\/v2\/product_tag?post=3348"}],"curies":[{"name":"wp","href":"https:\/\/api.w.org\/{rel}","templated":true}]}}