{"id":3353,"date":"2024-11-01T11:19:32","date_gmt":"2024-11-01T11:19:32","guid":{"rendered":"https:\/\/nfc-readers.com\/?post_type=product&#038;p=3353"},"modified":"2024-11-04T08:59:53","modified_gmt":"2024-11-04T08:59:53","slug":"iso14443a-mifare-rfid-hotel-card-magnetic-stripe-available","status":"publish","type":"product","link":"https:\/\/nfc-readers.com\/sv\/ic-reader\/iso14443a-mifare-rfid-hotel-card-magnetic-stripe-available\/","title":{"rendered":"ISO14443A MIFARE RFID Hotel Card Magnetic Stripe Tillg\u00e4nglig"},"content":{"rendered":"<h1><span style=\"color: #000080;\"><strong>ISO14443A MIFARE RFID Hotel Card Magnetic Stripe Tillg\u00e4nglig<\/strong><\/span><\/h1>\n<p><span style=\"color: #666699;\">Framtiden f\u00f6r \u00e5tkomstkontroll I den moderna bes\u00f6ksn\u00e4ringen \u00e4r s\u00f6ml\u00f6s tillg\u00e5ng till rum och faciliteter av st\u00f6rsta vikt. De <strong>ISO14443A MIFARE RFID hotellkort med magnetremsa<\/strong>\u00a0har dykt upp som en transformativ l\u00f6sning som blandar avancerad RFID-teknik och anv\u00e4ndarv\u00e4nlig design. Detta kort f\u00f6rb\u00e4ttrar g\u00e4stupplevelsen samtidigt som det garanterar f\u00f6rstklassig s\u00e4kerhet f\u00f6r hotellledningen. <\/span><\/p>\n<p><span style=\"color: #666699;\">G\u00e4sterna kan njuta av kontaktl\u00f6s \u00e5tkomst, medan hotelloperat\u00f6rer drar nytta av f\u00f6rb\u00e4ttrad s\u00e4kerhet och effektivitet. Med sina vattent\u00e4ta och v\u00e4derbest\u00e4ndiga egenskaper \u00e4r RFID-kortet konstruerat f\u00f6r h\u00e5llbarhet, vilket s\u00e4kerst\u00e4ller l\u00e5ng livsl\u00e4ngd \u00e4ven i de mest trafikerade milj\u00f6erna. Detta kort effektiviserar inte bara incheckningsprocessen, utan det fungerar ocks\u00e5 som ett tillf\u00f6rlitligt verktyg f\u00f6r \u00e5tkomstkontroll, samtidigt som det ger anpassningsm\u00f6jligheter f\u00f6r att spegla ditt hotells varum\u00e4rkesidentitet.<\/span><\/p>\n<hr \/>\n<h2><\/h2>\n<h2 style=\"text-align: center;\"><em><strong><span style=\"color: #000080;\">Produkt\u00f6versikt<\/span><\/strong><\/em><\/h2>\n<h3><span style=\"color: #333399;\"> <strong>1. Nyckelfunktioner f\u00f6r ISO14443A MIFARE RFID hotellkort<\/strong><\/span><\/h3>\n<p>De\u00a0<strong>ISO14443A MIFARE RFID hotellkort<\/strong>\u00a0erbjuder en rad innovativa funktioner som v\u00e4nder sig till b\u00e5de hotelloperat\u00f6rer och g\u00e4ster. Anv\u00e4nder avancerad\u00a0<strong>MIFARE\u00ae Ultralight C<\/strong>\u00a0chip-teknologi, fungerar detta kort med en frekvens p\u00e5\u00a0<strong>13,56 MHz<\/strong>\u00a0under\u00a0<strong>ISO14443A-protokoll<\/strong>. Denna specifikation m\u00f6jligg\u00f6r snabb och s\u00e4ker \u00e5tkomst med minimal interaktion som beh\u00f6vs, vilket ger en sann\u00a0<strong>kontaktl\u00f6s upplevelse<\/strong>.Med sin\u00a0<strong>vattent\u00e4t<\/strong>\u00a0och\u00a0<strong>v\u00e4derbest\u00e4ndig<\/strong>\u00a0designen f\u00f6rblir kortet funktionellt i olika milj\u00f6er, vilket s\u00e4kerst\u00e4ller att det t\u00e5l dagligt slitage. Vidare b\u00f6r inf\u00f6rlivandet av en\u00a0<strong>magnetremsa<\/strong>\u00a0m\u00f6jligg\u00f6r m\u00e5ngsidighet i passerkontrollsystem. Denna dubbla funktionalitet s\u00e4kerst\u00e4ller att RFID-kortet, oavsett om det anv\u00e4nds f\u00f6r hotellrum eller andra faciliteter, ger s\u00f6ml\u00f6s och p\u00e5litlig service.<\/p>\n<p>&nbsp;<\/p>\n<h3><span style=\"color: #333399;\"><strong>3. Tekniska specifikationer<\/strong><\/span><\/h3>\n<p>Att f\u00f6rst\u00e5 de tekniska specifikationerna \u00e4r avg\u00f6rande f\u00f6r att v\u00e4lja r\u00e4tt passerkontrolll\u00f6sning. Nedan finns en detaljerad tabell \u00f6ver\u00a0<strong>ISO14443A MIFARE RFID hotellkort<\/strong> specifikationer:<\/p>\n<div class=\"table-with-header rounded-lg border border-solid border-grey-line2-normal w-fit max-w-full mb-2\">\n<div class=\"h-8 items-center flex justify-between px-2 text-xs border-0 border-b border-solid border-grey-line2-normal\">\n<div class=\"h-[26px] w-[26px] text-text-primary-3 cursor-pointer hover:text-text-primary-2 flex-center\"><\/div>\n<\/div>\n<div class=\"overflow-x-auto custom-scrollbar custom-scrollbar-float max-w-full\">\n<table class=\"w-fit !mb-0 !max-w-none\">\n<thead>\n<tr>\n<th>Specifikation<\/th>\n<th>V\u00e4rde<\/th>\n<\/tr>\n<\/thead>\n<tbody>\n<tr>\n<td>Chips<\/td>\n<td>MIFARE\u00ae Ultralight C<\/td>\n<\/tr>\n<tr>\n<td>Frekvens<\/td>\n<td>13,56 MHz<\/td>\n<\/tr>\n<tr>\n<td>Kommunikationsgr\u00e4nssnitt<\/td>\n<td>RFID, NFC<\/td>\n<\/tr>\n<tr>\n<td>Material<\/td>\n<td>PVC<\/td>\n<\/tr>\n<tr>\n<td>Storlek<\/td>\n<td>85,5 x54 mm \/ anpassad<\/td>\n<\/tr>\n<tr>\n<td>Magnetrand<\/td>\n<td>Loco300 oe \/ Hico2750\/4000 oe<\/td>\n<\/tr>\n<tr>\n<td>Ytfinish<\/td>\n<td>Blank, matt, frostad<\/td>\n<\/tr>\n<tr>\n<td>Koda<\/td>\n<td>QR-kodsutskrift\/laserkod<\/td>\n<\/tr>\n<tr>\n<td>Utskriftsalternativ<\/td>\n<td>Offsettryck CMYK\/Silk Screen\/Digital<\/td>\n<\/tr>\n<\/tbody>\n<\/table>\n<\/div>\n<\/div>\n<p>Dessa specifikationer framh\u00e4ver kortets m\u00e5ngsidighet och avancerade teknologi, och designen m\u00f6ter behoven hos b\u00e5de anv\u00e4ndare och hotellledning.<\/p>\n<p>&nbsp;<\/p>\n<h3><span style=\"color: #333399;\"><strong>4. F\u00f6rdelar med att anv\u00e4nda RFID-hotellkort<\/strong><\/span><\/h3>\n<p><span style=\"color: #666699;\">Integrering av\u00a0<strong>ISO14443A MIFARE RFID hotellkort<\/strong>\u00a0in i ett hotells verksamhet ger m\u00e5nga f\u00f6rdelar. F\u00f6r det f\u00f6rsta\u00a0<strong>kontaktl\u00f6st<\/strong>\u00a0Tekniken f\u00f6rb\u00e4ttrar g\u00e4stupplevelsen, vilket m\u00f6jligg\u00f6r snabb och enkel \u00e5tkomst till rum och faciliteter utan att fumla med traditionella nycklar. Detta p\u00e5skyndar incheckningsprocesserna, vilket i slut\u00e4ndan leder till f\u00f6rb\u00e4ttrad g\u00e4stn\u00f6jdhet.<\/span><\/p>\n<p><span style=\"color: #666699;\">Dessutom m\u00f6jligg\u00f6r RFID-teknik effektiv\u00a0<strong>\u00e5tkomstkontroll<\/strong>\u00a0f\u00f6rvaltning. Hotellpersonalen kan enkelt sp\u00e5ra anv\u00e4ndningsm\u00f6nster, vilket s\u00e4kerst\u00e4ller \u00f6kad s\u00e4kerhet samtidigt som obeh\u00f6rig \u00e5tkomst minimeras. Med funktioner som\u00a0<strong>\u00f6msesidig autentisering<\/strong>, \u00e4r risken f\u00f6r obeh\u00f6rig dubbelarbete praktiskt taget eliminerad.<\/span><\/p>\n<p>&nbsp;<\/p>\n<h2 style=\"text-align: center;\"><span style=\"color: #000080;\"><em><strong>FAQ<\/strong><\/em><\/span><\/h2>\n<p><span style=\"color: #008080;\"><strong>1. Vad \u00e4r livsl\u00e4ngden f\u00f6r RFID-hotellkortet?<\/strong><\/span><\/p>\n<p>Kortet h\u00e5ller i flera \u00e5r vid normal anv\u00e4ndning tack vare dess slitstarka PVC-material och v\u00e4derbest\u00e4ndiga egenskaper.<\/p>\n<hr \/>\n<p><span style=\"color: #008080;\"><strong>2. Kan kortet anpassas med v\u00e5rt varum\u00e4rke?<\/strong><\/span><\/p>\n<p>Ja, du kan anpassa kortet med ditt hotells logotyp och f\u00e4rger med hj\u00e4lp av olika utskrifts- och finishalternativ.<\/p>\n<hr \/>\n<p><strong><span style=\"color: #008080;\">3. \u00c4r kortet kompatibelt med befintliga RFID-system?<\/span><\/strong><\/p>\n<p>Ja, den \u00e4r kompatibel med de flesta RFID-system f\u00f6r \u00e5tkomstkontroll som anv\u00e4nder <strong>ISO14443A-protokoll<\/strong>.<\/p>","protected":false},"excerpt":{"rendered":"<p>ISO14443A MIFARE RFID Hotel Card erbjuder kontaktl\u00f6s \u00e5tkomst, f\u00f6rb\u00e4ttrad s\u00e4kerhet och anpassningsm\u00f6jligheter, vilket g\u00f6r det idealiskt f\u00f6r moderna g\u00e4stfrihetsbehov.<\/p>","protected":false},"featured_media":3354,"template":"","meta":[],"product_brand":[],"product_cat":[46],"product_tag":[],"class_list":{"0":"post-3353","1":"product","2":"type-product","3":"status-publish","4":"has-post-thumbnail","6":"product_cat-nfc-cards","8":"first","9":"instock","10":"shipping-taxable","11":"product-type-simple"},"_links":{"self":[{"href":"https:\/\/nfc-readers.com\/sv\/wp-json\/wp\/v2\/product\/3353","targetHints":{"allow":["GET"]}}],"collection":[{"href":"https:\/\/nfc-readers.com\/sv\/wp-json\/wp\/v2\/product"}],"about":[{"href":"https:\/\/nfc-readers.com\/sv\/wp-json\/wp\/v2\/types\/product"}],"wp:featuredmedia":[{"embeddable":true,"href":"https:\/\/nfc-readers.com\/sv\/wp-json\/wp\/v2\/media\/3354"}],"wp:attachment":[{"href":"https:\/\/nfc-readers.com\/sv\/wp-json\/wp\/v2\/media?parent=3353"}],"wp:term":[{"taxonomy":"product_brand","embeddable":true,"href":"https:\/\/nfc-readers.com\/sv\/wp-json\/wp\/v2\/product_brand?post=3353"},{"taxonomy":"product_cat","embeddable":true,"href":"https:\/\/nfc-readers.com\/sv\/wp-json\/wp\/v2\/product_cat?post=3353"},{"taxonomy":"product_tag","embeddable":true,"href":"https:\/\/nfc-readers.com\/sv\/wp-json\/wp\/v2\/product_tag?post=3353"}],"curies":[{"name":"wp","href":"https:\/\/api.w.org\/{rel}","templated":true}]}}