{"id":3358,"date":"2024-11-01T12:11:45","date_gmt":"2024-11-01T12:11:45","guid":{"rendered":"https:\/\/nfc-readers.com\/?post_type=product&#038;p=3358"},"modified":"2024-11-04T08:58:59","modified_gmt":"2024-11-04T08:58:59","slug":"pvc-logo-printed-custom-nfc-business-card-ntag-213-215-216","status":"publish","type":"product","link":"https:\/\/nfc-readers.com\/sv\/ic-reader\/pvc-logo-printed-custom-nfc-business-card-ntag-213-215-216\/","title":{"rendered":"PVC-logotyp tryckt anpassat NFC-visitkort Ntag 213 215 216"},"content":{"rendered":"<h1><span style=\"color: #000080;\"><strong>PVC-logotyp tryckt anpassat NFC-visitkort Ntag 213 215 216<\/strong><\/span><\/h1>\n<div class=\"message-item-outer relative px-4 mb-2\" data-id=\"d4923133-af33-4007-ab47-519a94928ef7\">\n<div class=\"content-area pl-[0px]\">\n<div class=\"message-item select-text relative\">\n<div class=\"message-inner relative\">\n<div class=\"py-[2px]\">\n<div class=\"flex flex-col gap-2\">\n<div class=\"answer-markdown-box overflow-x-auto select-text custom-scrollbar\">\n<div class=\"markdown-body\">\n<p><span style=\"color: #666699;\">I dagens digitala tids\u00e5lder st\u00e5r PVC-logotyptryckt anpassat NFC-visitkort Ntag213215216 som en revolutionerande l\u00f6sning f\u00f6r n\u00e4tverk och aff\u00e4rsinteraktioner. Dessa smarta kort ger inte bara en modern touch utan erbjuder ocks\u00e5 bekv\u00e4mlighet och effektivitet. Med inbyggd NFC-teknik m\u00f6jligg\u00f6r de s\u00f6ml\u00f6s kontaktl\u00f6s kommunikation mellan enheter. Oavsett om du \u00e4r en aff\u00e4rsman som vill l\u00e4mna ett best\u00e5ende intryck eller ett f\u00f6retag som vill \u00f6ka varum\u00e4rkets synlighet, kompletterar detta innovativa kort dina behov perfekt.<\/span><\/p>\n<p>&nbsp;<\/p>\n<h2 style=\"text-align: center;\"><span style=\"color: #000080;\"><strong>Produkt\u00f6versikt<\/strong><\/span><\/h2>\n<h3><span style=\"color: #333399;\"><strong>1. Nyckelspecifikationer f\u00f6r NFC-visitkortet<\/strong><\/span><\/h3>\n<div class=\"table-with-header rounded-lg border border-solid border-grey-line2-normal w-fit max-w-full mb-2\">\n<div class=\"overflow-x-auto custom-scrollbar custom-scrollbar-float max-w-full\">\n<table class=\"w-fit !mb-0 !max-w-none\">\n<thead>\n<tr>\n<th><strong>Specifikation<\/strong><\/th>\n<th><strong>V\u00e4rde<\/strong><\/th>\n<\/tr>\n<\/thead>\n<tbody>\n<tr>\n<td>Chips<\/td>\n<td>Ntag213\/Custom<\/td>\n<\/tr>\n<tr>\n<td>Frekvens<\/td>\n<td>13,56 MHz<\/td>\n<\/tr>\n<tr>\n<td>Material<\/td>\n<td>PVC\/Andra material<\/td>\n<\/tr>\n<tr>\n<td>Storlek<\/td>\n<td>85,5 x54 mm \/ Anpassad<\/td>\n<\/tr>\n<tr>\n<td>Vattent\u00e4t\/V\u00e4derbest\u00e4ndig<\/td>\n<td>Ja<\/td>\n<\/tr>\n<tr>\n<td>Utskriftsalternativ<\/td>\n<td>CMYK4C Tryck\/Offset\/Silk Screen<\/td>\n<\/tr>\n<tr>\n<td>Ytfinish<\/td>\n<td>Blank\/Matt\/Frostad<\/td>\n<\/tr>\n<tr>\n<td>Kommunikationsgr\u00e4nssnitt<\/td>\n<td>NFC<\/td>\n<\/tr>\n<tr>\n<td>Ursprungsort<\/td>\n<td>Guangdong, Kina<\/td>\n<\/tr>\n<\/tbody>\n<\/table>\n<\/div>\n<\/div>\n<p>Den h\u00e4r detaljerade specifikationstabellen framh\u00e4ver den robusta tekniken och m\u00e5ngsidigheten hos NFC-visitkortet, vilket s\u00e4kerst\u00e4ller h\u00e5llbarhet och funktionalitet.<\/p>\n<p>&nbsp;<\/p>\n<h3><span style=\"color: #333399;\"><strong>2. Personaliseringsalternativ<\/strong><\/span><\/h3>\n<p>Anpassa din <strong>NFC visitkort<\/strong>\u00a0\u00e4r avg\u00f6rande f\u00f6r varum\u00e4rkesidentiteten. Detta kort erbjuder:<\/p>\n<ul>\n<li><strong>Anpassade logotyper och f\u00e4rger:<\/strong>\u00a0Du kan l\u00e4gga till din logotyp och f\u00e4rger f\u00f6r att skapa en minnesv\u00e4rd design som speglar ditt varum\u00e4rke.<\/li>\n<li><strong>Specialfinish:<\/strong>\u00a0V\u00e4lj mellan blank, matt eller frostad finish f\u00f6r att f\u00f6rb\u00e4ttra utseendet och k\u00e4nslan p\u00e5 ditt kort.<\/li>\n<li><strong>Unika trycktekniker:<\/strong>\u00a0Alternativ som laserkodning, UV-bl\u00e4ck och pr\u00e4gling m\u00f6jligg\u00f6r intrikata m\u00f6nster, vilket g\u00f6r att ditt kort sticker ut.<\/li>\n<\/ul>\n<p>&nbsp;<\/p>\n<h3><span style=\"color: #333399;\"><strong>3. Tekniska funktioner och kompatibilitet<\/strong><\/span><\/h3>\n<p>F\u00f6rst\u00e5 de tekniska aspekterna av\u00a0<strong>PVC-logotyp tryckt anpassat NFC-visitkort<\/strong>\u00a0\u00e4r avg\u00f6rande f\u00f6r att effektivt anv\u00e4nda det i din aff\u00e4rsverksamhet:<\/p>\n<ul>\n<li><strong>Kontaktl\u00f6s kommunikation:<\/strong>\u00a0Kortet h\u00e5ller sig till\u00a0<strong>ISO14443A-protokoll<\/strong>, vilket s\u00e4kerst\u00e4ller kompatibilitet med de flesta kortl\u00e4sare och smartphones.<\/li>\n<li><strong>S\u00e4kert informationsutbyte:<\/strong>\u00a0Med starka krypteringsalgoritmer f\u00f6rblir din data s\u00e4ker n\u00e4r den delas via kortet.<\/li>\n<li><strong>Varaktighet:<\/strong>\u00a0Kortet \u00e4r tillverkat av h\u00f6gkvalitativ PVC och \u00e4r vatten- och v\u00e4derbest\u00e4ndigt, vilket s\u00e4kerst\u00e4ller att det t\u00e5l daglig hantering.<\/li>\n<\/ul>\n<p>&nbsp;<\/p>\n<h2 style=\"text-align: center;\"><span style=\"color: #000080;\"><strong>Milj\u00f6p\u00e5verkan<\/strong><\/span><\/h2>\n<p>Byter till <strong>NFC visitkort<\/strong>\u00a0gynnar inte bara din professionella image utan st\u00f6der ocks\u00e5 h\u00e5llbara aff\u00e4rsmetoder.<\/p>\n<ul>\n<li><strong>Minskad pappersanv\u00e4ndning:<\/strong>\u00a0Genom att anv\u00e4nda NFC-teknik bidrar du till l\u00e4gre koldioxidavtryck.<\/li>\n<li><strong>L\u00e5ngt liv:<\/strong>\u00a0Med en l\u00e4ngre livscykel \u00e4n traditionella kort resulterar de i mindre avfall \u00f6ver tiden.<\/li>\n<\/ul>\n<p>&nbsp;<\/p>\n<h2 style=\"text-align: center;\"><span style=\"color: #000080;\"><strong>Kundrecensioner och rekommendationer<\/strong><\/span><\/h2>\n<p>Positiv kundfeedback visar effektiviteten och tillf\u00f6rlitligheten hos PVC-logotyptryckt anpassat NFC-visitkort. M\u00e5nga anv\u00e4ndare noterar:<\/p>\n<ul>\n<li><strong>F\u00f6rb\u00e4ttrade n\u00e4tverksm\u00f6jligheter:<\/strong>\u00a0Anv\u00e4ndare har delat ber\u00e4ttelser om hur dessa kort har underl\u00e4ttat enklare anslutningar.<\/li>\n<li><strong>Imponerade kunder:<\/strong>\u00a0F\u00f6retag har rapporterat att framtidsutsikterna ofta blir f\u00f6rv\u00e5nade \u00f6ver NFC-teknikens innovativa natur.<\/li>\n<\/ul>\n<p>&nbsp;<\/p>\n<h2 style=\"text-align: center;\"><span style=\"color: #000080;\"><strong>Vanliga fr\u00e5gor<\/strong><\/span><\/h2>\n<p><span style=\"color: #008080;\"><strong>F1: \u00c4r dessa kort kompatibla med b\u00e5de iOS- och Android-enheter?<\/strong><\/span><\/p>\n<\/div>\n<\/div>\n<\/div>\n<\/div>\n<\/div>\n<\/div>\n<\/div>\n<\/div>\n<div class=\"message-item-outer relative px-4 mb-2\" data-id=\"a0d48a34-bc73-4dbc-bdef-014d374b33ed\">\n<div class=\"content-area pl-[0px]\">\n<div class=\"message-item select-text relative\">\n<div class=\"message-inner relative\">\n<div class=\"py-[2px]\">\n<div class=\"flex flex-col gap-2\">\n<div class=\"answer-markdown-box overflow-x-auto select-text custom-scrollbar\">\n<div class=\"markdown-body\">\n<p><strong>A1:<\/strong>\u00a0Ja, PVC-logotyptryckta anpassade NFC-visitkort \u00e4r kompatibla med b\u00e5de iOS- och Android-enheter som st\u00f6der NFC-teknik. Detta s\u00e4kerst\u00e4ller att du kan ansluta s\u00f6ml\u00f6st med ett brett spektrum av anv\u00e4ndare, oavsett deras smartphone-m\u00e4rke.<\/p>\n<hr \/>\n<p><span style=\"color: #008080;\"><strong>F2: Hur programmerar eller omprogrammerar jag NFC-kortet?<\/strong><\/span><\/p>\n<p><strong>A2:<\/strong>\u00a0Programmering och omprogrammering av ditt NFC-kort kan g\u00f6ras med NFC-aktiverade smartphones eller NFC-skrivenheter. Ladda bara ner en NFC-skrivapp, h\u00e5ll ditt NFC-kort n\u00e4ra din enhet och f\u00f6lj appens uppmaningar f\u00f6r att mata in \u00f6nskad information.<\/p>\n<hr \/>\n<p><strong><span style=\"color: #008080;\">F3: Kan jag anv\u00e4nda dessa kort f\u00f6r betalnings\u00e4ndam\u00e5l?<\/span><\/strong><\/p>\n<p><strong>A3:<\/strong>\u00a0Medan NFC-visitkort i f\u00f6rsta hand \u00e4r designade f\u00f6r att dela information, kan de konfigureras f\u00f6r att l\u00e4nka till mobila betalningsapplikationer. Men de har inte i sig en betalningsbehandlingsfunktion som dedikerade betalkort.<\/p>\n<hr \/>\n<h3><\/h3>\n<h2 style=\"text-align: center;\"><span style=\"color: #000080;\"><strong>\u00c4r du redo att h\u00f6ja din n\u00e4tverksupplevelse?<\/strong><\/span><\/h2>\n<p>F\u00f6rvandla dina professionella interaktioner med v\u00e5r\u00a0<strong>PVC-logotyp tryckta anpassade NFC-visitkort<\/strong>. F\u00f6r att utforska mer om v\u00e5ra produkter eller f\u00f6r att g\u00f6ra din best\u00e4llning,\u00a0<a href=\"\/\/dhoenijjpgpeimemopealfcbiecgceod\/sidepanel.html#\" target=\"_blank\" rel=\"noopener\">klicka h\u00e4r<\/a>\u00a0f\u00f6r att fylla i v\u00e5rt f\u00f6rfr\u00e5gningsformul\u00e4r. Din moderna n\u00e4tverksl\u00f6sning v\u00e4ntar! F\u00f6r mer information om NFC-teknik, bes\u00f6k v\u00e5r\u00a0<a href=\"\/\/dhoenijjpgpeimemopealfcbiecgceod\/sidepanel.html#\" target=\"_blank\" rel=\"noopener\">NFC-resurser<\/a>\u00a0sida, eller l\u00e4s om\u00a0<strong>utvecklingen av MIFARE-tekniken<\/strong>\u00a0i aff\u00e4rer idag\u00a0<a href=\"\/\/dhoenijjpgpeimemopealfcbiecgceod\/sidepanel.html#\" target=\"_blank\" rel=\"noopener\">h\u00e4r<\/a>. Omfamna framtidens kommunikation med tillf\u00f6rsikt!<\/p>\n<\/div>\n<\/div>\n<\/div>\n<\/div>\n<\/div>\n<\/div>\n<\/div>\n<\/div>","protected":false},"excerpt":{"rendered":"<p>Uppt\u00e4ck PVC-logotyptryckt anpassat NFC-visitkort, en modern l\u00f6sning f\u00f6r s\u00f6ml\u00f6sa n\u00e4tverk. Lyft ditt varum\u00e4rke med personlig, kontaktl\u00f6s teknik.<\/p>","protected":false},"featured_media":3350,"template":"","meta":[],"product_brand":[],"product_cat":[46],"product_tag":[],"class_list":{"0":"post-3358","1":"product","2":"type-product","3":"status-publish","4":"has-post-thumbnail","6":"product_cat-nfc-cards","8":"first","9":"instock","10":"shipping-taxable","11":"product-type-simple"},"_links":{"self":[{"href":"https:\/\/nfc-readers.com\/sv\/wp-json\/wp\/v2\/product\/3358","targetHints":{"allow":["GET"]}}],"collection":[{"href":"https:\/\/nfc-readers.com\/sv\/wp-json\/wp\/v2\/product"}],"about":[{"href":"https:\/\/nfc-readers.com\/sv\/wp-json\/wp\/v2\/types\/product"}],"wp:featuredmedia":[{"embeddable":true,"href":"https:\/\/nfc-readers.com\/sv\/wp-json\/wp\/v2\/media\/3350"}],"wp:attachment":[{"href":"https:\/\/nfc-readers.com\/sv\/wp-json\/wp\/v2\/media?parent=3358"}],"wp:term":[{"taxonomy":"product_brand","embeddable":true,"href":"https:\/\/nfc-readers.com\/sv\/wp-json\/wp\/v2\/product_brand?post=3358"},{"taxonomy":"product_cat","embeddable":true,"href":"https:\/\/nfc-readers.com\/sv\/wp-json\/wp\/v2\/product_cat?post=3358"},{"taxonomy":"product_tag","embeddable":true,"href":"https:\/\/nfc-readers.com\/sv\/wp-json\/wp\/v2\/product_tag?post=3358"}],"curies":[{"name":"wp","href":"https:\/\/api.w.org\/{rel}","templated":true}]}}