{"id":3365,"date":"2024-11-01T14:47:51","date_gmt":"2024-11-01T14:47:51","guid":{"rendered":"https:\/\/nfc-readers.com\/?post_type=product&#038;p=3365"},"modified":"2024-11-01T15:00:46","modified_gmt":"2024-11-01T15:00:46","slug":"custom-read-write-flexible-ntag213-215-216-epoxy-nfc-tag","status":"publish","type":"product","link":"https:\/\/nfc-readers.com\/sv\/ic-reader\/custom-read-write-flexible-ntag213-215-216-epoxy-nfc-tag\/","title":{"rendered":"Anpassad l\u00e4s-skriv flexibel NTAG213 215 216 Epoxi NFC-tagg"},"content":{"rendered":"<h1 style=\"text-align: center;\"><strong>Anpassad l\u00e4s-skriv flexibel NTAG213 215 216 Epoxi NFC-tagg<\/strong><\/h1>\n<p>&nbsp;<\/p>\n<p>I dagens snabba digitala v\u00e4rld revolutionerar NFC-tekniken (Near Field Communication) hur vi interagerar med v\u00e5ra enheter, delar information och ansluter till konsumenter. De <strong>Anpassad l\u00e4s-skriv flexibel NTAG213\/215\/216 Epoxi NFC-tagg<\/strong>\u00a0\u00e4r en innovativ produkt utformad f\u00f6r att f\u00f6rb\u00e4ttra dina kommunikationsm\u00f6jligheter samtidigt som den \u00e4r m\u00e5ngsidig och enkel att anv\u00e4nda. Med sina vattent\u00e4ta egenskaper, anpassningsbara funktioner och en rad applikationer framst\u00e5r denna NFC-tagg som ett toppval f\u00f6r b\u00e5de f\u00f6retag och privatpersoner.<\/p>\n<p>Genom att utnyttja kraften i NFC kan du f\u00f6renkla interaktioner, \u00f6ka effektiviteten och engagera anv\u00e4ndare direkt. Oavsett om du letar efter NFC-taggar f\u00f6r att dela sociala medier eller f\u00f6r att skapa smarta l\u00f6sningar, erbjuder den h\u00e4r produkten den perfekta blandningen av funktionalitet och bekv\u00e4mlighet. F\u00f6rb\u00e4ttra din operativa effektivitet och anv\u00e4ndarengagemang genom att inf\u00f6rliva dessa <strong>NFC-taggar<\/strong>\u00a0in i din strategi idag!<\/p>\n<p>&nbsp;<\/p>\n<h3><strong>Specialfunktioner f\u00f6r NTAG213\/215\/216 Epoxy NFC Tag<\/strong><\/h3>\n<p>De\u00a0<strong>Anpassad l\u00e4s-skriv flexibel NTAG213\/215\/216 Epoxi NFC-tagg<\/strong>\u00a0\u00e4r utrustad med en m\u00e4ngd\u00a0<strong>specialfunktioner<\/strong>\u00a0som skiljer den fr\u00e5n vanliga NFC-taggar.<\/p>\n<ul>\n<li><strong>Vattent\u00e4t\/v\u00e4derbest\u00e4ndig:<\/strong>\u00a0Dessa NFC-taggar \u00e4r tillverkade av material som s\u00e4kerst\u00e4ller h\u00e5llbarhet och funktionalitet under olika milj\u00f6f\u00f6rh\u00e5llanden. Oavsett om de anv\u00e4nds inomhus eller utomhus st\u00e5r de emot fukt och \u00e4r byggda f\u00f6r att motst\u00e5 p\u00e5frestningarna i olika klimat.<\/li>\n<li><strong>Anpassningsbar storlek och formfaktor:<\/strong>\u00a0Finns i en standardstorlek p\u00e5\u00a0<strong>25 mm<\/strong>, med alternativ f\u00f6r anpassning, dessa\u00a0<strong>NFC-klisterm\u00e4rken<\/strong>\u00a0kan skr\u00e4ddarsys f\u00f6r att m\u00f6ta specifika projektkrav eller varum\u00e4rkesbehov.<\/li>\n<li><strong>Omskrivningsbara minnesalternativ:<\/strong>\u00a0Beroende p\u00e5 vald chiptyp kan minnet variera fr\u00e5n\u00a0<strong>144 till 888 byte<\/strong>, vilket till\u00e5ter anv\u00e4ndare att lagra viktig information, s\u00e5som webbadresser, kontaktuppgifter eller appdata. Detta m\u00f6jligg\u00f6r\u00a0<strong>omskrivbara NFC-taggar<\/strong>\u00a0att anv\u00e4ndas f\u00f6r olika kampanjer och till\u00e4mpningar vid behov.<\/li>\n<\/ul>\n<p>I ett digitalt landskap d\u00e4r information st\u00e4ndigt uppdateras, \u00e4r det ov\u00e4rderligt att ha anpassningsbara och flexibla alternativ f\u00f6r f\u00f6retag som vill beh\u00e5lla relevansen.<\/p>\n<p>&nbsp;<\/p>\n<h3><strong>F\u00f6rdelar med att anv\u00e4nda NTAG213-, NTAG215- och NTAG216-chips<\/strong><\/h3>\n<p>Varje chip i NTAG-serien erbjuder unika f\u00f6rdelar som tillgodoser olika anv\u00e4ndarbehov:<\/p>\n<ul>\n<li><strong>NTAG213:<\/strong>\u00a0Detta chip \u00e4r designat f\u00f6r enkla applikationer och erbjuder gott om lagringsutrymme och grundl\u00e4ggande funktioner, perfekt f\u00f6r att dela webbadresser eller kontaktuppgifter.<\/li>\n<li><strong>NTAG215:<\/strong>\u00a0Med ut\u00f6kade minnesm\u00f6jligheter \u00e4r NTAG215 perfekt f\u00f6r mer komplexa applikationer, som mobilspel, och skapandet av upplevelser som \u00e4r tillr\u00e4ckligt interaktiva f\u00f6r att sticka ut.<\/li>\n<li><strong>NTAG216:<\/strong>\u00a0F\u00f6r dem som beh\u00f6ver \u00e4nnu mer datalagring ger NTAG216 den h\u00f6gsta minneskapaciteten i serien, vilket g\u00f6r den l\u00e4mplig f\u00f6r applikationer som kr\u00e4ver mer omfattande data\u00f6verf\u00f6ring eller lagring<\/li>\n<\/ul>\n<p>&nbsp;<\/p>\n<h3><strong>Vanliga fr\u00e5gor (FAQs)<\/strong><\/h3>\n<h3>1.\u00a0<strong>Vilka typer av NFC-taggar finns tillg\u00e4ngliga?<\/strong><\/h3>\n<p>Det finns olika typer av NFC-taggar, inklusive NTAG213, NTAG215 och NTAG216. Var och en erbjuder olika minneskapaciteter och funktioner. Dessutom finns det omskrivbara taggar, sj\u00e4lvh\u00e4ftande klisterm\u00e4rken och specialiserade taggar designade f\u00f6r specifika ytor, inklusive metall- och metallapplikationer.<\/p>\n<h3>2.\u00a0<strong>Hur vet jag om min telefon \u00e4r NFC-aktiverad?<\/strong><\/h3>\n<p>De flesta smartphones som producerats de senaste \u00e5ren, b\u00e5de Android- och iOS-enheter, \u00e4r utrustade med NFC-teknik. Du kan kontrollera enhetens specifikationer eller inst\u00e4llningar f\u00f6r att ta reda p\u00e5 om NFC st\u00f6ds. Leta efter NFC-alternativet i inst\u00e4llningsmenyn eller konsultera tillverkarens webbplats.<\/p>\n<h3>3.\u00a0<strong>Kan jag skriva om data p\u00e5 NFC-taggar?<\/strong><\/h3>\n<p>Ja! V\u00e5r\u00a0<strong>NTAG213\/215\/216 NFC-taggar<\/strong>\u00a0\u00e4r omskrivbara, vilket inneb\u00e4r att du kan uppdatera eller \u00e4ndra data som lagras p\u00e5 dem flera g\u00e5nger. Detta g\u00f6r dem till en m\u00e5ngsidig l\u00f6sning f\u00f6r b\u00e5de f\u00f6retag och privat anv\u00e4ndning, vilket m\u00f6jligg\u00f6r enkla uppdateringar utan att beh\u00f6va byta taggen.<\/p>\n<h3>4.\u00a0<strong>Vad \u00e4r l\u00e4savst\u00e5ndet f\u00f6r NFC-taggar?<\/strong><\/h3>\n<p>Vanligtvis har NFC-taggar ett l\u00e4savst\u00e5nd p\u00e5\u00a0<strong>1-5 cm<\/strong>. Detta korta avst\u00e5nd s\u00e4kerst\u00e4ller s\u00e4ker och direkt kommunikation mellan NFC-taggen och den NFC-aktiverade enheten.<\/p>\n<h3>5.\u00a0<strong>\u00c4r NFC-taggar vattent\u00e4ta?<\/strong><\/h3>\n<p>Ja, v\u00e5r\u00a0<strong>Anpassade l\u00e4s-skriv-flexibla NTAG213\/215\/216 Epoxi NFC-taggar<\/strong>\u00a0\u00e4r designade f\u00f6r att vara vattent\u00e4ta och v\u00e4derbest\u00e4ndiga, vilket g\u00f6r dem l\u00e4mpliga f\u00f6r utomhusbruk och varierande milj\u00f6f\u00f6rh\u00e5llanden.<\/p>","protected":false},"excerpt":{"rendered":"<p>Den anpassade l\u00e4s-skriva flexibla NTAG213\/215\/216 Epoxy NFC-taggen erbjuder h\u00e5llbara och vattent\u00e4ta l\u00f6sningar f\u00f6r m\u00e5ngsidiga applikationer, vilket m\u00f6jligg\u00f6r s\u00f6ml\u00f6s datadelning och interaktion. Perfekt f\u00f6r marknadsf\u00f6ring, sociala medier och mer!<\/p>","protected":false},"featured_media":3366,"template":"","meta":[],"product_brand":[],"product_cat":[47],"product_tag":[],"class_list":{"0":"post-3365","1":"product","2":"type-product","3":"status-publish","4":"has-post-thumbnail","6":"product_cat-nfc-tags","8":"first","9":"instock","10":"shipping-taxable","11":"product-type-simple"},"_links":{"self":[{"href":"https:\/\/nfc-readers.com\/sv\/wp-json\/wp\/v2\/product\/3365","targetHints":{"allow":["GET"]}}],"collection":[{"href":"https:\/\/nfc-readers.com\/sv\/wp-json\/wp\/v2\/product"}],"about":[{"href":"https:\/\/nfc-readers.com\/sv\/wp-json\/wp\/v2\/types\/product"}],"wp:featuredmedia":[{"embeddable":true,"href":"https:\/\/nfc-readers.com\/sv\/wp-json\/wp\/v2\/media\/3366"}],"wp:attachment":[{"href":"https:\/\/nfc-readers.com\/sv\/wp-json\/wp\/v2\/media?parent=3365"}],"wp:term":[{"taxonomy":"product_brand","embeddable":true,"href":"https:\/\/nfc-readers.com\/sv\/wp-json\/wp\/v2\/product_brand?post=3365"},{"taxonomy":"product_cat","embeddable":true,"href":"https:\/\/nfc-readers.com\/sv\/wp-json\/wp\/v2\/product_cat?post=3365"},{"taxonomy":"product_tag","embeddable":true,"href":"https:\/\/nfc-readers.com\/sv\/wp-json\/wp\/v2\/product_tag?post=3365"}],"curies":[{"name":"wp","href":"https:\/\/api.w.org\/{rel}","templated":true}]}}