{"id":3372,"date":"2024-11-01T14:57:52","date_gmt":"2024-11-01T14:57:52","guid":{"rendered":"https:\/\/nfc-readers.com\/?post_type=product&#038;p=3372"},"modified":"2024-11-01T14:57:52","modified_gmt":"2024-11-01T14:57:52","slug":"13-56mhz-iso14443a-anti-fake-ntag-424-tamper-nfc-sticker","status":"publish","type":"product","link":"https:\/\/nfc-readers.com\/sv\/ic-reader\/13-56mhz-iso14443a-anti-fake-ntag-424-tamper-nfc-sticker\/","title":{"rendered":"13,56MHZ ISO14443A Anti-Fake NTAG 424 Tamper NFC-dekal"},"content":{"rendered":"<h1 style=\"text-align: center;\"><strong>13,56MHZ ISO14443A Anti-Fake NTAG 424 Tamper NFC-dekal<\/strong><\/h1>\n<p>&nbsp;<\/p>\n<p>De\u00a0<strong>13,56 MHz ISO14443A Anti-Fake NTAG 424 Tamper NFC-dekal<\/strong>\u00a0representerar en banbrytande l\u00f6sning inom digital autentisering och teknik mot f\u00f6rfalskning. Konstruerad med avancerade funktioner utnyttjar detta NFC-klisterm\u00e4rke kraften i RFID-kommunikation och \u00e4r inb\u00e4ddat med NTAG424 DNA-chip, som g\u00f6r det m\u00f6jligt f\u00f6r f\u00f6retag och individer att skydda produkter och k\u00e4nslig information mot f\u00f6rfalskade hot.<\/p>\n<p>P\u00e5 dagens marknad \u00e4r det avg\u00f6rande att s\u00e4kerst\u00e4lla produkternas \u00e4kthet, och denna NFC-tagg erbjuder f\u00f6retag ett prisv\u00e4rt och effektivt s\u00e4tt att g\u00f6ra det. Oavsett om du \u00e4r en \u00e5terf\u00f6rs\u00e4ljare som vill f\u00f6rb\u00e4ttra produkts\u00e4kerheten eller en individ som vill verifiera varornas \u00e4kthet, \u00e4r det ett smart val att investera i v\u00e5ra NTAG 424 NFC-klisterm\u00e4rken.<\/p>\n<p>&nbsp;<\/p>\n<h3><strong>Produktegenskaper och f\u00f6rdelar<\/strong><\/h3>\n<p>&nbsp;<\/p>\n<h3>1. Avancerad teknik mot f\u00f6rfalskning<\/h3>\n<p>De\u00a0<strong>NTAG 424 DNA NFC-tagg<\/strong>\u00a0anv\u00e4nder den senaste tekniken mot f\u00f6rfalskning som g\u00f6r det m\u00f6jligt f\u00f6r anv\u00e4ndare att s\u00f6ml\u00f6st verifiera produktens \u00e4kthet. Det inbyggda l\u00f6senordsskyddet och s\u00e4ker krypterade kommunikationen s\u00e4kerst\u00e4ller att endast auktoriserade anv\u00e4ndare kan komma \u00e5t k\u00e4nslig information. Oavsett om du anv\u00e4nder den f\u00f6r m\u00e4rkesf\u00f6rem\u00e5l, samlarf\u00f6rem\u00e5l eller till och med personliga tillh\u00f6righeter, erbjuder detta NFC-klisterm\u00e4rke sinnesfrid att veta att varje tagg \u00e4r manipuleringss\u00e4ker.<\/p>\n<ul>\n<li><strong>Inb\u00e4ddade s\u00e4kerhetsfunktioner:<\/strong>\u00a0NTAG 424-chippet inneh\u00e5ller flera krypteringsalternativ f\u00f6r att effektivt s\u00e4kra din data.<\/li>\n<li><strong>Anv\u00e4ndarv\u00e4nlig \u00e5tkomst:<\/strong>\u00a0Konsumenter kan verifiera \u00e4ktheten med ett enkelt tryck, vilket g\u00f6r det problemfritt.<\/li>\n<\/ul>\n<h3>2.M\u00e5ngsidigt kommunikationsgr\u00e4nssnitt<\/h3>\n<p>Byggd p\u00e5 ISO 14443A-protokollet, v\u00e5r NFC-dekal st\u00f6der b\u00e5da\u00a0<strong>RFID<\/strong>\u00a0och NFC-kommunikationsgr\u00e4nssnitt, vilket g\u00f6r den kompatibel med ett brett utbud av enheter, inklusive smartphones, surfplattor och NFC-aktiverade l\u00e4sare. Denna m\u00e5ngsidighet s\u00e4kerst\u00e4ller att kunder enkelt kan f\u00e5 tillg\u00e5ng till produktinformation, vilket \u00f6kar engagemanget och kundlojaliteten.<\/p>\n<ul>\n<li><strong>Kompatibla enheter:<\/strong>\u00a0Fungerar s\u00f6ml\u00f6st med Android, iPhone och andra NFC-enheter.<\/li>\n<li><strong>F\u00f6rb\u00e4ttrad anv\u00e4ndarupplevelse:<\/strong>\u00a0Kunder kan interagera med produkter utan anstr\u00e4ngning.<\/li>\n<\/ul>\n<h3>3.Anpassade storleksalternativ<\/h3>\n<p>Medan\u00a0<strong>NTAG 424 Tamper NFC-dekal<\/strong>\u00a0finns i standardstorlekar, vi erbjuder anpassning f\u00f6r att m\u00f6ta specifika behov. Alternativen inkluderar:<\/p>\n<ul>\n<li><strong>Diameteralternativ:<\/strong>\u00a0Konfigurerbara storlekar, inklusive 25 mm och 45 mm x 30 mm.<\/li>\n<li><strong>Olika former:<\/strong>\u00a0Rektangul\u00e4ra, cirkul\u00e4ra eller anpassade konturer f\u00f6r att komplettera ditt varum\u00e4rkes estetik.<\/li>\n<\/ul>\n<p>Dessa olika storlekar och formalternativ g\u00f6r att f\u00f6retag kan skapa unika varum\u00e4rkesupplevelser, vilket s\u00e4kerst\u00e4ller att deras produkter sticker ut p\u00e5 hyllorna.<\/p>\n<h3>4. H\u00e5llbart och p\u00e5litligt material<\/h3>\n<p>Dessa NFC-klisterm\u00e4rken \u00e4r tillverkade av bestruket papper och PET och \u00e4r designade f\u00f6r h\u00e5llbarhet och tillf\u00f6rlitlighet under olika milj\u00f6f\u00f6rh\u00e5llanden. Deras robusta material \u00e4r motst\u00e5ndskraftigt mot slitage, vilket g\u00f6r dem l\u00e4mpliga f\u00f6r inomhus- och utomhusapplikationer.<\/p>\n<ul>\n<li><strong>Vattent\u00e4ta alternativ:<\/strong>\u00a0F\u00f6rb\u00e4ttra h\u00e5llbarhet och livsl\u00e4ngd, perfekt f\u00f6r produkter som uts\u00e4tts f\u00f6r fukt.<\/li>\n<li><strong>Vidh\u00e4ftande kvalitet:<\/strong>\u00a0Stark vidh\u00e4ftning s\u00e4kerst\u00e4ller att klisterm\u00e4rkena f\u00f6rblir intakta p\u00e5 olika ytor.<\/li>\n<\/ul>\n<p>&nbsp;<\/p>\n<h3><strong>Tekniska specifikationer<\/strong><\/h3>\n<p>&nbsp;<\/p>\n<table class=\"w-fit !mb-0 !max-w-none\" style=\"height: 373px;\" width=\"446\">\n<thead>\n<tr>\n<th>S\u00e4rdrag<\/th>\n<th>Specifikation<\/th>\n<\/tr>\n<\/thead>\n<tbody>\n<tr>\n<td>Frekvens<\/td>\n<td>13,56 MHz<\/td>\n<\/tr>\n<tr>\n<td>Protokoll<\/td>\n<td>ISO 14443A<\/td>\n<\/tr>\n<tr>\n<td>Chips<\/td>\n<td>NTAG424 DNA<\/td>\n<\/tr>\n<tr>\n<td>Material<\/td>\n<td>Bestruket papper, PET<\/td>\n<\/tr>\n<tr>\n<td>Storleksalternativ<\/td>\n<td>Diameter 25 mm, 45 mm x 30 mm (anpassad)<\/td>\n<\/tr>\n<tr>\n<td>L\u00e4savst\u00e5nd<\/td>\n<td>1-10 cm<\/td>\n<\/tr>\n<tr>\n<td>Utskriftsalternativ<\/td>\n<td>CMYK, Offset, Silk-screen<\/td>\n<\/tr>\n<tr>\n<td>Ursprungsort<\/td>\n<td>Guangdong, Kina<\/td>\n<\/tr>\n<tr>\n<td>Varum\u00e4rke<\/td>\n<td>SHUNXIN<\/td>\n<\/tr>\n<tr>\n<td>Modellnummer<\/td>\n<td>SX-NFC<\/td>\n<\/tr>\n<tr>\n<td>S\u00e4ljande enheter<\/td>\n<td>Enstaka f\u00f6rem\u00e5l<\/td>\n<\/tr>\n<tr>\n<td>Paketstorlek<\/td>\n<td>0,3 x 0,3 x 0,02 cm<\/td>\n<\/tr>\n<tr>\n<td>Bruttovikt<\/td>\n<td>0,001 kg<\/td>\n<\/tr>\n<\/tbody>\n<\/table>\n<h3><\/h3>\n<h3><strong>Vanliga fr\u00e5gor (FAQs)<\/strong><\/h3>\n<p><strong>F: Kan jag anpassa storleken p\u00e5 NFC-dekalen?<\/strong><br \/>\n<strong>A:<\/strong>\u00a0Ja, vi erbjuder anpassning f\u00f6r storleken p\u00e5 NFC-klisterm\u00e4rkena. \u00c4ven om standardstorlekarna inkluderar en diameter p\u00e5 25 mm och 45 mm x 30 mm, kan du beg\u00e4ra specifika m\u00e5tt f\u00f6r att uppfylla dina krav.<\/p>\n<hr \/>\n<p><strong>F: Hur fungerar funktionen mot f\u00f6rfalskning?<\/strong><br \/>\n<strong>A:<\/strong>\u00a0NTAG 424 DNA-chipet inneh\u00e5ller avancerade krypterings- och autentiseringsprotokoll. N\u00e4r en anv\u00e4ndare skannar NFC-etiketten med en NFC-aktiverad enhet verifierar den dataintegriteten, vilket g\u00f6r att anv\u00e4ndarna kan bekr\u00e4fta produktens \u00e4kthet.<\/p>\n<hr \/>\n<p><strong>F: Vilka enheter \u00e4r kompatibla med NTAG 424 NFC-dekalet?<\/strong><br \/>\n<strong>A:<\/strong>\u00a0V\u00e5ra NFC-klisterm\u00e4rken \u00e4r kompatibla med alla NFC-aktiverade enheter, inklusive de flesta moderna smartphones och surfplattor som k\u00f6r Android och iOS. Se bara till att din enhet har NFC-funktioner aktiverade.<\/p>\n<hr \/>\n<p><strong>F: Vilka material anv\u00e4nds f\u00f6r att tillverka NFC-klisterm\u00e4rkena?<\/strong><br \/>\n<strong>A:<\/strong>\u00a0Klisterm\u00e4rkena \u00e4r gjorda av bestruket papper och PET, vilket ger h\u00e5llbarhet och motst\u00e5ndskraft mot slitage. De \u00e4r designade f\u00f6r att bibeh\u00e5lla kvalitet \u00e4ven under olika milj\u00f6f\u00f6rh\u00e5llanden.<\/p>\n<p>&nbsp;<\/p>","protected":false},"excerpt":{"rendered":"<p>13,56MHz ISO14443A Anti-Fake NTAG 424 Tamper NFC-klisterm\u00e4rke erbjuder avancerade funktioner f\u00f6r att f\u00f6rhindra f\u00f6rfalskning, vilket s\u00e4kerst\u00e4ller produktens \u00e4kthet och s\u00e4kerhet. Dess kompakta design m\u00f6jligg\u00f6r enkel integrering i olika applikationer, vilket ger p\u00e5litlig NFC-funktionalitet f\u00f6r s\u00e4ker \u00e5tkomst och data\u00f6verf\u00f6ring.<\/p>","protected":false},"featured_media":3373,"template":"","meta":[],"product_brand":[],"product_cat":[48],"product_tag":[],"class_list":{"0":"post-3372","1":"product","2":"type-product","3":"status-publish","4":"has-post-thumbnail","6":"product_cat-nfc-stickers","8":"first","9":"instock","10":"shipping-taxable","11":"product-type-simple"},"_links":{"self":[{"href":"https:\/\/nfc-readers.com\/sv\/wp-json\/wp\/v2\/product\/3372","targetHints":{"allow":["GET"]}}],"collection":[{"href":"https:\/\/nfc-readers.com\/sv\/wp-json\/wp\/v2\/product"}],"about":[{"href":"https:\/\/nfc-readers.com\/sv\/wp-json\/wp\/v2\/types\/product"}],"wp:featuredmedia":[{"embeddable":true,"href":"https:\/\/nfc-readers.com\/sv\/wp-json\/wp\/v2\/media\/3373"}],"wp:attachment":[{"href":"https:\/\/nfc-readers.com\/sv\/wp-json\/wp\/v2\/media?parent=3372"}],"wp:term":[{"taxonomy":"product_brand","embeddable":true,"href":"https:\/\/nfc-readers.com\/sv\/wp-json\/wp\/v2\/product_brand?post=3372"},{"taxonomy":"product_cat","embeddable":true,"href":"https:\/\/nfc-readers.com\/sv\/wp-json\/wp\/v2\/product_cat?post=3372"},{"taxonomy":"product_tag","embeddable":true,"href":"https:\/\/nfc-readers.com\/sv\/wp-json\/wp\/v2\/product_tag?post=3372"}],"curies":[{"name":"wp","href":"https:\/\/api.w.org\/{rel}","templated":true}]}}