{"id":3379,"date":"2024-11-02T11:48:42","date_gmt":"2024-11-02T11:48:42","guid":{"rendered":"https:\/\/nfc-readers.com\/?post_type=product&#038;p=3379"},"modified":"2024-11-04T08:54:15","modified_gmt":"2024-11-04T08:54:15","slug":"custom-ntag-215-digital-smart-nfc-business-card","status":"publish","type":"product","link":"https:\/\/nfc-readers.com\/sv\/ic-reader\/custom-ntag-215-digital-smart-nfc-business-card\/","title":{"rendered":"Anpassat NTAG 215 Digital Smart NFC visitkort"},"content":{"rendered":"<h1><span style=\"color: #000080;\"><strong>Anpassat NTAG 215 Digital Smart NFC visitkort<\/strong><\/span><\/h1>\n<p><span style=\"color: #666699;\">Revolutionerande n\u00e4tverkande I dagens snabba digitala v\u00e4rld \u00e4r det viktigt att g\u00f6ra ett minnesv\u00e4rt intryck. De <strong>Custom NTAG215 Digital Smart NFC Visitkort<\/strong>\u00a0erbjuder en innovativ l\u00f6sning f\u00f6r proffs som vill sticka ut och effektivt dela sin kontaktinformation p\u00e5 ett modernt s\u00e4tt. Det h\u00e4r kortet \u00e4r utformat f\u00f6r att fungera s\u00f6ml\u00f6st med olika enheter och f\u00f6rvandlar ett traditionellt n\u00e4tverkss\u00e4tt till en elegant, tekniskt kunnig upplevelse.<\/span><\/p>\n<p>&nbsp;<\/p>\n<h2 style=\"text-align: center;\"><span style=\"color: #000080;\"><em><strong>F\u00f6rdelar med det anpassade NTAG215 NFC-visitkortet<\/strong><\/em><\/span><\/h2>\n<p><span style=\"color: #666699;\">De\u00a0<strong>Custom NTAG215 Digital Smart NFC Visitkort<\/strong>\u00a0ger en unik blandning av bekv\u00e4mlighet, h\u00e5llbarhet och funktionalitet. N\u00e5gra viktiga f\u00f6rdelar inkluderar:<\/span><\/p>\n<ol>\n<li><strong>Omedelbar anslutning<\/strong>: Genom att helt enkelt knacka kortet mot en NFC-aktiverad enhet kan dina potentiella kunder eller anslutningar omedelbart komma \u00e5t din kontaktinformation, sociala medieprofiler eller reklammaterial. Inget mer fumlande i din pl\u00e5nbok eller handv\u00e4ska.<\/li>\n<li><strong>H\u00e5llbar och vattent\u00e4t<\/strong>: Tillverkat av h\u00f6gkvalitativ PVC, detta kort har vattent\u00e4ta och v\u00e4derbest\u00e4ndiga egenskaper, vilket s\u00e4kerst\u00e4ller att det t\u00e5l dagligt slitage.<\/li>\n<li><strong>Anpassningsbar design<\/strong>: Personaliseringsalternativ, som unika utskriftsstilar och ytbehandlingar som matt, glansig eller frostad genomskinlighet, l\u00e5ter dig uttrycka din varum\u00e4rkesidentitet fullt ut.<\/li>\n<\/ol>\n<hr \/>\n<h2 style=\"text-align: center;\"><em><span style=\"color: #000080;\"><strong>Produkt\u00f6versikt<\/strong><\/span><\/em><\/h2>\n<h3><span style=\"color: #333399;\"><strong>1. Vad \u00e4r det anpassade NTAG215 NFC-visitkortet?<\/strong><\/span><\/h3>\n<p><span style=\"color: #666699;\">De\u00a0<strong>Custom NTAG215 Digital Smart NFC Visitkort<\/strong>\u00a0\u00e4r ett modernt n\u00e4tverksverktyg inb\u00e4ddat med avancerad NFC-teknik. Detta kort \u00e4r fullt fungerande\u00a0<strong>RFID<\/strong>\u00a0enhet som arbetar med en frekvens p\u00e5\u00a0<strong>13,56 MHz<\/strong>. Anv\u00e4ndare kan skapa en anpassad digital upplevelse genom att programmera detta kort f\u00f6r olika \u00e5tg\u00e4rder, som att l\u00e4nka till en webbplats eller spara kontaktinformation.<\/span><\/p>\n<p>&nbsp;<\/p>\n<h3><span style=\"color: #333399;\"><strong>2. Nyckelattribut f\u00f6r NTAG215 NFC-kortet<\/strong><\/span><\/h3>\n<h3><strong>Detta NFC-visitkort inneh\u00e5ller flera anm\u00e4rkningsv\u00e4rda nyckelattribut:<\/strong><\/h3>\n<ul>\n<li><strong>Chipteknik<\/strong>: Utrustat med NTAG215-chippet, som \u00e4r ett registrerat varum\u00e4rke som tillh\u00f6r NXP, st\u00f6der detta kort l\u00e4s- och skrivfunktioner.<\/li>\n<li><strong>L\u00e4savst\u00e5nd<\/strong>: Kortet kan effektivt l\u00e4sas p\u00e5 ett avst\u00e5nd av\u00a0<strong>1-20 cm<\/strong>, vilket ger flexibilitet f\u00f6r anv\u00e4ndning.<\/li>\n<li><strong>Storlek och tjocklek<\/strong>: Kortets m\u00e5tt \u00e4r\u00a0<strong>85,5 x 54 x 0,84 mm<\/strong>, vilket g\u00f6r den till standardstorleken f\u00f6r enkel att b\u00e4ra.<\/li>\n<\/ul>\n<p>&nbsp;<\/p>\n<h3 style=\"text-align: left;\"><span style=\"color: #333399;\"><strong>3. Tekniska specifikationer<\/strong><\/span><\/h3>\n<div class=\"table-with-header rounded-lg border border-solid border-grey-line2-normal w-fit max-w-full mb-2\">\n<div class=\"table-with-header rounded-lg border border-solid border-grey-line2-normal w-fit max-w-full mb-2\">\n<div class=\"overflow-x-auto custom-scrollbar custom-scrollbar-float max-w-full\">\n<table class=\"w-fit !mb-0 !max-w-none\">\n<thead>\n<tr>\n<th><strong>Specifikation<\/strong><\/th>\n<th><strong>Detaljer<\/strong><\/th>\n<\/tr>\n<\/thead>\n<tbody>\n<tr>\n<td><strong>Chip typ<\/strong><\/td>\n<td>NTAG\u00ae215<\/td>\n<\/tr>\n<tr>\n<td><strong>Driftsfrekvens<\/strong><\/td>\n<td>13,56 MHz<\/td>\n<\/tr>\n<tr>\n<td><strong>Kommunikationsgr\u00e4nssnitt<\/strong><\/td>\n<td>RFID<\/td>\n<\/tr>\n<tr>\n<td><strong>Material<\/strong><\/td>\n<td>PVC<\/td>\n<\/tr>\n<tr>\n<td><strong>Kortstorlek<\/strong><\/td>\n<td>85,5 x 54 x 0,84 mm<\/td>\n<\/tr>\n<tr>\n<td><strong>L\u00e4savst\u00e5nd<\/strong><\/td>\n<td>2-10 cm<\/td>\n<\/tr>\n<tr>\n<td><strong>Lagringskapacitet<\/strong><\/td>\n<td>540 byte (med cirka 120 byte tillg\u00e4ngliga f\u00f6r anv\u00e4ndardata)<\/td>\n<\/tr>\n<tr>\n<td><strong>Driftstemperatur<\/strong><\/td>\n<td>+20\u00b0C till +80\u00b0C<\/td>\n<\/tr>\n<tr>\n<td><strong>F\u00f6rvaringstemperatur<\/strong><\/td>\n<td>-25\u00b0C till +70\u00b0C<\/td>\n<\/tr>\n<tr>\n<td><strong>Tjocklek<\/strong><\/td>\n<td>0,84 mm<\/td>\n<\/tr>\n<tr>\n<td><strong>Ytbehandling<\/strong><\/td>\n<td>Matt, glansigt, frostat, transparent (anpassningsbara alternativ)<\/td>\n<\/tr>\n<tr>\n<td><strong>Protokoll<\/strong><\/td>\n<td>ISO\/IEC14443A<\/td>\n<\/tr>\n<tr>\n<td><strong>Betyg f\u00f6r vattenbest\u00e4ndighet<\/strong><\/td>\n<td>IP68 (vattent\u00e4t och dammt\u00e4t)<\/td>\n<\/tr>\n<tr>\n<td><strong>Kompatibilitet<\/strong><\/td>\n<td>Kompatibel med alla NFC-aktiverade enheter<\/td>\n<\/tr>\n<tr>\n<td><strong>Anpassningsalternativ<\/strong><\/td>\n<td>Olika utskriftsalternativ (fullf\u00e4rg, monokrom) tillg\u00e4ngliga<\/td>\n<\/tr>\n<tr>\n<td><strong>Milj\u00f6p\u00e5verkan<\/strong><\/td>\n<td>Tillverkad med milj\u00f6v\u00e4nliga processer, i enlighet med h\u00e5llbarhetsstandarder<\/td>\n<\/tr>\n<tr>\n<td><strong>Ans\u00f6kningar<\/strong><\/td>\n<td>Idealisk f\u00f6r proffs inom olika branscher (f\u00f6rs\u00e4ljning, fastigheter, evenemang, etc.)<\/td>\n<\/tr>\n<tr>\n<td><strong>Ytterligare funktioner<\/strong><\/td>\n<td>L\u00e4tt programmerbar via NFC f\u00f6r att \u00e4ndra data, st\u00f6der l\u00e4nkar till sociala medier<\/td>\n<\/tr>\n<tr>\n<td><strong>Livsl\u00e4ngd<\/strong><\/td>\n<td>5 \u00e5r<\/td>\n<\/tr>\n<\/tbody>\n<\/table>\n<\/div>\n<\/div>\n<p><span style=\"color: #282828;\">Denna tabell ger en omfattande \u00f6versikt \u00f6ver\u00a0<strong>Custom NTAG215 Digital Smart NFC Visitkort<\/strong>, som hj\u00e4lper kunder att f\u00f6rst\u00e5 produktens funktioner och f\u00f6rdelar i detalj.<\/span><\/p>\n<p>&nbsp;<\/p>\n<\/div>\n<h2 style=\"text-align: center;\"><em><span style=\"color: #000080;\"><strong>Milj\u00f6v\u00e4nliga metoder<\/strong><\/span><\/em><\/h2>\n<p style=\"text-align: left;\"><span style=\"color: #666699;\"><strong>\u00c4ven om teknik \u00e4r v\u00e4sentligt, s\u00e5 \u00e4r det ocks\u00e5 ett engagemang f\u00f6r milj\u00f6n. Custom NTAG215 Digital Smart NFC Visitkort \u00e4r tillverkat med milj\u00f6v\u00e4nliga processer, vilket minimerar dess milj\u00f6p\u00e5verkan.<\/strong><\/span><\/p>\n<p>&nbsp;<\/p>\n<h2 style=\"text-align: center;\"><em><span style=\"color: #000080;\"><strong>Verkliga applikationer<\/strong><\/span><\/em><\/h2>\n<p style=\"text-align: left;\"><span style=\"color: #666699;\"><strong>Proffs fr\u00e5n olika branscher kan anv\u00e4nda dessa NFC-visitkort. Oavsett om du arbetar med f\u00f6rs\u00e4ljning, fastigheter eller n\u00e5gon annan roll som v\u00e4nder sig till kunderna, kan ett smartkort f\u00f6rb\u00e4ttra ditt n\u00e4tverksspel.<\/strong><\/span><\/p>\n<p>&nbsp;<\/p>\n<h2 style=\"text-align: center;\"><em><span style=\"color: #000080;\"><strong>Kundrecensioner och rekommendationer<\/strong><\/span><\/em><\/h2>\n<p>Kunder rave om bekv\u00e4mligheten och moderna attraktionskraft\u00a0<strong>Custom NTAG215 Digital Smart NFC Visitkort<\/strong>. Recensioner lyfter fram anv\u00e4ndarv\u00e4nligheten och den imponerande designen som viktiga bidrag till deras n\u00e4tverksframg\u00e5ng.<\/p>\n<blockquote><p>&quot;Jag \u00e4lskar hur jag enkelt kan dela min information! Varje g\u00e5ng jag delar ut mitt kort f\u00e5r jag komplimanger. Det har gjort n\u00e4tverkandet s\u00e5 mycket enklare!\u201d \u2013 Jessica H.<\/p>\n<p>&nbsp;<\/p><\/blockquote>\n<h2 style=\"text-align: center;\"><span style=\"color: #000080;\"><em><strong>Vanliga fr\u00e5gor<\/strong><\/em><\/span><\/h2>\n<p><span style=\"color: #008080;\"><strong>F: \u00c4r kortet kompatibelt med alla smartphones?<\/strong><\/span><\/p>\n<p>A: Ja, det <strong>Anpassat NTAG215 NFC visitkort<\/strong>\u00a0\u00e4r kompatibel med alla NFC-aktiverade smartphones och enheter, vilket g\u00f6r den m\u00e5ngsidig f\u00f6r moderna n\u00e4tverk.<\/p>\n<p><span style=\"color: #008080;\"><strong>F: Kan jag anpassa kortdesignen?<\/strong><\/span><\/p>\n<p>A: Absolut! Du kan anpassa kortets design med olika utskriftsalternativ, f\u00e4rger och ytbehandlingar f\u00f6r att spegla din personliga eller varum\u00e4rkesidentitet.<\/p>","protected":false},"excerpt":{"rendered":"<p>F\u00f6rvandla n\u00e4tverk med det anpassade NTAG215 NFC-visitkortet, vilket m\u00f6jligg\u00f6r omedelbar delning av kontaktinformation genom ett enkelt tryck, allt i en h\u00e5llbar, anpassningsbar design.<\/p>","protected":false},"featured_media":3380,"template":"","meta":[],"product_brand":[],"product_cat":[46],"product_tag":[],"class_list":{"0":"post-3379","1":"product","2":"type-product","3":"status-publish","4":"has-post-thumbnail","6":"product_cat-nfc-cards","8":"first","9":"instock","10":"shipping-taxable","11":"product-type-simple"},"_links":{"self":[{"href":"https:\/\/nfc-readers.com\/sv\/wp-json\/wp\/v2\/product\/3379","targetHints":{"allow":["GET"]}}],"collection":[{"href":"https:\/\/nfc-readers.com\/sv\/wp-json\/wp\/v2\/product"}],"about":[{"href":"https:\/\/nfc-readers.com\/sv\/wp-json\/wp\/v2\/types\/product"}],"wp:featuredmedia":[{"embeddable":true,"href":"https:\/\/nfc-readers.com\/sv\/wp-json\/wp\/v2\/media\/3380"}],"wp:attachment":[{"href":"https:\/\/nfc-readers.com\/sv\/wp-json\/wp\/v2\/media?parent=3379"}],"wp:term":[{"taxonomy":"product_brand","embeddable":true,"href":"https:\/\/nfc-readers.com\/sv\/wp-json\/wp\/v2\/product_brand?post=3379"},{"taxonomy":"product_cat","embeddable":true,"href":"https:\/\/nfc-readers.com\/sv\/wp-json\/wp\/v2\/product_cat?post=3379"},{"taxonomy":"product_tag","embeddable":true,"href":"https:\/\/nfc-readers.com\/sv\/wp-json\/wp\/v2\/product_tag?post=3379"}],"curies":[{"name":"wp","href":"https:\/\/api.w.org\/{rel}","templated":true}]}}