{"id":3386,"date":"2024-11-02T12:57:27","date_gmt":"2024-11-02T12:57:27","guid":{"rendered":"https:\/\/nfc-readers.com\/?post_type=product&#038;p=3386"},"modified":"2024-11-04T08:53:34","modified_gmt":"2024-11-04T08:53:34","slug":"rfid-design-music-event-event-staff-pvc-nfc-card","status":"publish","type":"product","link":"https:\/\/nfc-readers.com\/sv\/ic-reader\/rfid-design-music-event-event-staff-pvc-nfc-card\/","title":{"rendered":"PVC NFC-kort f\u00f6r musikevenemang"},"content":{"rendered":"<h1 style=\"text-align: left;\"><span style=\"color: #000080;\"><strong>PVC NFC-kort f\u00f6r musikevenemang<\/strong><\/span><\/h1>\n<div class=\"table-with-header rounded-lg border border-solid border-grey-line2-normal w-fit max-w-full mb-2\">\n<div class=\"h-8 items-center flex justify-between px-2 text-xs border-0 border-b border-solid border-grey-line2-normal\">\n<div class=\"text-text-primary-3 flex items-center gap-1\">\n<h3 style=\"text-align: left;\"><span style=\"color: #008080;\"><strong>L\u00e5s upp kraften i Seamless Event Management<\/strong><\/span><\/h3>\n<p style=\"text-align: left;\"><strong><span style=\"color: #666699;\">Som evenemangsarrang\u00f6r vet du att s\u00f6ml\u00f6s \u00e5tkomstkontroll och effektiv publikhantering \u00e4r nycklarna till ett framg\u00e5ngsrikt evenemang. PVC NFC-kortet f\u00f6r musikevenemang \u00e4r l\u00f6sningen du har letat efter, som revolutionerar s\u00e4ttet du hanterar dina musikfestivaler, utst\u00e4llningar och forum.<\/span><\/strong><\/p>\n<p style=\"text-align: left;\"><strong><span style=\"color: #666699;\">Tillverkade med branschledande teknik och o\u00f6vertr\u00e4ffad h\u00e5llbarhet, dessa NFC-kort erbjuder ett omfattande paket med funktioner som kommer att lyfta din evenemangsupplevelse. Fr\u00e5n p\u00e5litlig identitetsautentisering till smidig daglig bes\u00f6kskontroll, PVC NFC-kortet f\u00f6r musikevenemang \u00e4r det v\u00e4sentliga verktyget du beh\u00f6ver f\u00f6r att ta din evenemangshantering till n\u00e4sta niv\u00e5.<\/span><\/strong><\/p>\n<h2 style=\"text-align: left;\"><span style=\"color: #000080;\"><em><strong>Produkt\u00f6versikt<\/strong><\/em><\/span><\/h2>\n<h3 style=\"text-align: left;\"><span style=\"color: #333399;\"><strong>1. Nyckelattribut: <\/strong><\/span><\/h3>\n<h3 style=\"text-align: left;\"><span style=\"color: #333399;\"><strong>Kompromissl\u00f6s kvalitet och s\u00e4kerhet<\/strong><\/span><\/h3>\n<p style=\"text-align: left;\">PVC NFC-kortet f\u00f6r musikevenemang \u00e4r byggt f\u00f6r att motst\u00e5 p\u00e5frestningarna i milj\u00f6er med h\u00f6g trafik. Tillverkad av slitstark\u00a0<strong>PVC<\/strong>, dessa kort \u00e4r designade f\u00f6r att motst\u00e5 slitage, vilket s\u00e4kerst\u00e4ller l\u00e5ngsiktig tillf\u00f6rlitlighet \u00e4ven under de mest kr\u00e4vande f\u00f6rh\u00e5llanden.<\/p>\n<h3 style=\"text-align: left;\"><strong><span style=\"color: #333399;\">2. Branschspecifika f\u00f6rdelar: <\/span><\/strong><\/h3>\n<h3 style=\"text-align: left;\"><strong><span style=\"color: #333399;\">Skr\u00e4ddarsydd f\u00f6r eventarrang\u00f6rer<\/span><\/strong><\/h3>\n<p style=\"text-align: left;\">Designad med evenemangsarrang\u00f6rernas unika behov i \u00e5tanke, <strong>PVC NFC-kortet f\u00f6r musikevenemang<\/strong>\u00a0erbjuder en upps\u00e4ttning funktioner som s\u00f6ml\u00f6st integreras med passersystem och effektiviserar publikhantering.<\/p>\n<p>&nbsp;<\/p>\n<h3><span style=\"color: #333399;\"><strong>3. Funktioner<\/strong><\/span><\/h3>\n<\/div>\n<\/div>\n<\/div>\n<div class=\"table-with-header rounded-lg border border-solid border-grey-line2-normal w-fit max-w-full mb-2\">\n<div class=\"overflow-x-auto custom-scrollbar custom-scrollbar-float max-w-full\">\n<table class=\"w-fit !mb-0 !max-w-none\">\n<thead>\n<tr>\n<th><strong>Kategori<\/strong><\/th>\n<th><strong>Detaljer<\/strong><\/th>\n<\/tr>\n<\/thead>\n<tbody>\n<tr>\n<td><strong>Material<\/strong><\/td>\n<td>H\u00f6gkvalitativ PVC, h\u00e5llbar f\u00f6r l\u00e5ngvarig anv\u00e4ndning.<\/td>\n<\/tr>\n<tr>\n<td><strong>Chipteknik<\/strong><\/td>\n<td>NFC-kompatibla chips (Ntag213, Ntag215, Ntag216) f\u00f6r \u00f6kad s\u00e4kerhet.<\/td>\n<\/tr>\n<tr>\n<td><strong>Varaktighet<\/strong><\/td>\n<td>Vattent\u00e4t och v\u00e4derbest\u00e4ndig f\u00f6r utomhusevenemang.<\/td>\n<\/tr>\n<tr>\n<td><strong>Frekvens<\/strong><\/td>\n<td>13,56 MHz<\/td>\n<\/tr>\n<tr>\n<td><strong>L\u00e4savst\u00e5nd<\/strong><\/td>\n<td>0-10 cm<\/td>\n<\/tr>\n<tr>\n<td><strong>Storleksalternativ<\/strong><\/td>\n<td>Anpassade storlekar: 70x100 mm, 80x120 mm, 85,5x54 mm<\/td>\n<\/tr>\n<tr>\n<td><strong>Tjockleksalternativ<\/strong><\/td>\n<td>0,76 mm till 0,85 mm<\/td>\n<\/tr>\n<tr>\n<td><strong>Utskriftsmetod<\/strong><\/td>\n<td>CMYK fyrf\u00e4rgstryck, offset och silkscreentryck.<\/td>\n<\/tr>\n<tr>\n<td><strong>Ytfinish<\/strong><\/td>\n<td>Glansiga, matta eller frostade alternativ tillg\u00e4ngliga.<\/td>\n<\/tr>\n<tr>\n<td><strong>Identitetsverifiering<\/strong><\/td>\n<td>St\u00f6der passersystem f\u00f6r att f\u00f6rhindra obeh\u00f6rigt tilltr\u00e4de.<\/td>\n<\/tr>\n<tr>\n<td><strong>Bes\u00f6kskontroll<\/strong><\/td>\n<td>Effektiv deltagarefl\u00f6deshantering f\u00f6r flerdagarsevenemang.<\/td>\n<\/tr>\n<tr>\n<td><strong>Crowd Management<\/strong><\/td>\n<td>Underl\u00e4ttar smidiga intr\u00e4desprocesser, vilket minskar v\u00e4ntetiderna.<\/td>\n<\/tr>\n<tr>\n<td><strong>Anpassning<\/strong><\/td>\n<td>Personlig design f\u00f6r varum\u00e4rken och evenemangsteman.<\/td>\n<\/tr>\n<tr>\n<td><strong>Milj\u00f6p\u00e5verkan<\/strong><\/td>\n<td>Milj\u00f6v\u00e4nliga material med \u00e5tervinningsm\u00f6jligheter.<\/td>\n<\/tr>\n<tr>\n<td><strong>Kundfeedback<\/strong><\/td>\n<td>Anv\u00e4ndarrecensioner som lyfter fram effektivitet och tillf\u00f6rlitlighet.<\/td>\n<\/tr>\n<tr>\n<td><\/td>\n<td><\/td>\n<\/tr>\n<\/tbody>\n<\/table>\n<\/div>\n<\/div>\n<div class=\"chat-list relative custom-scrollbar-reset-margin custom-scrollbar custom-scrollbar-hidden custom-scrollbar-float pb-9 flex-1 overflow-y-auto\">\n<div class=\"mx-auto max-w-[790px]\">\n<div class=\"message-item-outer relative px-4 mb-2\" data-id=\"d48d37b0-da1a-4c85-9917-d0c1a6993b41\">\n<div class=\"content-area pl-[0px]\">\n<div class=\"message-item select-text relative\">\n<div class=\"message-inner relative\">\n<div class=\"py-[2px]\">\n<div class=\"flex flex-col gap-2\">\n<div class=\"answer-markdown-box overflow-x-auto select-text custom-scrollbar\">\n<div class=\"markdown-body\">\n<h3><strong><span style=\"color: #333399;\">4. Kommunikationsgr\u00e4nssnitt: <\/span><\/strong><\/h3>\n<h3><strong><span style=\"color: #333399;\">Utnyttja RFID och NFC-teknik<\/span><\/strong><\/h3>\n<p>Genom att anv\u00e4nda\u00a0<strong>RFID och NFC kommunikationsgr\u00e4nssnitt<\/strong>, PVC NFC-kortet f\u00f6r musikevenemang underl\u00e4ttar snabbt och p\u00e5litligt datautbyte mellan kortet och l\u00e4sarna, vilket m\u00f6jligg\u00f6r smidig \u00e5tkomstkontroll och effektiv publikhantering.<\/p>\n<p>&nbsp;<\/p>\n<h3><span style=\"color: #333399;\"><strong>5. Frekvens och l\u00e4savst\u00e5nd: <\/strong><\/span><\/h3>\n<h3><span style=\"color: #333399;\"><strong>Optimerad f\u00f6r s\u00f6ml\u00f6s prestanda<\/strong><\/span><\/h3>\n<p>Verksamhet vid a\u00a0<strong>13,56 MHz frekvens<\/strong>\u00a0och skryter med en\u00a0<strong>0-10 cm l\u00e4savst\u00e5nd<\/strong>, ger dessa NFC-kort p\u00e5litlig prestanda, vilket s\u00e4kerst\u00e4ller en problemfri upplevelse f\u00f6r b\u00e5de arrang\u00f6rer och deltagare.<\/p>\n<p>&nbsp;<\/p>\n<h3><strong><span style=\"color: #333399;\">6. Anpassningsalternativ: <\/span><\/strong><\/h3>\n<h3><strong><span style=\"color: #333399;\">Skr\u00e4ddarsydd efter dina behov<\/span><\/strong><\/h3>\n<p>Erbjuder ett utbud av\u00a0<strong>storlek och tjocklek alternativ<\/strong>, PVC NFC-kortet f\u00f6r musikevenemang kan anpassas f\u00f6r att m\u00f6ta de specifika kraven f\u00f6r ditt evenemang, oavsett om det \u00e4r en storskalig musikfestival eller ett intimt industriforum.<\/p>\n<p>&nbsp;<\/p>\n<h3><strong><span style=\"color: #333399;\">7. Utskrift och ytfinish: <\/span><\/strong><\/h3>\n<h3><strong><span style=\"color: #333399;\">Lyft ditt varum\u00e4rke<\/span><\/strong><\/h3>\n<p>Med\u00a0<strong>CMYK 4C-tryck, offset- och silkscreentryck<\/strong>\u00a0funktioner, dessa NFC-kort kan prydas med levande grafik och logotyper, kompletterade med ett urval av\u00a0<strong>blank, matt eller frostad ytfinish<\/strong>\u00a0f\u00f6r att anpassa sig till ditt varum\u00e4rkes estetik.<\/p>\n<p>&nbsp;<\/p>\n<h3><strong><span style=\"color: #333399;\">8. Milj\u00f6p\u00e5verkan: <\/span><\/strong><\/h3>\n<h3><strong><span style=\"color: #333399;\">H\u00e5llbara l\u00f6sningar f\u00f6r evenemang<\/span><\/strong><\/h3>\n<p>Som arrang\u00f6rer av evenemang f\u00f6rst\u00e5r vi vikten av milj\u00f6ansvar. Det \u00e4r d\u00e4rf\u00f6r PVC NFC-kortet f\u00f6r musikevenemang \u00e4r designat med milj\u00f6v\u00e4nliga material och \u00e5tervinningsalternativ, s\u00e5 att du kan vara v\u00e4rd f\u00f6r dina evenemang med fokus p\u00e5 h\u00e5llbarhet.<\/p>\n<p>&nbsp;<\/p>\n<\/div>\n<\/div>\n<\/div>\n<\/div>\n<\/div>\n<\/div>\n<\/div>\n<\/div>\n<\/div>\n<\/div>\n<p>&nbsp;<\/p>\n<p><strong><span style=\"color: #008080;\">Den h\u00e4r tabellen belyser nyckelfunktionerna och f\u00f6rdelarna med PVC NFC-kortet f\u00f6r musikevenemang, vilket g\u00f6r det till ett viktigt verktyg f\u00f6r effektiv evenemangshantering. <\/span><\/strong><\/p>\n<h3><span style=\"color: #008000;\"><em><strong>F\u00f6r mer information eller f\u00f6r att beg\u00e4ra gratisprover, v\u00e4nligen fyll i f\u00f6rfr\u00e5gningsformul\u00e4ret, s\u00e5 hj\u00e4lper vi dig g\u00e4rna!<\/strong><\/em><\/span><\/h3>","protected":false},"excerpt":{"rendered":"<p>F\u00f6rh\u00f6j din evenemangsupplevelse med PVC NFC-kortet f\u00f6r musikevenemang \u2013 den ultimata l\u00f6sningen f\u00f6r s\u00f6ml\u00f6s \u00e5tkomstkontroll och effektiv publikhantering.<\/p>","protected":false},"featured_media":3387,"template":"","meta":[],"product_brand":[],"product_cat":[46],"product_tag":[],"class_list":{"0":"post-3386","1":"product","2":"type-product","3":"status-publish","4":"has-post-thumbnail","6":"product_cat-nfc-cards","8":"first","9":"instock","10":"shipping-taxable","11":"product-type-simple"},"_links":{"self":[{"href":"https:\/\/nfc-readers.com\/sv\/wp-json\/wp\/v2\/product\/3386","targetHints":{"allow":["GET"]}}],"collection":[{"href":"https:\/\/nfc-readers.com\/sv\/wp-json\/wp\/v2\/product"}],"about":[{"href":"https:\/\/nfc-readers.com\/sv\/wp-json\/wp\/v2\/types\/product"}],"wp:featuredmedia":[{"embeddable":true,"href":"https:\/\/nfc-readers.com\/sv\/wp-json\/wp\/v2\/media\/3387"}],"wp:attachment":[{"href":"https:\/\/nfc-readers.com\/sv\/wp-json\/wp\/v2\/media?parent=3386"}],"wp:term":[{"taxonomy":"product_brand","embeddable":true,"href":"https:\/\/nfc-readers.com\/sv\/wp-json\/wp\/v2\/product_brand?post=3386"},{"taxonomy":"product_cat","embeddable":true,"href":"https:\/\/nfc-readers.com\/sv\/wp-json\/wp\/v2\/product_cat?post=3386"},{"taxonomy":"product_tag","embeddable":true,"href":"https:\/\/nfc-readers.com\/sv\/wp-json\/wp\/v2\/product_tag?post=3386"}],"curies":[{"name":"wp","href":"https:\/\/api.w.org\/{rel}","templated":true}]}}