{"id":3396,"date":"2024-11-03T02:56:29","date_gmt":"2024-11-03T02:56:29","guid":{"rendered":"https:\/\/nfc-readers.com\/?post_type=product&#038;p=3396"},"modified":"2024-11-03T02:56:30","modified_gmt":"2024-11-03T02:56:30","slug":"fast-read-encrypted-rfid-nfc-event-wristband-ntag215-mifare","status":"publish","type":"product","link":"https:\/\/nfc-readers.com\/sv\/ic-reader\/fast-read-encrypted-rfid-nfc-event-wristband-ntag215-mifare\/","title":{"rendered":"Snabbl\u00e4sning Krypterad RFID NFC Event Armband Ntag215 MIFARE"},"content":{"rendered":"<h1 style=\"text-align: center;\">Snabbl\u00e4sning Krypterad RFID NFC Event Armband Ntag215 MIFARE<\/h1>\n<p>&nbsp;<\/p>\n<p>I den digitala tids\u00e5ldern har s\u00f6ml\u00f6s passerkontroll och kontantl\u00f6sa transaktionsl\u00f6sningar blivit avg\u00f6rande f\u00f6r evenemang av alla storlekar. Introduktion av <strong>Snabbl\u00e4sning Krypterad RFID NFC Event Armband Ntag215 MIFARE<\/strong>\u00a0fr\u00e5n\u00a0<em>SXNFC<\/em>, den ultimata l\u00f6sningen f\u00f6r att f\u00f6rb\u00e4ttra g\u00e4stupplevelsen och s\u00e4kerst\u00e4lla effektiv evenemangshantering. Designat specifikt f\u00f6r olika evenemang \u2013 fr\u00e5n musikfestivaler och sportevenemang till konferenser och scenarier f\u00f6r \u00e5tkomstkontroll \u2013 detta armband kombinerar banbrytande teknik med anv\u00e4ndarv\u00e4nliga funktioner.<\/p>\n<p>&nbsp;<\/p>\n<h3>Varf\u00f6r k\u00f6pa det snabbl\u00e4sta krypterade RFID NFC-arrangemanget?<\/h3>\n<p>De\u00a0<strong>Ntag215 MIFARE<\/strong>\u00a0RFID\/NFC-armband \u00e4r en innovativ produkt som erbjuder m\u00e5nga f\u00f6rdelar. Tillverkad av slitstark PVC och v\u00e4vda material, lovar den l\u00e5ng livsl\u00e4ngd och p\u00e5litlighet. Dess snabbl\u00e4sande funktionalitet s\u00e4kerst\u00e4ller minskade v\u00e4ntetider, vilket f\u00f6rb\u00e4ttrar g\u00e4stfl\u00f6det vid ing\u00e5ngspunkter. Dessutom, med sin vattent\u00e4ta design, kan du med s\u00e4kerhet anv\u00e4nda dessa armband vid utomhusevenemang, vattenparker och mer, d\u00e4r exponering f\u00f6r fukt \u00e4r ett problem.<\/p>\n<p>Med\u00a0<strong>NFC armband<\/strong>, du k\u00f6per inte bara en produkt; du investerar i en f\u00f6rb\u00e4ttrad deltagareupplevelse. Dessa armband \u00e4r idealiska f\u00f6r kontantl\u00f6sa transaktioner, och effektiviserar k\u00f6p med kontaktl\u00f6sa betalningsl\u00f6sningar. Du beh\u00f6ver inte l\u00e4ngre oroa dig f\u00f6r att hantera kontanter eller fysiska biljetter \u2013 allt kan enkelt hanteras via armbandet.<\/p>\n<p>&nbsp;<\/p>\n<h2>Specialegenskaper hos RFID NFC Event Armband<\/h2>\n<p>De\u00a0<strong>Snabbl\u00e4sning Krypterad RFID NFC Event Armband Ntag215 MIFARE<\/strong>\u00a0\u00e4r fullsp\u00e4ckad med funktioner som g\u00f6r den till ett smart val f\u00f6r alla tillf\u00e4llen.<\/p>\n<ul>\n<li><strong>S\u00e4kerhetss\u00e4ker:<\/strong>\u00a0Varje armband kommer med krypterad teknik f\u00f6r att skydda k\u00e4nslig data, vilket ger sinnesro f\u00f6r b\u00e5de arrang\u00f6rer och deltagare.<\/li>\n<li><strong>Anv\u00e4ndarv\u00e4nlig:<\/strong>\u00a0Armbanden \u00e4r l\u00e4tta att anv\u00e4nda; tryck bara p\u00e5 dem p\u00e5 en NFC-aktiverad l\u00e4sare s\u00e5 f\u00e5r du tillg\u00e5ng eller g\u00f6r en kontantl\u00f6s betalning.<\/li>\n<li><strong>L\u00e4sintervall:<\/strong>\u00a0Med ett l\u00e4savst\u00e5nd p\u00e5 upp till 10 cm fungerar dessa armband effektivt utan att beh\u00f6va direktkontakt med l\u00e4saren.<\/li>\n<\/ul>\n<p>Kombinationen av dessa specialfunktioner s\u00e4kerst\u00e4ller inte bara \u00f6kad s\u00e4kerhet utan f\u00f6rb\u00e4ttrar ocks\u00e5 den \u00f6vergripande anv\u00e4ndarupplevelsen.<\/p>\n<p>&nbsp;<\/p>\n<h2>F\u00f6rdelar med kontantl\u00f6sa transaktioner med NFC-armband<\/h2>\n<p>\u00d6kningen av kontantl\u00f6sa betalningar f\u00f6r\u00e4ndrar snabbt evenemangsbranschen. H\u00e4r \u00e4r de viktigaste f\u00f6rdelarna med att anv\u00e4nda\u00a0<strong>NFC-armband<\/strong>\u00a0f\u00f6r kontantl\u00f6sa transaktioner:<\/p>\n<ul>\n<li><strong>\u00d6kad bekv\u00e4mlighet:<\/strong>\u00a0G\u00e4ster kan g\u00f6ra ink\u00f6p med ett enkelt tryck p\u00e5 armbandet, vilket g\u00f6r transaktioner snabba och enkla.<\/li>\n<li><strong>Minskade v\u00e4ntetider:<\/strong>\u00a0Mindre tid i k\u00f6er inneb\u00e4r f\u00f6rb\u00e4ttrad<\/li>\n<\/ul>\n<h2>F\u00f6rdelar med kontantl\u00f6sa transaktioner med NFC-armband<\/h2>\n<p>\u00d6kningen av kontantl\u00f6sa betalningar f\u00f6r\u00e4ndrar snabbt evenemangsbranschen. H\u00e4r \u00e4r de viktigaste f\u00f6rdelarna med att anv\u00e4nda\u00a0<strong>NFC-armband<\/strong>\u00a0f\u00f6r kontantl\u00f6sa transaktioner:<\/p>\n<ul>\n<li><strong>\u00d6kad bekv\u00e4mlighet:<\/strong>\u00a0G\u00e4ster kan g\u00f6ra ink\u00f6p med ett enkelt tryck p\u00e5 armbandet, vilket g\u00f6r transaktioner snabba och enkla.<\/li>\n<li><strong>Minskade v\u00e4ntetider:<\/strong>\u00a0Mindre tid i k\u00f6er inneb\u00e4r f\u00f6rb\u00e4ttrad<\/li>\n<\/ul>\n<p>&nbsp;<\/p>\n<h3>Vanliga fr\u00e5gor om RFID NFC Event Armband<\/h3>\n<h4>1.\u00a0<strong>Vad \u00e4r RFID NFC eventarmband?<\/strong><\/h4>\n<p>RFID NFC eventarmband \u00e4r b\u00e4rbara enheter utrustade med radiofrekvensidentifiering (RFID) och Near Field Communication (NFC) teknologi. De underl\u00e4ttar s\u00e4ker \u00e5tkomstkontroll, kontantl\u00f6sa transaktioner och datainsamling f\u00f6r evenemang.<\/p>\n<h4>2.\u00a0<strong>Hur fungerar RFID-armband?<\/strong><\/h4>\n<p>RFID-armband fungerar genom att tr\u00e5dl\u00f6st \u00f6verf\u00f6ra information via radiov\u00e5gor till en RFID-l\u00e4sare. N\u00e4r en deltagare trycker p\u00e5 sitt armband n\u00e4ra en l\u00e4sare, \u00f6verf\u00f6r den data f\u00f6r \u00e5tkomstkontroll eller betalningshantering.<\/p>\n<h4>3.\u00a0<strong>Vilka material \u00e4r RFID NFC-armband gjorda av?<\/strong><\/h4>\n<p>V\u00e5ra RFID-armband \u00e4r fr\u00e4mst gjorda av slitstark PVC och v\u00e4vda material, designade f\u00f6r att vara b\u00e5de vattent\u00e4ta och v\u00e4derbest\u00e4ndiga f\u00f6r att klara olika evenemangsf\u00f6rh\u00e5llanden.<\/p>\n<h4>4.\u00a0<strong>Vad \u00e4r f\u00f6rdelen med att anv\u00e4nda NFC-teknik i armband?<\/strong><\/h4>\n<p>NFC-teknik m\u00f6jligg\u00f6r snabba och s\u00e4kra kontaktl\u00f6sa transaktioner, vilket f\u00f6rb\u00e4ttrar g\u00e4stupplevelsen genom att minska v\u00e4ntetiderna och minimera behovet av fysiska kontanter eller biljetter.<\/p>\n<h4>5.\u00a0<strong>\u00c4r armbanden anpassningsbara?<\/strong><\/h4>\n<p>Ja! V\u00e5ra RFID-armband kan anpassas med ditt eventm\u00e4rke, logotyper och f\u00e4rger f\u00f6r att \u00f6ka deltagarnas engagemang och marknadsf\u00f6ra ditt event.<\/p>","protected":false},"excerpt":{"rendered":"<p>Det snabbl\u00e4sta krypterade RFID NFC Event Wristband Ntag215 MIFARE m\u00f6jligg\u00f6r s\u00e4ker \u00e5tkomstkontroll och kontantl\u00f6sa betalningar, vilket f\u00f6rb\u00e4ttrar g\u00e4stupplevelsen vid evenemang. Vattent\u00e4t och anpassningsbar, s\u00e4kerst\u00e4ller tillf\u00f6rlitlighet och bekv\u00e4mlighet f\u00f6r alla tillf\u00e4llen.<\/p>","protected":false},"featured_media":3397,"template":"","meta":[],"product_brand":[],"product_cat":[50],"product_tag":[],"class_list":{"0":"post-3396","1":"product","2":"type-product","3":"status-publish","4":"has-post-thumbnail","6":"product_cat-silicone-rfid-nfc-wristbands","8":"first","9":"instock","10":"shipping-taxable","11":"product-type-simple"},"_links":{"self":[{"href":"https:\/\/nfc-readers.com\/sv\/wp-json\/wp\/v2\/product\/3396","targetHints":{"allow":["GET"]}}],"collection":[{"href":"https:\/\/nfc-readers.com\/sv\/wp-json\/wp\/v2\/product"}],"about":[{"href":"https:\/\/nfc-readers.com\/sv\/wp-json\/wp\/v2\/types\/product"}],"wp:featuredmedia":[{"embeddable":true,"href":"https:\/\/nfc-readers.com\/sv\/wp-json\/wp\/v2\/media\/3397"}],"wp:attachment":[{"href":"https:\/\/nfc-readers.com\/sv\/wp-json\/wp\/v2\/media?parent=3396"}],"wp:term":[{"taxonomy":"product_brand","embeddable":true,"href":"https:\/\/nfc-readers.com\/sv\/wp-json\/wp\/v2\/product_brand?post=3396"},{"taxonomy":"product_cat","embeddable":true,"href":"https:\/\/nfc-readers.com\/sv\/wp-json\/wp\/v2\/product_cat?post=3396"},{"taxonomy":"product_tag","embeddable":true,"href":"https:\/\/nfc-readers.com\/sv\/wp-json\/wp\/v2\/product_tag?post=3396"}],"curies":[{"name":"wp","href":"https:\/\/api.w.org\/{rel}","templated":true}]}}