{"id":3403,"date":"2024-11-03T03:04:22","date_gmt":"2024-11-03T03:04:22","guid":{"rendered":"https:\/\/nfc-readers.com\/?post_type=product&#038;p=3403"},"modified":"2024-11-04T03:10:35","modified_gmt":"2024-11-04T03:10:35","slug":"silicone-wristband-smart-nfc-rfidtag-wristband-silicone-b","status":"publish","type":"product","link":"https:\/\/nfc-readers.com\/sv\/ic-reader\/silicone-wristband-smart-nfc-rfidtag-wristband-silicone-b\/","title":{"rendered":"Silikonarmband Smart NFC RFIDTag Armband Silikon B"},"content":{"rendered":"<h1 style=\"text-align: center;\"><strong>Silikonarmband Smart NFC RFIDTag Armband Silikon B<\/strong><\/h1>\n<p>&nbsp;<\/p>\n<p>De <strong>Silikonarmband Smart NFC RFID Tag Armband Silikon B<\/strong>\u00a0\u00e4r en transformerande produkt designad f\u00f6r olika applikationer som evenemangshantering, \u00e5tkomstkontroll och kontantl\u00f6sa betalningsl\u00f6sningar. Genom att kombinera innovation och funktionalitet, kombinerar detta armband RFID- och NFC-teknik f\u00f6r att leverera en s\u00f6ml\u00f6s upplevelse f\u00f6r b\u00e5de anv\u00e4ndare och arrang\u00f6rer av evenemang. Med sina vattent\u00e4ta egenskaper och anpassningsbara design \u00e4r RFID-armbandet perfekt anpassat f\u00f6r olika milj\u00f6er, oavsett om det \u00e4r en musikfestival, f\u00f6retagsevent eller till och med ett bes\u00f6k i vattenparken. Att v\u00e4lja detta banbrytande armband kommer inte bara att f\u00f6rb\u00e4ttra operativ effektivitet utan ocks\u00e5 avsev\u00e4rt f\u00f6rb\u00e4ttra den \u00f6vergripande g\u00e4stupplevelsen.<\/p>\n<p>&nbsp;<\/p>\n<h2>\u00d6versikt \u00f6ver RFID-armbandet<\/h2>\n<p>De\u00a0<strong>RFID-armband<\/strong>\u00a0\u00e4r konstruerad f\u00f6r snabb \u00e5tkomstkontroll, vilket g\u00f6r det m\u00f6jligt f\u00f6r arrang\u00f6rer av evenemang att effektivisera sin verksamhet. Anv\u00e4nder avancerad RFID-teknik med en frekvens p\u00e5\u00a0<strong>13,56 MHz<\/strong>, dessa\u00a0<strong>RFID-armband i silikon<\/strong>\u00a0erbjuder b\u00e5de s\u00e4kerhet och bekv\u00e4mlighet. Designad f\u00f6r att l\u00e4sa inom en\u00a0<strong>2-5 cm<\/strong>\u00a0utbud, ger de snabb data\u00f6verf\u00f6ring l\u00e4mplig f\u00f6r olika evenemangstill\u00e4mpningar, allt fr\u00e5n musikfestivaler till f\u00f6retagssammankomster.<\/p>\n<p>Med f\u00f6rb\u00e4ttrade funktioner som t.ex\u00a0<strong>vattent\u00e4t och v\u00e4derbest\u00e4ndig<\/strong>\u00a0material, detta armband s\u00e4kerst\u00e4ller h\u00e5llbarhet och tillf\u00f6rlitlighet, \u00e4ven i utomhusmilj\u00f6er. Anv\u00e4ndare kan njuta av kontantfria betalningsalternativ, vilket \u00f6kar effektiviteten samtidigt som v\u00e4ntetiderna f\u00f6r intr\u00e4de och transaktioner minskar.<\/p>\n<p>&nbsp;<\/p>\n<hr \/>\n<h2>Viktiga egenskaper hos RFID-armbandet i silikon<\/h2>\n<p>De\u00a0<strong>Silikon RFID-armband<\/strong>\u00a0omfattar en m\u00e4ngd olika funktioner som g\u00f6r det till ett enast\u00e5ende val f\u00f6r arrang\u00f6rer och anv\u00e4ndare av evenemang.<\/p>\n<ul>\n<li><strong>Vattent\u00e4t\/v\u00e4derbest\u00e4ndig:<\/strong>\u00a0Till skillnad fr\u00e5n vanliga armband \u00e4r denna modell designad f\u00f6r att st\u00e5 emot fukt och motst\u00e5 olika v\u00e4derf\u00f6rh\u00e5llanden, vilket g\u00f6r den idealisk f\u00f6r utomhusevenemang som konserter och vattenparker.<\/li>\n<li><strong>Kommunikationsgr\u00e4nssnitt:<\/strong>\u00a0Med integrerad\u00a0<strong>NFC och RFID<\/strong>\u00a0kapacitet, detta armband m\u00f6jligg\u00f6r s\u00f6ml\u00f6sa transaktioner och datautbyte. Anv\u00e4ndare kan komma \u00e5t kontantl\u00f6sa betalningar, l\u00e5sa upp d\u00f6rrar och f\u00e5 intr\u00e4de till begr\u00e4nsade omr\u00e5den utan kr\u00e5ngel med fysiska biljetter eller identifiering.<\/li>\n<li><strong>Anpassning:<\/strong>\u00a0Skr\u00e4ddarsydda alternativ finns tillg\u00e4ngliga f\u00f6r storlekar, f\u00e4rger och tryckstilar. Denna anpassningsf\u00f6rm\u00e5ga g\u00f6r att varum\u00e4rken kan f\u00f6rb\u00e4ttra sin synlighet genom\u00a0<strong>silk screentryck<\/strong>\u00a0och andra avancerade hantverkstekniker som\u00a0<strong>laserkodning och termisk utskrift<\/strong>.<\/li>\n<\/ul>\n<p>Dessa speciella egenskaper framh\u00e4ver inte bara funktionalitet utan en engagerande anv\u00e4ndarupplevelse.<\/p>\n<p>&nbsp;<\/p>\n<hr \/>\n<h2>F\u00f6rdelar med att anv\u00e4nda RFID-armband f\u00f6r evenemang<\/h2>\n<p>Adopterar\u00a0<strong>RFID-armband f\u00f6r evenemang<\/strong>\u00a0kan drastiskt f\u00f6rb\u00e4ttra den \u00f6vergripande h\u00e4ndelsehanteringen:<\/p>\n<ol>\n<li><strong>\u00d6kad s\u00e4kerhet:<\/strong>\u00a0Integreringen av manipuleringss\u00e4ker design s\u00e4kerst\u00e4ller att data som finns i armbandet f\u00f6rblir s\u00e4kra. Otill\u00e5ten kopiering eller \u00e5tkomst \u00e4r praktiskt taget om\u00f6jlig, vilket g\u00f6r dessa armband till ett utm\u00e4rkt val f\u00f6r h\u00f6gprofilerade evenemang som kr\u00e4ver f\u00f6rb\u00e4ttrade s\u00e4kerhets\u00e5tg\u00e4rder.<\/li>\n<li><strong>Datainsamling:<\/strong>\u00a0Samla in viktiga insikter om deltagarnas beteende, som kan anv\u00e4ndas f\u00f6r framtida evenemang. Anv\u00e4nder\u00a0<strong>RFID-teknik<\/strong>arrang\u00f6rer kan analysera intr\u00e4desm\u00f6nster och preferenser och hj\u00e4lpa dem att anpassa framtida erbjudanden.<\/li>\n<li><strong>Minskade v\u00e4ntetider:<\/strong>\u00a0Effektiviteten som erbjuds av RFID-armband leder till kortare k\u00f6er. Deltagarna kan snabbt flytta fr\u00e5n entr\u00e9n till festivalomr\u00e5det, vilket f\u00f6rb\u00e4ttrar deras upplevelse och minskar potentiell frustration.<\/li>\n<\/ol>\n<p>Med dessa betydande f\u00f6rdelar \u00e4r det uppenbart att\u00a0<strong>RFID-armband i silikon<\/strong>\u00a0\u00e4r inte bara en trend \u2013 de \u00e4r en smart investering.<\/p>\n<p>&nbsp;<\/p>\n<h2>Tekniska specifikationer f\u00f6r NFC-armbandet<\/h2>\n<table class=\"w-fit !mb-0 !max-w-none\" style=\"height: 260px;\" width=\"451\">\n<thead>\n<tr>\n<th>S\u00e4rdrag<\/th>\n<th>Specifikation<\/th>\n<\/tr>\n<\/thead>\n<tbody>\n<tr>\n<td>Frekvens<\/td>\n<td>13,56 MHz<\/td>\n<\/tr>\n<tr>\n<td>Chip typ<\/td>\n<td>FO8<\/td>\n<\/tr>\n<tr>\n<td>L\u00e4savst\u00e5nd<\/td>\n<td>2-5 cm<\/td>\n<\/tr>\n<tr>\n<td>Standard<\/td>\n<td>ISO\/IEC14443A<\/td>\n<\/tr>\n<tr>\n<td>Material<\/td>\n<td>Gummi<\/td>\n<\/tr>\n<tr>\n<td>Storlek<\/td>\n<td>Anpassad storlek<\/td>\n<\/tr>\n<tr>\n<td>Trycktekniker<\/td>\n<td>Silk Screentryck<\/td>\n<\/tr>\n<tr>\n<td>F\u00f6rpackning<\/td>\n<td>Enstaka f\u00f6rem\u00e5l<\/td>\n<\/tr>\n<tr>\n<td>Bruttovikt<\/td>\n<td>0,500 kg<\/td>\n<\/tr>\n<\/tbody>\n<\/table>\n<h2><\/h2>\n<h2>Vanliga fr\u00e5gor ang\u00e5ende RFID-armband av silikon<\/h2>\n<h3>1.\u00a0<strong>Vad \u00e4r ett RFID-armband?<\/strong><\/h3>\n<p>Ett RFID-armband (Radio Frequency Identification) anv\u00e4nder radiofrekvensteknik f\u00f6r att \u00f6verf\u00f6ra data tr\u00e5dl\u00f6st. Det m\u00f6jligg\u00f6r snabb \u00e5tkomst till s\u00e4kra omr\u00e5den, underl\u00e4ttar kontantl\u00f6sa betalningar och f\u00f6rb\u00e4ttrar den \u00f6vergripande upplevelsen f\u00f6r evenemangsdeltagare.<\/p>\n<h3>2.\u00a0<strong>Hur fungerar RFID-armbandet?<\/strong><\/h3>\n<p>Armbandet inneh\u00e5ller ett passivt RFID-chip som kommunicerar med RFID-l\u00e4sare. N\u00e4r en anv\u00e4ndare n\u00e4rmar sig en l\u00e4sare s\u00e4nder armbandet data via radiov\u00e5gor, vilket m\u00f6jligg\u00f6r snabb identifiering och \u00e5tkomstkontroll.<\/p>\n<h3>3.\u00a0<strong>\u00c4r armbandet vattent\u00e4tt?<\/strong><\/h3>\n<p>Ja, den\u00a0<strong>Silikon RFID-armband<\/strong>\u00a0\u00e4r designad f\u00f6r att vara vattent\u00e4t och v\u00e4derbest\u00e4ndig, vilket g\u00f6r den l\u00e4mplig f\u00f6r utomhusevenemang och milj\u00f6er som vattenparker och konserter.<\/p>\n<h3>4.\u00a0<strong>Kan armbandet anpassas?<\/strong><\/h3>\n<p>Absolut! Armbandet kan anpassas i olika storlekar, f\u00e4rger och m\u00f6nster. Organisationer kan ocks\u00e5 v\u00e4lja mellan olika tryckmetoder, inklusive silkscreentryck, laserkodning och termiskt tryck.<\/p>\n<h3>5.\u00a0<strong>Vad \u00e4r l\u00e4savst\u00e5ndet f\u00f6r RFID-armbandet?<\/strong><\/h3>\n<p>Armbandet har ett l\u00e4savst\u00e5nd p\u00e5\u00a0<strong>2-5 cm<\/strong>, vilket s\u00e4kerst\u00e4ller snabb och p\u00e5litlig data\u00f6verf\u00f6ring och \u00e5tkomsthantering.<\/p>","protected":false},"excerpt":{"rendered":"<p>De\u00a0<strong>Silikonarmband Smart NFC RFID Tag Armband Silikon B<\/strong>\u00a0\u00e4r en m\u00e5ngsidig passerkontrolll\u00f6sning designad f\u00f6r evenemang och erbjuder s\u00f6ml\u00f6s integration av RFID- och NFC-teknik. Vattent\u00e4t och anpassningsbar, den f\u00f6rb\u00e4ttrar anv\u00e4ndarupplevelsen samtidigt som den tillhandah\u00e5ller s\u00e4kra, kontantfria transaktioner och enkel intr\u00e4deshantering.<\/p>","protected":false},"featured_media":3404,"template":"","meta":[],"product_brand":[],"product_cat":[50],"product_tag":[],"class_list":{"0":"post-3403","1":"product","2":"type-product","3":"status-publish","4":"has-post-thumbnail","6":"product_cat-silicone-rfid-nfc-wristbands","8":"first","9":"instock","10":"shipping-taxable","11":"product-type-simple"},"_links":{"self":[{"href":"https:\/\/nfc-readers.com\/sv\/wp-json\/wp\/v2\/product\/3403","targetHints":{"allow":["GET"]}}],"collection":[{"href":"https:\/\/nfc-readers.com\/sv\/wp-json\/wp\/v2\/product"}],"about":[{"href":"https:\/\/nfc-readers.com\/sv\/wp-json\/wp\/v2\/types\/product"}],"wp:featuredmedia":[{"embeddable":true,"href":"https:\/\/nfc-readers.com\/sv\/wp-json\/wp\/v2\/media\/3404"}],"wp:attachment":[{"href":"https:\/\/nfc-readers.com\/sv\/wp-json\/wp\/v2\/media?parent=3403"}],"wp:term":[{"taxonomy":"product_brand","embeddable":true,"href":"https:\/\/nfc-readers.com\/sv\/wp-json\/wp\/v2\/product_brand?post=3403"},{"taxonomy":"product_cat","embeddable":true,"href":"https:\/\/nfc-readers.com\/sv\/wp-json\/wp\/v2\/product_cat?post=3403"},{"taxonomy":"product_tag","embeddable":true,"href":"https:\/\/nfc-readers.com\/sv\/wp-json\/wp\/v2\/product_tag?post=3403"}],"curies":[{"name":"wp","href":"https:\/\/api.w.org\/{rel}","templated":true}]}}