{"id":3410,"date":"2024-11-03T03:16:05","date_gmt":"2024-11-03T03:16:05","guid":{"rendered":"https:\/\/nfc-readers.com\/?post_type=product&#038;p=3410"},"modified":"2024-11-04T03:17:59","modified_gmt":"2024-11-04T03:17:59","slug":"custom-logo-waterproof-polyester-woven-rfid-nfc-wristbands","status":"publish","type":"product","link":"https:\/\/nfc-readers.com\/sv\/ic-reader\/custom-logo-waterproof-polyester-woven-rfid-nfc-wristbands\/","title":{"rendered":"Anpassad logotyp Vattent\u00e4ta polyesterv\u00e4vda RFID NFC-armband"},"content":{"rendered":"<h1 style=\"text-align: center;\"><strong>Anpassad logotyp Vattent\u00e4ta polyesterv\u00e4vda RFID NFC-armband<\/strong><\/h1>\n<p>&nbsp;<\/p>\n<p>I en v\u00e4rld som alltmer v\u00e4rdes\u00e4tter bekv\u00e4mlighet och anslutning, <strong>Anpassad logotyp vattent\u00e4t polyesterv\u00e4vd RFID NFC-armband<\/strong>\u00a0framst\u00e5 som ett \u00f6verl\u00e4gset val f\u00f6r f\u00f6retag och evenemangsarrang\u00f6rer. Dessa innovativa armband kombinerar det senaste inom\u00a0<strong>RFID-teknik<\/strong>\u00a0med snygg design och robusta material, vilket g\u00f6r dem idealiska f\u00f6r en m\u00e4ngd olika applikationer, fr\u00e5n festivaler och vattenparker till f\u00f6retagsevent och kontantl\u00f6sa betalningsl\u00f6sningar. Med sina\u00a0<strong>vattent\u00e4t<\/strong>\u00a0funktioner och anpassningsbarhet, dessa armband \u00f6kar inte bara varum\u00e4rkets synlighet utan f\u00f6rb\u00e4ttrar ocks\u00e5 anv\u00e4ndarupplevelsen, vilket s\u00e4kerst\u00e4ller att du f\u00e5r ut s\u00e5 mycket som m\u00f6jligt f\u00f6r din investering.<\/p>\n<p>&nbsp;<\/p>\n<h2>Varf\u00f6r v\u00e4lja anpassade v\u00e4vda RFID NFC-armband?<\/h2>\n<p>Som evenemangsarrang\u00f6rer f\u00f6rst\u00e5r du vikten av s\u00f6ml\u00f6s \u00e5tkomstkontroll, effektivt varum\u00e4rke och maximering av g\u00e4stupplevelsen. Dessa armband ger allt det och mer. Med\u00a0<strong>RFID-teknik<\/strong>\u00a0arbetar med en frekvens av\u00a0<strong>13,56 MHz<\/strong>, de effektiviserar verksamheten, minskar v\u00e4ntetiderna och f\u00f6rb\u00e4ttrar s\u00e4kerheten f\u00f6r evenemang av alla storlekar. Dessutom med m\u00f6jligheten att integrera anpassade logotyper genom avancerade\u00a0<strong>CMYK-utskrift<\/strong>, dessa armband fungerar som ett reklamverktyg. De \u00e4r inte bara funktionella utan ocks\u00e5 moderiktiga, vilket g\u00f6r dem till en hit bland deltagarna!<\/p>\n<p>&nbsp;<\/p>\n<h2>Funktioner hos RFID NFC-armband<\/h2>\n<h3>Avancerade l\u00f6sningar f\u00f6r \u00e5tkomstkontroll<\/h3>\n<p>RFID NFC-armband fungerar som ett kraftfullt verktyg f\u00f6r\u00a0<strong>\u00e5tkomstkontroll<\/strong>, vilket g\u00f6r det m\u00f6jligt f\u00f6r arrang\u00f6rer att tillhandah\u00e5lla VIP-omr\u00e5den och speciell \u00e5tkomst med l\u00e4tthet. Att anv\u00e4nda\u00a0<strong>MIFARE Classic 1K-chip<\/strong>, dessa armband kan lagra nyckelinformation och \u00f6verf\u00f6ra den via en s\u00e4ker\u00a0<strong>NFC-kommunikationsgr\u00e4nssnitt<\/strong>. Som ett resultat \u00e4r de perfekta f\u00f6r lokaler som beh\u00f6ver tilldela ytor f\u00f6r g\u00e4ster eller ge \u00e5tkomst i niv\u00e5 under evenemang.<\/p>\n<h3>Kontantl\u00f6s betalningsfunktion<\/h3>\n<p>S\u00e4g adj\u00f6 till l\u00e5nga k\u00f6er och on\u00f6dig kontanthantering med\u00a0<strong>kontantl\u00f6s betalning<\/strong>\u00a0system. V\u00e5ra RFID-armband m\u00f6jligg\u00f6r s\u00f6ml\u00f6sa transaktioner, vilket g\u00f6r det m\u00f6jligt f\u00f6r anv\u00e4ndare att g\u00f6ra betalningar snabbt och enkelt vid montrar, barer och attraktioner. Detta f\u00f6rb\u00e4ttrar inte bara\u00a0<strong>g\u00e4stupplevelse<\/strong>\u00a0men minskar v\u00e4ntetiderna avsev\u00e4rt, vilket g\u00f6r att deltagarna kan fokusera p\u00e5 att njuta av evenemanget snarare \u00e4n att oroa sig f\u00f6r pengar.<\/p>\n<h2>Material och h\u00e5llbarhet<\/h2>\n<h3>Robust design f\u00f6r alla milj\u00f6er<\/h3>\n<p>Tillverkad av en unik blandning av\u00a0<strong>v\u00e4vd polyester<\/strong>\u00a0och\u00a0<strong>PVC<\/strong>, dessa armband har imponerande h\u00e5llbarhet och\u00a0<strong>vattent\u00e4t<\/strong>\u00a0f\u00f6rm\u00e5gor. Oavsett om det \u00e4r en solig dag p\u00e5 en festival eller en dag med att plaska omkring i en vattenpark, \u00e4r dessa armband designade f\u00f6r att t\u00e5la v\u00e4der och vind. Deras v\u00e4derbest\u00e4ndiga egenskaper s\u00e4kerst\u00e4ller att de inte bryts ned n\u00e4r de uts\u00e4tts f\u00f6r regn eller vatten, vilket bevarar anv\u00e4ndbarheten och tillf\u00f6rlitligheten hos\u00a0<strong>RFID-teknik<\/strong>\u00a0inb\u00e4ddad inom.<\/p>\n<h3>Temperaturresiliens<\/h3>\n<p>De\u00a0<strong>arbetstemperatur<\/strong>\u00a0av v\u00e5ra armband str\u00e4cker sig fr\u00e5n\u00a0<strong>-20\u00b0C till +80\u00b0C<\/strong>, vilket s\u00e4kerst\u00e4ller deras funktionalitet i b\u00e5de varma sommarevenemang och kyliga utomhussammankomster. Denna temperaturt\u00e5lighet s\u00e4kerst\u00e4ller prestanda\u00a0<strong>RFID-chip<\/strong>\u00a0och hj\u00e4lper till att uppr\u00e4tth\u00e5lla integriteten, s\u00e5 att du kan vara s\u00e4ker p\u00e5 att ditt armband kommer att fungera effektivt under alla f\u00f6rh\u00e5llanden.<\/p>\n<p>&nbsp;<\/p>\n<h2>Tekniska specifikationer<\/h2>\n<table class=\"w-fit !mb-0 !max-w-none\" style=\"height: 303px;\" width=\"424\">\n<thead>\n<tr>\n<th><strong>Specifikation<\/strong><\/th>\n<th><strong>Detaljer<\/strong><\/th>\n<\/tr>\n<\/thead>\n<tbody>\n<tr>\n<td><strong>Modellnummer<\/strong><\/td>\n<td>SX-NW<\/td>\n<\/tr>\n<tr>\n<td><strong>Chip typ<\/strong><\/td>\n<td>MIFARE Classic 1K<\/td>\n<\/tr>\n<tr>\n<td><strong>Frekvens<\/strong><\/td>\n<td>13,56 MHz<\/td>\n<\/tr>\n<tr>\n<td><strong>L\u00e4somr\u00e5de<\/strong><\/td>\n<td>2-5 cm<\/td>\n<\/tr>\n<tr>\n<td><strong>Material<\/strong><\/td>\n<td>V\u00e4vd + PVC<\/td>\n<\/tr>\n<tr>\n<td><strong>Storleksalternativ<\/strong><\/td>\n<td>30<em>26 mm, 40<\/em>25 mm, eller Custom<\/td>\n<\/tr>\n<tr>\n<td><strong>Utskriftstyp<\/strong><\/td>\n<td>CMYK 4C Tryck, Silk Screen<\/td>\n<\/tr>\n<tr>\n<td><strong>Ytfinish<\/strong><\/td>\n<td>Blank, Frostad, Matt<\/td>\n<\/tr>\n<tr>\n<td><strong>Temperaturomr\u00e5de<\/strong><\/td>\n<td>-20\u00b0C till +80\u00b0C<\/td>\n<\/tr>\n<tr>\n<td><strong>Protokoll<\/strong><\/td>\n<td>ISO 14443A<\/td>\n<\/tr>\n<\/tbody>\n<\/table>\n<h2><\/h2>\n<h2>Vanliga fr\u00e5gor (FAQs)<\/h2>\n<h3>1. Vad \u00e4r RFID-armband?<\/h3>\n<p><strong>RFID-armband<\/strong>\u00a0\u00e4r b\u00e4rbara band inb\u00e4ddade med RFID-teknik (Radio Frequency Identification). De lagrar data som kan \u00f6verf\u00f6ras tr\u00e5dl\u00f6st med NFC (Near Field Communication), vilket m\u00f6jligg\u00f6r effektiv \u00e5tkomstkontroll, kontantl\u00f6sa transaktioner och datainsamling vid evenemang.<\/p>\n<h3>2. Hur fungerar RFID-armband?<\/h3>\n<p>RFID-armband inneh\u00e5ller ett litet RFID-chip som kommunicerar med en l\u00e4sare via radiov\u00e5gor. N\u00e4r det skannas av en RFID-l\u00e4sare \u00f6verf\u00f6r armbandet lagrad information, ger \u00e5tkomst eller bearbetar transaktioner utan behov av fysisk kontakt.<\/p>\n<h3>3. \u00c4r dessa armband vattent\u00e4ta?<\/h3>\n<p>Ja! V\u00e5r\u00a0<strong>specialv\u00e4vda RFID-armband<\/strong>\u00a0\u00e4r designade f\u00f6r att vara\u00a0<strong>vattent\u00e4t<\/strong>, vilket g\u00f6r dem l\u00e4mpliga f\u00f6r olika evenemang, inklusive de som h\u00e5lls i vattenparker och utomhusfestivaler. Deras h\u00e5llbara material s\u00e4kerst\u00e4ller att de bibeh\u00e5ller funktionalitet \u00e4ven n\u00e4r de uts\u00e4tts f\u00f6r vatten.<\/p>\n<h3>4. Kan armbanden anpassas?<\/h3>\n<p>Absolut! V\u00e5ra RFID-armband kan anpassas helt f\u00f6r att passa dina varum\u00e4rkesbehov. Du kan v\u00e4lja olika storlekar, f\u00e4rger, och trycktekniker som t.ex\u00a0<strong>CMYK f\u00e4rgtryck<\/strong>,\u00a0<strong>UV-punktutskrift<\/strong>, och metalliska ytbehandlingar som\u00a0<strong>silver eller guldfolie<\/strong>.<\/p>\n<h3>5. Hur h\u00e5llbara \u00e4r armbanden?<\/h3>\n<p>Tillverkad av en kombination av\u00a0<strong>v\u00e4vd polyester<\/strong>\u00a0och\u00a0<strong>PVC<\/strong>, v\u00e5ra armband \u00e4r robusta och designade f\u00f6r att t\u00e5la varierande milj\u00f6f\u00f6rh\u00e5llanden, inklusive temperaturintervall f\u00f6r\u00a0<strong>-20\u00b0C till +80\u00b0C<\/strong>. De \u00e4r ocks\u00e5 manipuleringss\u00e4kra, vilket s\u00e4kerst\u00e4ller att de f\u00f6rblir s\u00e4kra under evenemang.<\/p>","protected":false},"excerpt":{"rendered":"<p>Anpassad logotyp vattent\u00e4ta polyesterv\u00e4vda RFID NFC-armband kombinerar h\u00e5llbarhet med snyggt varum\u00e4rke, vilket g\u00f6r dem idealiska f\u00f6r evenemang och s\u00e4ker \u00e5tkomstkontroll. Perfekt f\u00f6r kontantl\u00f6sa transaktioner, de f\u00f6rb\u00e4ttrar anv\u00e4ndarupplevelsen samtidigt som de marknadsf\u00f6r ditt varum\u00e4rke.<\/p>","protected":false},"featured_media":3411,"template":"","meta":[],"product_brand":[],"product_cat":[50],"product_tag":[],"class_list":{"0":"post-3410","1":"product","2":"type-product","3":"status-publish","4":"has-post-thumbnail","6":"product_cat-silicone-rfid-nfc-wristbands","8":"first","9":"instock","10":"shipping-taxable","11":"product-type-simple"},"_links":{"self":[{"href":"https:\/\/nfc-readers.com\/sv\/wp-json\/wp\/v2\/product\/3410","targetHints":{"allow":["GET"]}}],"collection":[{"href":"https:\/\/nfc-readers.com\/sv\/wp-json\/wp\/v2\/product"}],"about":[{"href":"https:\/\/nfc-readers.com\/sv\/wp-json\/wp\/v2\/types\/product"}],"wp:featuredmedia":[{"embeddable":true,"href":"https:\/\/nfc-readers.com\/sv\/wp-json\/wp\/v2\/media\/3411"}],"wp:attachment":[{"href":"https:\/\/nfc-readers.com\/sv\/wp-json\/wp\/v2\/media?parent=3410"}],"wp:term":[{"taxonomy":"product_brand","embeddable":true,"href":"https:\/\/nfc-readers.com\/sv\/wp-json\/wp\/v2\/product_brand?post=3410"},{"taxonomy":"product_cat","embeddable":true,"href":"https:\/\/nfc-readers.com\/sv\/wp-json\/wp\/v2\/product_cat?post=3410"},{"taxonomy":"product_tag","embeddable":true,"href":"https:\/\/nfc-readers.com\/sv\/wp-json\/wp\/v2\/product_tag?post=3410"}],"curies":[{"name":"wp","href":"https:\/\/api.w.org\/{rel}","templated":true}]}}